{"id":1384,"date":"2025-02-21T13:43:22","date_gmt":"2025-02-21T13:43:22","guid":{"rendered":"https:\/\/www.floria.cz\/?page_id=1384"},"modified":"2025-02-28T09:57:14","modified_gmt":"2025-02-28T09:57:14","slug":"gdpr","status":"publish","type":"page","link":"http:\/\/www.floria.cz\/hu\/gdpr\/","title":{"rendered":"Ochrana osobn\u00edch \u00fadaj\u016f"},"content":{"rendered":"<h1 class=\"wp-block-heading has-text-align-center\"><\/h1>\n\n\n\n<p><\/p>\n\n\n\n<p><\/p>\n\n\n\n<p><\/p>\n\n\n\n<h2 class=\"wp-block-heading has-text-align-center pt-5\"><\/h2>\n\n\n\n<p class=\"has-text-align-center\"><br><\/p>\n\n\n\n<p class=\"has-text-align-center container-section leading-snug mt-0 px-20 has-regular-font-size\"><br><strong>Ochrana osobn\u00edch \u00fadaj\u016f<\/strong><\/p>\n\n\n\n<p class=\"has-text-align-center container-section leading-snug mt-0 px-20 has-regular-font-size\">AGRO CS a. s., jako\u017eto spr\u00e1vce osobn\u00edch \u00fadaj\u016f, shroma\u017e\u010fuje a zpracov\u00e1v\u00e1 osobn\u00ed \u00fadaje v souladu s platn\u00fdmi pr\u00e1vn\u00edmi p\u0159edpisy, zejm\u00e9na s obecn\u00fdm Na\u0159\u00edzen\u00edm Evropsk\u00e9ho parlamentu a Rady (EU) \u010d. 2016\/679 o\u00a0ochran\u011b fyzick\u00fdch osob v souvislosti se zpracov\u00e1n\u00edm osobn\u00edch \u00fadaj\u016f (d\u00e1le jen \u201eGDPR\u201c). Ve\u0161ker\u00e9 z\u00edskan\u00e9 osobn\u00ed \u00fadaje jsou zpracov\u00e1v\u00e1ny na z\u00e1klad\u011b z\u00e1konn\u00fdch titul\u016f, pro legitimn\u00ed a jasn\u011b ur\u010den\u00e9 \u00fa\u010dely, a to pouze v\u00a0nezbytn\u00e9m rozsahu a po dobu pot\u0159ebnou k\u00a0dosa\u017een\u00ed stanoven\u00e9ho \u00fa\u010delu. P\u0159\u00edpadn\u00fdmi p\u0159\u00edjemci osobn\u00edch \u00fadaj\u016f mohou b\u00fdt na\u0161e majetkov\u011b ovl\u00e1dan\u00e9 spole\u010dnosti, viz z\u00e1lo\u017eka\u00a0\u201eNa\u0161e spole\u010dnosti\u201c na tomto webu.<\/p>\n\n\n\n<p class=\"has-text-align-center\">\u200b<\/p>\n\n\n\n<p class=\"has-text-align-center has-regular-font-size\">P\u0159e\u010dt\u011bte si pros\u00edm&nbsp;<a href=\"https:\/\/www.agrocs.cz\/_files\/ugd\/58ec00_66e78fe7273046faa2858f2a1a33c3d5.pdf\" target=\"_blank\" rel=\"noreferrer noopener\"><strong>Z\u00e1sady zpracov\u00e1n\u00ed a ochrany osobn\u00edch \u00fadaj\u016f<\/strong><\/a>&nbsp;ve spole\u010dnosti AGRO CS a. s., abyste zjistili, jak\u00fdmi principy se p\u0159i zaji\u0161\u0165ov\u00e1n\u00ed d\u016fv\u011brnosti a bezpe\u010dnosti va\u0161ich osobn\u00edch \u00fadaj\u016f \u0159\u00edd\u00edme a jak\u00e1 pr\u00e1va m\u00e1te v souvislosti s&nbsp;GDPR.<\/p>\n\n\n\n<p class=\"has-text-align-center has-regular-font-size\">\u200b<\/p>\n\n\n\n<p class=\"has-text-align-center has-regular-font-size\">S dotazy ohledn\u011b ochrany osobn\u00edch \u00fadaj\u016f nebo \u017e\u00e1dostmi o uplatn\u011bn\u00ed Va\u0161eho pr\u00e1va m\u016f\u017eete kdykoli kontaktovat pov\u011b\u0159ence pro ochranu osobn\u00edch \u00fadaj\u016f AGRO CS a. s., a to prost\u0159ednictv\u00edm n\u00ed\u017ee uveden\u00fdch kontaktn\u00edch \u00fadaj\u016f:<\/p>\n\n\n\n<p class=\"has-text-align-center\"><\/p>\n\n\n\n<p class=\"has-text-align-center has-regular-font-size\">E-mail:&nbsp;<a href=\"mailto:gdpr@agrocs.cz?subject=GDPR%20podn%C4%9Bt%20z%20webu%20www.agrocs.cz\">gdpr@agrocs.cz<\/a><\/p>\n\n\n\n<p class=\"has-text-align-center\"><\/p>\n\n\n\n<p class=\"has-text-align-center container-section leading-snug mt-0 px-20 has-regular-font-size\">Adresa: \u010dp. 265, 55203 \u0158\u00edkov<\/p>\n\n\n\n<p><\/p>\n\n\n\n<p><\/p>\n\n\n\n<p><\/p>\n\n\n\n<h2 class=\"wp-block-heading has-text-align-center\"><\/h2>\n\n\n\n<p><\/p>\n\n\n\n<p><\/p>","protected":false},"excerpt":{"rendered":"<p>Ochrana osobn\u00edch \u00fadaj\u016f AGRO CS a. s., jako\u017eto spr\u00e1vce osobn\u00edch \u00fadaj\u016f, shroma\u017e\u010fuje a zpracov\u00e1v\u00e1 osobn\u00ed \u00fadaje v souladu s platn\u00fdmi pr\u00e1vn\u00edmi p\u0159edpisy, zejm\u00e9na s obecn\u00fdm Na\u0159\u00edzen\u00edm Evropsk\u00e9ho parlamentu a Rady (EU) \u010d. 2016\/679 o\u00a0ochran\u011b fyzick\u00fdch osob v souvislosti se zpracov\u00e1n\u00edm osobn\u00edch \u00fadaj\u016f (d\u00e1le jen \u201eGDPR\u201c). Ve\u0161ker\u00e9 z\u00edskan\u00e9 osobn\u00ed \u00fadaje jsou zpracov\u00e1v\u00e1ny na z\u00e1klad\u011b z\u00e1konn\u00fdch titul\u016f, [&hellip;]<\/p>\n","protected":false},"author":1,"featured_media":0,"parent":0,"menu_order":0,"comment_status":"closed","ping_status":"closed","template":"","meta":{"footnotes":"","css_class_manager_body_classes":"","css_class_manager_use_in_post_loop":false},"page_category":[],"class_list":["post-1384","page","type-page","status-publish","hentry"],"_links":{"self":[{"href":"http:\/\/www.floria.cz\/hu\/wp-json\/wp\/v2\/pages\/1384","targetHints":{"allow":["GET"]}}],"collection":[{"href":"http:\/\/www.floria.cz\/hu\/wp-json\/wp\/v2\/pages"}],"about":[{"href":"http:\/\/www.floria.cz\/hu\/wp-json\/wp\/v2\/types\/page"}],"author":[{"embeddable":true,"href":"http:\/\/www.floria.cz\/hu\/wp-json\/wp\/v2\/users\/1"}],"replies":[{"embeddable":true,"href":"http:\/\/www.floria.cz\/hu\/wp-json\/wp\/v2\/comments?post=1384"}],"version-history":[{"count":26,"href":"http:\/\/www.floria.cz\/hu\/wp-json\/wp\/v2\/pages\/1384\/revisions"}],"predecessor-version":[{"id":1776,"href":"http:\/\/www.floria.cz\/hu\/wp-json\/wp\/v2\/pages\/1384\/revisions\/1776"}],"wp:attachment":[{"href":"http:\/\/www.floria.cz\/hu\/wp-json\/wp\/v2\/media?parent=1384"}],"wp:term":[{"taxonomy":"page_category","embeddable":true,"href":"http:\/\/www.floria.cz\/hu\/wp-json\/wp\/v2\/page_category?post=1384"}],"curies":[{"name":"wp","href":"https:\/\/api.w.org\/{rel}","templated":true}]}}