{"id":11,"date":"2025-01-14T19:56:27","date_gmt":"2025-01-14T19:56:27","guid":{"rendered":"https:\/\/www.floria.cz\/?page_id=11"},"modified":"2025-03-04T14:02:07","modified_gmt":"2025-03-04T14:02:07","slug":"kontakty","status":"publish","type":"page","link":"http:\/\/www.floria.cz\/sk\/kontakty\/","title":{"rendered":"Kontakty"},"content":{"rendered":"    <div class=\"container-section\">\r\n        <section class=\"py-10\">\r\n            <div class=\"grid grid-cols-1 lg:grid-cols-3 gap-8\">\r\n                <!-- Contact Information -->\r\n                <div class=\"lg:col-span-1\">\r\n                    <h2 class=\"py-9 pt-5\">Kontakty<\/h2>\r\n                    <div class=\"font-light uppercase pb-8\">\r\n                        <div>\r\n                            <p class=\"text-primary text-sm pb-2 tracking-[.45em]\">Telefon<\/p>\r\n                            <p class=\"text-2xl\">\r\n                                <a href=\"tel:+420491457111\" \r\n                                   class=\"hover:text-primary transition-colors text-3xl\">\r\n                                    +420 491 457 111                                <\/a>\r\n                            <\/p>\r\n                        <\/div>\r\n                        <div>\r\n                            <p class=\"text-primary text-sm pb-2 tracking-[.45em] pt-8\">Email<\/p>\r\n                            <p class=\"text-2xl\">\r\n                                <a href=\"mailto:info@floria.cz\" \r\n                                   class=\"hover:text-primary transition-colors text-3xl\">\r\n                                    info@floria.cz                                <\/a>\r\n                            <\/p>\r\n                        <\/div>\r\n                    <\/div>\r\n                    <div>\r\n                        <p class=\"py-7\">\r\n                            AGRO CS a. s.<br \/>\n\u010d. p. 265<br \/>\n552 03 \u0158\u00edkov<br \/>\n\u010cesk\u00e1 republika                        <\/p>\r\n                        <p>\r\n                            I\u010cO: 64829413<br \/>\nDI\u010c: CZ64829413                        <\/p>\r\n                    <\/div>\r\n                <\/div>\r\n\r\n                <!-- Google Maps -->\r\n                <div class=\"lg:col-span-2 md:pl-7\">\r\n                    <iframe loading=\"lazy\" class=\"border-0 rounded-2xl w-full\" \r\n                            src=\"https:\/\/en.frame.mapy.cz\/s\/bogemefoto\" \r\n                            width=\"700\" \r\n                            height=\"466\" \r\n                            frameborder=\"0\">\r\n                    <\/iframe>\r\n                <\/div>\r\n            <\/div>\r\n        <\/section>\r\n    <\/div>\r\n    \n\n\n<div class=\"wpcf7 no-js\" id=\"wpcf7-f82-o1\" lang=\"en-US\" dir=\"ltr\" data-wpcf7-id=\"82\">\n<div class=\"screen-reader-response\"><p role=\"status\" aria-live=\"polite\" aria-atomic=\"true\"><\/p> <ul><\/ul><\/div>\n<form action=\"\/sk\/wp-json\/wp\/v2\/pages\/11#wpcf7-f82-o1\" method=\"post\" class=\"wpcf7-form init\" aria-label=\"Contact form\" novalidate=\"novalidate\" data-status=\"init\">\n<fieldset class=\"hidden-fields-container\"><input type=\"hidden\" name=\"_wpcf7\" value=\"82\" \/><input type=\"hidden\" name=\"_wpcf7_version\" value=\"6.1.4\" \/><input type=\"hidden\" name=\"_wpcf7_locale\" value=\"en_US\" \/><input type=\"hidden\" name=\"_wpcf7_unit_tag\" value=\"wpcf7-f82-o1\" \/><input type=\"hidden\" name=\"_wpcf7_container_post\" value=\"0\" \/><input type=\"hidden\" name=\"_wpcf7_posted_data_hash\" value=\"\" \/><input type=\"hidden\" name=\"_wpcf7_recaptcha_response\" value=\"\" \/>\n<\/fieldset>\n<div class=\"container-section\">\n\t<h2 class=\"text-center py-5 mt-24\">POPT\u00c1VKOV\u00dd FORMUL\u00c1\u0158\n\t<\/h2>\n\t<div class=\"stech-contact-form\">\n\t\t<div class=\"w-full max-w-lg mx-auto\">\n\t\t\t<div class=\"flex gap-x-3 flex-wrap\">\n\t\t\t\t<div class=\"w-stech mb-1\">\n\t\t\t\t\t<p><span class=\"wpcf7-form-control-wrap\" data-name=\"your-name\"><input size=\"40\" maxlength=\"400\" class=\"wpcf7-form-control wpcf7-text wpcf7-validates-as-required\" aria-required=\"true\" aria-invalid=\"false\" placeholder=\"Jm\u00e9no\" value=\"\" type=\"text\" name=\"your-name\" \/><\/span>\n\t\t\t\t\t<\/p>\n\t\t\t\t<\/div>\n\t\t\t\t<div class=\"w-stech mb-1\">\n\t\t\t\t\t<p><span class=\"wpcf7-form-control-wrap\" data-name=\"your-surname\"><input size=\"40\" maxlength=\"400\" class=\"wpcf7-form-control wpcf7-text wpcf7-validates-as-required\" aria-required=\"true\" aria-invalid=\"false\" placeholder=\"P\u0159\u00edjmen\u00ed\" value=\"\" type=\"text\" name=\"your-surname\" \/><\/span>\n\t\t\t\t\t<\/p>\n\t\t\t\t<\/div>\n\t\t\t<\/div>\n\t\t\t<div class=\"flex gap-x-3 flex-wrap my-8\">\n\t\t\t\t<div class=\"w-stech mb-1\">\n\t\t\t\t\t<p><span class=\"wpcf7-form-control-wrap\" data-name=\"your-email\"><input size=\"40\" maxlength=\"400\" class=\"wpcf7-form-control wpcf7-email wpcf7-validates-as-required wpcf7-text wpcf7-validates-as-email\" aria-required=\"true\" aria-invalid=\"false\" placeholder=\"V\u00e1\u0161 e-mail\" value=\"\" type=\"email\" name=\"your-email\" \/><\/span>\n\t\t\t\t\t<\/p>\n\t\t\t\t<\/div>\n\t\t\t\t<div class=\"w-stech mb-1\">\n\t\t\t\t\t<p><span class=\"wpcf7-form-control-wrap\" data-name=\"your-phone\"><input size=\"40\" maxlength=\"400\" class=\"wpcf7-form-control wpcf7-tel wpcf7-text wpcf7-validates-as-tel\" aria-invalid=\"false\" placeholder=\"Telefon\" value=\"\" type=\"tel\" name=\"your-phone\" \/><\/span>\n\t\t\t\t\t<\/p>\n\t\t\t\t<\/div>\n\t\t\t<\/div>\n\t\t\t<div class=\"mb-0\">\n\t\t\t\t<p><span class=\"wpcf7-form-control-wrap\" data-name=\"your-message\"><textarea cols=\"40\" rows=\"10\" maxlength=\"2000\" class=\"wpcf7-form-control wpcf7-textarea\" aria-invalid=\"false\" placeholder=\"Zpr\u00e1va\" name=\"your-message\"><\/textarea><\/span>\n\t\t\t\t<\/p>\n\t\t\t<\/div>\n\t\t\t<div class=\"mb-0\">\n\t\t\t\t<p><span class=\"wpcf7-form-control-wrap\" data-name=\"gdpr\"><span class=\"wpcf7-form-control wpcf7-checkbox wpcf7-validates-as-required\"><span class=\"wpcf7-list-item first last\"><label><input type=\"checkbox\" name=\"gdpr[]\" value=\"Souhlas\u00edm se zpracov\u00e1n\u00edm osobn\u00edch \u00fadaj\u016f\" \/><span class=\"wpcf7-list-item-label\">Souhlas\u00edm se zpracov\u00e1n\u00edm osobn\u00edch \u00fadaj\u016f<\/span><\/label><\/span><\/span><\/span>\n\t\t\t\t<\/p>\n\t\t\t<\/div>\n\t\t\t<div class=\"mb-0 my-8\">\n\t\t\t\t<p><input class=\"wpcf7-form-control wpcf7-submit has-spinner\" type=\"submit\" value=\"Odeslat zpr\u00e1vu\" \/>\n\t\t\t\t<\/p>\n\t\t\t<\/div>\n\t\t\t<p> Tento formul\u00e1\u0159 je chr\u00e1n\u011bn technologi\u00ed reCAPTCHA. P\u0159i jejim vyu\u017eit\u00ed je db\u00e1no na <a href=\"https:\/\/policies.google.com\/privacy\">z\u00e1sady ochrany osobn\u00edch \u00fadaj\u016f a <\/a><a href=\"https:\/\/policies.google.com\/terms\">smluvn\u00ed podm\u00ednky spole\u010dnosti Google.<\/a>\n\t\t\t<\/p>\n\t\t<\/div>\n\t<\/div>\n<\/div><div class=\"wpcf7-response-output\" aria-hidden=\"true\"><\/div>\n<\/form>\n<\/div>\n\n\n\n    <div class=\"container-section\">\r\n        <div class=\"relative bg-secondary-light rounded-3xl\">\r\n            <div class=\"container mx-auto p-8 px-5 md:p-10 pt-12 md:px-16\">\r\n                <div class=\"grid grid-cols-1 md:grid-cols-2 items-center\">\r\n                    <div class=\"order-2 md:order-1 mt-6 md:mt-0 text-center md:text-left\">\r\n                        <h3 class=\"font-semibold mb-6 text-secondary py-5 md:p-0\">\r\n                            Cel\u00fd sortiment na\u0161ich produkt\u016f<br>naleznete na na\u0161em e\u2013shopu                        <\/h3>\r\n\r\n                        <a href=\"https:\/\/megazahrada.cz\/\" class=\"btn-primary bg-secondary text-white\">\r\n                            ZOBRAZIT ESHOP                        <\/a>\r\n                    <\/div>\r\n                    <div class=\"text-center md:text-right order-1 md:order-2\">\r\n                                                    <img decoding=\"async\" src=\"http:\/\/www.floria.cz\/wp-content\/uploads\/2025\/01\/megazahrady.svg\"\r\n                                alt=\"Logo - Megazahrady\"\r\n                                class=\"inline-block w-64\">\r\n                                            <\/div>\r\n                <\/div>\r\n                \r\n                <!-- Statick\u00e9 listy -->\r\n                <img decoding=\"async\" src=\"http:\/\/www.floria.cz\/wp-content\/themes\/floria\/assets\/images\/leaf-2.png\" alt=\"Leaf 2\" class=\"leaf-1\">\r\n                <img decoding=\"async\" src=\"http:\/\/www.floria.cz\/wp-content\/themes\/floria\/assets\/images\/leaf-1.png\" alt=\"Leaf 1\" class=\"leaf-2\">\r\n                <img decoding=\"async\" src=\"http:\/\/www.floria.cz\/wp-content\/themes\/floria\/assets\/images\/leaf-3.png\" alt=\"Leaf 3\" class=\"leaf-3\">\r\n            <\/div>\r\n        <\/div>\r\n    <\/div>\r\n    ","protected":false},"excerpt":{"rendered":"","protected":false},"author":1,"featured_media":0,"parent":0,"menu_order":0,"comment_status":"closed","ping_status":"closed","template":"page-templates\/page_main.php","meta":{"footnotes":"","css_class_manager_body_classes":"","css_class_manager_use_in_post_loop":false},"page_category":[],"class_list":["post-11","page","type-page","status-publish","hentry"],"_links":{"self":[{"href":"http:\/\/www.floria.cz\/sk\/wp-json\/wp\/v2\/pages\/11","targetHints":{"allow":["GET"]}}],"collection":[{"href":"http:\/\/www.floria.cz\/sk\/wp-json\/wp\/v2\/pages"}],"about":[{"href":"http:\/\/www.floria.cz\/sk\/wp-json\/wp\/v2\/types\/page"}],"author":[{"embeddable":true,"href":"http:\/\/www.floria.cz\/sk\/wp-json\/wp\/v2\/users\/1"}],"replies":[{"embeddable":true,"href":"http:\/\/www.floria.cz\/sk\/wp-json\/wp\/v2\/comments?post=11"}],"version-history":[{"count":22,"href":"http:\/\/www.floria.cz\/sk\/wp-json\/wp\/v2\/pages\/11\/revisions"}],"predecessor-version":[{"id":2649,"href":"http:\/\/www.floria.cz\/sk\/wp-json\/wp\/v2\/pages\/11\/revisions\/2649"}],"wp:attachment":[{"href":"http:\/\/www.floria.cz\/sk\/wp-json\/wp\/v2\/media?parent=11"}],"wp:term":[{"taxonomy":"page_category","embeddable":true,"href":"http:\/\/www.floria.cz\/sk\/wp-json\/wp\/v2\/page_category?post=11"}],"curies":[{"name":"wp","href":"https:\/\/api.w.org\/{rel}","templated":true}]}}