{"id":815,"date":"2025-02-14T09:08:45","date_gmt":"2025-02-14T09:08:45","guid":{"rendered":"https:\/\/www.floria.cz\/?page_id=815"},"modified":"2025-03-04T07:23:01","modified_gmt":"2025-03-04T07:23:01","slug":"floria-travnikove-hnojivo-s-odpuzujicim-ucinkem-proti-krtkum","status":"publish","type":"page","link":"http:\/\/www.floria.cz\/sk\/floria-travnikove-hnojivo-s-odpuzujicim-ucinkem-proti-krtkum\/","title":{"rendered":"FLORIA\u00ae Tr\u00e1vnikov\u00e9 hnojivo s odpudzuj\u00facim \u00fa\u010dinkom proti krtkom"},"content":{"rendered":"    <section class=\"relative pb-16 px-8\">\r\n        <div class=\"flex flex-wrap items-stretch -mx-4\">\r\n            <div class=\"w-full lg:w-1\/2 px-4 lg:mb-0\">\r\n                <div class=\"relative flex flex-wrap items-center justify-center py-20 mt-24 lg:mt-5\">\r\n                    <div class=\"absolute top-0 left-0 right-0 bottom-0 flex items-center justify-center\">\r\n                        <div class=\"w-[1rem] h-[5rem] bg-gray-200 rounded-full product-gradient\"><\/div>\r\n                    <\/div>\r\n                    \r\n                    <div class=\"absolute top-0 left-0 right-0 text-center\">\r\n                                                    <img decoding=\"async\" src=\"http:\/\/www.floria.cz\/wp-content\/uploads\/2025\/01\/grass.svg\" class=\"inline lg:hidden w-8\" alt=\"Flower icon\">\r\n                                                <h2 class=\"lg:hidden pt-2\">FLORIA\u00ae Tr\u00e1vn\u00edkov\u00e9 hnojivo s odpuzuj\u00edc\u00edm \u00fa\u010dinkem proti krtk\u016fm<\/h2>\r\n                    <\/div>\r\n\r\n                                            <img decoding=\"async\" id=\"main-product-image\" src=\"http:\/\/www.floria.cz\/wp-content\/uploads\/2025\/02\/Navrh-bez-nazvu-35.svg\" alt=\"Product\"\r\n                            class=\"relative z-10 inline-block h-[490px] lg:max-w-lg pt-14 lg:pt-0\">\r\n                                    <\/div>\r\n\r\n                <div class=\"flex space-x-4 justify-center\">\r\n                                                                                                                                                                                                                                                                                                            <\/div>\r\n            <\/div>\r\n\r\n            <div class=\"w-full lg:w-1\/2 px-4 lg:pt-32\">\r\n                                    <img decoding=\"async\" src=\"http:\/\/www.floria.cz\/wp-content\/uploads\/2025\/01\/grass.svg\" \r\n                         class=\"hidden lg:inline-block pb-8 w-8\" alt=\"Flower icon\">\r\n                \r\n                <h2 class=\"hidden lg:block text-gray-900 mb-6\">FLORIA\u00ae Tr\u00e1vn\u00edkov\u00e9 hnojivo s odpuzuj\u00edc\u00edm \u00fa\u010dinkem proti krtk\u016fm<\/h2>\r\n                <div class=\"text-lg font-light mb-16\">FLORIA\u00ae Tr\u00e1vn\u00edkov\u00e9 hnojivo s odpuzuj\u00edc\u00edm \u00fa\u010dinkem proti krtk\u016fm je speci\u00e1ln\u011b navr\u017eeno pro tr\u00e1vn\u00edky, kde se vyskytuj\u00ed krtince. Obsahuje v\u0161echny z\u00e1kladn\u00ed \u017eiviny, jako jsou dus\u00edk, fosfor a drasl\u00edk, pro podporu r\u016fstu tr\u00e1vy, a nav\u00edc je obohaceno o ho\u0159\u010d\u00edk a \u017eelezo pro syt\u011b zelen\u00e9 vybarven\u00ed tr\u00e1vn\u00edku.<br><\/div>\r\n                <a href=\"https:\/\/megazahrada.cz\/produkty\/detail\/A0121\/floria-premium-travnikove-hnojivo-s-ucinkem-proti-krtkum\" class=\"btn-primary\">\r\n                    koupit na eshopu                <\/a>\r\n            <\/div>\r\n        <\/div>\r\n    <\/section>\r\n    <script>\r\n    function swapProductImage(clickedImg) {\r\n        var mainImg = document.getElementById('main-product-image');\r\n        if (mainImg) {\r\n            var tempSrc = mainImg.src;\r\n            mainImg.src = clickedImg.src;\r\n            clickedImg.src = tempSrc;\r\n        }\r\n    }\r\n    <\/script>\r\n    \n\n    <div class=\"container-section\" id=\"floria-content\">\r\n        <div class=\"grid-4\">\r\n                            <div class=\"icon-card\">\r\n                    <img decoding=\"async\" src=\"http:\/\/www.floria.cz\/wp-content\/uploads\/2025\/02\/Vector-7.svg\" alt=\"Icon\">\r\n                    <h3 class=\"icon-title\">AROMA ODPUZUJE KRTKY<\/h3>\r\n                <\/div>\r\n                            <div class=\"icon-card\">\r\n                    <img decoding=\"async\" src=\"http:\/\/www.floria.cz\/wp-content\/uploads\/2025\/02\/Vector-7.svg\" alt=\"Icon\">\r\n                    <h3 class=\"icon-title\">ZEOLIT PROVZDU\u0160\u0147UJE P\u016eDU<\/h3>\r\n                <\/div>\r\n                            <div class=\"icon-card\">\r\n                    <img decoding=\"async\" src=\"http:\/\/www.floria.cz\/wp-content\/uploads\/2025\/02\/Vector-7.svg\" alt=\"Icon\">\r\n                    <h3 class=\"icon-title\">V\u00dd\u017dIVA A\u017d NA 1 M\u011aS\u00cdC<\/h3>\r\n                <\/div>\r\n                            <div class=\"icon-card\">\r\n                    <img decoding=\"async\" src=\"http:\/\/www.floria.cz\/wp-content\/uploads\/2025\/02\/Vector-7.svg\" alt=\"Icon\">\r\n                    <h3 class=\"icon-title\">DLOUHODOB\u00dd \u00da\u010cINEK<\/h3>\r\n                <\/div>\r\n                    <\/div>\r\n    <\/div>\r\n    \n\n    <div class=\"container-section\">\r\n        <div class=\"border border-dark-accent p-10 lg:p-20 pb-16 rounded-2xl lg:rounded-4xl\">\r\n            <!-- Section 1 -->\r\n            <h2 class=\"mb-16 text-center\">POPIS PRODUKTU<\/h2>\r\n            <div class=\"flex flex-wrap xl:flex-nowrap justify-center lg:gap-x-20 mb-14\">\r\n                <div class=\"w-full xl:w-full pr-3 flex flex-wrap align-center py-2\">\r\n                    <div class=\"leading-tight\">\r\n                        FLORIA\u00ae Tr\u00e1vn\u00edkov\u00e9 hnojivo s odpuzuj\u00edc\u00edm \u00fa\u010dinkem proti krtk\u016fm je speci\u00e1ln\u011b navr\u017eeno pro tr\u00e1vn\u00edky, kde se vyskytuj\u00ed krtince. Obsahuje v\u0161echny z\u00e1kladn\u00ed \u017eiviny, jako jsou dus\u00edk, fosfor a drasl\u00edk, pro podporu r\u016fstu tr\u00e1vy, a nav\u00edc je obohaceno o ho\u0159\u010d\u00edk a \u017eelezo pro syt\u011b zelen\u00e9 vybarven\u00ed tr\u00e1vn\u00edku.<br><br>                    <\/div>\r\n                <\/div>\r\n            <\/div>\r\n\r\n            <!-- Middle Text -->\r\n            <h3 class=\"text-primary text-center max-w-2xl mx-auto mb-14 py-10\">\r\n                S na\u0161imi produkty z\u00edsk\u00e1te profesion\u00e1ln\u00ed p\u00e9\u010di, kter\u00e1 prom\u011bn\u00ed ka\u017ed\u00fd kout va\u0161eho zelen\u00e9ho r\u00e1je.            <\/h3>\r\n\r\n            <!-- Section 2 -->\r\n            <h3 class=\"mb-16 text-center\">V\u00ddHODY PRODUKTU<\/h3>\r\n            <div class=\"flex flex-wrap xl:flex-nowrap justify-center lg:gap-x-20 mb-14\">\r\n                <div class=\"w-full xl:w-full pr-3 flex flex-wrap align-center py-2\">\r\n                    <div class=\"leading-tight\">\r\n                        <strong>Odpuzuje krtky<\/strong><br>Zeolitov\u00e1 slo\u017eka obsahuje aromatick\u00e9 l\u00e1tky, kter\u00e9 jsou pro krtky nep\u0159\u00edjemn\u00e9, co\u017e vede k jejich vypuzen\u00ed z p\u0159ihnojovan\u00e9 plochy.<br><br><strong>Dlouhodob\u00fd \u00fa\u010dinek<\/strong><br>Tr\u00e1vn\u00edkov\u00e9 hnojivo vy\u017eivuje tr\u00e1vn\u00edk po dobu 1 m\u011bs\u00edce, co\u017e poskytuje trvalou p\u00e9\u010di pro zdrav\u00fd r\u016fst.<br><br><strong>Zdrav\u00fd r\u016fst tr\u00e1vy<\/strong><br>Obsah dus\u00edku, fosforu a drasl\u00edku podporuje intenzivn\u00ed r\u016fst a bohat\u00fd v\u00fdvoj tr\u00e1vy.<br><br><strong>Syt\u011b zelen\u00e1 barva<\/strong><br>Ho\u0159\u010d\u00edk a \u017eelezo dod\u00e1vaj\u00ed tr\u00e1vn\u00edku kr\u00e1snou syt\u011b zelenou barvu.<br><br><strong>Provzdu\u0161\u0148uje p\u016fdu<\/strong><br>Zeolitov\u00e1 slo\u017eka zlep\u0161uje strukturu p\u016fdy, zaji\u0161\u0165uje jej\u00ed provzdu\u0161n\u011bn\u00ed a t\u00edm podporuje lep\u0161\u00ed ko\u0159enov\u00fd r\u016fst.<br><br><strong>Potla\u010duje mech<\/strong><br>Hnojivo pom\u00e1h\u00e1 omezit v\u00fdskyt mech\u016f, co\u017e zlep\u0161uje vzhled tr\u00e1vn\u00edku.                    <\/div>\r\n                <\/div>\r\n            <\/div>\r\n\r\n            <!-- Section 3 -->\r\n            <h3 class=\"mb-16 text-center\">N\u00c1VOD K POU\u017dIT\u00cd<\/h3>\r\n            <div class=\"flex flex-wrap xl:flex-nowrap justify-center lg:gap-x-20 mb-14\">\r\n                <div class=\"w-full xl:w-full pr-3 flex flex-wrap align-center py-2\">\r\n                    <div class=\"leading-tight\">\r\n                        FLORIA\u00ae Tr\u00e1vn\u00edkov\u00e9 hnojivo s odpuzuj\u00edc\u00edm \u00fa\u010dinkem proti krtk\u016fm je efektivn\u00ed \u0159e\u0161en\u00ed pro ochranu va\u0161eho tr\u00e1vn\u00edku a z\u00e1rove\u0148 podporuje jeho zdrav\u00fd r\u016fst a kr\u00e1sn\u00fd vzhled.<br><br>Hnojivo je vhodn\u00e9 pro v\u0161echny typy tr\u00e1vn\u00edk\u016f a aplikuje se rovnom\u011brn\u011b na such\u00fd tr\u00e1vn\u00edk.<br>Ide\u00e1ln\u00ed pro pou\u017eit\u00ed b\u011bhem vegeta\u010dn\u00ed sez\u00f3ny pro ochranu p\u0159ed krtky a udr\u017een\u00ed zdrav\u00e9ho, hust\u00e9ho tr\u00e1vn\u00edku.<br><br><strong>Doporu\u010den\u00e9 d\u00e1vkov\u00e1n\u00ed: (v g\/m2 plochy)<\/strong><br><img loading=\"lazy\" decoding=\"async\" width=\"393\" height=\"170\" src=\"https:\/\/lh7-rt.googleusercontent.com\/docsz\/AD_4nXczkWqsi5z3j48Pfzo3-OvorNH00bA-r7xy12GZgU2cck25iBORrd6H4w_l2e2IBKFi9ejF9M0Y3arJHHpmw2kSlE8YoEwtofhA-d-ppph-mRdzUiiJb1FxyZrPVFpbs3jQa-Qx-86KPwWPvfAcITk?key=HQvz_PCbhf8yDcT10w9aotz4\"><br><strong>POZOR!<\/strong><br>Nerozhazujte hnojivo v bl\u00edzkosti betonov\u00fdch dla\u017edic a obrubn\u00edk\u016f. Hroz\u00ed jejich po\u0161kozen\u00ed. Nespot\u0159ebovan\u00e9 hnojivo d\u016fkladn\u011b uzav\u0159ete v s\u00e1\u010dku zipem. Zabr\u00e1n\u00edte tak v\u00fdparu d\u016fle\u017eit\u00fdch aromatick\u00fdch l\u00e1tek z hnojiva. V\u00fdrobek by mohl ztratit svoji \u00fa\u010dinnost.<br><br><strong>Praktick\u00e9 balen\u00ed 2,5 kg a 7,5 kg<\/strong><span style=\"color: initial\"><\/span><span style=\"color: initial\"><\/span><span style=\"color: initial\"><\/span>                    <\/div>\r\n                <\/div>\r\n            <\/div>\r\n        <\/div>\r\n    <\/div>\r\n    \n\n    <div class=\"container-section py-16 px-8\">\r\n        <h2 class=\"heading-mid mb-8\">DOPORU\u010cUJEME<\/h2>\r\n\r\n        <div class=\"grid grid-cols-1 md:grid-cols-2 xl:grid-cols-4 gap-7\">\r\n                            <div class=\"group flex flex-col items-center justify-center py-4 px-5 max-xl:py-10 max-xl:px-12  rounded-3xl border border-white overflow-hidden transition-all duration-300 hover:shadow-lg\">\r\n                    <a href=\"\/floria-travnikova-naplast-3-v-1-1-kg\/\" class=\"flex flex-col items-center justify-center\">\r\n                        <div class=\"relative\">\r\n                            <div class=\"absolute top-0 left-0 right-0 bottom-0 flex items-center justify-center -z-10\">\r\n                                <div class=\"w-5 h-5 bg-gray-200 rounded-full product-gradient group-hover:scale-125 transition-transform duration-300\"><\/div>\r\n                            <\/div>\r\n                            <img decoding=\"async\" src=\"http:\/\/www.floria.cz\/wp-content\/uploads\/2025\/02\/Navrh-bez-nazvu-57.svg\" \r\n                                 alt=\"TR\u00c1VN\u00cdKOV\u00c1 N\u00c1PLAST\" \r\n                                 class=\"mb-4 z-10 h-[300px] group-hover:scale-105 transition-transform duration-300\">\r\n                        <\/div>\r\n                        <h4 class=\"text-center text-sm text-secondary-light font-medium mb-2 transition-colors duration-300\">\r\n                            FLORIA PREMIUM                        <\/h4>\r\n                        <h3 class=\"text-center text-2xl md:text-xl lg:text-lg font-semibold mb-2 group-hover:text-primary-light transition-colors duration-300\">\r\n                            TR\u00c1VN\u00cdKOV\u00c1 N\u00c1PLAST                        <\/h3>\r\n                        <span class=\"btn-outline mt-2 opacity-60 hover:opacity-100 hover:text-white transition-all duration-300\">\r\n                            V\u00cdCE INFORMAC\u00cd                        <\/span>\r\n                    <\/a>\r\n                <\/div>\r\n                            <div class=\"group flex flex-col items-center justify-center py-4 px-5 max-xl:py-10 max-xl:px-12  rounded-3xl border border-white overflow-hidden transition-all duration-300 hover:shadow-lg\">\r\n                    <a href=\"\/floria-travni-smes-exclusive-1-kg\/\" class=\"flex flex-col items-center justify-center\">\r\n                        <div class=\"relative\">\r\n                            <div class=\"absolute top-0 left-0 right-0 bottom-0 flex items-center justify-center -z-10\">\r\n                                <div class=\"w-5 h-5 bg-gray-200 rounded-full product-gradient group-hover:scale-125 transition-transform duration-300\"><\/div>\r\n                            <\/div>\r\n                            <img decoding=\"async\" src=\"http:\/\/www.floria.cz\/wp-content\/uploads\/2025\/02\/Navrh-bez-nazvu-27.svg\" \r\n                                 alt=\"TRAVN\u00cd SM\u011aS EXCLUSIVE\" \r\n                                 class=\"mb-4 z-10 h-[300px] group-hover:scale-105 transition-transform duration-300\">\r\n                        <\/div>\r\n                        <h4 class=\"text-center text-sm text-secondary-light font-medium mb-2 transition-colors duration-300\">\r\n                            FLORIA PREMIUM                        <\/h4>\r\n                        <h3 class=\"text-center text-2xl md:text-xl lg:text-lg font-semibold mb-2 group-hover:text-primary-light transition-colors duration-300\">\r\n                            TRAVN\u00cd SM\u011aS EXCLUSIVE                        <\/h3>\r\n                        <span class=\"btn-outline mt-2 opacity-60 hover:opacity-100 hover:text-white transition-all duration-300\">\r\n                            V\u00cdCE INFORMAC\u00cd                        <\/span>\r\n                    <\/a>\r\n                <\/div>\r\n                            <div class=\"group flex flex-col items-center justify-center py-4 px-5 max-xl:py-10 max-xl:px-12  rounded-3xl border border-white overflow-hidden transition-all duration-300 hover:shadow-lg\">\r\n                    <a href=\"\/floria-travni-smes-sucho-1-kg\/\" class=\"flex flex-col items-center justify-center\">\r\n                        <div class=\"relative\">\r\n                            <div class=\"absolute top-0 left-0 right-0 bottom-0 flex items-center justify-center -z-10\">\r\n                                <div class=\"w-5 h-5 bg-gray-200 rounded-full product-gradient group-hover:scale-125 transition-transform duration-300\"><\/div>\r\n                            <\/div>\r\n                            <img decoding=\"async\" src=\"http:\/\/www.floria.cz\/wp-content\/uploads\/2025\/02\/Navrh-bez-nazvu-28.svg\" \r\n                                 alt=\"TRAVN\u00cd SM\u011aS DO SUCHA\" \r\n                                 class=\"mb-4 z-10 h-[300px] group-hover:scale-105 transition-transform duration-300\">\r\n                        <\/div>\r\n                        <h4 class=\"text-center text-sm text-secondary-light font-medium mb-2 transition-colors duration-300\">\r\n                            FLORIA PREMIUM                        <\/h4>\r\n                        <h3 class=\"text-center text-2xl md:text-xl lg:text-lg font-semibold mb-2 group-hover:text-primary-light transition-colors duration-300\">\r\n                            TRAVN\u00cd SM\u011aS DO SUCHA                        <\/h3>\r\n                        <span class=\"btn-outline mt-2 opacity-60 hover:opacity-100 hover:text-white transition-all duration-300\">\r\n                            V\u00cdCE INFORMAC\u00cd                        <\/span>\r\n                    <\/a>\r\n                <\/div>\r\n                            <div class=\"group flex flex-col items-center justify-center py-4 px-5 max-xl:py-10 max-xl:px-12  rounded-3xl border border-white overflow-hidden transition-all duration-300 hover:shadow-lg\">\r\n                    <a href=\"\/floria-stop-mechu-500-g\/\" class=\"flex flex-col items-center justify-center\">\r\n                        <div class=\"relative\">\r\n                            <div class=\"absolute top-0 left-0 right-0 bottom-0 flex items-center justify-center -z-10\">\r\n                                <div class=\"w-5 h-5 bg-gray-200 rounded-full product-gradient group-hover:scale-125 transition-transform duration-300\"><\/div>\r\n                            <\/div>\r\n                            <img decoding=\"async\" src=\"http:\/\/www.floria.cz\/wp-content\/uploads\/2025\/02\/Navrh-bez-nazvu-37.svg\" \r\n                                 alt=\"STOP MECHU - KONCENTR\u00c1T\" \r\n                                 class=\"mb-4 z-10 h-[300px] group-hover:scale-105 transition-transform duration-300\">\r\n                        <\/div>\r\n                        <h4 class=\"text-center text-sm text-secondary-light font-medium mb-2 transition-colors duration-300\">\r\n                            FLORIA PREMIUM                        <\/h4>\r\n                        <h3 class=\"text-center text-2xl md:text-xl lg:text-lg font-semibold mb-2 group-hover:text-primary-light transition-colors duration-300\">\r\n                            STOP MECHU &#8211; KONCENTR\u00c1T                        <\/h3>\r\n                        <span class=\"btn-outline mt-2 opacity-60 hover:opacity-100 hover:text-white transition-all duration-300\">\r\n                            koupit na eshopu                        <\/span>\r\n                    <\/a>\r\n                <\/div>\r\n                    <\/div>\r\n    <\/div>\r\n    \n\n    <div class=\"overflow-hidden\">\r\n        <section class=\"container-section pb-16\">\r\n            <h1 class=\"heading-mid mt-20\">Dotek luxusu pro Va\u0161i zahradu<\/h1>\r\n            \r\n            <div class=\"grid grid-cols-1 lg:grid-cols-2 space-y-10 lg:space-y-0 mt-4\">\r\n                <!-- Left Column -->\r\n                <div class=\"hero-section group hero-section flex items-center translate-x-1\/4 lg:translate-x-0 group\">\r\n                    <div class=\"w-6\/12 lg:w-7\/12 text-left lg:text-right pr-10 lg:pr-2\">\r\n                        <img decoding=\"async\" src=\"http:\/\/www.floria.cz\/wp-content\/uploads\/2025\/01\/flower.svg\"\r\n                            class=\"h-14 w-14 hero-section-icon hero-section-icon-hover\" alt=\"Icon\">\r\n                        <img decoding=\"async\" src=\"http:\/\/www.floria.cz\/wp-content\/uploads\/2025\/01\/flower-gray.svg\"\r\n                            class=\"h-14 w-14 hero-section-icon hero-section-icon-default\" alt=\"Icon\">\r\n\r\n                        <h2 class=\"my-8 text-3xl lg:text-4xl text-silver\">\r\n                            P\u011bstitelsk\u00fd program                        <\/h2>\r\n                        <p class=\"mb-8\">\r\n                            Jedine\u010dn\u00e9 substr\u00e1ty, hnojiva a dekora\u010dn\u00ed materi\u00e1ly pro KR\u00c1LOVNY ZAHRAD.                        <\/p>\r\n                        <a href=\"\/pestitelsky-program\" class=\"btn-primary hero-section-button\">\r\n                            Zobrazit v\u00edce                        <\/a>\r\n                    <\/div>\r\n\r\n                    <div class=\"w-6\/12 lg:w-5\/12\">\r\n                        <img decoding=\"async\" src=\"http:\/\/www.floria.cz\/wp-content\/uploads\/2025\/01\/globe-left.png\" alt=\"Globe\" class=\"w-full h-auto\">\r\n                    <\/div>\r\n\r\n                    <div class=\"lg:block lg:w-0.5 h-4\/6\">\r\n                        <div class=\"h-full w-0 bigass-shadow\"><\/div>\r\n                    <\/div>\r\n                <\/div>\r\n\r\n                <!-- Right Column -->\r\n                <div class=\"hero-section group flex items-center -translate-x-1\/4 lg:translate-x-0\">\r\n                    <div class=\"w-6\/12 lg:w-5\/12 -translate-x-1\">\r\n                        <img decoding=\"async\" src=\"http:\/\/www.floria.cz\/wp-content\/uploads\/2025\/01\/globe-right.png\" alt=\"Globe\"\r\n                            class=\"w-full scale-y-110 h-auto\">\r\n                    <\/div>\r\n\r\n                    <div class=\"w-6\/12 lg:w-7\/12 pl-10 lg:pl-2\">\r\n                        <img decoding=\"async\" src=\"http:\/\/www.floria.cz\/wp-content\/uploads\/2025\/01\/grass.svg\"\r\n                            class=\"h-14 w-14 hero-section-icon hero-section-icon-hover\" alt=\"Icon\">\r\n                        <img decoding=\"async\" src=\"http:\/\/www.floria.cz\/wp-content\/uploads\/2025\/01\/grass-gray.svg\"\r\n                            class=\"h-14 w-14 hero-section-icon hero-section-icon-default\" alt=\"Icon\">\r\n\r\n                        <h2 class=\"my-8 text-3xl lg:text-4xl text-silver\">\r\n                            Tr\u00e1vn\u00edkov\u00fd program                        <\/h2>\r\n                        <p class=\"mb-8\">\r\n                            Komplexn\u00ed p\u00e9\u010de o tr\u00e1vn\u00edk po cel\u00fd rok, v\u010d. unik\u00e1tn\u00edch v\u00fdrobk\u016f pro robotick\u00e9 sek\u00e1n\u00ed, v\u0161e PRO KR\u00c1LE TR\u00c1VN\u00cdK\u016e.                        <\/p>\r\n                        <a href=\"\/travnikovy-program\" class=\"btn-primary hero-section-button\">\r\n                            Zobrazit v\u00edce                        <\/a>\r\n                    <\/div>\r\n                <\/div>\r\n            <\/div>\r\n        <\/section>\r\n    <\/div>\r\n    ","protected":false},"excerpt":{"rendered":"","protected":false},"author":2,"featured_media":0,"parent":0,"menu_order":0,"comment_status":"closed","ping_status":"closed","template":"page-templates\/page_with-hero.php","meta":{"footnotes":"","css_class_manager_body_classes":"","css_class_manager_use_in_post_loop":false},"page_category":[19,16],"class_list":["post-815","page","type-page","status-publish","hentry","page_category-travnikova-hnojiva","page_category-travnikovy-program"],"_links":{"self":[{"href":"http:\/\/www.floria.cz\/sk\/wp-json\/wp\/v2\/pages\/815","targetHints":{"allow":["GET"]}}],"collection":[{"href":"http:\/\/www.floria.cz\/sk\/wp-json\/wp\/v2\/pages"}],"about":[{"href":"http:\/\/www.floria.cz\/sk\/wp-json\/wp\/v2\/types\/page"}],"author":[{"embeddable":true,"href":"http:\/\/www.floria.cz\/sk\/wp-json\/wp\/v2\/users\/2"}],"replies":[{"embeddable":true,"href":"http:\/\/www.floria.cz\/sk\/wp-json\/wp\/v2\/comments?post=815"}],"version-history":[{"count":11,"href":"http:\/\/www.floria.cz\/sk\/wp-json\/wp\/v2\/pages\/815\/revisions"}],"predecessor-version":[{"id":1795,"href":"http:\/\/www.floria.cz\/sk\/wp-json\/wp\/v2\/pages\/815\/revisions\/1795"}],"wp:attachment":[{"href":"http:\/\/www.floria.cz\/sk\/wp-json\/wp\/v2\/media?parent=815"}],"wp:term":[{"taxonomy":"page_category","embeddable":true,"href":"http:\/\/www.floria.cz\/sk\/wp-json\/wp\/v2\/page_category?post=815"}],"curies":[{"name":"wp","href":"https:\/\/api.w.org\/{rel}","templated":true}]}}