{"id":104,"date":"2025-01-18T00:07:40","date_gmt":"2025-01-18T00:07:40","guid":{"rendered":"https:\/\/www.floria.cz\/?page_id=104"},"modified":"2025-05-27T07:22:49","modified_gmt":"2025-05-27T07:22:49","slug":"uvod","status":"publish","type":"page","link":"https:\/\/www.floria.cz\/hu\/","title":{"rendered":"BEVEZET\u00c9S"},"content":{"rendered":"    <div class=\"hero flex flex-wrap h-screen border-b-2 lg:border-none border-gray mb-0\">\r\n        <!-- Left -->\r\n        <div class=\"group hero-section w-full md:w-6\/12 bg-cover bg-center pt-10 md:pt-0\"\r\n            style=\"background-image: url('http:\/\/www.floria.cz\/wp-content\/uploads\/2025\/02\/heej.jpg')\">\r\n            <div class=\"hero-section-overlay\"><\/div>\r\n            <div class=\"hero-section-content scale-75 lg:scale-100\">\r\n                <img decoding=\"async\" src=\"https:\/\/www.floria.cz\/wp-content\/themes\/floria\/assets\/images\/icons\/flower.svg\" class=\"hero-section-icon hero-section-icon-hover\" alt=\"Grass icon\">\r\n                <img decoding=\"async\" src=\"https:\/\/www.floria.cz\/wp-content\/themes\/floria\/assets\/images\/icons\/flower-gray.svg\" class=\"hero-section-icon hero-section-icon-default\" alt=\"Grass icon\">\r\n                <h1 class=\"hero-section-title\">P\u011bstitelsk\u00fd<br \/>program<\/h1>\r\n                <a href=\"\/pestitelsky-program\" class=\"hero-section-button\">Zobrazit v\u00edce<\/a>\r\n            <\/div>\r\n        <\/div>\r\n\r\n        <!-- Right -->\r\n        <div class=\"group hero-section w-full md:w-6\/12 bg-cover bg-center\"\r\n            style=\"background-image: url('http:\/\/www.floria.cz\/wp-content\/uploads\/2025\/01\/image-user169766-1727944586zyvME-1.jpg')\">\r\n            <div class=\"hero-section-overlay\"><\/div>\r\n            <div class=\"hero-section-content scale-75 lg:scale-100\">\r\n                <img decoding=\"async\" src=\"https:\/\/www.floria.cz\/wp-content\/themes\/floria\/assets\/images\/icons\/grass.svg\" class=\"hero-section-icon hero-section-icon-hover\" alt=\"Flower icon\">\r\n                <img decoding=\"async\" src=\"https:\/\/www.floria.cz\/wp-content\/themes\/floria\/assets\/images\/icons\/grass-gray.svg\" class=\"hero-section-icon hero-section-icon-default\" alt=\"Flower icon\">\r\n                <h1 class=\"hero-section-title\">Tr\u00e1vn\u00edkov\u00fd<br>program<\/h1>\r\n                <a href=\"\/travnikovy-program\" class=\"hero-section-button\">Zobrazit v\u00edce<\/a>\r\n            <\/div>\r\n        <\/div>\r\n\r\n        <!-- Down pointing arrow -->\r\n        <div class=\"absolute bottom-0 z-50 left-0 right-0 text-center animate-bounce hidden lg:block\">\r\n            <a class=\"inline-block z-50 p-2 md:p-5 pb-1\" href=\"#floria-content\">\r\n                <img decoding=\"async\" class=\"w-9 md:w-16 animate-bounce\" src=\"https:\/\/www.floria.cz\/wp-content\/themes\/floria\/assets\/images\/icons\/down-arrow.svg\" alt=\"Down arrow\">\r\n            <\/a>\r\n        <\/div>\r\n    <\/div>\r\n    \n\n    <div class=\"container-section\" id=\"floria-content\">\r\n        <div class=\"grid-4\">\r\n                            <div class=\"icon-card\">\r\n                    <img decoding=\"async\" src=\"http:\/\/www.floria.cz\/wp-content\/uploads\/2025\/02\/Vector-2.png\" alt=\"Icon\">\r\n                    <h3 class=\"icon-title\">Luxusn\u00ed proveden\u00ed<\/h3>\r\n                <\/div>\r\n                            <div class=\"icon-card\">\r\n                    <img decoding=\"async\" src=\"http:\/\/www.floria.cz\/wp-content\/uploads\/2025\/02\/Vector-2.png\" alt=\"Icon\">\r\n                    <h3 class=\"icon-title\">Jedine\u010dn\u00e9 slo\u017een\u00ed<\/h3>\r\n                <\/div>\r\n                            <div class=\"icon-card\">\r\n                    <img decoding=\"async\" src=\"http:\/\/www.floria.cz\/wp-content\/uploads\/2025\/02\/Vector-2.png\" alt=\"Icon\">\r\n                    <h3 class=\"icon-title\">Ucelen\u00fd sortiment<\/h3>\r\n                <\/div>\r\n                            <div class=\"icon-card\">\r\n                    <img decoding=\"async\" src=\"http:\/\/www.floria.cz\/wp-content\/uploads\/2025\/02\/Vector-2.png\" alt=\"Icon\">\r\n                    <h3 class=\"icon-title\">P\u011bstov\u00e1n\u00ed bez n\u00e1mahy<\/h3>\r\n                <\/div>\r\n                    <\/div>\r\n    <\/div>\r\n    \n\n    <div class=\"container-section pt-4\">\r\n        <div class=\"border-2 border-silver p-10 lg:p-20 pb-16 rounded-2xl lg:rounded-4xl\">\r\n            \r\n            <h2 class=\"mb-16 text-center\">P\u0158ICH\u00c1Z\u00cd REVOLUCE V P\u011aSTOV\u00c1N\u00cd<\/h2>\r\n\r\n                            <div class=\"flex flex-wrap xl:flex-nowrap justify-center lg:gap-x-20 mb-14\">\r\n                                            <div class=\"w-full xl:w-5\/12 flex justify-center lg:justify-start py-2\">\r\n                            <img decoding=\"async\" src=\"http:\/\/www.floria.cz\/wp-content\/uploads\/2025\/02\/FLORIA-banner-420x2552popis.jpg\" alt=\"Section image\" class=\"inline-block w-auto lg:w-full\">\r\n                        <\/div>\r\n                    \r\n                    <div class=\"w-full xl:w-7\/12 pr-3 flex flex-wrap align-center py-2\">\r\n                        <h3 class=\"heading-padded\">REVOLUCE VE SLO\u017dEN\u00cd<\/h3>\r\n                        <p class=\"leading-tight\">S FLORIA PREMIUM garantujeme vynikaj\u00edc\u00ed v\u00fdsledky v p\u011bstov\u00e1n\u00ed, a to bez zbyte\u010dn\u00e9 n\u00e1mahy a s \u00fasporou \u010dasu. D\u00edky pou\u017eit\u00ed kvalitn\u00edch a pr\u016flomov\u00fdch surovin z\u00edsk\u00e1te maxim\u00e1ln\u00ed efekt s minim\u00e1ln\u00edm \u00fasil\u00edm.<br><br>Na\u0161e produkty jsou navr\u017eeny tak, aby va\u0161e rostliny rostly zdrav\u011b a siln\u011b, a to i v n\u00e1ro\u010dn\u011bj\u0161\u00edch podm\u00ednk\u00e1ch.<\/p>\r\n                    <\/div>\r\n\r\n                                    <\/div>\r\n                <div class=\"linear-divider my-11\"><\/div>\r\n                            <div class=\"flex flex-wrap xl:flex-nowrap justify-center lg:gap-x-20 mb-14\">\r\n                    \r\n                    <div class=\"w-full xl:w-7\/12 pr-3 flex flex-wrap align-center py-2\">\r\n                        <h3 class=\"heading-padded\">Revoluce v designu<\/h3>\r\n                        <p class=\"leading-tight\">FLORIA PREMIUM se py\u0161n\u00ed pr\u00e9miov\u00fdm vzhledem, kter\u00fd vyza\u0159uje luxus a nep\u0159ehl\u00e9dnutelnost. Ka\u017ed\u00fd detail na\u0161ich v\u00fdrobk\u016f je navr\u017een tak, aby upoutal pozornost a p\u0159inesl do va\u0161\u00ed zahrady nejen funk\u010dnost, ale i estetick\u00fd z\u00e1\u017eitek.<br><br>Spojujeme elegantn\u00ed design s prvot\u0159\u00eddn\u00ed kvalitou, d\u00edky \u010demu\u017e se na\u0161e produkty stanou v\u00fdrazn\u00fdm prvkem va\u0161\u00ed zahrady.<\/p>\r\n                    <\/div>\r\n\r\n                                            <div class=\"w-full xl:w-5\/12 flex justify-center lg:justify-end py-2\">\r\n                            <img decoding=\"async\" src=\"http:\/\/www.floria.cz\/wp-content\/uploads\/2025\/02\/FLORIA-banner-420x2552-3.jpg\" alt=\"Section image\" class=\"inline-block w-auto lg:w-full\">\r\n                        <\/div>\r\n                                    <\/div>\r\n                <div class=\"linear-divider my-11\"><\/div>\r\n                            <div class=\"flex flex-wrap xl:flex-nowrap justify-center lg:gap-x-20 mb-14\">\r\n                                            <div class=\"w-full xl:w-5\/12 flex justify-center lg:justify-start py-2\">\r\n                            <img decoding=\"async\" src=\"http:\/\/www.floria.cz\/wp-content\/uploads\/2025\/02\/FLORIA-banner-420x2553-2.jpg\" alt=\"Section image\" class=\"inline-block w-auto lg:w-full\">\r\n                        <\/div>\r\n                    \r\n                    <div class=\"w-full xl:w-7\/12 pr-3 flex flex-wrap align-center py-2\">\r\n                        <h3 class=\"heading-padded\">Revoluce v sortimentu<\/h3>\r\n                        <p class=\"leading-tight\">Floria Premium p\u0159edstavuje ucelenou \u0159adu jedine\u010dn\u00fdch v\u00fdrobk\u016f, kter\u00e9 p\u0159in\u00e1\u0161ej\u00ed to nejlep\u0161\u00ed pro va\u0161i zahradu. Na\u0161e promy\u0161len\u00e9 sortimentn\u00ed skupiny zaji\u0161\u0165uj\u00ed, \u017ee ka\u017ed\u00fd produkt je dokonale navr\u017een pro specifick\u00e9 pot\u0159eby p\u011bstov\u00e1n\u00ed.<br><br>Z\u00edskejte v\u0161e, co pot\u0159ebujete pro zdrav\u00fd r\u016fst a kr\u00e1su rostlin, a to v pr\u00e9miov\u00e9 kvalit\u011b, kter\u00e1 se pozn\u00e1 na prvn\u00ed pohled.<\/p>\r\n                    <\/div>\r\n\r\n                                    <\/div>\r\n                <div class=\"linear-divider my-11\"><\/div>\r\n            \r\n            <div class=\"text-center mt-24\">\r\n                <h2 class=\"text-3xl text-center max-w-2xl mx-auto mb-14 py-10\">\r\n                    S na\u0161imi produkty z\u00edsk\u00e1te profesion\u00e1ln\u00ed p\u00e9\u010di, kter\u00e1 prom\u011bn\u00ed ka\u017ed\u00fd kout va\u0161eho zelen\u00e9ho r\u00e1je.                <\/h2>\r\n\r\n                                    <a href=\"\/floria-premium\/\" class=\"inline-block btn-primary\">\r\n                        Zobrazit v\u00edce                    <\/a>\r\n                            <\/div>\r\n        <\/div>\r\n    <\/div>\r\n    \n\n    <div class=\"overflow-hidden\">\r\n        <section class=\"container-section pb-16\">\r\n            <h1 class=\"heading-mid mt-20\">FLORIA\u00ae PREMIUM<\/h1>\r\n                            <h3 class=\"mb-16 text-center font-normal\">Dotek luxusu pro Va\u0161i zahradu<\/h3>\r\n            \r\n            <div class=\"grid grid-cols-1 lg:grid-cols-2 space-y-10 lg:space-y-0 mt-4\">\r\n                <!-- Left Column -->\r\n                <div class=\"hero-section group hero-section flex items-center translate-x-1\/4 lg:translate-x-0 group\">\r\n                    <div class=\"w-6\/12 lg:w-7\/12 text-left lg:text-right pr-10 lg:pr-2\">\r\n                        <img decoding=\"async\" src=\"http:\/\/www.floria.cz\/wp-content\/uploads\/2025\/01\/flower.svg\"\r\n                            class=\"h-14 w-14 hero-section-icon hero-section-icon-hover\" alt=\"Icon\">\r\n                        <img decoding=\"async\" src=\"http:\/\/www.floria.cz\/wp-content\/uploads\/2025\/02\/Vector-2.png\"\r\n                            class=\"h-14 w-14 hero-section-icon hero-section-icon-default\" alt=\"Icon\">\r\n\r\n                        <h2 class=\"my-8 text-3xl lg:text-4xl text-silver\">\r\n                            P\u011bstitelsk\u00fd program                        <\/h2>\r\n                        <p class=\"mb-8\">\r\n                            Jedine\u010dn\u00e9 substr\u00e1ty, hnojiva a dekora\u010dn\u00ed materi\u00e1ly pro KR\u00c1LOVNY ZAHRAD.                        <\/p>\r\n                        <a href=\"\/pestitelsky-program\" class=\"btn-primary hero-section-button\">\r\n                            Zobrazit v\u00edce                        <\/a>\r\n                    <\/div>\r\n\r\n                    <div class=\"w-6\/12 lg:w-5\/12\">\r\n                        <img decoding=\"async\" src=\"http:\/\/www.floria.cz\/wp-content\/uploads\/2025\/01\/globe-left.png\" alt=\"Globe\" class=\"w-full h-auto\">\r\n                    <\/div>\r\n\r\n                    <div class=\"lg:block lg:w-0.5 h-4\/6\">\r\n                        <div class=\"h-full w-0 bigass-shadow\"><\/div>\r\n                    <\/div>\r\n                <\/div>\r\n\r\n                <!-- Right Column -->\r\n                <div class=\"hero-section group flex items-center -translate-x-1\/4 lg:translate-x-0\">\r\n                    <div class=\"w-6\/12 lg:w-5\/12 -translate-x-1\">\r\n                        <img decoding=\"async\" src=\"http:\/\/www.floria.cz\/wp-content\/uploads\/2025\/01\/globe-right.png\" alt=\"Globe\"\r\n                            class=\"w-full scale-y-110 h-auto\">\r\n                    <\/div>\r\n\r\n                    <div class=\"w-6\/12 lg:w-7\/12 pl-10 lg:pl-2\">\r\n                        <img decoding=\"async\" src=\"http:\/\/www.floria.cz\/wp-content\/uploads\/2025\/01\/grass.svg\"\r\n                            class=\"h-14 w-14 hero-section-icon hero-section-icon-hover\" alt=\"Icon\">\r\n                        <img decoding=\"async\" src=\"http:\/\/www.floria.cz\/wp-content\/uploads\/2025\/02\/Vector-7.svg\"\r\n                            class=\"h-14 w-14 hero-section-icon hero-section-icon-default\" alt=\"Icon\">\r\n\r\n                        <h2 class=\"my-8 text-3xl lg:text-4xl text-silver\">\r\n                            Tr\u00e1vn\u00edkov\u00fd program                        <\/h2>\r\n                        <p class=\"mb-8\">\r\n                            Komplexn\u00ed p\u00e9\u010de o tr\u00e1vn\u00edk po cel\u00fd rok, v\u0161e PRO KR\u00c1LE TR\u00c1VN\u00cdK\u016e.                        <\/p>\r\n                        <a href=\"\/travnikovy-program\" class=\"btn-primary hero-section-button\">\r\n                            Zobrazit v\u00edce                        <\/a>\r\n                    <\/div>\r\n                <\/div>\r\n            <\/div>\r\n        <\/section>\r\n    <\/div>\r\n    \n\n    <div class=\"globe-side-effect overflow-hidden\">\r\n        <img decoding=\"async\" src=\"https:\/\/www.floria.cz\/wp-content\/themes\/floria\/assets\/images\/globe-left.png\" alt=\"Flower globe\"\r\n            class=\"left-globe\">\r\n        <img decoding=\"async\" src=\"https:\/\/www.floria.cz\/wp-content\/themes\/floria\/assets\/images\/globe-right.png\" alt=\"Flower globe\"\r\n            class=\"right-globe\">\r\n\r\n        <div class=\"container-section z-50\">\r\n                            <section class=\"py-10\">\r\n                    <div class=\"flex justify-center -mb-12\">\r\n                        <img decoding=\"async\" src=\"https:\/\/www.floria.cz\/wp-content\/themes\/floria\/assets\/images\/flower-dim.png\" alt=\"Text Silver\" class=\"w-36\">\r\n                    <\/div>\r\n                    <h2 class=\"heading-mid pt-0\">Pro kr\u00e1lovny zahrad<\/h2>\r\n                    <!--  -->\r\n                    <div class=\"flex flex-wrap justify-center gap-6 mt-12 leading-normal\">\r\n                                                    <a href=\"\/substraty\/\" class=\" mini-card\">\r\n                                <h4 class=\"uppercase text-center\">SUBSTR\u00c1TY<\/h4>\r\n                            <\/a>\r\n                                                    <a href=\"\/kapalna-hnojiva\/\" class=\" mini-card\">\r\n                                <h4 class=\"uppercase text-center\">KAPALN\u00c1 HNOJIVA<\/h4>\r\n                            <\/a>\r\n                                                    <a href=\"\/pevna-hnojiva\/\" class=\" mini-card\">\r\n                                <h4 class=\"uppercase text-center\">PEVN\u00c1 HNOJIVA<\/h4>\r\n                            <\/a>\r\n                                                    <a href=\"\/dekoracni-materialy\/\" class=\" mini-card\">\r\n                                <h4 class=\"uppercase text-center\">DEKORA\u010cN\u00cd MATERI\u00c1L<\/h4>\r\n                            <\/a>\r\n                                            <\/div>\r\n                <\/section>\r\n            \r\n            <section class=\"py-10\">\r\n                                    <div class=\"flex justify-center -mb-8\">\r\n                        <img decoding=\"async\" src=\"https:\/\/www.floria.cz\/wp-content\/themes\/floria\/assets\/images\/grass-dim.png\" alt=\"Text Silver\" class=\"w-44\">\r\n                    <\/div>\r\n                    <h2 class=\"heading-mid pt-0\">PRO KR\u00c1LE TR\u00c1VN\u00cdK\u016e<\/h2>\r\n                    <!--  -->\r\n                    <div class=\"flex flex-wrap justify-center gap-6 mt-12\">\r\n                                                    <a href=\"\/travnikova-hnojiva\/\" class=\" mini-card\">\r\n                                <h4 class=\"uppercase text-center\">TR\u00c1VN\u00cdKOV\u00c1 HNOJIVA<\/h4>\r\n                            <\/a>\r\n                                                    <a href=\"\/pece-o-travnik\/\" class=\" mini-card\">\r\n                                <h4 class=\"uppercase text-center\">P\u00c9\u010cE O TR\u00c1VN\u00cdK<\/h4>\r\n                            <\/a>\r\n                                                    <a href=\"\/travni-smesi\/\" class=\" mini-card\">\r\n                                <h4 class=\"uppercase text-center\">TRAVN\u00cd SM\u011aSI<\/h4>\r\n                            <\/a>\r\n                                            <\/div>\r\n                            <\/section>\r\n        <\/div>\r\n    <\/div>\r\n    \n\n\r\n    <div class=\"container-section\">\r\n        <section>\r\n            <h2 class=\"heading-mid pt-20\">Na co nezapomenout v Kv\u011btnu<\/h2>\r\n            <div class=\"grid grid-cols-1 lg:grid-cols-2 gap-10 gap-x-14 mt-8\">\r\n                                        <div class=\"article-card\">\r\n                            <div class=\"article-image mb-4\">\r\n                                <a href=\"https:\/\/www.floria.cz\/hu\/ruze-vznesene-kralovny-zahrad\/\">\r\n                                                                            <img loading=\"lazy\" decoding=\"async\" width=\"700\" height=\"301\" src=\"https:\/\/www.floria.cz\/wp-content\/uploads\/2025\/02\/pexels-milada-vigerova-5984524.jpg\" class=\"w-full max-h-80 wp-post-image\" alt=\"\" srcset=\"https:\/\/www.floria.cz\/wp-content\/uploads\/2025\/02\/pexels-milada-vigerova-5984524.jpg 700w, https:\/\/www.floria.cz\/wp-content\/uploads\/2025\/02\/pexels-milada-vigerova-5984524-300x129.jpg 300w\" sizes=\"auto, (max-width: 700px) 100vw, 700px\" \/>                                                                    <\/a>\r\n\r\n                                <div class=\"text-sm mt-5\">\r\n                                    <a href=\"\/floria-radi\" class=\"px-4 py-1 rounded-full bg-primary text-white\">\r\n                                        Kv\u011bten                                    <\/a>\r\n                                <\/div>\r\n                            <\/div>\r\n                            <h2 class=\"article-title text-2xl font-bold my-5\">\r\n                                <a href=\"https:\/\/www.floria.cz\/hu\/ruze-vznesene-kralovny-zahrad\/\" class=\"hover:underline\">\r\n                                    R\u016f\u017ee &#8211; vzne\u0161en\u00e9 kr\u00e1lovny zahrad                                <\/a>\r\n                            <\/h2>\r\n                            <div class=\"article-excerpt\">\r\n                                <p>U\u017e se pomali\u010dku otepluje a pro n\u00e1s zahr\u00e1dk\u00e1\u0159e to znamen\u00e1 jedin\u00e9 &#8211; za\u010d\u00edn\u00e1 p\u0159\u00edprava zahrady na novou sez\u00f3nu. O slovo se hl\u00e1s\u00ed i kr\u00e1lovny zahrad, tedy r\u016f\u017ee, kter\u00e9 v tomto obdob\u00ed odkr\u00fdv\u00e1me. Aby v\u00e1m r\u016f\u017ee zdrav\u011b rostly a bohat\u011b kvetly, je nyn\u00ed ten prav\u00fd \u010das dop\u0159\u00e1t jim p\u00e9\u010di v podob\u011b jarn\u00edho \u0159ezu a dopln\u011bn\u00ed chyb\u011bj\u00edc\u00edch [&hellip;]<\/p>\n                            <\/div>\r\n                            <a href=\"https:\/\/www.floria.cz\/hu\/ruze-vznesene-kralovny-zahrad\/\" class=\"btn-line mt-10 inline-block\">Zobrazit v\u00edce<\/a>\r\n                        <\/div>\r\n                                            <div class=\"article-card\">\r\n                            <div class=\"article-image mb-4\">\r\n                                <a href=\"https:\/\/www.floria.cz\/hu\/pece-o-azalky-a-rododendrony\/\">\r\n                                                                            <img loading=\"lazy\" decoding=\"async\" width=\"700\" height=\"301\" src=\"https:\/\/www.floria.cz\/wp-content\/uploads\/2025\/02\/flowers-3309054_1920.jpg\" class=\"w-full max-h-80 wp-post-image\" alt=\"\" srcset=\"https:\/\/www.floria.cz\/wp-content\/uploads\/2025\/02\/flowers-3309054_1920.jpg 700w, https:\/\/www.floria.cz\/wp-content\/uploads\/2025\/02\/flowers-3309054_1920-300x129.jpg 300w\" sizes=\"auto, (max-width: 700px) 100vw, 700px\" \/>                                                                    <\/a>\r\n\r\n                                <div class=\"text-sm mt-5\">\r\n                                    <a href=\"\/floria-radi\" class=\"px-4 py-1 rounded-full bg-primary text-white\">\r\n                                        Kv\u011bten                                    <\/a>\r\n                                <\/div>\r\n                            <\/div>\r\n                            <h2 class=\"article-title text-2xl font-bold my-5\">\r\n                                <a href=\"https:\/\/www.floria.cz\/hu\/pece-o-azalky-a-rododendrony\/\" class=\"hover:underline\">\r\n                                    P\u00e9\u010de o azalky a rododendrony                                <\/a>\r\n                            <\/h2>\r\n                            <div class=\"article-excerpt\">\r\n                                <p>Azalky pat\u0159\u00ed spolu s rododendrony, v\u0159esy a v\u0159esovci do skupiny v\u0159esovi\u0161tn\u00edch rostlin. Vzhledem k tomu, \u017ee azalky i rododendrony maj\u00ed podobn\u00e9 n\u00e1roky na p\u011bstov\u00e1n\u00ed, n\u00e1sleduj\u00edc\u00ed rady a doporu\u010den\u00ed m\u016f\u017eete s \u00fasp\u011bchem pou\u017e\u00edt pro ob\u011b rostliny. Azalky v\u0161ak b\u00fdvaj\u00ed na n\u00e1roky o n\u011bco skromn\u011bj\u0161\u00ed. V\u0159esovi\u0161tn\u00ed rostliny jsou kyselomiln\u00e9, tedy nesn\u00e1\u0161ej\u00ed vy\u0161\u0161\u00ed obsah v\u00e1pn\u00edku v p\u016fd\u011b. P\u016fdu [&hellip;]<\/p>\n                            <\/div>\r\n                            <a href=\"https:\/\/www.floria.cz\/hu\/pece-o-azalky-a-rododendrony\/\" class=\"btn-line mt-10 inline-block\">Zobrazit v\u00edce<\/a>\r\n                        <\/div>\r\n                                <\/div>\r\n        <\/section>\r\n    <\/div>\r\n    \n\n\n<p class=\"text-center pt-10 mt-16\">\n<a href=\"\/floria-radi\" class=\"btn-primary inline-block\"> Zobrazit v\u00edce<\/a>\n<\/p>\n","protected":false},"excerpt":{"rendered":"<p>TOV\u00c1BB<\/p>","protected":false},"author":1,"featured_media":0,"parent":0,"menu_order":0,"comment_status":"closed","ping_status":"closed","template":"","meta":{"footnotes":"","css_class_manager_body_classes":"","css_class_manager_use_in_post_loop":false},"page_category":[],"class_list":["post-104","page","type-page","status-publish","hentry"],"_links":{"self":[{"href":"https:\/\/www.floria.cz\/hu\/wp-json\/wp\/v2\/pages\/104","targetHints":{"allow":["GET"]}}],"collection":[{"href":"https:\/\/www.floria.cz\/hu\/wp-json\/wp\/v2\/pages"}],"about":[{"href":"https:\/\/www.floria.cz\/hu\/wp-json\/wp\/v2\/types\/page"}],"author":[{"embeddable":true,"href":"https:\/\/www.floria.cz\/hu\/wp-json\/wp\/v2\/users\/1"}],"replies":[{"embeddable":true,"href":"https:\/\/www.floria.cz\/hu\/wp-json\/wp\/v2\/comments?post=104"}],"version-history":[{"count":94,"href":"https:\/\/www.floria.cz\/hu\/wp-json\/wp\/v2\/pages\/104\/revisions"}],"predecessor-version":[{"id":2610,"href":"https:\/\/www.floria.cz\/hu\/wp-json\/wp\/v2\/pages\/104\/revisions\/2610"}],"wp:attachment":[{"href":"https:\/\/www.floria.cz\/hu\/wp-json\/wp\/v2\/media?parent=104"}],"wp:term":[{"taxonomy":"page_category","embeddable":true,"href":"https:\/\/www.floria.cz\/hu\/wp-json\/wp\/v2\/page_category?post=104"}],"curies":[{"name":"wp","href":"https:\/\/api.w.org\/{rel}","templated":true}]}}