{"id":1268,"date":"2025-02-20T17:21:00","date_gmt":"2025-02-20T17:21:00","guid":{"rendered":"https:\/\/www.floria.cz\/?page_id=1268"},"modified":"2025-02-24T14:39:06","modified_gmt":"2025-02-24T14:39:06","slug":"pece-o-travnik","status":"publish","type":"page","link":"https:\/\/www.floria.cz\/hu\/pece-o-travnik\/","title":{"rendered":"GYEP\u00c1POL\u00c1S"},"content":{"rendered":"\n<div class=\"wp-block-group pb-5 half-section text-center is-vertical is-content-justification-center is-nowrap is-layout-flex wp-container-core-group-is-layout-e862386f wp-block-group-is-layout-flex\">\n<h2 class=\"wp-block-heading uppercase pb-16\" style=\"font-size:3.8rem\">P\u00c9\u010cE O TR\u00c1VN\u00cdK<\/h2>\n\n\n\n<p class=\"leading-snug font-extralight\" style=\"font-size:1.3rem\">Tr\u00e1vn\u00edk si zaslou\u017e\u00ed p\u00e9\u010di do posledn\u00edho detailu. Proto v&nbsp;\u0159ad\u011b FLORIA PREMIUM naleznete speci\u00e1ln\u00ed v\u00fdrobky, kter\u00e9 zlep\u0161\u00ed kondici tr\u00e1vn\u00edku nebo v\u00e1m usnadn\u00ed pr\u00e1ci s&nbsp;jejich \u00fapravou. Vertikutace je d\u016fle\u017eit\u00e1 \u010dinnost pro podporu r\u016fstu a zdrav\u00ed tr\u00e1vn\u00edku, doporu\u010dujeme po jej\u00edm proveden\u00ed pou\u017e\u00edt Vertikuta\u010dn\u00ed sm\u011bs. Pokud v\u0161ak nem\u00e1te mo\u017enost ji prov\u00e9st mechanicky, m\u016f\u017eete si u\u0161et\u0159it pr\u00e1ci s&nbsp;Likvid\u00e1torem travn\u00edm plsti. I likvidace mechu nebyla nikdy snaz\u0161\u00ed!<br><br><\/p>\n\n\n\n<p><\/p>\n<\/div>\n\n\n    <div class=\"product-microcard\">\r\n        <div class=\"relative overflow-hidden pt-20\">\r\n            <div class=\"flex pb-52 mx-auto justify-center flex-wrap lg:flex-nowrap items-stretch\">\r\n                \r\n                <!-- Left Column -->\r\n                <div class=\"w-full lg:w-auto card-column lg:items-end\">\r\n                                            <a href=\"#category\" class=\"micro-card\">\r\n                            <h4 class=\"uppercase text-center\">Speci\u00e1ln\u00ed slo\u017eky<\/h4>\r\n                            <div class=\"micro-card-body\">\r\n                                <h4>Speci\u00e1ln\u00ed slo\u017eky<\/h4>\r\n                                <p>D\u00edky obsahu kvalitn\u00edch surovin, jako je kokosov\u00fd substr\u00e1t, hydrogel \u010di mykorhizn\u00ed houby, bude v\u00e1\u0161 tr\u00e1vn\u00edk ve skv\u011bl\u00e9 kondici a je\u0161t\u011b v\u00e1m v\u00fdrobky u\u0161et\u0159\u00ed \u010das.<\/p>\r\n                                                            <\/div>\r\n                        <\/a>\r\n                                    <\/div>\r\n\r\n                <!-- Center Image -->\r\n                <div class=\"order-first lg:order-none mx-2 z-10\">\r\n                                            <img decoding=\"async\" class=\"lg:scale-125 translate-y-9\" \r\n                             src=\"http:\/\/www.floria.cz\/wp-content\/uploads\/2025\/02\/Navrh-bez-nazvu-39.svg\" \r\n                             alt=\"\">\r\n                                    <\/div>\r\n\r\n                <!-- Right Column -->\r\n                <div class=\"w-full lg:w-auto card-column lg:items-start\">\r\n                                            <a href=\"#category\" class=\"micro-card\">\r\n                            <h4 class=\"uppercase text-center\">Rychl\u00fd \u00fa\u010dinek <\/h4>\r\n                            <div class=\"micro-card-body\">\r\n                                <h4>Rychl\u00fd \u00fa\u010dinek <\/h4>\r\n                                <p>Obsa\u017een\u00e9 slo\u017eky p\u016fsob\u00ed opravdu rychle, tak\u017ee v\u00fdsledky uvid\u00edte na sv\u00e9m tr\u00e1vn\u00edku t\u00e9m\u011b\u0159 okam\u017eit\u011b!<\/p>\r\n                                                            <\/div>\r\n                        <\/a>\r\n                                    <\/div>\r\n            <\/div>\r\n\r\n            <div class=\"absolute left-0 right-0 bottom-0 -translate-y-1\/2 flex items-center justify-center\">\r\n                <div class=\"w-0 h-0 bg-transparent rounded-full divider-gradient\"><\/div>\r\n            <\/div>\r\n            <div class=\"linear-divider mb-0\"><\/div>\r\n        <\/div>\r\n    <\/div>\r\n    \n\n    <div class=\"container-section\">\r\n    <div class=\"py-16 px-8\">\r\n        <div class=\"grid grid-cols-1 md:grid-cols-2 xl:grid-cols-4 gap-7\">\r\n                            <div class=\"group flex flex-col items-center justify-center p-10 px-12 rounded-3xl border border-white overflow-hidden transition-all duration-300 hover:shadow-lg\">\r\n                    <a href=\"\/floria-vertikutacni-smes-4-v-1-5-kg\/\" class=\"flex flex-col items-center justify-center\">\r\n                        <div class=\"relative\">\r\n                            <div class=\"absolute top-0 left-0 right-0 bottom-0 flex items-center justify-center -z-10\">\r\n                                <div class=\"w-5 h-5 bg-gray-200 rounded-full product-gradient group-hover:scale-125 transition-transform duration-300\">\r\n                                <\/div>\r\n                            <\/div>\r\n                            <img decoding=\"async\" src=\"http:\/\/www.floria.cz\/wp-content\/uploads\/2025\/02\/Navrh-bez-nazvu-52-1.svg\" \r\n                                 alt=\"Product\" \r\n                                 class=\"mb-4 z-10 h-[300px] group-hover:scale-105 transition-transform duration-300\">\r\n                        <\/div>\r\n                        <h4 class=\"text-center text-sm text-secondary-light font-medium mb-2 transition-colors duration-300\">\r\n                            FLORIA PREMIUM\u00ae                        <\/h4>\r\n                        <h3 class=\"text-center text-2xl font-semibold mb-2 group-hover:text-primary-light transition-colors duration-300\">\r\n                            VERTIKUTA\u010cN\u00cd SM\u011aS 4 v 1                        <\/h3>\r\n                        <span class=\"btn-outline mt-2 opacity-60 hover:opacity-100 hover:text-white transition-all duration-300\">\r\n                            V\u00cdCE INFORMAC\u00cd                        <\/span>\r\n                    <\/a>\r\n                <\/div>\r\n                            <div class=\"group flex flex-col items-center justify-center p-10 px-12 rounded-3xl border border-white overflow-hidden transition-all duration-300 hover:shadow-lg\">\r\n                    <a href=\"\/floria-likvidator-travni-plsti-75-kg\/\" class=\"flex flex-col items-center justify-center\">\r\n                        <div class=\"relative\">\r\n                            <div class=\"absolute top-0 left-0 right-0 bottom-0 flex items-center justify-center -z-10\">\r\n                                <div class=\"w-5 h-5 bg-gray-200 rounded-full product-gradient group-hover:scale-125 transition-transform duration-300\">\r\n                                <\/div>\r\n                            <\/div>\r\n                            <img decoding=\"async\" src=\"http:\/\/www.floria.cz\/wp-content\/uploads\/2025\/02\/Navrh-bez-nazvu-53.svg\" \r\n                                 alt=\"Product\" \r\n                                 class=\"mb-4 z-10 h-[300px] group-hover:scale-105 transition-transform duration-300\">\r\n                        <\/div>\r\n                        <h4 class=\"text-center text-sm text-secondary-light font-medium mb-2 transition-colors duration-300\">\r\n                            FLORIA PREMIUM\u00ae                        <\/h4>\r\n                        <h3 class=\"text-center text-2xl font-semibold mb-2 group-hover:text-primary-light transition-colors duration-300\">\r\n                            Likvid\u00e1tor travn\u00ed plsti                        <\/h3>\r\n                        <span class=\"btn-outline mt-2 opacity-60 hover:opacity-100 hover:text-white transition-all duration-300\">\r\n                            V\u00cdCE INFORMAC\u00cd                        <\/span>\r\n                    <\/a>\r\n                <\/div>\r\n                            <div class=\"group flex flex-col items-center justify-center p-10 px-12 rounded-3xl border border-white overflow-hidden transition-all duration-300 hover:shadow-lg\">\r\n                    <a href=\"\/floria-stop-mechu-500-g\/\" class=\"flex flex-col items-center justify-center\">\r\n                        <div class=\"relative\">\r\n                            <div class=\"absolute top-0 left-0 right-0 bottom-0 flex items-center justify-center -z-10\">\r\n                                <div class=\"w-5 h-5 bg-gray-200 rounded-full product-gradient group-hover:scale-125 transition-transform duration-300\">\r\n                                <\/div>\r\n                            <\/div>\r\n                            <img decoding=\"async\" src=\"http:\/\/www.floria.cz\/wp-content\/uploads\/2025\/02\/Navrh-bez-nazvu-37.svg\" \r\n                                 alt=\"Product\" \r\n                                 class=\"mb-4 z-10 h-[300px] group-hover:scale-105 transition-transform duration-300\">\r\n                        <\/div>\r\n                        <h4 class=\"text-center text-sm text-secondary-light font-medium mb-2 transition-colors duration-300\">\r\n                            FLORIA PREMIUM\u00ae                        <\/h4>\r\n                        <h3 class=\"text-center text-2xl font-semibold mb-2 group-hover:text-primary-light transition-colors duration-300\">\r\n                            STOP MECHU                        <\/h3>\r\n                        <span class=\"btn-outline mt-2 opacity-60 hover:opacity-100 hover:text-white transition-all duration-300\">\r\n                            V\u00cdCE INFORMAC\u00cd                        <\/span>\r\n                    <\/a>\r\n                <\/div>\r\n                            <div class=\"group flex flex-col items-center justify-center p-10 px-12 rounded-3xl border border-white overflow-hidden transition-all duration-300 hover:shadow-lg\">\r\n                    <a href=\"\/floria-travnikova-naplast-3-v-1-1-kg\/\" class=\"flex flex-col items-center justify-center\">\r\n                        <div class=\"relative\">\r\n                            <div class=\"absolute top-0 left-0 right-0 bottom-0 flex items-center justify-center -z-10\">\r\n                                <div class=\"w-5 h-5 bg-gray-200 rounded-full product-gradient group-hover:scale-125 transition-transform duration-300\">\r\n                                <\/div>\r\n                            <\/div>\r\n                            <img decoding=\"async\" src=\"http:\/\/www.floria.cz\/wp-content\/uploads\/2025\/02\/Navrh-bez-nazvu-57.svg\" \r\n                                 alt=\"Product\" \r\n                                 class=\"mb-4 z-10 h-[300px] group-hover:scale-105 transition-transform duration-300\">\r\n                        <\/div>\r\n                        <h4 class=\"text-center text-sm text-secondary-light font-medium mb-2 transition-colors duration-300\">\r\n                            FLORIA PREMIUM\u00ae                        <\/h4>\r\n                        <h3 class=\"text-center text-2xl font-semibold mb-2 group-hover:text-primary-light transition-colors duration-300\">\r\n                            Tr\u00e1vn\u00edkov\u00e1 n\u00e1plast 3 v 1                        <\/h3>\r\n                        <span class=\"btn-outline mt-2 opacity-60 hover:opacity-100 hover:text-white transition-all duration-300\">\r\n                            V\u00cdCE INFORMAC\u00cd                        <\/span>\r\n                    <\/a>\r\n                <\/div>\r\n                    <\/div>\r\n    <\/div>\r\n    <\/div>\r\n    ","protected":false},"excerpt":{"rendered":"<p>P\u00c9\u010cE O TR\u00c1VN\u00cdK Tr\u00e1vn\u00edk si zaslou\u017e\u00ed p\u00e9\u010di do posledn\u00edho detailu. Proto v&nbsp;\u0159ad\u011b FLORIA PREMIUM naleznete speci\u00e1ln\u00ed v\u00fdrobky, kter\u00e9 zlep\u0161\u00ed kondici tr\u00e1vn\u00edku nebo v\u00e1m usnadn\u00ed pr\u00e1ci s&nbsp;jejich \u00fapravou. Vertikutace je d\u016fle\u017eit\u00e1 \u010dinnost pro podporu r\u016fstu a zdrav\u00ed tr\u00e1vn\u00edku, doporu\u010dujeme po jej\u00edm proveden\u00ed pou\u017e\u00edt Vertikuta\u010dn\u00ed sm\u011bs. Pokud v\u0161ak nem\u00e1te mo\u017enost ji prov\u00e9st mechanicky, m\u016f\u017eete si u\u0161et\u0159it pr\u00e1ci [&hellip;]<\/p>\n","protected":false},"author":2,"featured_media":0,"parent":0,"menu_order":0,"comment_status":"closed","ping_status":"closed","template":"page-templates\/page_main.php","meta":{"footnotes":"","css_class_manager_body_classes":"","css_class_manager_use_in_post_loop":false},"page_category":[],"class_list":["post-1268","page","type-page","status-publish","hentry"],"_links":{"self":[{"href":"https:\/\/www.floria.cz\/hu\/wp-json\/wp\/v2\/pages\/1268","targetHints":{"allow":["GET"]}}],"collection":[{"href":"https:\/\/www.floria.cz\/hu\/wp-json\/wp\/v2\/pages"}],"about":[{"href":"https:\/\/www.floria.cz\/hu\/wp-json\/wp\/v2\/types\/page"}],"author":[{"embeddable":true,"href":"https:\/\/www.floria.cz\/hu\/wp-json\/wp\/v2\/users\/2"}],"replies":[{"embeddable":true,"href":"https:\/\/www.floria.cz\/hu\/wp-json\/wp\/v2\/comments?post=1268"}],"version-history":[{"count":5,"href":"https:\/\/www.floria.cz\/hu\/wp-json\/wp\/v2\/pages\/1268\/revisions"}],"predecessor-version":[{"id":1608,"href":"https:\/\/www.floria.cz\/hu\/wp-json\/wp\/v2\/pages\/1268\/revisions\/1608"}],"wp:attachment":[{"href":"https:\/\/www.floria.cz\/hu\/wp-json\/wp\/v2\/media?parent=1268"}],"wp:term":[{"taxonomy":"page_category","embeddable":true,"href":"https:\/\/www.floria.cz\/hu\/wp-json\/wp\/v2\/page_category?post=1268"}],"curies":[{"name":"wp","href":"https:\/\/api.w.org\/{rel}","templated":true}]}}