{"id":7,"date":"2025-01-14T19:56:26","date_gmt":"2025-01-14T19:56:26","guid":{"rendered":"https:\/\/www.floria.cz\/?page_id=7"},"modified":"2025-02-25T23:05:03","modified_gmt":"2025-02-25T23:05:03","slug":"floria-premium","status":"publish","type":"page","link":"https:\/\/www.floria.cz\/hu\/floria-premium\/","title":{"rendered":"FLORIA\u00ae PREMIUM"},"content":{"rendered":"<p><\/p>\n\n\n\n<p><\/p>\n\n\n\n<h1 class=\"wp-block-heading has-text-align-center\"><strong>FLORIA\u00ae PREMIUM<\/strong><\/h1>\n\n\n\n<h2 class=\"wp-block-heading has-text-align-center pt-5\">A LUXUS \u00c9RINT\u00c9SE KERTJ\u00c9NEK<\/h2>\n\n\n\n<p class=\"has-text-align-center\"><br><\/p>\n\n\n\n<p class=\"has-text-align-center container-section leading-snug mt-0 px-20 has-regular-font-size\"><br>Bemutatjuk \u00d6nnek a meg\u00fajult FLORIA\u00ae PREMIUM term\u00e9kcsoportot \u2013 kert\u00e9szeti term\u00e9kek, amelyek az eleganci\u00e1t, az innov\u00e1ci\u00f3t \u00e9s a funkcionalit\u00e1st id\u0151tlen diz\u00e1jnban \u00f6tv\u00f6zik. A gondosan kidolgozott recept\u00far\u00e1knak k\u00f6sz\u00f6nhet\u0151en a FLORIA\u00ae PREMIUM forradalmat hoz a kert\u00e1pol\u00e1s vil\u00e1g\u00e1ban. Legyen \u00d6n modern n\u0151, aki gy\u00f6ny\u00f6r\u0171 kertre v\u00e1gyik, vagy akt\u00edv f\u00e9rfi, aki a t\u00f6k\u00e9letes gyepre t\u00f6rekszik, a FLORIA\u00ae PREMIUM garant\u00e1lja azokat az eredm\u00e9nyeket, amelyekre b\u00fcszke lehet. <\/p>\n\n\n\n<p><\/p>\n\n\n\n<p><\/p>\n\n\n\n<p><\/p>\n\n\n\n<p><\/p>\n\n\n\n<p><\/p>\n\n\n\n<div class=\"wp-block-group container-section flex-images-full px-20 is-content-justification-center is-layout-flex wp-container-core-group-is-layout-64b26803 wp-block-group-is-layout-flex\">\n<figure class=\"wp-block-image alignright size-full is-resized\"><a href=\"https:\/\/www.floria.cz\/hu\/pestitelsky-program\/\"><img loading=\"lazy\" decoding=\"async\" width=\"960\" height=\"532\" src=\"A KERT KI\u00c1LYN\u0150JE\" alt=\"\" class=\"wp-image-1702\" style=\"width:535px\" srcset=\"\" sizes=\"auto, (max-width: 960px) 100vw, 960px\" data-srcset=\"\" \/><\/a><\/figure>\n\n\n\n<figure class=\"wp-block-image alignright size-full is-resized\"><a href=\"https:\/\/www.floria.cz\/hu\/travnikovy-program\/\"><img loading=\"lazy\" decoding=\"async\" width=\"960\" height=\"532\" src=\"http:\/\/www.floria.cz\/wp-content\/uploads\/2025\/02\/WhatsApp-Image-2025-02-25-at-15.24.39-1.jpeg\" alt=\"\" class=\"wp-image-1703\" style=\"width:535px\" srcset=\"https:\/\/www.floria.cz\/wp-content\/uploads\/2025\/02\/WhatsApp-Image-2025-02-25-at-15.24.39-1.jpeg 960w, https:\/\/www.floria.cz\/wp-content\/uploads\/2025\/02\/WhatsApp-Image-2025-02-25-at-15.24.39-1-300x166.jpeg 300w, https:\/\/www.floria.cz\/wp-content\/uploads\/2025\/02\/WhatsApp-Image-2025-02-25-at-15.24.39-1-768x426.jpeg 768w\" sizes=\"auto, (max-width: 960px) 100vw, 960px\" \/><\/a><\/figure>\n<\/div>\n\n\n    <div class=\"container-section pt-4\">\r\n        <div class=\"border-2 border-silver p-10 lg:p-20 pb-16 rounded-2xl lg:rounded-4xl\">\r\n            \r\n            <h2 class=\"mb-16 text-center\">\u00c1TFOG\u00d3 K\u00cdN\u00c1LAT<\/h2>\r\n\r\n                            <div class=\"flex flex-wrap xl:flex-nowrap justify-center lg:gap-x-20 mb-14\">\r\n                                            <div class=\"w-full xl:w-5\/12 flex justify-center lg:justify-start py-2\">\r\n                            <img decoding=\"async\" src=\"http:\/\/www.floria.cz\/wp-content\/uploads\/2026\/03\/FLORIA-banner-HU-420x255-2.jpg\" alt=\"Section image\" class=\"inline-block w-auto lg:w-full\">\r\n                        <\/div>\r\n                    \r\n                    <div class=\"w-full xl:w-7\/12 pr-3 flex flex-wrap align-center py-2\">\r\n                        <h3 class=\"heading-padded\">ER\u0150FESZ\u00cdT\u00c9S N\u00c9LK\u00dcLI TERMESZT\u00c9S<\/h3>\r\n                        <p class=\"leading-tight\">FORRADALOM A TERMESZT\u00c9SBEN<br><br>FORRADALOM AZ \u00d6SSZET\u00c9TELBEN<\/p>\r\n                    <\/div>\r\n\r\n                                    <\/div>\r\n                <div class=\"linear-divider my-11\"><\/div>\r\n                            <div class=\"flex flex-wrap xl:flex-nowrap justify-center lg:gap-x-20 mb-14\">\r\n                    \r\n                    <div class=\"w-full xl:w-7\/12 pr-3 flex flex-wrap align-center py-2\">\r\n                        <h3 class=\"heading-padded\">A FLORIA PREMIUM garant\u00e1lja a kiv\u00e1l\u00f3 eredm\u00e9nyeket  termeszt\u00e9sben, felesleges er\u0151fesz\u00edt\u00e9s n\u00e9lk\u00fcl \u00e9s id\u0151megtakar\u00edt\u00e1ssal. A min\u0151s\u00e9gi \u00e9s \u00e1tt\u00f6r\u0151 alapanyagok haszn\u00e1lat\u00e1nak k\u00f6sz\u00f6nhet\u0151en maxim\u00e1lis hat\u00e1st \u00e9rhet el minim\u00e1lis munk\u00e1val.<\/h3>\r\n                        <p class=\"leading-tight\">Term\u00e9keink \u00fagy lettek tervezve, hogy n\u00f6v\u00e9nyei eg\u00e9szs\u00e9gesen \u00e9s er\u0151teljesen fejl\u0151djenek, m\u00e9g a kih\u00edv\u00e1st jelent\u0151bb k\u00f6r\u00fclm\u00e9nyek k\u00f6z\u00f6tt is.<br><br>FORRADALOM A DIZ\u00c1JNBAN<\/p>\r\n                    <\/div>\r\n\r\n                                            <div class=\"w-full xl:w-5\/12 flex justify-center lg:justify-end py-2\">\r\n                            <img decoding=\"async\" src=\"TERM\u00c9KEK PR\u00c9MIUM MEGJELEN\u00c9SE\" alt=\"Section image\" class=\"inline-block w-auto lg:w-full\">\r\n                        <\/div>\r\n                                    <\/div>\r\n                <div class=\"linear-divider my-11\"><\/div>\r\n                            <div class=\"flex flex-wrap xl:flex-nowrap justify-center lg:gap-x-20 mb-14\">\r\n                                            <div class=\"w-full xl:w-5\/12 flex justify-center lg:justify-start py-2\">\r\n                            <img decoding=\"async\" src=\"http:\/\/www.floria.cz\/wp-content\/uploads\/2026\/03\/FLORIA-banner-HU-420x255-1.jpg\" alt=\"Section image\" class=\"inline-block w-auto lg:w-full\">\r\n                        <\/div>\r\n                    \r\n                    <div class=\"w-full xl:w-7\/12 pr-3 flex flex-wrap align-center py-2\">\r\n                        <h3 class=\"heading-padded\">A FLORIA PREMIUM b\u00fcszk\u00e9lkedhet pr\u00e9mium megjelen\u00e9s\u00e9vel, amely a luxust \u00e9s a figyelemfelkelt\u00e9st sug\u00e1rozza. Term\u00e9keink minden egyes r\u00e9szlete \u00fagy lett megtervezve, hogy felkeltse a figyelmet, \u00e9s kertj\u00e9be ne csak hat\u00e9konys\u00e1got, hanem eszt\u00e9tikai \u00e9lm\u00e9nyt is hozzon.<\/h3>\r\n                        <p class=\"leading-tight\">Az eleg\u00e1ns diz\u00e1jnt az els\u0151 oszt\u00e1ly\u00fa min\u0151s\u00e9ggel \u00f6tv\u00f6zz\u00fck, \u00edgy term\u00e9keink, kertje meghat\u00e1roz\u00f3 elem\u00e9v\u00e9 v\u00e1lnak.<br><br>FORRADALOM A TERM\u00c9KK\u00cdN\u00c1LATBAN<\/p>\r\n                    <\/div>\r\n\r\n                                    <\/div>\r\n                <div class=\"linear-divider my-11\"><\/div>\r\n            \r\n            <div class=\"text-center mt-24\">\r\n                <h2 class=\"text-3xl text-center max-w-2xl mx-auto mb-14 py-10\">\r\n                    A Floria Premium egy \u00e1tfog\u00f3, egyedi term\u00e9kcsal\u00e1dot k\u00e9pvisel, amely a legjobbat ny\u00fajtja kertj\u00e9nek. \u00c1tgondolt term\u00e9kkateg\u00f3ri\u00e1ink biztos\u00edtj\u00e1k, hogy minden egyes term\u00e9k t\u00f6k\u00e9letesen a n\u00f6v\u00e9nytermeszt\u00e9s speci\u00e1lis ig\u00e9nyeihez legyen tervezve.                <\/h2>\r\n\r\n                            <\/div>\r\n        <\/div>\r\n    <\/div>\r\n    \n\n    <div class=\"globe-side-effect overflow-hidden\">\r\n        <img decoding=\"async\" src=\"https:\/\/www.floria.cz\/wp-content\/themes\/floria\/assets\/images\/globe-left.png\" alt=\"Flower globe\"\r\n            class=\"left-globe\">\r\n        <img decoding=\"async\" src=\"https:\/\/www.floria.cz\/wp-content\/themes\/floria\/assets\/images\/globe-right.png\" alt=\"Flower globe\"\r\n            class=\"right-globe\">\r\n\r\n        <div class=\"container-section z-50\">\r\n                            <section class=\"py-10\">\r\n                    <div class=\"flex justify-center -mb-12\">\r\n                        <img decoding=\"async\" src=\"https:\/\/www.floria.cz\/wp-content\/themes\/floria\/assets\/images\/flower-dim.png\" alt=\"Text Silver\" class=\"w-36\">\r\n                    <\/div>\r\n                    <h2 class=\"heading-mid pt-0\">Tekintse meg az egyedi term\u00e9keket \u00e9s azok p\u00e1ratlan tulajdons\u00e1gait<\/h2>\r\n                    <!--  -->\r\n                    <div class=\"flex flex-wrap justify-center gap-6 mt-12 leading-normal\">\r\n                                                    <a href=\"#\" class=\"mini-card\">\r\n                                <h4 class=\"uppercase text-center\">VIR\u00c1GF\u00d6LDEK<\/h4>\r\n                            <\/a>\r\n                                                    <a href=\"#\" class=\"mini-card\">\r\n                                <h4 class=\"uppercase text-center\">T\u00c1POLDATOK<\/h4>\r\n                            <\/a>\r\n                                                    <a href=\"#\" class=\"mini-card\">\r\n                                <h4 class=\"uppercase text-center\">SZIL\u00c1RD M\u0170TR\u00c1GY\u00c1K<\/h4>\r\n                            <\/a>\r\n                                                    <a href=\"#\" class=\"mini-card\">\r\n                                <h4 class=\"uppercase text-center\">DEKOR\u00c1CI\u00d3S ANYAGOK<\/h4>\r\n                            <\/a>\r\n                                                    <a href=\"#\" class=\"mini-card\">\r\n                                <h4 class=\"uppercase text-center\">GYEPM\u0170TR\u00c1GY\u00c1K<\/h4>\r\n                            <\/a>\r\n                                                    <a href=\"#\" class=\"mini-card\">\r\n                                <h4 class=\"uppercase text-center\">GYEP\u00c1POL\u00c1S<\/h4>\r\n                            <\/a>\r\n                                                    <a href=\"#\" class=\"mini-card\">\r\n                                <h4 class=\"uppercase text-center\">F\u0170MAGKEVER\u00c9KEK<\/h4>\r\n                            <\/a>\r\n                                            <\/div>\r\n                <\/section>\r\n            \r\n            <section class=\"py-10\">\r\n                            <\/section>\r\n        <\/div>\r\n    <\/div>","protected":false},"excerpt":{"rendered":"<p>FLORIA\u00ae PREMIUM DOTEK LUXUSU PRO VA\u0160I ZAHRADU P\u0159edstavujeme v\u00e1m inovovanou \u0159adu FLORIA\u00ae PREMIUM \u2013 zahradn\u00ed produkty, kter\u00e9 spojuj\u00ed eleganci, inovaci a funk\u010dnost v nad\u010dasov\u00e9m designu. S propracovan\u00fdmi recepturami p\u0159in\u00e1\u0161\u00ed FLORIA\u00ae PREMIUM revoluci ve sv\u011bt\u011b zahradn\u00ed p\u00e9\u010de. A\u0165 u\u017e jste modern\u00ed \u017eena, kter\u00e1 tou\u017e\u00ed po kr\u00e1sn\u00e9 zahrad\u011b nebo aktivn\u00ed mu\u017e, kter\u00fd si zakl\u00e1d\u00e1 na dokonal\u00e9m tr\u00e1vn\u00edku, [&hellip;]<\/p>\n","protected":false},"author":1,"featured_media":0,"parent":0,"menu_order":0,"comment_status":"closed","ping_status":"closed","template":"page-templates\/page_main.php","meta":{"footnotes":"","css_class_manager_body_classes":"","css_class_manager_use_in_post_loop":false},"page_category":[],"class_list":["post-7","page","type-page","status-publish","hentry"],"_links":{"self":[{"href":"https:\/\/www.floria.cz\/hu\/wp-json\/wp\/v2\/pages\/7","targetHints":{"allow":["GET"]}}],"collection":[{"href":"https:\/\/www.floria.cz\/hu\/wp-json\/wp\/v2\/pages"}],"about":[{"href":"https:\/\/www.floria.cz\/hu\/wp-json\/wp\/v2\/types\/page"}],"author":[{"embeddable":true,"href":"https:\/\/www.floria.cz\/hu\/wp-json\/wp\/v2\/users\/1"}],"replies":[{"embeddable":true,"href":"https:\/\/www.floria.cz\/hu\/wp-json\/wp\/v2\/comments?post=7"}],"version-history":[{"count":136,"href":"https:\/\/www.floria.cz\/hu\/wp-json\/wp\/v2\/pages\/7\/revisions"}],"predecessor-version":[{"id":1732,"href":"https:\/\/www.floria.cz\/hu\/wp-json\/wp\/v2\/pages\/7\/revisions\/1732"}],"wp:attachment":[{"href":"https:\/\/www.floria.cz\/hu\/wp-json\/wp\/v2\/media?parent=7"}],"wp:term":[{"taxonomy":"page_category","embeddable":true,"href":"https:\/\/www.floria.cz\/hu\/wp-json\/wp\/v2\/page_category?post=7"}],"curies":[{"name":"wp","href":"https:\/\/api.w.org\/{rel}","templated":true}]}}