{"id":775,"date":"2025-02-14T08:16:29","date_gmt":"2025-02-14T08:16:29","guid":{"rendered":"https:\/\/www.floria.cz\/?page_id=775"},"modified":"2025-03-04T07:28:25","modified_gmt":"2025-03-04T07:28:25","slug":"floria-substrat-pro-stredomorske-rostliny-40-l","status":"publish","type":"page","link":"https:\/\/www.floria.cz\/hu\/floria-substrat-pro-stredomorske-rostliny-40-l\/","title":{"rendered":"FLORIA\u00ae  Mediterr\u00e1n vir\u00e1gf\u00f6ld 40 l"},"content":{"rendered":"    <section class=\"relative pb-16 px-8\">\r\n        <div class=\"flex flex-wrap items-stretch -mx-4\">\r\n            <div class=\"w-full lg:w-1\/2 px-4 lg:mb-0\">\r\n                <div class=\"relative flex flex-wrap items-center justify-center py-20 mt-24 lg:mt-5\">\r\n                    <div class=\"absolute top-0 left-0 right-0 bottom-0 flex items-center justify-center\">\r\n                        <div class=\"w-[1rem] h-[5rem] bg-gray-200 rounded-full product-gradient\"><\/div>\r\n                    <\/div>\r\n                    \r\n                    <div class=\"absolute top-0 left-0 right-0 text-center\">\r\n                                                    <img decoding=\"async\" src=\"http:\/\/www.floria.cz\/wp-content\/uploads\/2025\/01\/flower.svg\" class=\"inline lg:hidden w-8\" alt=\"Flower icon\">\r\n                                                <h2 class=\"lg:hidden pt-2\">FLORIA\u00ae Substr\u00e1t pro st\u0159edomo\u0159sk\u00e9 rostliny 40 l<\/h2>\r\n                    <\/div>\r\n\r\n                                            <img decoding=\"async\" id=\"main-product-image\" src=\"http:\/\/www.floria.cz\/wp-content\/uploads\/2025\/02\/Navrh-bez-nazvu-25.svg\" alt=\"Product\"\r\n                            class=\"relative z-10 inline-block h-[490px] lg:max-w-lg pt-14 lg:pt-0\">\r\n                                    <\/div>\r\n\r\n                <div class=\"flex space-x-4 justify-center\">\r\n                                                                                                                                                                                                                                                                                                            <\/div>\r\n            <\/div>\r\n\r\n            <div class=\"w-full lg:w-1\/2 px-4 lg:pt-32\">\r\n                                    <img decoding=\"async\" src=\"http:\/\/www.floria.cz\/wp-content\/uploads\/2025\/01\/flower.svg\" \r\n                         class=\"hidden lg:inline-block pb-8 w-8\" alt=\"Flower icon\">\r\n                \r\n                <h2 class=\"hidden lg:block text-gray-900 mb-6\">FLORIA\u00ae Substr\u00e1t pro st\u0159edomo\u0159sk\u00e9 rostliny 40 l<\/h2>\r\n                <div class=\"text-lg font-light mb-16\">FLORIA\u00ae Substr\u00e1t pro st\u0159edomo\u0159sk\u00e9 rostliny je ur\u010den pro p\u011bstov\u00e1n\u00ed st\u0159edomo\u0159sk\u00fdch rostlin, kter\u00e9 pot\u0159ebuj\u00ed specifick\u00e9 podm\u00ednky pro zdrav\u00fd r\u016fst a v\u00fdvoj. Obsahuje pe\u010dliv\u011b vybran\u00e9 suroviny, kter\u00e9 zaji\u0161\u0165uj\u00ed optim\u00e1ln\u00ed prost\u0159ed\u00ed pro r\u016fst rostlin jako jsou levandule, oleandry, traviny, citrusy, palmy, olivovn\u00edky, ibi\u0161ky, bougainvillea a dal\u0161\u00ed.<\/div>\r\n                <a href=\"https:\/\/megazahrada.cz\/produkty\/detail\/00837A\/floria-premium-substrat-pro-stredomorske-rostliny-40-l\" class=\"btn-primary\">\r\n                    koupit na eshopu                <\/a>\r\n            <\/div>\r\n        <\/div>\r\n    <\/section>\r\n    <script>\r\n    function swapProductImage(clickedImg) {\r\n        var mainImg = document.getElementById('main-product-image');\r\n        if (mainImg) {\r\n            var tempSrc = mainImg.src;\r\n            mainImg.src = clickedImg.src;\r\n            clickedImg.src = tempSrc;\r\n        }\r\n    }\r\n    <\/script>\r\n    \n\n    <div class=\"container-section\" id=\"floria-content\">\r\n        <div class=\"grid-4\">\r\n                            <div class=\"icon-card\">\r\n                    <img decoding=\"async\" src=\"http:\/\/www.floria.cz\/wp-content\/uploads\/2025\/02\/Vector-2.png\" alt=\"Icon\">\r\n                    <h3 class=\"icon-title\">AKTIVN\u00cd UHL\u00cd<\/h3>\r\n                <\/div>\r\n                            <div class=\"icon-card\">\r\n                    <img decoding=\"async\" src=\"http:\/\/www.floria.cz\/wp-content\/uploads\/2025\/02\/Vector-2.png\" alt=\"Icon\">\r\n                    <h3 class=\"icon-title\">MYKORHIZN\u00cd HOUBY<\/h3>\r\n                <\/div>\r\n                            <div class=\"icon-card\">\r\n                    <img decoding=\"async\" src=\"http:\/\/www.floria.cz\/wp-content\/uploads\/2025\/02\/Vector-2.png\" alt=\"Icon\">\r\n                    <h3 class=\"icon-title\">KOKOSOV\u00c1 RA\u0160ELINA<\/h3>\r\n                <\/div>\r\n                            <div class=\"icon-card\">\r\n                    <img decoding=\"async\" src=\"http:\/\/www.floria.cz\/wp-content\/uploads\/2025\/02\/Vector-2.png\" alt=\"Icon\">\r\n                    <h3 class=\"icon-title\">P\u00cdSEK<\/h3>\r\n                <\/div>\r\n                    <\/div>\r\n    <\/div>\r\n    \n\n    <div class=\"container-section\">\r\n        <div class=\"border border-dark-accent p-10 lg:p-20 pb-16 rounded-2xl lg:rounded-4xl\">\r\n            <!-- Section 1 -->\r\n            <h2 class=\"mb-16 text-center\">POPIS PRODUKTU <\/h2>\r\n            <div class=\"flex flex-wrap xl:flex-nowrap justify-center lg:gap-x-20 mb-14\">\r\n                <div class=\"w-full xl:w-full pr-3 flex flex-wrap align-center py-2\">\r\n                    <div class=\"leading-tight\">\r\n                        FLORIA\u00ae Substr\u00e1t pro st\u0159edomo\u0159sk\u00e9 rostliny je ur\u010den pro p\u011bstov\u00e1n\u00ed st\u0159edomo\u0159sk\u00fdch rostlin, kter\u00e9 pot\u0159ebuj\u00ed specifick\u00e9 podm\u00ednky pro zdrav\u00fd r\u016fst a v\u00fdvoj. Obsahuje pe\u010dliv\u011b vybran\u00e9 suroviny, kter\u00e9 zaji\u0161\u0165uj\u00ed optim\u00e1ln\u00ed prost\u0159ed\u00ed pro r\u016fst rostlin jako jsou levandule, oleandry, traviny, citrusy, palmy, olivovn\u00edky, ibi\u0161ky, bougainvillea a dal\u0161\u00ed. <br><br>Je ide\u00e1ln\u00ed pro p\u011bstov\u00e1n\u00ed rostlin ve sklen\u00edc\u00edch, na teras\u00e1ch a balk\u00f3nech, ale tak\u00e9 pro venkovn\u00ed zahrady, kde je pot\u0159eba zajistit ide\u00e1ln\u00ed podm\u00ednky pro rostliny, kter\u00e9 maj\u00ed specifick\u00e9 po\u017eadavky na strukturu p\u016fdy.<br><br><span style=\"color: initial;font-weight: 600\"><\/span>                    <\/div>\r\n                <\/div>\r\n            <\/div>\r\n\r\n            <!-- Middle Text -->\r\n            <h3 class=\"text-primary text-center max-w-2xl mx-auto mb-14 py-10\">\r\n                S na\u0161imi produkty z\u00edsk\u00e1te profesion\u00e1ln\u00ed p\u00e9\u010di, kter\u00e1 prom\u011bn\u00ed ka\u017ed\u00fd kout va\u0161eho zelen\u00e9ho r\u00e1je.            <\/h3>\r\n\r\n            <!-- Section 2 -->\r\n            <h3 class=\"mb-16 text-center\">V\u00ddHODY PRODUKTU<\/h3>\r\n            <div class=\"flex flex-wrap xl:flex-nowrap justify-center lg:gap-x-20 mb-14\">\r\n                <div class=\"w-full xl:w-full pr-3 flex flex-wrap align-center py-2\">\r\n                    <div class=\"leading-tight\">\r\n                        <strong>B\u00edl\u00e1 a \u010dern\u00e1 ra\u0161elina<\/strong><br>Kvalitn\u00ed ra\u0161elina z nejlep\u0161\u00edch ra\u0161elini\u0161\u0165, kter\u00e1 tvo\u0159\u00ed z\u00e1klad pro optim\u00e1ln\u00ed strukturu substr\u00e1tu.<br><br><strong>Aktivn\u00ed uhl\u00ed<\/strong><br>D\u00edky sv\u00e9mu velk\u00e9mu aktivn\u00edmu povrchu je schopno poutat v\u00edce vody a \u017eivin v\u00a0substr\u00e1tu.<br><br><strong>Mykorhizn\u00ed houby<\/strong><br>Zlep\u0161uj\u00ed p\u0159\u00edjem vody a \u017eivin, kter\u00e9 jsou jinak pro rostliny nedostupn\u00e9 nebo obt\u00ed\u017en\u011b p\u0159\u00edstupn\u00e9.<br><br><strong>Pemza<\/strong><br>Lehk\u00fd, por\u00e9zn\u00ed p\u0159\u00edrodn\u00ed materi\u00e1l, kter\u00fd v\u00fdborn\u011b zadr\u017euje vodu a \u017eiviny, a z\u00e1rove\u0148 zachov\u00e1v\u00e1 vzdu\u0161nost substr\u00e1tu.<br><br><strong>Liadrain<\/strong><br>Zaji\u0161\u0165uje zlep\u0161en\u00ed vzdu\u0161n\u00e9 struktury substr\u00e1tu, \u010d\u00edm\u017e podporuje zdrav\u00fd r\u016fst ko\u0159en\u016f.<br><br><strong>K\u0159emi\u010dit\u00fd p\u00edsek<\/strong><br>Zvy\u0161uje propustnost substr\u00e1tu, zaji\u0161\u0165uje jeho nesl\u00e9havost a zlep\u0161uje stabilitu p\u011bstebn\u00edch n\u00e1dob, zejm\u00e9na p\u0159i v\u011btrn\u00e9m po\u010das\u00ed.<br><br><strong>Bentonit<\/strong><br>Pout\u00e1 \u017eiviny, kter\u00e9 jsou n\u00e1sledn\u011b uvol\u0148ov\u00e1ny podle pot\u0159eb rostlin.<br><br><strong>AQUA Cell\u00ae<\/strong><br>Pom\u00e1h\u00e1 rovnom\u011brn\u011b distribuovat vodu a \u017eiviny v cel\u00e9m objemu p\u011bstebn\u00ed n\u00e1doby, \u010d\u00edm\u017e rostliny maj\u00ed st\u00e1le p\u0159\u00edstup k pot\u0159ebn\u00fdm l\u00e1tk\u00e1m.<br><br><strong>Kokosov\u00e9 vl\u00e1kno<\/strong><br>Zaji\u0161\u0165uje nesl\u00e9havost substr\u00e1tu a prodlu\u017euje jeho \u017eivotnost.                    <\/div>\r\n                <\/div>\r\n            <\/div>\r\n\r\n            <!-- Section 3 -->\r\n            <h3 class=\"mb-16 text-center\">N\u00c1VOD K POU\u017dIT\u00cd <\/h3>\r\n            <div class=\"flex flex-wrap xl:flex-nowrap justify-center lg:gap-x-20 mb-14\">\r\n                <div class=\"w-full xl:w-full pr-3 flex flex-wrap align-center py-2\">\r\n                    <div class=\"leading-tight\">\r\n                        <strong>Rozsah a zp\u016fsob pou\u017eit\u00ed<\/strong><br>P\u0159i p\u0159esazov\u00e1n\u00ed rostlin do n\u00e1dob vyb\u00edrejte v\u017edy v\u011bt\u0161\u00ed p\u011bstebn\u00ed n\u00e1dobu. Otvory pro odtok vody p\u0159ikryjte \u00falomky star\u00e9ho rozbit\u00e9ho kv\u011btin\u00e1\u010de. U hlub\u0161\u00edch n\u00e1dob vysypte na dno a\u017e do v\u00fd\u0161e 5 cm keramzitem, aby nedoch\u00e1zelo k uhn\u00edv\u00e1n\u00ed ko\u0159en\u016f v d\u016fsledku p\u0159emok\u0159en\u00ed spodn\u00ed \u010d\u00e1sti. Na dno n\u00e1doby nasypte substr\u00e1t a\u017e do takov\u00e9 v\u00fd\u0161ky, \u017ee p\u016fvodn\u00ed horn\u00ed okraj ko\u0159enov\u00e9ho balu dos\u00e1hne 1 \u2013 2 cm pod okraj p\u011bstebn\u00ed n\u00e1doby. P\u0159ed vsazen\u00edm rostliny do nov\u00e9ho substr\u00e1tu odstra\u0148te uschl\u00e9 ko\u0159eny a lehce pro\u010dechrejte zplstnat\u011bl\u00fd okraj ko\u0159enov\u00e9ho balu. Rostlinu vlo\u017ete do n\u00e1dob, dosypejte okolo n\u00ed rovnom\u011brn\u011b nov\u00fd substr\u00e1t a lehce jej i p\u016fvodn\u00ed rostlinn\u00fd bal p\u0159itla\u010dte. \u0158\u00e1dn\u011b zalijeme, aby p\u016fvodn\u00ed bal a nov\u00fd substr\u00e1t vytvo\u0159ily kompaktn\u00ed jednotku. Vyvarujte se v\u0161ak p\u0159emok\u0159en\u00ed! Po 3 \u2013 6 t\u00fddnech za\u010dn\u011bte s\u00a0pravideln\u00fdm p\u0159ihnojov\u00e1n\u00edm kombinovan\u00fdm hnojivem.<br><br>TIP: Doporu\u010dujeme kombinovat s\u00a0kvalitn\u00ed v\u00fd\u017eivou \u2013 s\u00a0kapaln\u00fdm hnojivem pro celou zahradu!                    <\/div>\r\n                <\/div>\r\n            <\/div>\r\n        <\/div>\r\n    <\/div>\r\n    \n\n    <div class=\"container-section py-16 px-8\">\r\n        <h2 class=\"heading-mid mb-8\">DOPORU\u010cUJEME<\/h2>\r\n\r\n        <div class=\"grid grid-cols-1 md:grid-cols-2 xl:grid-cols-4 gap-7\">\r\n                            <div class=\"group flex flex-col items-center justify-center py-4 px-5 max-xl:py-10 max-xl:px-12  rounded-3xl border border-white overflow-hidden transition-all duration-300 hover:shadow-lg\">\r\n                    <a href=\"\/floria-kapalne-kvetinove-hnojivo-1-l-rostlinny-elixir\/\" class=\"flex flex-col items-center justify-center\">\r\n                        <div class=\"relative\">\r\n                            <div class=\"absolute top-0 left-0 right-0 bottom-0 flex items-center justify-center -z-10\">\r\n                                <div class=\"w-5 h-5 bg-gray-200 rounded-full product-gradient group-hover:scale-125 transition-transform duration-300\"><\/div>\r\n                            <\/div>\r\n                            <img decoding=\"async\" src=\"http:\/\/www.floria.cz\/wp-content\/uploads\/2025\/02\/Navrh-bez-nazvu-10.svg\" \r\n                                 alt=\"KV\u011aTINOV\u00c9 HNOJIVO\" \r\n                                 class=\"mb-4 z-10 h-[300px] group-hover:scale-105 transition-transform duration-300\">\r\n                        <\/div>\r\n                        <h4 class=\"text-center text-sm text-secondary-light font-medium mb-2 transition-colors duration-300\">\r\n                            FLORIA PREMIUM                        <\/h4>\r\n                        <h3 class=\"text-center text-2xl md:text-xl lg:text-lg font-semibold mb-2 group-hover:text-primary-light transition-colors duration-300\">\r\n                            KV\u011aTINOV\u00c9 HNOJIVO                        <\/h3>\r\n                        <span class=\"btn-outline mt-2 opacity-60 hover:opacity-100 hover:text-white transition-all duration-300\">\r\n                            V\u00cdCE INFORMAC\u00cd                        <\/span>\r\n                    <\/a>\r\n                <\/div>\r\n                            <div class=\"group flex flex-col items-center justify-center py-4 px-5 max-xl:py-10 max-xl:px-12  rounded-3xl border border-white overflow-hidden transition-all duration-300 hover:shadow-lg\">\r\n                    <a href=\"\/floria-kapalne-hnojivo-pro-celou-zahradu-1-l-rostlinny-elixir\/\" class=\"flex flex-col items-center justify-center\">\r\n                        <div class=\"relative\">\r\n                            <div class=\"absolute top-0 left-0 right-0 bottom-0 flex items-center justify-center -z-10\">\r\n                                <div class=\"w-5 h-5 bg-gray-200 rounded-full product-gradient group-hover:scale-125 transition-transform duration-300\"><\/div>\r\n                            <\/div>\r\n                            <img decoding=\"async\" src=\"http:\/\/www.floria.cz\/wp-content\/uploads\/2025\/02\/Navrh-bez-nazvu-9.svg\" \r\n                                 alt=\"CEL\u00c1 ZAHRADA\" \r\n                                 class=\"mb-4 z-10 h-[300px] group-hover:scale-105 transition-transform duration-300\">\r\n                        <\/div>\r\n                        <h4 class=\"text-center text-sm text-secondary-light font-medium mb-2 transition-colors duration-300\">\r\n                            FLORIA PREMIUM                        <\/h4>\r\n                        <h3 class=\"text-center text-2xl md:text-xl lg:text-lg font-semibold mb-2 group-hover:text-primary-light transition-colors duration-300\">\r\n                            CEL\u00c1 ZAHRADA                        <\/h3>\r\n                        <span class=\"btn-outline mt-2 opacity-60 hover:opacity-100 hover:text-white transition-all duration-300\">\r\n                            V\u00cdCE INFORMAC\u00cd                        <\/span>\r\n                    <\/a>\r\n                <\/div>\r\n                            <div class=\"group flex flex-col items-center justify-center py-4 px-5 max-xl:py-10 max-xl:px-12  rounded-3xl border border-white overflow-hidden transition-all duration-300 hover:shadow-lg\">\r\n                    <a href=\"\/floria-hnojivo-na-okrasne-dreviny-a-konifery-25-kg\/\" class=\"flex flex-col items-center justify-center\">\r\n                        <div class=\"relative\">\r\n                            <div class=\"absolute top-0 left-0 right-0 bottom-0 flex items-center justify-center -z-10\">\r\n                                <div class=\"w-5 h-5 bg-gray-200 rounded-full product-gradient group-hover:scale-125 transition-transform duration-300\"><\/div>\r\n                            <\/div>\r\n                            <img decoding=\"async\" src=\"http:\/\/www.floria.cz\/wp-content\/uploads\/2025\/02\/Navrh-bez-nazvu-15.svg\" \r\n                                 alt=\"OKRASN\u00c9 D\u0158EVINY\" \r\n                                 class=\"mb-4 z-10 h-[300px] group-hover:scale-105 transition-transform duration-300\">\r\n                        <\/div>\r\n                        <h4 class=\"text-center text-sm text-secondary-light font-medium mb-2 transition-colors duration-300\">\r\n                            FLORIA PREMIUM                        <\/h4>\r\n                        <h3 class=\"text-center text-2xl md:text-xl lg:text-lg font-semibold mb-2 group-hover:text-primary-light transition-colors duration-300\">\r\n                            OKRASN\u00c9 D\u0158EVINY                        <\/h3>\r\n                        <span class=\"btn-outline mt-2 opacity-60 hover:opacity-100 hover:text-white transition-all duration-300\">\r\n                            V\u00cdCE INFORMAC\u00cd                        <\/span>\r\n                    <\/a>\r\n                <\/div>\r\n                            <div class=\"group flex flex-col items-center justify-center py-4 px-5 max-xl:py-10 max-xl:px-12  rounded-3xl border border-white overflow-hidden transition-all duration-300 hover:shadow-lg\">\r\n                    <a href=\"https:\/\/www.floria.cz\/floria-piniova-dekoracni-kura-jemna-5-l\/\" class=\"flex flex-col items-center justify-center\">\r\n                        <div class=\"relative\">\r\n                            <div class=\"absolute top-0 left-0 right-0 bottom-0 flex items-center justify-center -z-10\">\r\n                                <div class=\"w-5 h-5 bg-gray-200 rounded-full product-gradient group-hover:scale-125 transition-transform duration-300\"><\/div>\r\n                            <\/div>\r\n                            <img decoding=\"async\" src=\"http:\/\/www.floria.cz\/wp-content\/uploads\/2025\/02\/Navrh-bez-nazvu-6.svg\" \r\n                                 alt=\"PINIOV\u00c1 K\u016eRA\" \r\n                                 class=\"mb-4 z-10 h-[300px] group-hover:scale-105 transition-transform duration-300\">\r\n                        <\/div>\r\n                        <h4 class=\"text-center text-sm text-secondary-light font-medium mb-2 transition-colors duration-300\">\r\n                            FLORIA PREMIUM                        <\/h4>\r\n                        <h3 class=\"text-center text-2xl md:text-xl lg:text-lg font-semibold mb-2 group-hover:text-primary-light transition-colors duration-300\">\r\n                            PINIOV\u00c1 K\u016eRA                        <\/h3>\r\n                        <span class=\"btn-outline mt-2 opacity-60 hover:opacity-100 hover:text-white transition-all duration-300\">\r\n                            V\u00cdCE INFORMAC\u00cd                        <\/span>\r\n                    <\/a>\r\n                <\/div>\r\n                    <\/div>\r\n    <\/div>\r\n    \n\n    <div class=\"overflow-hidden\">\r\n        <section class=\"container-section pb-16\">\r\n            <h1 class=\"heading-mid mt-20\">Dotek luxusu pro Va\u0161i zahradu<\/h1>\r\n            \r\n            <div class=\"grid grid-cols-1 lg:grid-cols-2 space-y-10 lg:space-y-0 mt-4\">\r\n                <!-- Left Column -->\r\n                <div class=\"hero-section group hero-section flex items-center translate-x-1\/4 lg:translate-x-0 group\">\r\n                    <div class=\"w-6\/12 lg:w-7\/12 text-left lg:text-right pr-10 lg:pr-2\">\r\n                        <img decoding=\"async\" src=\"http:\/\/www.floria.cz\/wp-content\/uploads\/2025\/01\/flower.svg\"\r\n                            class=\"h-14 w-14 hero-section-icon hero-section-icon-hover\" alt=\"Icon\">\r\n                        <img decoding=\"async\" src=\"http:\/\/www.floria.cz\/wp-content\/uploads\/2025\/01\/flower-gray.svg\"\r\n                            class=\"h-14 w-14 hero-section-icon hero-section-icon-default\" alt=\"Icon\">\r\n\r\n                        <h2 class=\"my-8 text-3xl lg:text-4xl text-silver\">\r\n                            P\u011bstitelsk\u00fd program                        <\/h2>\r\n                        <p class=\"mb-8\">\r\n                            Jedine\u010dn\u00e9 substr\u00e1ty, hnojiva a dekora\u010dn\u00ed materi\u00e1ly pro KR\u00c1LOVNY ZAHRAD.                        <\/p>\r\n                        <a href=\"\/pestitelsky-program\" class=\"btn-primary hero-section-button\">\r\n                            Zobrazit v\u00edce                        <\/a>\r\n                    <\/div>\r\n\r\n                    <div class=\"w-6\/12 lg:w-5\/12\">\r\n                        <img decoding=\"async\" src=\"http:\/\/www.floria.cz\/wp-content\/uploads\/2025\/01\/globe-left.png\" alt=\"Globe\" class=\"w-full h-auto\">\r\n                    <\/div>\r\n\r\n                    <div class=\"lg:block lg:w-0.5 h-4\/6\">\r\n                        <div class=\"h-full w-0 bigass-shadow\"><\/div>\r\n                    <\/div>\r\n                <\/div>\r\n\r\n                <!-- Right Column -->\r\n                <div class=\"hero-section group flex items-center -translate-x-1\/4 lg:translate-x-0\">\r\n                    <div class=\"w-6\/12 lg:w-5\/12 -translate-x-1\">\r\n                        <img decoding=\"async\" src=\"http:\/\/www.floria.cz\/wp-content\/uploads\/2025\/01\/globe-right.png\" alt=\"Globe\"\r\n                            class=\"w-full scale-y-110 h-auto\">\r\n                    <\/div>\r\n\r\n                    <div class=\"w-6\/12 lg:w-7\/12 pl-10 lg:pl-2\">\r\n                        <img decoding=\"async\" src=\"http:\/\/www.floria.cz\/wp-content\/uploads\/2025\/01\/grass.svg\"\r\n                            class=\"h-14 w-14 hero-section-icon hero-section-icon-hover\" alt=\"Icon\">\r\n                        <img decoding=\"async\" src=\"http:\/\/www.floria.cz\/wp-content\/uploads\/2025\/01\/grass-gray.svg\"\r\n                            class=\"h-14 w-14 hero-section-icon hero-section-icon-default\" alt=\"Icon\">\r\n\r\n                        <h2 class=\"my-8 text-3xl lg:text-4xl text-silver\">\r\n                            Tr\u00e1vn\u00edkov\u00fd program                        <\/h2>\r\n                        <p class=\"mb-8\">\r\n                            Komplexn\u00ed p\u00e9\u010de o tr\u00e1vn\u00edk po cel\u00fd rok, v\u010d. unik\u00e1tn\u00edch v\u00fdrobk\u016f pro robotick\u00e9 sek\u00e1n\u00ed, v\u0161e PRO KR\u00c1LE TR\u00c1VN\u00cdK\u016e.                        <\/p>\r\n                        <a href=\"\/travnikovy-program\" class=\"btn-primary hero-section-button\">\r\n                            Zobrazit v\u00edce                        <\/a>\r\n                    <\/div>\r\n                <\/div>\r\n            <\/div>\r\n        <\/section>\r\n    <\/div>\r\n    ","protected":false},"excerpt":{"rendered":"","protected":false},"author":2,"featured_media":0,"parent":0,"menu_order":0,"comment_status":"closed","ping_status":"closed","template":"page-templates\/page_with-hero.php","meta":{"footnotes":"","css_class_manager_body_classes":"","css_class_manager_use_in_post_loop":false},"page_category":[17,21],"class_list":["post-775","page","type-page","status-publish","hentry","page_category-pestitelsky-program","page_category-substraty"],"_links":{"self":[{"href":"https:\/\/www.floria.cz\/hu\/wp-json\/wp\/v2\/pages\/775","targetHints":{"allow":["GET"]}}],"collection":[{"href":"https:\/\/www.floria.cz\/hu\/wp-json\/wp\/v2\/pages"}],"about":[{"href":"https:\/\/www.floria.cz\/hu\/wp-json\/wp\/v2\/types\/page"}],"author":[{"embeddable":true,"href":"https:\/\/www.floria.cz\/hu\/wp-json\/wp\/v2\/users\/2"}],"replies":[{"embeddable":true,"href":"https:\/\/www.floria.cz\/hu\/wp-json\/wp\/v2\/comments?post=775"}],"version-history":[{"count":9,"href":"https:\/\/www.floria.cz\/hu\/wp-json\/wp\/v2\/pages\/775\/revisions"}],"predecessor-version":[{"id":2659,"href":"https:\/\/www.floria.cz\/hu\/wp-json\/wp\/v2\/pages\/775\/revisions\/2659"}],"wp:attachment":[{"href":"https:\/\/www.floria.cz\/hu\/wp-json\/wp\/v2\/media?parent=775"}],"wp:term":[{"taxonomy":"page_category","embeddable":true,"href":"https:\/\/www.floria.cz\/hu\/wp-json\/wp\/v2\/page_category?post=775"}],"curies":[{"name":"wp","href":"https:\/\/api.w.org\/{rel}","templated":true}]}}