{"id":791,"date":"2025-02-14T07:54:57","date_gmt":"2025-02-14T07:54:57","guid":{"rendered":"https:\/\/www.floria.cz\/?page_id=791"},"modified":"2025-03-04T07:19:50","modified_gmt":"2025-03-04T07:19:50","slug":"floria-substrat-pro-interier-18-l","status":"publish","type":"page","link":"https:\/\/www.floria.cz\/hu\/floria-substrat-pro-interier-18-l\/","title":{"rendered":"FLORIA\u00ae P\u00e1lma \u00e9s lev\u00e9ld\u00edszn\u00f6v\u00e9ny vir\u00e1gf\u00f6ld"},"content":{"rendered":"    <section class=\"relative pb-16 px-8\">\r\n        <div class=\"flex flex-wrap items-stretch -mx-4\">\r\n            <div class=\"w-full lg:w-1\/2 px-4 lg:mb-0\">\r\n                <div class=\"relative flex flex-wrap items-center justify-center py-20 mt-24 lg:mt-5\">\r\n                    <div class=\"absolute top-0 left-0 right-0 bottom-0 flex items-center justify-center\">\r\n                        <div class=\"w-[1rem] h-[5rem] bg-gray-200 rounded-full product-gradient\"><\/div>\r\n                    <\/div>\r\n                    \r\n                    <div class=\"absolute top-0 left-0 right-0 text-center\">\r\n                                                    <img decoding=\"async\" src=\"http:\/\/www.floria.cz\/wp-content\/uploads\/2025\/01\/flower.svg\" class=\"inline lg:hidden w-8\" alt=\"Flower icon\">\r\n                                                <h2 class=\"lg:hidden pt-2\">FLORIA\u00ae Substr\u00e1t pro interi\u00e9r 18 l<\/h2>\r\n                    <\/div>\r\n\r\n                                            <img decoding=\"async\" id=\"main-product-image\" src=\"http:\/\/www.floria.cz\/wp-content\/uploads\/2025\/02\/Navrh-bez-nazvu-18.svg\" alt=\"Product\"\r\n                            class=\"relative z-10 inline-block h-[490px] lg:max-w-lg pt-14 lg:pt-0\">\r\n                                    <\/div>\r\n\r\n                <div class=\"flex space-x-4 justify-center\">\r\n                                                                                                                                                                                                                                                                                                            <\/div>\r\n            <\/div>\r\n\r\n            <div class=\"w-full lg:w-1\/2 px-4 lg:pt-32\">\r\n                                    <img decoding=\"async\" src=\"http:\/\/www.floria.cz\/wp-content\/uploads\/2025\/01\/flower.svg\" \r\n                         class=\"hidden lg:inline-block pb-8 w-8\" alt=\"Flower icon\">\r\n                \r\n                <h2 class=\"hidden lg:block text-gray-900 mb-6\">FLORIA\u00ae Substr\u00e1t pro interi\u00e9r 18 l<\/h2>\r\n                <div class=\"text-lg font-light mb-16\">FLORIA\u00ae Substr\u00e1t pro interi\u00e9r je ide\u00e1ln\u00ed pro p\u011bstov\u00e1n\u00ed kvetouc\u00edch i nekvetouc\u00edch pokojov\u00fdch rostlin. Obsahuje b\u00edlou a \u010dernou ra\u0161elinu z nejlep\u0161\u00edch ra\u0161elini\u0161\u0165, kokosov\u00e1 vl\u00e1kna a speci\u00e1ln\u00ed p\u0159\u00edsady jako mykorhizn\u00ed houby \u010di perlit.<\/div>\r\n                <a href=\"https:\/\/megazahrada.cz\/produkty\/detail\/00838A\/floria-premium-substrat-pro-interier-18-l\" class=\"btn-primary\">\r\n                    koupit na eshopu                <\/a>\r\n            <\/div>\r\n        <\/div>\r\n    <\/section>\r\n    <script>\r\n    function swapProductImage(clickedImg) {\r\n        var mainImg = document.getElementById('main-product-image');\r\n        if (mainImg) {\r\n            var tempSrc = mainImg.src;\r\n            mainImg.src = clickedImg.src;\r\n            clickedImg.src = tempSrc;\r\n        }\r\n    }\r\n    <\/script>\r\n    \n\n    <div class=\"container-section\" id=\"floria-content\">\r\n        <div class=\"grid-4\">\r\n                            <div class=\"icon-card\">\r\n                    <img decoding=\"async\" src=\"http:\/\/www.floria.cz\/wp-content\/uploads\/2025\/02\/Vector-2.png\" alt=\"Icon\">\r\n                    <h3 class=\"icon-title\">KOKOSOV\u00c1 VL\u00c1KNA<\/h3>\r\n                <\/div>\r\n                            <div class=\"icon-card\">\r\n                    <img decoding=\"async\" src=\"http:\/\/www.floria.cz\/wp-content\/uploads\/2025\/02\/Vector-2.png\" alt=\"Icon\">\r\n                    <h3 class=\"icon-title\">AKTIVN\u00cd UHL\u00cd<\/h3>\r\n                <\/div>\r\n                            <div class=\"icon-card\">\r\n                    <img decoding=\"async\" src=\"http:\/\/www.floria.cz\/wp-content\/uploads\/2025\/02\/Vector-2.png\" alt=\"Icon\">\r\n                    <h3 class=\"icon-title\">MYKORHIZN\u00cd HOUBY<\/h3>\r\n                <\/div>\r\n                            <div class=\"icon-card\">\r\n                    <img decoding=\"async\" src=\"http:\/\/www.floria.cz\/wp-content\/uploads\/2025\/02\/Vector-2.png\" alt=\"Icon\">\r\n                    <h3 class=\"icon-title\">2 DRUHY RA\u0160ELIN<\/h3>\r\n                <\/div>\r\n                    <\/div>\r\n    <\/div>\r\n    \n\n    <div class=\"container-section\">\r\n        <div class=\"border border-dark-accent p-10 lg:p-20 pb-16 rounded-2xl lg:rounded-4xl\">\r\n            <!-- Section 1 -->\r\n            <h2 class=\"mb-16 text-center\">POPIS PRODUKTU <\/h2>\r\n            <div class=\"flex flex-wrap xl:flex-nowrap justify-center lg:gap-x-20 mb-14\">\r\n                <div class=\"w-full xl:w-full pr-3 flex flex-wrap align-center py-2\">\r\n                    <div class=\"leading-tight\">\r\n                        FLORIA\u00ae Substr\u00e1t pro interi\u00e9r je ide\u00e1ln\u00ed pro p\u011bstov\u00e1n\u00ed kvetouc\u00edch i nekvetouc\u00edch pokojov\u00fdch rostlin. Obsahuje b\u00edlou a \u010dernou ra\u0161elinu z nejlep\u0161\u00edch ra\u0161elini\u0161\u0165, kokosov\u00e1 vl\u00e1kna a speci\u00e1ln\u00ed p\u0159\u00edsady jako mykorhizn\u00ed houby \u010di perlit, kter\u00e9 vytv\u00e1\u0159ej\u00ed optim\u00e1ln\u00ed podm\u00ednky pro r\u016fst va\u0161ich rostlin. <br><br>Hodnota pH je vhodn\u00e1 pro v\u011bt\u0161inu pokojov\u00fdch rostlin, co\u017e zaji\u0161\u0165uje jejich zdrav\u00fd a siln\u00fd r\u016fst. <br><br><strong>Substr\u00e1t nen\u00ed vhodn\u00fd pro kyselomiln\u00e9 rostliny.<\/strong><span style=\"color: initial;font-weight: 600\"><\/span>                    <\/div>\r\n                <\/div>\r\n            <\/div>\r\n\r\n            <!-- Middle Text -->\r\n            <h3 class=\"text-primary text-center max-w-2xl mx-auto mb-14 py-10\">\r\n                S na\u0161imi produkty z\u00edsk\u00e1te profesion\u00e1ln\u00ed p\u00e9\u010di, kter\u00e1 prom\u011bn\u00ed ka\u017ed\u00fd kout va\u0161eho zelen\u00e9ho r\u00e1je.            <\/h3>\r\n\r\n            <!-- Section 2 -->\r\n            <h3 class=\"mb-16 text-center\">V\u00ddHODY PRODUKTU<\/h3>\r\n            <div class=\"flex flex-wrap xl:flex-nowrap justify-center lg:gap-x-20 mb-14\">\r\n                <div class=\"w-full xl:w-full pr-3 flex flex-wrap align-center py-2\">\r\n                    <div class=\"leading-tight\">\r\n                        <strong>B\u00edl\u00e1 a \u010dern\u00e1 ra\u0161elina<\/strong><br>Kvalitn\u00ed ra\u0161elina z nejlep\u0161\u00edch ra\u0161elini\u0161\u0165, kter\u00e1 poskytuje optim\u00e1ln\u00ed strukturu substr\u00e1tu pro zdrav\u00fd r\u016fst rostlin.<br><br><strong>Mykorhizn\u00ed houby<\/strong><br>Zlep\u0161uj\u00ed p\u0159\u00edjem vody a \u017eivin, kter\u00e9 jsou pro rostliny b\u011b\u017en\u011b nedostupn\u00e9, \u010d\u00edm\u017e podporuj\u00ed jejich zdrav\u00fd a siln\u00fd r\u016fst.<br><br><strong>Aktivn\u00ed uhl\u00ed<\/strong><br>D\u00edky velk\u00e9mu povrchu \u00fa\u010dinn\u011b zadr\u017euje vodu a \u017eiviny, co\u017e pom\u00e1h\u00e1 udr\u017eet substr\u00e1t v ide\u00e1ln\u00edm stavu pro va\u0161e rostlin.<br><br><strong>Perlit<\/strong><br>Tento p\u0159\u00edrodn\u00ed materi\u00e1l zaji\u0161\u0165uje dobrou provzdu\u0161n\u011bnost substr\u00e1tu a z\u00e1rove\u0148 pom\u00e1h\u00e1 zadr\u017eovat vodu, co\u017e je d\u016fle\u017eit\u00e9 pro zdrav\u00ed pokojov\u00fdch rostlin.<br><br><strong>Bentonit<\/strong><br>Pomalu uvol\u0148uje \u017eiviny podle pot\u0159eb rostlin, co\u017e zaji\u0161\u0165uje dlouhodob\u00fd a stabiln\u00ed r\u016fst.<br><br><strong>AQUA Cell\u00ae<\/strong><br>Rovnom\u011brn\u011b distribuuje vodu a \u017eiviny v substr\u00e1tu, \u010d\u00edm\u017e poskytuje rostlin\u00e1m optim\u00e1ln\u00ed podm\u00ednky pro jejich r\u016fst.<br><br><strong>Kokosov\u00e1 vl\u00e1kna<\/strong><br>Pom\u00e1haj\u00ed udr\u017eet substr\u00e1t nesl\u00e9hav\u00fd a prodlu\u017euj\u00ed jeho \u017eivotnost, \u010d\u00edm\u017e zaji\u0161\u0165uj\u00ed dlouhodobou kvalitu substr\u00e1tu.                    <\/div>\r\n                <\/div>\r\n            <\/div>\r\n\r\n            <!-- Section 3 -->\r\n            <h3 class=\"mb-16 text-center\">N\u00c1VOD K POU\u017dIT\u00cd <\/h3>\r\n            <div class=\"flex flex-wrap xl:flex-nowrap justify-center lg:gap-x-20 mb-14\">\r\n                <div class=\"w-full xl:w-full pr-3 flex flex-wrap align-center py-2\">\r\n                    <div class=\"leading-tight\">\r\n                        P\u0159i p\u0159esazov\u00e1n\u00ed do p\u011bstebn\u00ed n\u00e1doby p\u0159ikryjte dno n\u00e1doby \u00falomky star\u00e9ho rozbit\u00e9ho kv\u011btin\u00e1\u010de. U hlub\u0161\u00edch n\u00e1dob vysypte dno a\u017e do v\u00fd\u0161e 5 cm kamennou drt\u00ed nebo keramzitem, p\u0159edejdete tak mo\u017en\u00e9mu p\u0159emok\u0159en\u00ed a po\u0161kozen\u00ed rostlin v d\u016fsledku p\u0159emok\u0159en\u00ed. Na dno n\u00e1doby nasypte substr\u00e1t a\u017e do takov\u00e9 v\u00fd\u0161ky, \u017ee p\u016fvodn\u00ed horn\u00ed okraj ko\u0159enov\u00e9ho balu dos\u00e1hne 1 &#8211; 2 cm pod okraj p\u011bstebn\u00ed n\u00e1doby. Odstra\u0148te uschl\u00e9 nebo po\u0161kozen\u00e9 ko\u0159eny. Vlo\u017ete rostlinu do n\u00e1doby, dosypte okolo n\u00ed rovnom\u011brn\u011b nov\u00fd substr\u00e1t a dob\u0159e ho p\u0159itla\u010dte. \u0158\u00e1dn\u011b zalijte a b\u011bhem vegeta\u010dn\u00edho obdob\u00ed udr\u017eujte p\u0159im\u011b\u0159en\u011b vlhk\u00fd. <br>Nejlep\u0161\u00ed \u010das pro p\u0159esazov\u00e1n\u00ed je \u010dasn\u011b na ja\u0159e nebo ihned po odkv\u011btu. Rostlinu za\u010d\u00edn\u00e1me p\u0159ihnojovat po 3 &#8211; 6 t\u00fddnech od p\u0159esazen\u00ed.<br><br>Tento substr\u00e1t je skv\u011blou volbou pro v\u0161echny druhy pokojov\u00fdch rostlin a poskytne jim ide\u00e1ln\u00ed prost\u0159ed\u00ed pro zdrav\u00fd r\u016fst a kr\u00e1sn\u00fd vzhled.<br><br>TIP: Doporu\u010dujeme kombinovat s\u00a0kvalitn\u00ed v\u00fd\u017eivou \u2013 s\u00a0kapaln\u00fdm hnojivem pro interi\u00e9r!                    <\/div>\r\n                <\/div>\r\n            <\/div>\r\n        <\/div>\r\n    <\/div>\r\n    \n\n    <div class=\"container-section py-16 px-8\">\r\n        <h2 class=\"heading-mid mb-8\">DOPORU\u010cUJEME<\/h2>\r\n\r\n        <div class=\"grid grid-cols-1 md:grid-cols-2 xl:grid-cols-4 gap-7\">\r\n                            <div class=\"group flex flex-col items-center justify-center py-4 px-5 max-xl:py-10 max-xl:px-12  rounded-3xl border border-white overflow-hidden transition-all duration-300 hover:shadow-lg\">\r\n                    <a href=\"\/floria-kapalne-hnojivo-interier-1-l-rostlinny-elixir\/\" class=\"flex flex-col items-center justify-center\">\r\n                        <div class=\"relative\">\r\n                            <div class=\"absolute top-0 left-0 right-0 bottom-0 flex items-center justify-center -z-10\">\r\n                                <div class=\"w-5 h-5 bg-gray-200 rounded-full product-gradient group-hover:scale-125 transition-transform duration-300\"><\/div>\r\n                            <\/div>\r\n                            <img decoding=\"async\" src=\"http:\/\/www.floria.cz\/wp-content\/uploads\/2025\/02\/Navrh-bez-nazvu-8.svg\" \r\n                                 alt=\"HNOJIVO INTERI\u00c9R\" \r\n                                 class=\"mb-4 z-10 h-[300px] group-hover:scale-105 transition-transform duration-300\">\r\n                        <\/div>\r\n                        <h4 class=\"text-center text-sm text-secondary-light font-medium mb-2 transition-colors duration-300\">\r\n                            FLORIA PREMIUM                        <\/h4>\r\n                        <h3 class=\"text-center text-2xl md:text-xl lg:text-lg font-semibold mb-2 group-hover:text-primary-light transition-colors duration-300\">\r\n                            HNOJIVO INTERI\u00c9R                        <\/h3>\r\n                        <span class=\"btn-outline mt-2 opacity-60 hover:opacity-100 hover:text-white transition-all duration-300\">\r\n                            V\u00cdCE INFORMAC\u00cd                        <\/span>\r\n                    <\/a>\r\n                <\/div>\r\n                            <div class=\"group flex flex-col items-center justify-center py-4 px-5 max-xl:py-10 max-xl:px-12  rounded-3xl border border-white overflow-hidden transition-all duration-300 hover:shadow-lg\">\r\n                    <a href=\"\/floria-listovy-balzam-500-ml\/\" class=\"flex flex-col items-center justify-center\">\r\n                        <div class=\"relative\">\r\n                            <div class=\"absolute top-0 left-0 right-0 bottom-0 flex items-center justify-center -z-10\">\r\n                                <div class=\"w-5 h-5 bg-gray-200 rounded-full product-gradient group-hover:scale-125 transition-transform duration-300\"><\/div>\r\n                            <\/div>\r\n                            <img decoding=\"async\" src=\"http:\/\/www.floria.cz\/wp-content\/uploads\/2025\/02\/Navrh-bez-nazvu-54.svg\" \r\n                                 alt=\"LISTOV\u00dd BALZ\u00c1M\" \r\n                                 class=\"mb-4 z-10 h-[300px] group-hover:scale-105 transition-transform duration-300\">\r\n                        <\/div>\r\n                        <h4 class=\"text-center text-sm text-secondary-light font-medium mb-2 transition-colors duration-300\">\r\n                            FLORIA PREMIUM                        <\/h4>\r\n                        <h3 class=\"text-center text-2xl md:text-xl lg:text-lg font-semibold mb-2 group-hover:text-primary-light transition-colors duration-300\">\r\n                            LISTOV\u00dd BALZ\u00c1M                        <\/h3>\r\n                        <span class=\"btn-outline mt-2 opacity-60 hover:opacity-100 hover:text-white transition-all duration-300\">\r\n                            V\u00cdCE INFORMAC\u00cd                        <\/span>\r\n                    <\/a>\r\n                <\/div>\r\n                            <div class=\"group flex flex-col items-center justify-center py-4 px-5 max-xl:py-10 max-xl:px-12  rounded-3xl border border-white overflow-hidden transition-all duration-300 hover:shadow-lg\">\r\n                    <a href=\"\/floria-vlhcene-ubrousky-na-listy-orchideji-a-pokojovych-rostlin\/\" class=\"flex flex-col items-center justify-center\">\r\n                        <div class=\"relative\">\r\n                            <div class=\"absolute top-0 left-0 right-0 bottom-0 flex items-center justify-center -z-10\">\r\n                                <div class=\"w-5 h-5 bg-gray-200 rounded-full product-gradient group-hover:scale-125 transition-transform duration-300\"><\/div>\r\n                            <\/div>\r\n                            <img decoding=\"async\" src=\"http:\/\/www.floria.cz\/wp-content\/uploads\/2025\/02\/Navrh-bez-nazvu-7.svg\" \r\n                                 alt=\"VLH\u010cEN\u00c9 UBROUSKY\" \r\n                                 class=\"mb-4 z-10 h-[300px] group-hover:scale-105 transition-transform duration-300\">\r\n                        <\/div>\r\n                        <h4 class=\"text-center text-sm text-secondary-light font-medium mb-2 transition-colors duration-300\">\r\n                            FLORIA PREMIUM                        <\/h4>\r\n                        <h3 class=\"text-center text-2xl md:text-xl lg:text-lg font-semibold mb-2 group-hover:text-primary-light transition-colors duration-300\">\r\n                            VLH\u010cEN\u00c9 UBROUSKY                        <\/h3>\r\n                        <span class=\"btn-outline mt-2 opacity-60 hover:opacity-100 hover:text-white transition-all duration-300\">\r\n                            V\u00cdCE INFORMAC\u00cd                        <\/span>\r\n                    <\/a>\r\n                <\/div>\r\n                            <div class=\"group flex flex-col items-center justify-center py-4 px-5 max-xl:py-10 max-xl:px-12  rounded-3xl border border-white overflow-hidden transition-all duration-300 hover:shadow-lg\">\r\n                    <a href=\"\/floria-piniova-dekoracni-kura-jemna-5-l\/\" class=\"flex flex-col items-center justify-center\">\r\n                        <div class=\"relative\">\r\n                            <div class=\"absolute top-0 left-0 right-0 bottom-0 flex items-center justify-center -z-10\">\r\n                                <div class=\"w-5 h-5 bg-gray-200 rounded-full product-gradient group-hover:scale-125 transition-transform duration-300\"><\/div>\r\n                            <\/div>\r\n                            <img decoding=\"async\" src=\"http:\/\/www.floria.cz\/wp-content\/uploads\/2025\/02\/Navrh-bez-nazvu-6.svg\" \r\n                                 alt=\"PINIOV\u00c1 K\u016eRA\" \r\n                                 class=\"mb-4 z-10 h-[300px] group-hover:scale-105 transition-transform duration-300\">\r\n                        <\/div>\r\n                        <h4 class=\"text-center text-sm text-secondary-light font-medium mb-2 transition-colors duration-300\">\r\n                            FLORIA PREMIUM                        <\/h4>\r\n                        <h3 class=\"text-center text-2xl md:text-xl lg:text-lg font-semibold mb-2 group-hover:text-primary-light transition-colors duration-300\">\r\n                            PINIOV\u00c1 K\u016eRA                        <\/h3>\r\n                        <span class=\"btn-outline mt-2 opacity-60 hover:opacity-100 hover:text-white transition-all duration-300\">\r\n                            V\u00cdCE INFORMAC\u00cd                        <\/span>\r\n                    <\/a>\r\n                <\/div>\r\n                    <\/div>\r\n    <\/div>\r\n    \n\n    <div class=\"overflow-hidden\">\r\n        <section class=\"container-section pb-16\">\r\n            <h1 class=\"heading-mid mt-20\">Dotek luxusu pro Va\u0161i zahradu<\/h1>\r\n            \r\n            <div class=\"grid grid-cols-1 lg:grid-cols-2 space-y-10 lg:space-y-0 mt-4\">\r\n                <!-- Left Column -->\r\n                <div class=\"hero-section group hero-section flex items-center translate-x-1\/4 lg:translate-x-0 group\">\r\n                    <div class=\"w-6\/12 lg:w-7\/12 text-left lg:text-right pr-10 lg:pr-2\">\r\n                        <img decoding=\"async\" src=\"http:\/\/www.floria.cz\/wp-content\/uploads\/2025\/01\/flower.svg\"\r\n                            class=\"h-14 w-14 hero-section-icon hero-section-icon-hover\" alt=\"Icon\">\r\n                        <img decoding=\"async\" src=\"http:\/\/www.floria.cz\/wp-content\/uploads\/2025\/01\/flower-gray.svg\"\r\n                            class=\"h-14 w-14 hero-section-icon hero-section-icon-default\" alt=\"Icon\">\r\n\r\n                        <h2 class=\"my-8 text-3xl lg:text-4xl text-silver\">\r\n                            P\u011bstitelsk\u00fd program                        <\/h2>\r\n                        <p class=\"mb-8\">\r\n                            Jedine\u010dn\u00e9 substr\u00e1ty, hnojiva a dekora\u010dn\u00ed materi\u00e1ly pro KR\u00c1LOVNY ZAHRAD.                        <\/p>\r\n                        <a href=\"\/pestitelsky-program\" class=\"btn-primary hero-section-button\">\r\n                            Zobrazit v\u00edce                        <\/a>\r\n                    <\/div>\r\n\r\n                    <div class=\"w-6\/12 lg:w-5\/12\">\r\n                        <img decoding=\"async\" src=\"http:\/\/www.floria.cz\/wp-content\/uploads\/2025\/01\/globe-left.png\" alt=\"Globe\" class=\"w-full h-auto\">\r\n                    <\/div>\r\n\r\n                    <div class=\"lg:block lg:w-0.5 h-4\/6\">\r\n                        <div class=\"h-full w-0 bigass-shadow\"><\/div>\r\n                    <\/div>\r\n                <\/div>\r\n\r\n                <!-- Right Column -->\r\n                <div class=\"hero-section group flex items-center -translate-x-1\/4 lg:translate-x-0\">\r\n                    <div class=\"w-6\/12 lg:w-5\/12 -translate-x-1\">\r\n                        <img decoding=\"async\" src=\"http:\/\/www.floria.cz\/wp-content\/uploads\/2025\/01\/globe-right.png\" alt=\"Globe\"\r\n                            class=\"w-full scale-y-110 h-auto\">\r\n                    <\/div>\r\n\r\n                    <div class=\"w-6\/12 lg:w-7\/12 pl-10 lg:pl-2\">\r\n                        <img decoding=\"async\" src=\"http:\/\/www.floria.cz\/wp-content\/uploads\/2025\/01\/grass.svg\"\r\n                            class=\"h-14 w-14 hero-section-icon hero-section-icon-hover\" alt=\"Icon\">\r\n                        <img decoding=\"async\" src=\"http:\/\/www.floria.cz\/wp-content\/uploads\/2025\/01\/grass-gray.svg\"\r\n                            class=\"h-14 w-14 hero-section-icon hero-section-icon-default\" alt=\"Icon\">\r\n\r\n                        <h2 class=\"my-8 text-3xl lg:text-4xl text-silver\">\r\n                            Tr\u00e1vn\u00edkov\u00fd program                        <\/h2>\r\n                        <p class=\"mb-8\">\r\n                            Komplexn\u00ed p\u00e9\u010de o tr\u00e1vn\u00edk po cel\u00fd rok, v\u010d. unik\u00e1tn\u00edch v\u00fdrobk\u016f pro robotick\u00e9 sek\u00e1n\u00ed, v\u0161e PRO KR\u00c1LE TR\u00c1VN\u00cdK\u016e.                        <\/p>\r\n                        <a href=\"\/travnikovy-program\" class=\"btn-primary hero-section-button\">\r\n                            Zobrazit v\u00edce                        <\/a>\r\n                    <\/div>\r\n                <\/div>\r\n            <\/div>\r\n        <\/section>\r\n    <\/div>\r\n    ","protected":false},"excerpt":{"rendered":"","protected":false},"author":2,"featured_media":0,"parent":0,"menu_order":0,"comment_status":"closed","ping_status":"closed","template":"page-templates\/page_with-hero.php","meta":{"footnotes":"","css_class_manager_body_classes":"","css_class_manager_use_in_post_loop":false},"page_category":[17,21],"class_list":["post-791","page","type-page","status-publish","hentry","page_category-pestitelsky-program","page_category-substraty"],"_links":{"self":[{"href":"https:\/\/www.floria.cz\/hu\/wp-json\/wp\/v2\/pages\/791","targetHints":{"allow":["GET"]}}],"collection":[{"href":"https:\/\/www.floria.cz\/hu\/wp-json\/wp\/v2\/pages"}],"about":[{"href":"https:\/\/www.floria.cz\/hu\/wp-json\/wp\/v2\/types\/page"}],"author":[{"embeddable":true,"href":"https:\/\/www.floria.cz\/hu\/wp-json\/wp\/v2\/users\/2"}],"replies":[{"embeddable":true,"href":"https:\/\/www.floria.cz\/hu\/wp-json\/wp\/v2\/comments?post=791"}],"version-history":[{"count":8,"href":"https:\/\/www.floria.cz\/hu\/wp-json\/wp\/v2\/pages\/791\/revisions"}],"predecessor-version":[{"id":1789,"href":"https:\/\/www.floria.cz\/hu\/wp-json\/wp\/v2\/pages\/791\/revisions\/1789"}],"wp:attachment":[{"href":"https:\/\/www.floria.cz\/hu\/wp-json\/wp\/v2\/media?parent=791"}],"wp:term":[{"taxonomy":"page_category","embeddable":true,"href":"https:\/\/www.floria.cz\/hu\/wp-json\/wp\/v2\/page_category?post=791"}],"curies":[{"name":"wp","href":"https:\/\/api.w.org\/{rel}","templated":true}]}}