{"id":1185,"date":"2025-02-19T17:04:36","date_gmt":"2025-02-19T17:04:36","guid":{"rendered":"https:\/\/www.floria.cz\/?page_id=1185"},"modified":"2025-03-04T14:06:47","modified_gmt":"2025-03-04T14:06:47","slug":"pevna-hnojiva","status":"publish","type":"page","link":"https:\/\/www.floria.cz\/sk\/pevna-hnojiva\/","title":{"rendered":"PEVN\u00c1 hnojiva"},"content":{"rendered":"\n<div class=\"wp-block-group pb-5 half-section text-center is-vertical is-content-justification-center is-nowrap is-layout-flex wp-container-core-group-is-layout-e862386f wp-block-group-is-layout-flex\">\n<h2 class=\"wp-block-heading uppercase pb-16\" style=\"font-size:3.8rem\">pevn\u00e1 hnojiva<\/h2>\n\n\n\n<p class=\"leading-snug font-extralight\" style=\"font-size:1.3rem\">V\u0161echna pevn\u00e1 hnojiva FLORIA\u00ae PREMIUM obsahuj\u00ed 4 formy dus\u00edku, kter\u00e9 p\u016fsob\u00ed rychle a okam\u017eit\u011b, a z\u00e1rove\u0148 dlouhodob\u011b, tak\u017ee v\u00e1m umo\u017en\u00ed hnojit m\u00e9n\u011b \u010dast\u011bji, ne\u017e jste zvykl\u00ed u jin\u00fdch granulovan\u00fdch hnojiv (aplikace jen 2x ro\u010dn\u011b). Nav\u00edc obsahuj\u00ed s\u00edru, ho\u0159\u010d\u00edk, v\u00e1pn\u00edk a mikroprvky pro zdrav\u00fd a bujn\u00fd r\u016fst. Nab\u00eddka \u0159ady FLORIA PREMIUM spl\u0148uje n\u00e1roky v\u0161ech rostlin p\u011bstovan\u00fdch na z\u00e1honech i v&nbsp;n\u00e1dob\u00e1ch (okrasn\u00e9 kv\u011btiny, zelenina, ovoce).<br><br><\/p>\n\n\n\n<p><\/p>\n<\/div>\n\n\n    <div class=\"product-microcard\">\r\n        <div class=\"relative overflow-hidden pt-20\">\r\n            <div class=\"flex pb-52 mx-auto justify-center flex-wrap lg:flex-nowrap items-stretch\">\r\n                \r\n                <!-- Left Column -->\r\n                <div class=\"w-full lg:w-auto card-column lg:items-end\">\r\n                                            <a href=\"#category\" class=\"micro-card\">\r\n                            <h4 class=\"uppercase text-center\">Dlouhodob\u00fd \u00fa\u010dinek<\/h4>\r\n                            <div class=\"micro-card-body\">\r\n                                <h4>Dlouhodob\u00fd \u00fa\u010dinek<\/h4>\r\n                                <p>Hnojivo obsahuje a\u017e 3 formy dus\u00edku, a to rychle a dlouhodob\u011b p\u016fsob\u00edc\u00edho, d\u00edky tomu m\u016f\u017eete v\u00fd\u017eivu aplikovat jen 2x ro\u010dn\u011b. \n<\/p>\r\n                                                            <\/div>\r\n                        <\/a>\r\n                                            <a href=\"#category\" class=\"micro-card\">\r\n                            <h4 class=\"uppercase text-center\">Stopov\u00e9 prvky<\/h4>\r\n                            <div class=\"micro-card-body\">\r\n                                <h4>Stopov\u00e9 prvky<\/h4>\r\n                                <p>B\u00f3r, m\u011b\u010f, \u017eelezo, mangan, molybden a zinek zlep\u0161uj\u00ed celkovou vitalitu rostlin.\n<\/p>\r\n                                                            <\/div>\r\n                        <\/a>\r\n                                            <a href=\"#category\" class=\"micro-card\">\r\n                            <h4 class=\"uppercase text-center\">Ho\u0159\u010d\u00edk<\/h4>\r\n                            <div class=\"micro-card-body\">\r\n                                <h4>Ho\u0159\u010d\u00edk<\/h4>\r\n                                <p>Pod\u00edl\u00ed se na zdrav\u00e9m r\u016fstu a zelen\u00e9m vybarven\u00ed rostlin.\n<\/p>\r\n                                                            <\/div>\r\n                        <\/a>\r\n                                    <\/div>\r\n\r\n                <!-- Center Image -->\r\n                <div class=\"order-first lg:order-none mx-2 z-10\">\r\n                                            <img decoding=\"async\" class=\"lg:scale-125 translate-y-9\" \r\n                             src=\"http:\/\/www.floria.cz\/wp-content\/uploads\/2025\/02\/Navrh-bez-nazvu-16.svg\" \r\n                             alt=\"\">\r\n                                    <\/div>\r\n\r\n                <!-- Right Column -->\r\n                <div class=\"w-full lg:w-auto card-column lg:items-start\">\r\n                                            <a href=\"#category\" class=\"micro-card\">\r\n                            <h4 class=\"uppercase text-center\">Jemn\u00e1 granulace<\/h4>\r\n                            <div class=\"micro-card-body\">\r\n                                <h4>Jemn\u00e1 granulace<\/h4>\r\n                                <p>Miner\u00e1ln\u00ed hnojiva FLORIA PREMIUM jsou kompaktovan\u00e1. Kompaktov\u00e1n\u00ed je proces granulace hnojiv za sucha, kdy sm\u00edch\u00e1me jemn\u00e9 \u010d\u00e1stice jednotliv\u00fdch slo\u017eek, a teprve z t\u00e9to sm\u011bsi vyrob\u00edme kompaktovan\u00e9 granule. Jednotliv\u00e9 granule tedy obsahuj\u00ed v\u0161echny slo\u017eky hnojiva, a to umo\u017enuje mnohem lep\u0161\u00ed a rovnom\u011brn\u011bj\u0161\u00ed distribuci \u017eivin k jednotliv\u00fdm rostlin\u00e1m. \n<\/p>\r\n                                                                    <img decoding=\"async\" src=\"http:\/\/www.floria.cz\/wp-content\/uploads\/2025\/02\/Navrh-bez-nazvu-51.svg\" \r\n                                         alt=\"\">\r\n                                                            <\/div>\r\n                        <\/a>\r\n                                            <a href=\"#category\" class=\"micro-card\">\r\n                            <h4 class=\"uppercase text-center\">Praktick\u00e1 odm\u011brka<\/h4>\r\n                            <div class=\"micro-card-body\">\r\n                                <h4>Praktick\u00e1 odm\u011brka<\/h4>\r\n                                <p>Uvnit\u0159 v\u0161ech miner\u00e1ln\u00edch hnojiv FLORIA PREMIUM naleznete praktickou odm\u011brku pro p\u0159esn\u00e9 d\u00e1vkov\u00e1n\u00ed a snaz\u0161\u00ed manipulaci.<\/p>\r\n                                                                    <img decoding=\"async\" src=\"http:\/\/www.floria.cz\/wp-content\/uploads\/2025\/02\/Navrh-bez-nazvu-46.svg\" \r\n                                         alt=\"\">\r\n                                                            <\/div>\r\n                        <\/a>\r\n                                    <\/div>\r\n            <\/div>\r\n\r\n            <div class=\"absolute left-0 right-0 bottom-0 -translate-y-1\/2 flex items-center justify-center\">\r\n                <div class=\"w-0 h-0 bg-transparent rounded-full divider-gradient\"><\/div>\r\n            <\/div>\r\n            <div class=\"linear-divider mb-0\"><\/div>\r\n        <\/div>\r\n    <\/div>\r\n    \n\n    <div class=\"container-section\">\r\n    <div class=\"py-16 px-8\">\r\n        <div class=\"grid grid-cols-1 md:grid-cols-2 xl:grid-cols-4 gap-7\">\r\n                            <div class=\"group flex flex-col items-center justify-center p-10 px-12 rounded-3xl border border-white overflow-hidden transition-all duration-300 hover:shadow-lg\">\r\n                    <a href=\"\/floria-hnojivo-na-okrasne-dreviny-a-konifery-25-kg\/\" class=\"flex flex-col items-center justify-center\">\r\n                        <div class=\"relative\">\r\n                            <div class=\"absolute top-0 left-0 right-0 bottom-0 flex items-center justify-center -z-10\">\r\n                                <div class=\"w-5 h-5 bg-gray-200 rounded-full product-gradient group-hover:scale-125 transition-transform duration-300\">\r\n                                <\/div>\r\n                            <\/div>\r\n                            <img decoding=\"async\" src=\"http:\/\/www.floria.cz\/wp-content\/uploads\/2025\/02\/Navrh-bez-nazvu-15.svg\" \r\n                                 alt=\"Product\" \r\n                                 class=\"mb-4 z-10 h-[300px] group-hover:scale-105 transition-transform duration-300\">\r\n                        <\/div>\r\n                        <h4 class=\"text-center text-sm text-secondary-light font-medium mb-2 transition-colors duration-300\">\r\n                            FLORIA PREMIUM\u00ae                        <\/h4>\r\n                        <h3 class=\"text-center text-2xl font-semibold mb-2 group-hover:text-primary-light transition-colors duration-300\">\r\n                            Okrasn\u00e9 d\u0159eviny                        <\/h3>\r\n                        <span class=\"btn-outline mt-2 opacity-60 hover:opacity-100 hover:text-white transition-all duration-300\">\r\n                            V\u00cdCE INFORMAC\u00cd                        <\/span>\r\n                    <\/a>\r\n                <\/div>\r\n                            <div class=\"group flex flex-col items-center justify-center p-10 px-12 rounded-3xl border border-white overflow-hidden transition-all duration-300 hover:shadow-lg\">\r\n                    <a href=\"\/floria-hnojivo-pro-kyselomilne-rostliny-25-kg\/\" class=\"flex flex-col items-center justify-center\">\r\n                        <div class=\"relative\">\r\n                            <div class=\"absolute top-0 left-0 right-0 bottom-0 flex items-center justify-center -z-10\">\r\n                                <div class=\"w-5 h-5 bg-gray-200 rounded-full product-gradient group-hover:scale-125 transition-transform duration-300\">\r\n                                <\/div>\r\n                            <\/div>\r\n                            <img decoding=\"async\" src=\"http:\/\/www.floria.cz\/wp-content\/uploads\/2025\/02\/Navrh-bez-nazvu-16.svg\" \r\n                                 alt=\"Product\" \r\n                                 class=\"mb-4 z-10 h-[300px] group-hover:scale-105 transition-transform duration-300\">\r\n                        <\/div>\r\n                        <h4 class=\"text-center text-sm text-secondary-light font-medium mb-2 transition-colors duration-300\">\r\n                            FLORIA PREMIUM\u00ae                        <\/h4>\r\n                        <h3 class=\"text-center text-2xl font-semibold mb-2 group-hover:text-primary-light transition-colors duration-300\">\r\n                            kyselomiln\u00e9 rostliny                        <\/h3>\r\n                        <span class=\"btn-outline mt-2 opacity-60 hover:opacity-100 hover:text-white transition-all duration-300\">\r\n                            V\u00cdCE INFORMAC\u00cd                        <\/span>\r\n                    <\/a>\r\n                <\/div>\r\n                            <div class=\"group flex flex-col items-center justify-center p-10 px-12 rounded-3xl border border-white overflow-hidden transition-all duration-300 hover:shadow-lg\">\r\n                    <a href=\"\/floria-hnojivo-pro-ovoce-25-kg\/\" class=\"flex flex-col items-center justify-center\">\r\n                        <div class=\"relative\">\r\n                            <div class=\"absolute top-0 left-0 right-0 bottom-0 flex items-center justify-center -z-10\">\r\n                                <div class=\"w-5 h-5 bg-gray-200 rounded-full product-gradient group-hover:scale-125 transition-transform duration-300\">\r\n                                <\/div>\r\n                            <\/div>\r\n                            <img decoding=\"async\" src=\"http:\/\/www.floria.cz\/wp-content\/uploads\/2025\/02\/Navrh-bez-nazvu-12.svg\" \r\n                                 alt=\"Product\" \r\n                                 class=\"mb-4 z-10 h-[300px] group-hover:scale-105 transition-transform duration-300\">\r\n                        <\/div>\r\n                        <h4 class=\"text-center text-sm text-secondary-light font-medium mb-2 transition-colors duration-300\">\r\n                            FLORIA PREMIUM\u00ae                        <\/h4>\r\n                        <h3 class=\"text-center text-2xl font-semibold mb-2 group-hover:text-primary-light transition-colors duration-300\">\r\n                            Hnojivo pro ovoce                         <\/h3>\r\n                        <span class=\"btn-outline mt-2 opacity-60 hover:opacity-100 hover:text-white transition-all duration-300\">\r\n                            V\u00cdCE INFORMAC\u00cd                        <\/span>\r\n                    <\/a>\r\n                <\/div>\r\n                            <div class=\"group flex flex-col items-center justify-center p-10 px-12 rounded-3xl border border-white overflow-hidden transition-all duration-300 hover:shadow-lg\">\r\n                    <a href=\"\/floria-hnojivo-pro-ruze-25-kg\/\" class=\"flex flex-col items-center justify-center\">\r\n                        <div class=\"relative\">\r\n                            <div class=\"absolute top-0 left-0 right-0 bottom-0 flex items-center justify-center -z-10\">\r\n                                <div class=\"w-5 h-5 bg-gray-200 rounded-full product-gradient group-hover:scale-125 transition-transform duration-300\">\r\n                                <\/div>\r\n                            <\/div>\r\n                            <img decoding=\"async\" src=\"http:\/\/www.floria.cz\/wp-content\/uploads\/2025\/02\/Navrh-bez-nazvu-13.svg\" \r\n                                 alt=\"Product\" \r\n                                 class=\"mb-4 z-10 h-[300px] group-hover:scale-105 transition-transform duration-300\">\r\n                        <\/div>\r\n                        <h4 class=\"text-center text-sm text-secondary-light font-medium mb-2 transition-colors duration-300\">\r\n                            FLORIA PREMIUM\u00ae                        <\/h4>\r\n                        <h3 class=\"text-center text-2xl font-semibold mb-2 group-hover:text-primary-light transition-colors duration-300\">\r\n                            Hnojivo pro r\u016f\u017ee                         <\/h3>\r\n                        <span class=\"btn-outline mt-2 opacity-60 hover:opacity-100 hover:text-white transition-all duration-300\">\r\n                            V\u00cdCE INFORMAC\u00cd                        <\/span>\r\n                    <\/a>\r\n                <\/div>\r\n                            <div class=\"group flex flex-col items-center justify-center p-10 px-12 rounded-3xl border border-white overflow-hidden transition-all duration-300 hover:shadow-lg\">\r\n                    <a href=\"\/floria-hnojivo-pro-zeleninu-25-kg\/\" class=\"flex flex-col items-center justify-center\">\r\n                        <div class=\"relative\">\r\n                            <div class=\"absolute top-0 left-0 right-0 bottom-0 flex items-center justify-center -z-10\">\r\n                                <div class=\"w-5 h-5 bg-gray-200 rounded-full product-gradient group-hover:scale-125 transition-transform duration-300\">\r\n                                <\/div>\r\n                            <\/div>\r\n                            <img decoding=\"async\" src=\"http:\/\/www.floria.cz\/wp-content\/uploads\/2025\/02\/Navrh-bez-nazvu-14-1.svg\" \r\n                                 alt=\"Product\" \r\n                                 class=\"mb-4 z-10 h-[300px] group-hover:scale-105 transition-transform duration-300\">\r\n                        <\/div>\r\n                        <h4 class=\"text-center text-sm text-secondary-light font-medium mb-2 transition-colors duration-300\">\r\n                            FLORIA PREMIUM\u00ae                        <\/h4>\r\n                        <h3 class=\"text-center text-2xl font-semibold mb-2 group-hover:text-primary-light transition-colors duration-300\">\r\n                            Hnojivo pro zeleninu                         <\/h3>\r\n                        <span class=\"btn-outline mt-2 opacity-60 hover:opacity-100 hover:text-white transition-all duration-300\">\r\n                            V\u00cdCE INFORMAC\u00cd                        <\/span>\r\n                    <\/a>\r\n                <\/div>\r\n                            <div class=\"group flex flex-col items-center justify-center p-10 px-12 rounded-3xl border border-white overflow-hidden transition-all duration-300 hover:shadow-lg\">\r\n                    <a href=\"\/floria-krystalicke-hnojivo-pro-modre-hortenzie-350-g\/\" class=\"flex flex-col items-center justify-center\">\r\n                        <div class=\"relative\">\r\n                            <div class=\"absolute top-0 left-0 right-0 bottom-0 flex items-center justify-center -z-10\">\r\n                                <div class=\"w-5 h-5 bg-gray-200 rounded-full product-gradient group-hover:scale-125 transition-transform duration-300\">\r\n                                <\/div>\r\n                            <\/div>\r\n                            <img decoding=\"async\" src=\"http:\/\/www.floria.cz\/wp-content\/uploads\/2025\/02\/Navrh-bez-nazvu-17.svg\" \r\n                                 alt=\"Product\" \r\n                                 class=\"mb-4 z-10 h-[300px] group-hover:scale-105 transition-transform duration-300\">\r\n                        <\/div>\r\n                        <h4 class=\"text-center text-sm text-secondary-light font-medium mb-2 transition-colors duration-300\">\r\n                            FLORIA PREMIUM\u00ae                        <\/h4>\r\n                        <h3 class=\"text-center text-2xl font-semibold mb-2 group-hover:text-primary-light transition-colors duration-300\">\r\n                            modr\u00e9 hortenzie                         <\/h3>\r\n                        <span class=\"btn-outline mt-2 opacity-60 hover:opacity-100 hover:text-white transition-all duration-300\">\r\n                            V\u00cdCE INFORMAC\u00cd                        <\/span>\r\n                    <\/a>\r\n                <\/div>\r\n                    <\/div>\r\n    <\/div>\r\n    <\/div>\r\n    ","protected":false},"excerpt":{"rendered":"<p>pevn\u00e1 hnojiva V\u0161echna pevn\u00e1 hnojiva FLORIA\u00ae PREMIUM obsahuj\u00ed 4 formy dus\u00edku, kter\u00e9 p\u016fsob\u00ed rychle a okam\u017eit\u011b, a z\u00e1rove\u0148 dlouhodob\u011b, tak\u017ee v\u00e1m umo\u017en\u00ed hnojit m\u00e9n\u011b \u010dast\u011bji, ne\u017e jste zvykl\u00ed u jin\u00fdch granulovan\u00fdch hnojiv (aplikace jen 2x ro\u010dn\u011b). Nav\u00edc obsahuj\u00ed s\u00edru, ho\u0159\u010d\u00edk, v\u00e1pn\u00edk a mikroprvky pro zdrav\u00fd a bujn\u00fd r\u016fst. Nab\u00eddka \u0159ady FLORIA PREMIUM spl\u0148uje n\u00e1roky v\u0161ech [&hellip;]<\/p>\n","protected":false},"author":2,"featured_media":0,"parent":0,"menu_order":0,"comment_status":"closed","ping_status":"closed","template":"page-templates\/page_main.php","meta":{"footnotes":"","css_class_manager_body_classes":"","css_class_manager_use_in_post_loop":false},"page_category":[],"class_list":["post-1185","page","type-page","status-publish","hentry"],"_links":{"self":[{"href":"https:\/\/www.floria.cz\/sk\/wp-json\/wp\/v2\/pages\/1185","targetHints":{"allow":["GET"]}}],"collection":[{"href":"https:\/\/www.floria.cz\/sk\/wp-json\/wp\/v2\/pages"}],"about":[{"href":"https:\/\/www.floria.cz\/sk\/wp-json\/wp\/v2\/types\/page"}],"author":[{"embeddable":true,"href":"https:\/\/www.floria.cz\/sk\/wp-json\/wp\/v2\/users\/2"}],"replies":[{"embeddable":true,"href":"https:\/\/www.floria.cz\/sk\/wp-json\/wp\/v2\/comments?post=1185"}],"version-history":[{"count":10,"href":"https:\/\/www.floria.cz\/sk\/wp-json\/wp\/v2\/pages\/1185\/revisions"}],"predecessor-version":[{"id":1819,"href":"https:\/\/www.floria.cz\/sk\/wp-json\/wp\/v2\/pages\/1185\/revisions\/1819"}],"wp:attachment":[{"href":"https:\/\/www.floria.cz\/sk\/wp-json\/wp\/v2\/media?parent=1185"}],"wp:term":[{"taxonomy":"page_category","embeddable":true,"href":"https:\/\/www.floria.cz\/sk\/wp-json\/wp\/v2\/page_category?post=1185"}],"curies":[{"name":"wp","href":"https:\/\/api.w.org\/{rel}","templated":true}]}}