{"id":1195,"date":"2025-02-19T17:43:59","date_gmt":"2025-02-19T17:43:59","guid":{"rendered":"https:\/\/www.floria.cz\/?page_id=1195"},"modified":"2025-12-09T11:45:36","modified_gmt":"2025-12-09T11:45:36","slug":"dekoracni-materialy","status":"publish","type":"page","link":"https:\/\/www.floria.cz\/sk\/dekoracni-materialy\/","title":{"rendered":"Dekora\u010dn\u00e9 materi\u00e1ly"},"content":{"rendered":"\n<div class=\"wp-block-group pb-5 half-section text-center is-vertical is-content-justification-center is-nowrap is-layout-flex wp-container-core-group-is-layout-e862386f wp-block-group-is-layout-flex\">\n<h2 class=\"wp-block-heading uppercase pb-16\" style=\"font-size:3.8rem\">Dekora\u010dn\u00ed materi\u00e1ly<\/h2>\n\n\n\n<p class=\"leading-snug font-extralight\" style=\"font-size:1.3rem\">Va\u0161\u00ed zahrad\u011b dod\u00e1me nejen zdrav\u00ed, ale i kr\u00e1su \u2013 s dekora\u010dn\u00edmi produkty, kter\u00e9 se postaraj\u00ed o estetick\u00fd vzhled ka\u017ed\u00e9ho z\u00e1honu \u010di terasy. Kvalitn\u00ed k\u016fry a dekory podpo\u0159\u00ed strukturu p\u016fdy a z\u00e1rove\u0148 podtrhnou kr\u00e1su va\u0161eho venkovn\u00edho prostoru.<br><br><\/p>\n\n\n\n<p><\/p>\n<\/div>\n\n\n    <div class=\"product-microcard\">\r\n        <div class=\"relative overflow-hidden pt-20\">\r\n            <div class=\"flex pb-52 mx-auto justify-center flex-wrap lg:flex-nowrap items-stretch\">\r\n                \r\n                <!-- Left Column -->\r\n                <div class=\"w-full lg:w-auto card-column lg:items-end\">\r\n                                            <a href=\"#category\" class=\"micro-card\">\r\n                            <h4 class=\"uppercase text-center\">Exkluzivn\u00ed k\u016fry<\/h4>\r\n                            <div class=\"micro-card-body\">\r\n                                <h4>Exkluzivn\u00ed k\u016fry<\/h4>\r\n                                <p>V\u0161echny k\u016fry FLORIA PREMIUM se vyzna\u010duj\u00ed vysokou kvalitou a \u0161pi\u010dkov\u00fdm zpracov\u00e1n\u00edm vstupn\u00ed suroviny. Nap\u0159. pinov\u00e1 k\u016fra se vyr\u00e1b\u00ed z k\u016fry borovice pinia dovezen\u00e9 ze St\u0159edozem\u00ed a je tak z\u00e1rukou profesion\u00e1ln\u00edch v\u00fdsledk\u016f v p\u00e9\u010di o rostliny.\n<\/p>\r\n                                                            <\/div>\r\n                        <\/a>\r\n                                    <\/div>\r\n\r\n                <!-- Center Image -->\r\n                <div class=\"order-first lg:order-none mx-2 z-10\">\r\n                                            <img decoding=\"async\" class=\"lg:scale-125 translate-y-9\" \r\n                             src=\"http:\/\/www.floria.cz\/wp-content\/uploads\/2025\/02\/Navrh-bez-nazvu-5.svg\" \r\n                             alt=\"\">\r\n                                    <\/div>\r\n\r\n                <!-- Right Column -->\r\n                <div class=\"w-full lg:w-auto card-column lg:items-start\">\r\n                                            <a href=\"#category\" class=\"micro-card\">\r\n                            <h4 class=\"uppercase text-center\">Dlouhodob\u00e1 trvanlivost<\/h4>\r\n                            <div class=\"micro-card-body\">\r\n                                <h4>Dlouhodob\u00e1 trvanlivost<\/h4>\r\n                                <p>Oproti klasick\u00e9mu k\u016frov\u00e9mu mul\u010di m\u00e1 piniov\u00e1 dekora\u010dn\u00ed k\u016fra v\u00fdhodu tak\u00e9 v daleko del\u0161\u00ed trvanlivosti. Proces rozkladu piniov\u00e9 k\u016fry prob\u00edh\u00e1 o 50 % d\u00e9le ne\u017e u k\u016frov\u00e9ho mul\u010de. P\u0159i pou\u017eit\u00ed proti r\u016fstu plevel\u016f doporu\u010dujeme na p\u016fdu rozprost\u0159\u00edt \u010dernou tkanou mul\u010dovac\u00ed AGRO textilii, kter\u00e1 v\u00fdrazn\u011b napom\u016f\u017ee p\u0159i potla\u010den\u00ed r\u016fstu plevele.\n<\/p>\r\n                                                            <\/div>\r\n                        <\/a>\r\n                                            <a href=\"#category\" class=\"micro-card\">\r\n                            <h4 class=\"uppercase text-center\">Vysok\u00e1 estetick\u00e1 jakost<\/h4>\r\n                            <div class=\"micro-card-body\">\r\n                                <h4>Vysok\u00e1 estetick\u00e1 jakost<\/h4>\r\n                                <p>Mo\u017enosti vyu\u017eit\u00ed dekora\u010dn\u00ed k\u016fry jsou velmi rozmanit\u00e9. Je ide\u00e1ln\u00ed pod ke\u0159\u00edky nebo stromy, stejn\u011b tak na svahovit\u00e9 plochy. Piniovou dekora\u010dn\u00ed k\u016fru jemnou m\u016f\u017eete pou\u017e\u00edt na dekorativn\u00ed pokryt\u00ed p\u016fdy v kv\u011btin\u00e1\u010d\u00edch na terase, balkonu a nebo ji pou\u017e\u00edt na ozdobu ter\u00e1ri\u00ed. V sou\u010dasn\u00e9 dob\u011b ji\u017e existuje mo\u017enost barevn\u00e9ho slad\u011bn\u00ed rostlin s pokryt\u00edm p\u016fdy. FLORIA PREMIUM nab\u00edz\u00ed speci\u00e1ln\u00ed v\u00fdrobek Decorative ColorMulch v barv\u00e1ch oran\u017eov\u00e1, \u017elut\u00e1, cihlov\u00e1 a hn\u011bd\u00e1, umo\u017e\u0148uje tak \u00fapravy okrasn\u00fdch ploch dle individu\u00e1ln\u00edch p\u0159edstav.\n<\/p>\r\n                                                            <\/div>\r\n                        <\/a>\r\n                                    <\/div>\r\n            <\/div>\r\n\r\n            <div class=\"absolute left-0 right-0 bottom-0 -translate-y-1\/2 flex items-center justify-center\">\r\n                <div class=\"w-0 h-0 bg-transparent rounded-full divider-gradient\"><\/div>\r\n            <\/div>\r\n            <div class=\"linear-divider mb-0\"><\/div>\r\n        <\/div>\r\n    <\/div>\r\n    \n\n    <div class=\"container-section\">\r\n    <div class=\"py-16 px-8\">\r\n        <div class=\"grid grid-cols-1 md:grid-cols-2 xl:grid-cols-4 gap-7\">\r\n                            <div class=\"group flex flex-col items-center justify-center p-10 px-12 rounded-3xl border border-white overflow-hidden transition-all duration-300 hover:shadow-lg\">\r\n                    <a href=\"\/floria-dekoracni-kura-70-l\/\" class=\"flex flex-col items-center justify-center\">\r\n                        <div class=\"relative\">\r\n                            <div class=\"absolute top-0 left-0 right-0 bottom-0 flex items-center justify-center -z-10\">\r\n                                <div class=\"w-5 h-5 bg-gray-200 rounded-full product-gradient group-hover:scale-125 transition-transform duration-300\">\r\n                                <\/div>\r\n                            <\/div>\r\n                            <img decoding=\"async\" src=\"http:\/\/www.floria.cz\/wp-content\/uploads\/2025\/02\/Navrh-bez-nazvu-4.svg\" \r\n                                 alt=\"Product\" \r\n                                 class=\"mb-4 z-10 h-[300px] group-hover:scale-105 transition-transform duration-300\">\r\n                        <\/div>\r\n                        <h4 class=\"text-center text-sm text-secondary-light font-medium mb-2 transition-colors duration-300\">\r\n                            FLORIA PREMIUM\u00ae                        <\/h4>\r\n                        <h3 class=\"text-center text-2xl font-semibold mb-2 group-hover:text-primary-light transition-colors duration-300\">\r\n                            Dekora\u010dn\u00ed k\u016fra                         <\/h3>\r\n                        <span class=\"btn-outline mt-2 opacity-60 hover:opacity-100 hover:text-white transition-all duration-300\">\r\n                            V\u00cdCE INFORMAC\u00cd                        <\/span>\r\n                    <\/a>\r\n                <\/div>\r\n                            <div class=\"group flex flex-col items-center justify-center p-10 px-12 rounded-3xl border border-white overflow-hidden transition-all duration-300 hover:shadow-lg\">\r\n                    <a href=\"\/floria-decorative-colormulch-70-l\/\" class=\"flex flex-col items-center justify-center\">\r\n                        <div class=\"relative\">\r\n                            <div class=\"absolute top-0 left-0 right-0 bottom-0 flex items-center justify-center -z-10\">\r\n                                <div class=\"w-5 h-5 bg-gray-200 rounded-full product-gradient group-hover:scale-125 transition-transform duration-300\">\r\n                                <\/div>\r\n                            <\/div>\r\n                            <img decoding=\"async\" src=\"http:\/\/www.floria.cz\/wp-content\/uploads\/2025\/02\/Navrh-bez-nazvu-3.svg\" \r\n                                 alt=\"Product\" \r\n                                 class=\"mb-4 z-10 h-[300px] group-hover:scale-105 transition-transform duration-300\">\r\n                        <\/div>\r\n                        <h4 class=\"text-center text-sm text-secondary-light font-medium mb-2 transition-colors duration-300\">\r\n                            FLORIA PREMIUM\u00ae                        <\/h4>\r\n                        <h3 class=\"text-center text-2xl font-semibold mb-2 group-hover:text-primary-light transition-colors duration-300\">\r\n                            Decorative ColorMulch                         <\/h3>\r\n                        <span class=\"btn-outline mt-2 opacity-60 hover:opacity-100 hover:text-white transition-all duration-300\">\r\n                            V\u00cdCE INFORMAC\u00cd                        <\/span>\r\n                    <\/a>\r\n                <\/div>\r\n                            <div class=\"group flex flex-col items-center justify-center p-10 px-12 rounded-3xl border border-white overflow-hidden transition-all duration-300 hover:shadow-lg\">\r\n                    <a href=\"\/floria-piniova-dekoracni-kura-45-l\/\" class=\"flex flex-col items-center justify-center\">\r\n                        <div class=\"relative\">\r\n                            <div class=\"absolute top-0 left-0 right-0 bottom-0 flex items-center justify-center -z-10\">\r\n                                <div class=\"w-5 h-5 bg-gray-200 rounded-full product-gradient group-hover:scale-125 transition-transform duration-300\">\r\n                                <\/div>\r\n                            <\/div>\r\n                            <img decoding=\"async\" src=\"http:\/\/www.floria.cz\/wp-content\/uploads\/2025\/02\/Navrh-bez-nazvu-5.svg\" \r\n                                 alt=\"Product\" \r\n                                 class=\"mb-4 z-10 h-[300px] group-hover:scale-105 transition-transform duration-300\">\r\n                        <\/div>\r\n                        <h4 class=\"text-center text-sm text-secondary-light font-medium mb-2 transition-colors duration-300\">\r\n                            FLORIA PREMIUM\u00ae                        <\/h4>\r\n                        <h3 class=\"text-center text-2xl font-semibold mb-2 group-hover:text-primary-light transition-colors duration-300\">\r\n                            Piniov\u00e1        k\u016fra                        <\/h3>\r\n                        <span class=\"btn-outline mt-2 opacity-60 hover:opacity-100 hover:text-white transition-all duration-300\">\r\n                            V\u00cdCE INFORMAC\u00cd                        <\/span>\r\n                    <\/a>\r\n                <\/div>\r\n                            <div class=\"group flex flex-col items-center justify-center p-10 px-12 rounded-3xl border border-white overflow-hidden transition-all duration-300 hover:shadow-lg\">\r\n                    <a href=\"\/floria-piniova-dekoracni-kura-jemna-5-l\/\" class=\"flex flex-col items-center justify-center\">\r\n                        <div class=\"relative\">\r\n                            <div class=\"absolute top-0 left-0 right-0 bottom-0 flex items-center justify-center -z-10\">\r\n                                <div class=\"w-5 h-5 bg-gray-200 rounded-full product-gradient group-hover:scale-125 transition-transform duration-300\">\r\n                                <\/div>\r\n                            <\/div>\r\n                            <img decoding=\"async\" src=\"http:\/\/www.floria.cz\/wp-content\/uploads\/2025\/02\/Navrh-bez-nazvu-6.svg\" \r\n                                 alt=\"Product\" \r\n                                 class=\"mb-4 z-10 h-[300px] group-hover:scale-105 transition-transform duration-300\">\r\n                        <\/div>\r\n                        <h4 class=\"text-center text-sm text-secondary-light font-medium mb-2 transition-colors duration-300\">\r\n                            FLORIA PREMIUM\u00ae                        <\/h4>\r\n                        <h3 class=\"text-center text-2xl font-semibold mb-2 group-hover:text-primary-light transition-colors duration-300\">\r\n                            Piniov\u00e1 k\u016fra jemn\u00e1                        <\/h3>\r\n                        <span class=\"btn-outline mt-2 opacity-60 hover:opacity-100 hover:text-white transition-all duration-300\">\r\n                            V\u00cdCE INFORMAC\u00cd                        <\/span>\r\n                    <\/a>\r\n                <\/div>\r\n                            <div class=\"group flex flex-col items-center justify-center p-10 px-12 rounded-3xl border border-white overflow-hidden transition-all duration-300 hover:shadow-lg\">\r\n                    <a href=\"\/floria-vlhcene-ubrousky-na-listy-orchideji-a-pokojovych-rostlin\/\" class=\"flex flex-col items-center justify-center\">\r\n                        <div class=\"relative\">\r\n                            <div class=\"absolute top-0 left-0 right-0 bottom-0 flex items-center justify-center -z-10\">\r\n                                <div class=\"w-5 h-5 bg-gray-200 rounded-full product-gradient group-hover:scale-125 transition-transform duration-300\">\r\n                                <\/div>\r\n                            <\/div>\r\n                            <img decoding=\"async\" src=\"http:\/\/www.floria.cz\/wp-content\/uploads\/2025\/02\/Navrh-bez-nazvu-7.svg\" \r\n                                 alt=\"Product\" \r\n                                 class=\"mb-4 z-10 h-[300px] group-hover:scale-105 transition-transform duration-300\">\r\n                        <\/div>\r\n                        <h4 class=\"text-center text-sm text-secondary-light font-medium mb-2 transition-colors duration-300\">\r\n                            FLORIA PREMIUM\u00ae                        <\/h4>\r\n                        <h3 class=\"text-center text-2xl font-semibold mb-2 group-hover:text-primary-light transition-colors duration-300\">\r\n                            Ubrousky na listy                        <\/h3>\r\n                        <span class=\"btn-outline mt-2 opacity-60 hover:opacity-100 hover:text-white transition-all duration-300\">\r\n                            V\u00cdCE INFORMAC\u00cd                        <\/span>\r\n                    <\/a>\r\n                <\/div>\r\n                    <\/div>\r\n    <\/div>\r\n    <\/div>\r\n    ","protected":false},"excerpt":{"rendered":"<p>Dekora\u010dn\u00ed materi\u00e1ly Va\u0161\u00ed zahrad\u011b dod\u00e1me nejen zdrav\u00ed, ale i kr\u00e1su \u2013 s dekora\u010dn\u00edmi produkty, kter\u00e9 se postaraj\u00ed o estetick\u00fd vzhled ka\u017ed\u00e9ho z\u00e1honu \u010di terasy. Kvalitn\u00ed k\u016fry a dekory podpo\u0159\u00ed strukturu p\u016fdy a z\u00e1rove\u0148 podtrhnou kr\u00e1su va\u0161eho venkovn\u00edho prostoru.<\/p>","protected":false},"author":2,"featured_media":0,"parent":0,"menu_order":0,"comment_status":"closed","ping_status":"closed","template":"page-templates\/page_main.php","meta":{"footnotes":"","css_class_manager_body_classes":"","css_class_manager_use_in_post_loop":false},"page_category":[],"class_list":["post-1195","page","type-page","status-publish","hentry"],"_links":{"self":[{"href":"https:\/\/www.floria.cz\/sk\/wp-json\/wp\/v2\/pages\/1195","targetHints":{"allow":["GET"]}}],"collection":[{"href":"https:\/\/www.floria.cz\/sk\/wp-json\/wp\/v2\/pages"}],"about":[{"href":"https:\/\/www.floria.cz\/sk\/wp-json\/wp\/v2\/types\/page"}],"author":[{"embeddable":true,"href":"https:\/\/www.floria.cz\/sk\/wp-json\/wp\/v2\/users\/2"}],"replies":[{"embeddable":true,"href":"https:\/\/www.floria.cz\/sk\/wp-json\/wp\/v2\/comments?post=1195"}],"version-history":[{"count":14,"href":"https:\/\/www.floria.cz\/sk\/wp-json\/wp\/v2\/pages\/1195\/revisions"}],"predecessor-version":[{"id":1820,"href":"https:\/\/www.floria.cz\/sk\/wp-json\/wp\/v2\/pages\/1195\/revisions\/1820"}],"wp:attachment":[{"href":"https:\/\/www.floria.cz\/sk\/wp-json\/wp\/v2\/media?parent=1195"}],"wp:term":[{"taxonomy":"page_category","embeddable":true,"href":"https:\/\/www.floria.cz\/sk\/wp-json\/wp\/v2\/page_category?post=1195"}],"curies":[{"name":"wp","href":"https:\/\/api.w.org\/{rel}","templated":true}]}}