{"id":1231,"date":"2025-02-19T18:32:31","date_gmt":"2025-02-19T18:32:31","guid":{"rendered":"https:\/\/www.floria.cz\/?page_id=1231"},"modified":"2025-03-04T14:06:19","modified_gmt":"2025-03-04T14:06:19","slug":"travnikova-hnojiva","status":"publish","type":"page","link":"https:\/\/www.floria.cz\/sk\/travnikova-hnojiva\/","title":{"rendered":"Tr\u00e1vnikov\u00e9 hnojiv\u00e1"},"content":{"rendered":"\n<div class=\"wp-block-group pb-5 half-section text-center is-vertical is-content-justification-center is-nowrap is-layout-flex wp-container-core-group-is-layout-e862386f wp-block-group-is-layout-flex\">\n<h2 class=\"wp-block-heading uppercase pb-16\" style=\"font-size:3.8rem\">Tr\u00e1vn\u00edkov\u00e1 hnojiva<\/h2>\n\n\n\n<p class=\"leading-snug font-extralight\" style=\"font-size:1.3rem\">S novou \u0159adou FLORIA PREMIUM dos\u00e1hne v\u00e1\u0161 tr\u00e1vn\u00edk kr\u00e1lovsk\u00e9 dokonalosti. Nab\u00edz\u00edme komplexn\u00ed p\u00e9\u010di o v\u00e1\u0161 tr\u00e1vn\u00edk po cel\u00fd rok \u2013 od prvn\u00edho v\u00fdsevu a\u017e po p\u0159\u00edpravu na zimu. D\u00edky n\u011bkolika druh\u016fm hnojiv v\u00e1m zaru\u010dujeme zdrav\u00fd, odoln\u00fd a hust\u00fd tr\u00e1vn\u00edk, kter\u00fd si zachov\u00e1 sv\u016fj vzhled i v n\u00e1ro\u010dn\u00fdch podm\u00ednk\u00e1ch. Sortiment hnojiv zahrnuje produkty pro ka\u017edou f\u00e1zi r\u016fstu a regenerace tr\u00e1vn\u00edku, od Boosteru a hnojiv pro v\u00fdsev a\u017e po dlouhodob\u011b p\u016fsob\u00edc\u00ed hnojiva ur\u010den\u00e1 pro podzimn\u00ed sez\u00f3nu. Jsme tak\u00e9 jedin\u00ed v \u010cR, kte\u0159\u00ed nab\u00edz\u00ed speci\u00e1ln\u00ed sortiment pro robotick\u00e9 seka\u010dky \u2013 kombinaci unik\u00e1tn\u00edho hnojiva a travn\u00ed sm\u011bsi, kter\u00e1 udr\u017e\u00ed v\u00e1\u0161 tr\u00e1vn\u00edk ide\u00e1ln\u011b narostl\u00fd a zdrav\u00fd. <br><br><\/p>\n\n\n\n<p><\/p>\n<\/div>\n\n\n    <div class=\"product-microcard\">\r\n        <div class=\"relative overflow-hidden pt-20\">\r\n            <div class=\"flex pb-52 mx-auto justify-center flex-wrap lg:flex-nowrap items-stretch\">\r\n                \r\n                <!-- Left Column -->\r\n                <div class=\"w-full lg:w-auto card-column lg:items-end\">\r\n                                            <a href=\"#category\" class=\"micro-card\">\r\n                            <h4 class=\"uppercase text-center\">Dlouhodob\u00fd \u00fa\u010dinek<\/h4>\r\n                            <div class=\"micro-card-body\">\r\n                                <h4>Dlouhodob\u00fd \u00fa\u010dinek<\/h4>\r\n                                <p>Hnojivo obsahuje a\u017e 3 formy dus\u00edku, a to rychle a dlouhodob\u011b p\u016fsob\u00edc\u00edho, d\u00edky tomu m\u016f\u017eete v\u00fd\u017eivu aplikovat jen 1x za 2 m\u011bs\u00edce. \n<\/p>\r\n                                                            <\/div>\r\n                        <\/a>\r\n                                            <a href=\"#category\" class=\"micro-card\">\r\n                            <h4 class=\"uppercase text-center\">Ho\u0159\u010d\u00edk <\/h4>\r\n                            <div class=\"micro-card-body\">\r\n                                <h4>Ho\u0159\u010d\u00edk <\/h4>\r\n                                <p>Pod\u00edl\u00ed se na zdrav\u00e9m a zelen\u00e9m vybarven\u00ed tr\u00e1vn\u00edku.\n<\/p>\r\n                                                            <\/div>\r\n                        <\/a>\r\n                                    <\/div>\r\n\r\n                <!-- Center Image -->\r\n                <div class=\"order-first lg:order-none mx-2 z-10\">\r\n                                            <img decoding=\"async\" class=\"lg:scale-125 translate-y-9\" \r\n                             src=\"http:\/\/www.floria.cz\/wp-content\/uploads\/2025\/02\/Navrh-bez-nazvu-33.svg\" \r\n                             alt=\"\">\r\n                                    <\/div>\r\n\r\n                <!-- Right Column -->\r\n                <div class=\"w-full lg:w-auto card-column lg:items-start\">\r\n                                            <a href=\"#category\" class=\"micro-card\">\r\n                            <h4 class=\"uppercase text-center\">S\u00edra<\/h4>\r\n                            <div class=\"micro-card-body\">\r\n                                <h4>S\u00edra<\/h4>\r\n                                <p>Pod\u00edl\u00ed se na zdrav\u00e9m a bujn\u00e9m r\u016fstu tr\u00e1vn\u00edku.\n<\/p>\r\n                                                            <\/div>\r\n                        <\/a>\r\n                                            <a href=\"#category\" class=\"micro-card\">\r\n                            <h4 class=\"uppercase text-center\">Jemn\u00e1 granulace<\/h4>\r\n                            <div class=\"micro-card-body\">\r\n                                <h4>Jemn\u00e1 granulace<\/h4>\r\n                                <p>Tr\u00e1vn\u00edkov\u00e1 hnojiva FLORIA PREMIUM (v krabic\u00edch) jsou kompaktovan\u00e1. Kompaktov\u00e1n\u00ed je proces granulace hnojiv za sucha, kdy sm\u00edch\u00e1me jemn\u00e9 \u010d\u00e1stice jednotliv\u00fdch slo\u017eek, a teprve z t\u00e9to sm\u011bsi vyrob\u00edme kompaktovan\u00e9 granule. Jednotliv\u00e9 granule tedy obsahuj\u00ed v\u0161echny slo\u017eky hnojiva, a to umo\u017enuje mnohem lep\u0161\u00ed a rovnom\u011brn\u011bj\u0161\u00ed distribuci \u017eivin k jednotliv\u00fdm rostlin\u00e1m.\n<\/p>\r\n                                                                    <img decoding=\"async\" src=\"http:\/\/www.floria.cz\/wp-content\/uploads\/2025\/02\/Navrh-bez-nazvu-51.svg\" \r\n                                         alt=\"\">\r\n                                                            <\/div>\r\n                        <\/a>\r\n                                    <\/div>\r\n            <\/div>\r\n\r\n            <div class=\"absolute left-0 right-0 bottom-0 -translate-y-1\/2 flex items-center justify-center\">\r\n                <div class=\"w-0 h-0 bg-transparent rounded-full divider-gradient\"><\/div>\r\n            <\/div>\r\n            <div class=\"linear-divider mb-0\"><\/div>\r\n        <\/div>\r\n    <\/div>\r\n    \n\n    <div class=\"container-section\">\r\n    <div class=\"py-16 px-8\">\r\n        <div class=\"grid grid-cols-1 md:grid-cols-2 xl:grid-cols-4 gap-7\">\r\n                            <div class=\"group flex flex-col items-center justify-center p-10 px-12 rounded-3xl border border-white overflow-hidden transition-all duration-300 hover:shadow-lg\">\r\n                    <a href=\"\/floria-booster-startovaci-travnikove-hnojivo-25-kg\/\" class=\"flex flex-col items-center justify-center\">\r\n                        <div class=\"relative\">\r\n                            <div class=\"absolute top-0 left-0 right-0 bottom-0 flex items-center justify-center -z-10\">\r\n                                <div class=\"w-5 h-5 bg-gray-200 rounded-full product-gradient group-hover:scale-125 transition-transform duration-300\">\r\n                                <\/div>\r\n                            <\/div>\r\n                            <img decoding=\"async\" src=\"http:\/\/www.floria.cz\/wp-content\/uploads\/2025\/02\/Navrh-bez-nazvu-30.svg\" \r\n                                 alt=\"Product\" \r\n                                 class=\"mb-4 z-10 h-[300px] group-hover:scale-105 transition-transform duration-300\">\r\n                        <\/div>\r\n                        <h4 class=\"text-center text-sm text-secondary-light font-medium mb-2 transition-colors duration-300\">\r\n                            FLORIA PREMIUM\u00ae                        <\/h4>\r\n                        <h3 class=\"text-center text-2xl font-semibold mb-2 group-hover:text-primary-light transition-colors duration-300\">\r\n                            Booster \u2013 startovac\u00ed hnojivo                        <\/h3>\r\n                        <span class=\"btn-outline mt-2 opacity-60 hover:opacity-100 hover:text-white transition-all duration-300\">\r\n                            V\u00cdCE INFORMAC\u00cd                        <\/span>\r\n                    <\/a>\r\n                <\/div>\r\n                            <div class=\"group flex flex-col items-center justify-center p-10 px-12 rounded-3xl border border-white overflow-hidden transition-all duration-300 hover:shadow-lg\">\r\n                    <a href=\"\/floria-dlouhodobe-pusobici-travnikove-hnojivo-25-kg\/\" class=\"flex flex-col items-center justify-center\">\r\n                        <div class=\"relative\">\r\n                            <div class=\"absolute top-0 left-0 right-0 bottom-0 flex items-center justify-center -z-10\">\r\n                                <div class=\"w-5 h-5 bg-gray-200 rounded-full product-gradient group-hover:scale-125 transition-transform duration-300\">\r\n                                <\/div>\r\n                            <\/div>\r\n                            <img decoding=\"async\" src=\"http:\/\/www.floria.cz\/wp-content\/uploads\/2025\/02\/Navrh-bez-nazvu-31.svg\" \r\n                                 alt=\"Product\" \r\n                                 class=\"mb-4 z-10 h-[300px] group-hover:scale-105 transition-transform duration-300\">\r\n                        <\/div>\r\n                        <h4 class=\"text-center text-sm text-secondary-light font-medium mb-2 transition-colors duration-300\">\r\n                            FLORIA PREMIUM\u00ae                        <\/h4>\r\n                        <h3 class=\"text-center text-2xl font-semibold mb-2 group-hover:text-primary-light transition-colors duration-300\">\r\n                            Dlouhodob\u011b p\u016fsob\u00edc\u00ed hnojivo                        <\/h3>\r\n                        <span class=\"btn-outline mt-2 opacity-60 hover:opacity-100 hover:text-white transition-all duration-300\">\r\n                            V\u00cdCE INFORMAC\u00cd                        <\/span>\r\n                    <\/a>\r\n                <\/div>\r\n                            <div class=\"group flex flex-col items-center justify-center p-10 px-12 rounded-3xl border border-white overflow-hidden transition-all duration-300 hover:shadow-lg\">\r\n                    <a href=\"\/floriapodzimni-travnikove-hnojivo-25-kg\/\" class=\"flex flex-col items-center justify-center\">\r\n                        <div class=\"relative\">\r\n                            <div class=\"absolute top-0 left-0 right-0 bottom-0 flex items-center justify-center -z-10\">\r\n                                <div class=\"w-5 h-5 bg-gray-200 rounded-full product-gradient group-hover:scale-125 transition-transform duration-300\">\r\n                                <\/div>\r\n                            <\/div>\r\n                            <img decoding=\"async\" src=\"http:\/\/www.floria.cz\/wp-content\/uploads\/2025\/02\/Navrh-bez-nazvu-55.svg\" \r\n                                 alt=\"Product\" \r\n                                 class=\"mb-4 z-10 h-[300px] group-hover:scale-105 transition-transform duration-300\">\r\n                        <\/div>\r\n                        <h4 class=\"text-center text-sm text-secondary-light font-medium mb-2 transition-colors duration-300\">\r\n                            FLORIA PREMIUM\u00ae                        <\/h4>\r\n                        <h3 class=\"text-center text-2xl font-semibold mb-2 group-hover:text-primary-light transition-colors duration-300\">\r\n                            Podzimn\u00ed tr\u00e1vn\u00edkov\u00e9 hnojivo                         <\/h3>\r\n                        <span class=\"btn-outline mt-2 opacity-60 hover:opacity-100 hover:text-white transition-all duration-300\">\r\n                            V\u00cdCE INFORMAC\u00cd                        <\/span>\r\n                    <\/a>\r\n                <\/div>\r\n                            <div class=\"group flex flex-col items-center justify-center p-10 px-12 rounded-3xl border border-white overflow-hidden transition-all duration-300 hover:shadow-lg\">\r\n                    <a href=\"\/floria-travin-travnikove-hnojivo-s-ucinkem-proti-plevelum-3-v-1\/\" class=\"flex flex-col items-center justify-center\">\r\n                        <div class=\"relative\">\r\n                            <div class=\"absolute top-0 left-0 right-0 bottom-0 flex items-center justify-center -z-10\">\r\n                                <div class=\"w-5 h-5 bg-gray-200 rounded-full product-gradient group-hover:scale-125 transition-transform duration-300\">\r\n                                <\/div>\r\n                            <\/div>\r\n                            <img decoding=\"async\" src=\"http:\/\/www.floria.cz\/wp-content\/uploads\/2025\/02\/Navrh-bez-nazvu-59.svg\" \r\n                                 alt=\"Product\" \r\n                                 class=\"mb-4 z-10 h-[300px] group-hover:scale-105 transition-transform duration-300\">\r\n                        <\/div>\r\n                        <h4 class=\"text-center text-sm text-secondary-light font-medium mb-2 transition-colors duration-300\">\r\n                            FLORIA PREMIUM\u00ae                        <\/h4>\r\n                        <h3 class=\"text-center text-2xl font-semibold mb-2 group-hover:text-primary-light transition-colors duration-300\">\r\n                            TRAVIN Hnojivo s \u00fa\u010dinkem proti plevel\u016fm                        <\/h3>\r\n                        <span class=\"btn-outline mt-2 opacity-60 hover:opacity-100 hover:text-white transition-all duration-300\">\r\n                            V\u00cdCE INFORMAC\u00cd                        <\/span>\r\n                    <\/a>\r\n                <\/div>\r\n                            <div class=\"group flex flex-col items-center justify-center p-10 px-12 rounded-3xl border border-white overflow-hidden transition-all duration-300 hover:shadow-lg\">\r\n                    <a href=\"\/floria-travnikove-hnojivo-pro-roboticke-sekani-25-kg\/\" class=\"flex flex-col items-center justify-center\">\r\n                        <div class=\"relative\">\r\n                            <div class=\"absolute top-0 left-0 right-0 bottom-0 flex items-center justify-center -z-10\">\r\n                                <div class=\"w-5 h-5 bg-gray-200 rounded-full product-gradient group-hover:scale-125 transition-transform duration-300\">\r\n                                <\/div>\r\n                            <\/div>\r\n                            <img decoding=\"async\" src=\"http:\/\/www.floria.cz\/wp-content\/uploads\/2025\/02\/Navrh-bez-nazvu-33.svg\" \r\n                                 alt=\"Product\" \r\n                                 class=\"mb-4 z-10 h-[300px] group-hover:scale-105 transition-transform duration-300\">\r\n                        <\/div>\r\n                        <h4 class=\"text-center text-sm text-secondary-light font-medium mb-2 transition-colors duration-300\">\r\n                            FLORIA PREMIUM\u00ae                        <\/h4>\r\n                        <h3 class=\"text-center text-2xl font-semibold mb-2 group-hover:text-primary-light transition-colors duration-300\">\r\n                            Hnojivo pro robotick\u00e9 sekan\u00ed                        <\/h3>\r\n                        <span class=\"btn-outline mt-2 opacity-60 hover:opacity-100 hover:text-white transition-all duration-300\">\r\n                            V\u00cdCE INFORMAC\u00cd                        <\/span>\r\n                    <\/a>\r\n                <\/div>\r\n                            <div class=\"group flex flex-col items-center justify-center p-10 px-12 rounded-3xl border border-white overflow-hidden transition-all duration-300 hover:shadow-lg\">\r\n                    <a href=\"\/floria-travnikove-hnojivo-pro-vysevy-dosevy-a-regeneraci-25-kg\/\" class=\"flex flex-col items-center justify-center\">\r\n                        <div class=\"relative\">\r\n                            <div class=\"absolute top-0 left-0 right-0 bottom-0 flex items-center justify-center -z-10\">\r\n                                <div class=\"w-5 h-5 bg-gray-200 rounded-full product-gradient group-hover:scale-125 transition-transform duration-300\">\r\n                                <\/div>\r\n                            <\/div>\r\n                            <img decoding=\"async\" src=\"http:\/\/www.floria.cz\/wp-content\/uploads\/2025\/02\/Navrh-bez-nazvu-34.svg\" \r\n                                 alt=\"Product\" \r\n                                 class=\"mb-4 z-10 h-[300px] group-hover:scale-105 transition-transform duration-300\">\r\n                        <\/div>\r\n                        <h4 class=\"text-center text-sm text-secondary-light font-medium mb-2 transition-colors duration-300\">\r\n                            FLORIA PREMIUM\u00ae                        <\/h4>\r\n                        <h3 class=\"text-center text-2xl font-semibold mb-2 group-hover:text-primary-light transition-colors duration-300\">\r\n                            hnojivo pro v\u00fdsevy a dosevy                         <\/h3>\r\n                        <span class=\"btn-outline mt-2 opacity-60 hover:opacity-100 hover:text-white transition-all duration-300\">\r\n                            V\u00cdCE INFORMAC\u00cd                        <\/span>\r\n                    <\/a>\r\n                <\/div>\r\n                            <div class=\"group flex flex-col items-center justify-center p-10 px-12 rounded-3xl border border-white overflow-hidden transition-all duration-300 hover:shadow-lg\">\r\n                    <a href=\"\/floria-travnikove-hnojivo-s-odpuzujicim-ucinkem-proti-krtkum\/\" class=\"flex flex-col items-center justify-center\">\r\n                        <div class=\"relative\">\r\n                            <div class=\"absolute top-0 left-0 right-0 bottom-0 flex items-center justify-center -z-10\">\r\n                                <div class=\"w-5 h-5 bg-gray-200 rounded-full product-gradient group-hover:scale-125 transition-transform duration-300\">\r\n                                <\/div>\r\n                            <\/div>\r\n                            <img decoding=\"async\" src=\"http:\/\/www.floria.cz\/wp-content\/uploads\/2025\/02\/Navrh-bez-nazvu-35.svg\" \r\n                                 alt=\"Product\" \r\n                                 class=\"mb-4 z-10 h-[300px] group-hover:scale-105 transition-transform duration-300\">\r\n                        <\/div>\r\n                        <h4 class=\"text-center text-sm text-secondary-light font-medium mb-2 transition-colors duration-300\">\r\n                            FLORIA PREMIUM\u00ae                        <\/h4>\r\n                        <h3 class=\"text-center text-2xl font-semibold mb-2 group-hover:text-primary-light transition-colors duration-300\">\r\n                            Hnojivo odpuzuj\u00edc\u00ed krtky                        <\/h3>\r\n                        <span class=\"btn-outline mt-2 opacity-60 hover:opacity-100 hover:text-white transition-all duration-300\">\r\n                            V\u00cdCE INFORMAC\u00cd                        <\/span>\r\n                    <\/a>\r\n                <\/div>\r\n                    <\/div>\r\n    <\/div>\r\n    <\/div>\r\n    ","protected":false},"excerpt":{"rendered":"<p>Tr\u00e1vn\u00edkov\u00e1 hnojiva S novou \u0159adou FLORIA PREMIUM dos\u00e1hne v\u00e1\u0161 tr\u00e1vn\u00edk kr\u00e1lovsk\u00e9 dokonalosti. Nab\u00edz\u00edme komplexn\u00ed p\u00e9\u010di o v\u00e1\u0161 tr\u00e1vn\u00edk po cel\u00fd rok \u2013 od prvn\u00edho v\u00fdsevu a\u017e po p\u0159\u00edpravu na zimu. D\u00edky n\u011bkolika druh\u016fm hnojiv v\u00e1m zaru\u010dujeme zdrav\u00fd, odoln\u00fd a hust\u00fd tr\u00e1vn\u00edk, kter\u00fd si zachov\u00e1 sv\u016fj vzhled i v n\u00e1ro\u010dn\u00fdch podm\u00ednk\u00e1ch. Sortiment hnojiv zahrnuje produkty pro [&hellip;]<\/p>\n","protected":false},"author":2,"featured_media":0,"parent":0,"menu_order":0,"comment_status":"closed","ping_status":"closed","template":"page-templates\/page_main.php","meta":{"footnotes":"","css_class_manager_body_classes":"","css_class_manager_use_in_post_loop":false},"page_category":[],"class_list":["post-1231","page","type-page","status-publish","hentry"],"_links":{"self":[{"href":"https:\/\/www.floria.cz\/sk\/wp-json\/wp\/v2\/pages\/1231","targetHints":{"allow":["GET"]}}],"collection":[{"href":"https:\/\/www.floria.cz\/sk\/wp-json\/wp\/v2\/pages"}],"about":[{"href":"https:\/\/www.floria.cz\/sk\/wp-json\/wp\/v2\/types\/page"}],"author":[{"embeddable":true,"href":"https:\/\/www.floria.cz\/sk\/wp-json\/wp\/v2\/users\/2"}],"replies":[{"embeddable":true,"href":"https:\/\/www.floria.cz\/sk\/wp-json\/wp\/v2\/comments?post=1231"}],"version-history":[{"count":11,"href":"https:\/\/www.floria.cz\/sk\/wp-json\/wp\/v2\/pages\/1231\/revisions"}],"predecessor-version":[{"id":1818,"href":"https:\/\/www.floria.cz\/sk\/wp-json\/wp\/v2\/pages\/1231\/revisions\/1818"}],"wp:attachment":[{"href":"https:\/\/www.floria.cz\/sk\/wp-json\/wp\/v2\/media?parent=1231"}],"wp:term":[{"taxonomy":"page_category","embeddable":true,"href":"https:\/\/www.floria.cz\/sk\/wp-json\/wp\/v2\/page_category?post=1231"}],"curies":[{"name":"wp","href":"https:\/\/api.w.org\/{rel}","templated":true}]}}