{"id":126,"date":"2025-01-18T06:47:16","date_gmt":"2025-01-18T06:47:16","guid":{"rendered":"https:\/\/www.floria.cz\/?page_id=126"},"modified":"2025-02-24T14:35:34","modified_gmt":"2025-02-24T14:35:34","slug":"floria-radi","status":"publish","type":"page","link":"https:\/\/www.floria.cz\/sk\/floria-radi\/","title":{"rendered":"Floria rad\u00ed"},"content":{"rendered":"\n<h1 class=\"wp-block-heading has-text-align-center\">Floria rad\u00ed<\/h1>\n\n\n\n<div class=\"container-section relative\">\n    <div class=\"custom-carousel pt-12 pb-20 overflow-hidden\">\n        <div class=\"swiper-container \">\n                        <div class=\"swiper-wrapper z-0\">\n                                    <div class=\"swiper-slide\" data-month=\"0\">\n                        <span class=\"category-name\">Leden<\/span>\n                                                    <br \/><span class=\"category-description\">Leden je ide\u00e1ln\u00ed \u010das pro p\u0159\u00edpravu zahrady na novou sez\u00f3nu. Na na\u0161em blogu se dozv\u00edte, jak spr\u00e1vn\u011b pe\u010dovat o rostliny v zimn\u00edch m\u011bs\u00edc\u00edch, jak chr\u00e1nit kv\u011btiny p\u0159ed mrazem a co v\u0161echno m\u016f\u017eete ud\u011blat pro to, aby va\u0161e zahrada vzkv\u00e9tala u\u017e na ja\u0159e. Nechte se inspirovat na\u0161imi tipy a za\u010dn\u011bte nov\u00fd rok s l\u00e1skou k zahradni\u010den\u00ed! <\/span>\n                                            <\/div>\n                                    <div class=\"swiper-slide\" data-month=\"1\">\n                        <span class=\"category-name\">\u00danor<\/span>\n                                                    <br \/><span class=\"category-description\">\u00danor je m\u011bs\u00edc, kdy se za\u010d\u00edn\u00e1me t\u011b\u0161it na jaro! Na na\u0161em blogu najdete rady, jak spr\u00e1vn\u011b postarat o rostliny, kter\u00e9 p\u0159e\u010dk\u00e1vaj\u00ed zimu, a jak p\u0159ipravit zahradu na nadch\u00e1zej\u00edc\u00ed sez\u00f3nu. Nezapome\u0148te na \u00fadr\u017ebu n\u00e1\u0159ad\u00ed a prvn\u00ed v\u00fdsadby, kter\u00e9 v\u00e1m usnadn\u00ed jarn\u00ed start<\/span>\n                                            <\/div>\n                                    <div class=\"swiper-slide\" data-month=\"2\">\n                        <span class=\"category-name\">B\u0159ezen<\/span>\n                                                    <br \/><span class=\"category-description\">B\u0159ezen je m\u011bs\u00edc pln\u00fd p\u0159\u00edslib\u016f jara! Na na\u0161em blogu v\u00e1m p\u0159in\u00e1\u0161\u00edme tipy na jarn\u00ed v\u00fdsadby, hnojen\u00ed a p\u00e9\u010di o rostliny, kter\u00e9 se probouzej\u00ed ze zimn\u00edho sp\u00e1nku. Zahradn\u00edci, p\u0159ipravte se na prvn\u00ed v\u00fdsev a zas\u00e9v\u00e1n\u00ed kv\u011btin, bylinek a zeleniny. S produkty Floria bude va\u0161e zahrada vzkv\u00e9tat u\u017e od prvn\u00edch jarn\u00edch dn\u016f.<\/span>\n                                            <\/div>\n                                    <div class=\"swiper-slide\" data-month=\"3\">\n                        <span class=\"category-name\">Duben<\/span>\n                                                    <br \/><span class=\"category-description\">Duben p\u0159in\u00e1\u0161\u00ed prvn\u00ed skute\u010dn\u00e9 jarn\u00ed teplo! Je \u010das na v\u00fdsadbu, p\u0159esazov\u00e1n\u00ed a pravidelnou p\u00e9\u010di o rostliny. V na\u0161em \u010dl\u00e1nku se dozv\u00edte, jak spr\u00e1vn\u011b pe\u010dovat o kv\u011btiny, zeleninu , aby va\u0161e zahrada byla kr\u00e1sn\u00e1 a zdrav\u00e1. Duben se nese p\u0159edev\u0161\u00edm ve znamen\u00ed \u00fadr\u017eby tr\u00e1vn\u00edku, s produkty FLORIA PREMIUM bude o n\u011bj kr\u00e1lovsky postar\u00e1no\u2026 Nezapome\u0148te tak\u00e9 na hnojen\u00ed a ochranu p\u0159ed \u0161k\u016fdci. <\/span>\n                                            <\/div>\n                                    <div class=\"swiper-slide\" data-month=\"4\">\n                        <span class=\"category-name\">Kv\u011bten<\/span>\n                                                    <br \/><span class=\"category-description\">Kv\u011bten je ide\u00e1ln\u00ed \u010das pro hnojen\u00ed rostlin, a ochranu p\u0159ed \u0161k\u016fdci. Na na\u0161em blogu najdete tipy, jak zajistit, aby va\u0161e kv\u011btiny, bylinky i zelenina rostly siln\u00e9 a zdrav\u00e9. Nezapome\u0148te na pravidelnou z\u00e1livku, hnojen\u00ed a p\u00e9\u010di o tr\u00e1vn\u00edk. Je \u010das vysadit rostliny ven! <\/span>\n                                            <\/div>\n                                    <div class=\"swiper-slide\" data-month=\"5\">\n                        <span class=\"category-name\">\u010cerven<\/span>\n                                                    <br \/><span class=\"category-description\">L\u00e9to je tady a s n\u00edm i obdob\u00ed intenzivn\u00edho r\u016fstu. V \u010dervnu je d\u016fle\u017eit\u00e9 pravideln\u011b zal\u00e9vat, hnojit a chr\u00e1nit rostliny p\u0159ed \u0161k\u016fdci. Na na\u0161em blogu se dozv\u00edte, jak se postarat o letn\u00ed kv\u011btiny, zeleninu a tr\u00e1vn\u00edk, aby va\u0161e zahrada byla v pln\u00e9 s\u00edle. Nezapom\u00edn\u00e1me ani na rostliny v interi\u00e9ru.<\/span>\n                                            <\/div>\n                                    <div class=\"swiper-slide\" data-month=\"6\">\n                        <span class=\"category-name\">\u010cervenec<\/span>\n                                                    <br \/><span class=\"category-description\">L\u00e9to v pln\u00e9m proudu znamen\u00e1 hork\u00e9 dny a intenzivn\u00ed r\u016fst rostlin. V \u010dervenci je kl\u00ed\u010dov\u00e9 zam\u011b\u0159it se na spr\u00e1vnou z\u00e1livku, hnojen\u00ed a ochranu p\u0159ed \u0161k\u016fdci, aby va\u0161e zahrada z\u016fstala zdrav\u00e1 a kr\u00e1sn\u00e1 i b\u011bhem horka. Na\u0161e tipy v\u00e1m pomohou udr\u017eet celou zahradu v nejlep\u0161\u00ed kondici. <\/span>\n                                            <\/div>\n                                    <div class=\"swiper-slide\" data-month=\"7\">\n                        <span class=\"category-name\">Srpen<\/span>\n                                                    <br \/><span class=\"category-description\">Srpen p\u0159in\u00e1\u0161\u00ed vrchol l\u00e9ta, kdy je pot\u0159eba v\u011bnovat zahrad\u011b extra p\u00e9\u010di. V tomto m\u011bs\u00edci je d\u016fle\u017eit\u00e1 p\u0159\u00edprava na podzimn\u00ed sez\u00f3nu. Na na\u0161em blogu najdete tipy na spr\u00e1vnou p\u00e9\u010di o tr\u00e1vn\u00edk arostliny, aby va\u0161e zahrada i nad\u00e1le vypadala sv\u011b\u017ee a zdrav\u011b. V srpnu nav\u00edc m\u016f\u017eete je\u0161t\u011b st\u00e1le vys\u00e9vat.<\/span>\n                                            <\/div>\n                                    <div class=\"swiper-slide\" data-month=\"8\">\n                        <span class=\"category-name\">Z\u00e1\u0159\u00ed<\/span>\n                                                    <br \/><span class=\"category-description\">Z\u00e1\u0159\u00ed je ide\u00e1ln\u00ed \u010das na p\u0159\u00edpravu zahrady na p\u0159\u00edchod podzimu. V tomto m\u011bs\u00edci se zam\u011b\u0159te na sklize\u0148, p\u0159esazov\u00e1n\u00ed rostlin a hnojen\u00ed, aby va\u0161e zahrada z\u016fstala siln\u00e1 a p\u0159ipraven\u00e1 na chladn\u011bj\u0161\u00ed dny. V na\u0161em \u010dl\u00e1nku se dozv\u00edte, jak pe\u010dovat o tr\u00e1vn\u00edk na podzim nebo jak vysadit bor\u016fvky. <\/span>\n                                            <\/div>\n                                    <div class=\"swiper-slide\" data-month=\"9\">\n                        <span class=\"category-name\">\u0158\u00edjen<\/span>\n                                                    <br \/><span class=\"category-description\">Podzim je v pln\u00e9m proudu a je \u010das p\u0159ipravit zahradu na zimu. V \u0159\u00edjnu se zam\u011b\u0159te na \u00fadr\u017ebu tr\u00e1vn\u00edku, ochranu rostlin p\u0159ed mrazem a p\u0159\u00edpravu z\u00e1hon\u016f na odpo\u010dinek. Je\u0161t\u011b st\u00e1le m\u016f\u017eete vysazovat ovocn\u00e9 i okrasn\u00e9 d\u0159eviny a je posledn\u00ed \u0161ance p\u0159ihnojit tr\u00e1vn\u00edk, aby p\u0159e\u010dkal zimu bez po\u0161kozen\u00ed.<\/span>\n                                            <\/div>\n                                    <div class=\"swiper-slide\" data-month=\"10\">\n                        <span class=\"category-name\">Listopad<\/span>\n                                                    <br \/><span class=\"category-description\">Listopad je \u010das na posledn\u00ed \u00fapravy v zahrad\u011b p\u0159ed p\u0159\u00edchodem zimy. V tomto m\u011bs\u00edci je d\u016fle\u017eit\u00e9 chr\u00e1nit rostliny p\u0159ed mrazem a za\u010d\u00edt s p\u0159\u00edpravou z\u00e1hon\u016f na jarn\u00ed v\u00fdsadbu. Na na\u0161em blogu se dozv\u00edte, jak spr\u00e1vn\u011b zkompletovat podzimn\u00ed pr\u00e1ce a co v\u0161e m\u016f\u017eete ud\u011blat, abyste sv\u00e9 rostliny ochr\u00e1nili p\u0159ed zimn\u00edmi mrazy. <\/span>\n                                            <\/div>\n                                    <div class=\"swiper-slide\" data-month=\"11\">\n                        <span class=\"category-name\">Prosinec<\/span>\n                                                    <br \/><span class=\"category-description\">I kdy\u017e je venku chladno, zahrada si zaslou\u017e\u00ed va\u0161i pozornost. V prosinci je \u010das na posledn\u00ed p\u0159\u00edpravy na zimu \u2013 ochranu rostlin, \u00fadr\u017ebu n\u00e1\u0159ad\u00ed a pl\u00e1nov\u00e1n\u00ed v\u00fdsadeb na p\u0159\u00ed\u0161t\u00ed rok. V na\u0161em \u010dl\u00e1nku v\u00e1m p\u0159in\u00e1\u0161\u00edme tipy na zimn\u00ed p\u00e9\u010di o zahradu, aby va\u0161e kv\u011btiny a ke\u0159e p\u0159e\u010dkaly zimu v nejlep\u0161\u00ed kondici. Zam\u011b\u0159te se i na va\u0161e pokojov\u00e9 kv\u011btiny a orchideje, aby i nad\u00e1le zdobili v\u00e1\u0161 domov. <\/span>\n                                            <\/div>\n                \n            <\/div>\n        <\/div>\n    <\/div>\n    <div class=\"absolute left-0 right-0 top-0 bottom-0 flex items-center justify-center gap-x-96\">\n        <div class=\"swiper-button-prev rounded-ful z-50 \"><\/div>\n        <div class=\"swiper-button-next  z-50\"><\/div>\n    <\/div>\n<\/div>\n\n<div class=\"container-section relative\">\n    <div id=\"article-list\" class=\"grid grid-cols-1 lg:grid-cols-2 gap-10 gap-x-14 mt-8\">\n        <h3 class=\"text-center col-span-2\">Vyberte m\u011bs\u00edc z carouselu pro zobrazen\u00ed \u010dl\u00e1nk\u016f.<\/h3>\n    <\/div>\n<\/div>\n\n<script>\n    function pickMonth(el) {\n        const articleList = document.getElementById('article-list');\n        let month = el + 1;\n\n        const data = new FormData();\n        data.append('action', 'load_articles');\n        data.append('month', month);\n\n        fetch('https:\/\/www.floria.cz\/wp-admin\/admin-ajax.php', {\n            method: 'POST',\n            body: data,\n        })\n            .then(response => response.text())\n            .then(html => {\n                articleList.innerHTML = html;\n            })\n            .catch(error => console.error('Chyba p\u0159i na\u010d\u00edt\u00e1n\u00ed \u010dl\u00e1nk\u016f:', error));\n    }\n\n    jQuery(document).ready(function ($) {\n        const slides = document.querySelectorAll('.swiper-slide');\n\n        slides.forEach((slide, i) => {\n\n            slide.addEventListener('click', (e) => {\n                if (window.monthSwiper) {\n                    window.monthSwiper.slideTo(i);\n                }\n            });\n        });\n    });\n<\/script>\n\n\n    <div class=\"container-section py-16 px-8\">\r\n        <h2 class=\"heading-mid mb-8\">Na\u0161e jedni\u010dky<\/h2>\r\n\r\n        <div class=\"grid grid-cols-1 md:grid-cols-2 xl:grid-cols-4 gap-7\">\r\n                            <div class=\"group flex flex-col items-center justify-center py-4 px-5 max-xl:py-10 max-xl:px-12  rounded-3xl border border-white overflow-hidden transition-all duration-300 hover:shadow-lg\">\r\n                    <a href=\"\/floria-zahradnicky-substrat-40-l\/\" class=\"flex flex-col items-center justify-center\">\r\n                        <div class=\"relative\">\r\n                            <div class=\"absolute top-0 left-0 right-0 bottom-0 flex items-center justify-center -z-10\">\r\n                                <div class=\"w-5 h-5 bg-gray-200 rounded-full product-gradient group-hover:scale-125 transition-transform duration-300\"><\/div>\r\n                            <\/div>\r\n                            <img decoding=\"async\" src=\"http:\/\/www.floria.cz\/wp-content\/uploads\/2025\/02\/Navrh-bez-nazvu-26.svg\" \r\n                                 alt=\"ZAHRADNICK\u00dd SUBSTR\u00c1T\" \r\n                                 class=\"mb-4 z-10 h-[300px] group-hover:scale-105 transition-transform duration-300\">\r\n                        <\/div>\r\n                        <h4 class=\"text-center text-sm text-secondary-light font-medium mb-2 transition-colors duration-300\">\r\n                            FLORIA PREMIUM                        <\/h4>\r\n                        <h3 class=\"text-center text-2xl md:text-xl lg:text-lg font-semibold mb-2 group-hover:text-primary-light transition-colors duration-300\">\r\n                            ZAHRADNICK\u00dd SUBSTR\u00c1T                        <\/h3>\r\n                        <span class=\"btn-outline mt-2 opacity-60 hover:opacity-100 hover:text-white transition-all duration-300\">\r\n                            V\u00cdCE INFORMAC\u00cd                        <\/span>\r\n                    <\/a>\r\n                <\/div>\r\n                            <div class=\"group flex flex-col items-center justify-center py-4 px-5 max-xl:py-10 max-xl:px-12  rounded-3xl border border-white overflow-hidden transition-all duration-300 hover:shadow-lg\">\r\n                    <a href=\"\/floria-kapalne-kvetinove-hnojivo-1-l-rostlinny-elixir\/\" class=\"flex flex-col items-center justify-center\">\r\n                        <div class=\"relative\">\r\n                            <div class=\"absolute top-0 left-0 right-0 bottom-0 flex items-center justify-center -z-10\">\r\n                                <div class=\"w-5 h-5 bg-gray-200 rounded-full product-gradient group-hover:scale-125 transition-transform duration-300\"><\/div>\r\n                            <\/div>\r\n                            <img decoding=\"async\" src=\"http:\/\/www.floria.cz\/wp-content\/uploads\/2025\/02\/Navrh-bez-nazvu-10.svg\" \r\n                                 alt=\"KV\u011aTINOV\u00c9 KAPALN\u00c9 HNOJIVO\" \r\n                                 class=\"mb-4 z-10 h-[300px] group-hover:scale-105 transition-transform duration-300\">\r\n                        <\/div>\r\n                        <h4 class=\"text-center text-sm text-secondary-light font-medium mb-2 transition-colors duration-300\">\r\n                            FLORIA PREMIUM                        <\/h4>\r\n                        <h3 class=\"text-center text-2xl md:text-xl lg:text-lg font-semibold mb-2 group-hover:text-primary-light transition-colors duration-300\">\r\n                            KV\u011aTINOV\u00c9 KAPALN\u00c9 HNOJIVO                        <\/h3>\r\n                        <span class=\"btn-outline mt-2 opacity-60 hover:opacity-100 hover:text-white transition-all duration-300\">\r\n                            V\u00cdCE INFORMAC\u00cd                        <\/span>\r\n                    <\/a>\r\n                <\/div>\r\n                            <div class=\"group flex flex-col items-center justify-center py-4 px-5 max-xl:py-10 max-xl:px-12  rounded-3xl border border-white overflow-hidden transition-all duration-300 hover:shadow-lg\">\r\n                    <a href=\"\/floria-travnikove-hnojivo-pro-roboticke-sekani-25-kg\/\" class=\"flex flex-col items-center justify-center\">\r\n                        <div class=\"relative\">\r\n                            <div class=\"absolute top-0 left-0 right-0 bottom-0 flex items-center justify-center -z-10\">\r\n                                <div class=\"w-5 h-5 bg-gray-200 rounded-full product-gradient group-hover:scale-125 transition-transform duration-300\"><\/div>\r\n                            <\/div>\r\n                            <img decoding=\"async\" src=\"http:\/\/www.floria.cz\/wp-content\/uploads\/2025\/02\/Navrh-bez-nazvu-33.svg\" \r\n                                 alt=\"HNOJIVO PRO ROBOTICK\u00c9 SEK\u00c1N\u00cd\" \r\n                                 class=\"mb-4 z-10 h-[300px] group-hover:scale-105 transition-transform duration-300\">\r\n                        <\/div>\r\n                        <h4 class=\"text-center text-sm text-secondary-light font-medium mb-2 transition-colors duration-300\">\r\n                            FLORIA PREMIUM                        <\/h4>\r\n                        <h3 class=\"text-center text-2xl md:text-xl lg:text-lg font-semibold mb-2 group-hover:text-primary-light transition-colors duration-300\">\r\n                            HNOJIVO PRO ROBOTICK\u00c9 SEK\u00c1N\u00cd                        <\/h3>\r\n                        <span class=\"btn-outline mt-2 opacity-60 hover:opacity-100 hover:text-white transition-all duration-300\">\r\n                            V\u00cdCE INFORMAC\u00cd                        <\/span>\r\n                    <\/a>\r\n                <\/div>\r\n                            <div class=\"group flex flex-col items-center justify-center py-4 px-5 max-xl:py-10 max-xl:px-12  rounded-3xl border border-white overflow-hidden transition-all duration-300 hover:shadow-lg\">\r\n                    <a href=\"\/floria-travni-smes-exclusive-1-kg\/\" class=\"flex flex-col items-center justify-center\">\r\n                        <div class=\"relative\">\r\n                            <div class=\"absolute top-0 left-0 right-0 bottom-0 flex items-center justify-center -z-10\">\r\n                                <div class=\"w-5 h-5 bg-gray-200 rounded-full product-gradient group-hover:scale-125 transition-transform duration-300\"><\/div>\r\n                            <\/div>\r\n                            <img decoding=\"async\" src=\"http:\/\/www.floria.cz\/wp-content\/uploads\/2025\/02\/Navrh-bez-nazvu-27.svg\" \r\n                                 alt=\"TRAVN\u00cd SM\u011aS EXCLUSIVE\" \r\n                                 class=\"mb-4 z-10 h-[300px] group-hover:scale-105 transition-transform duration-300\">\r\n                        <\/div>\r\n                        <h4 class=\"text-center text-sm text-secondary-light font-medium mb-2 transition-colors duration-300\">\r\n                            FLORIA PREMIUM                        <\/h4>\r\n                        <h3 class=\"text-center text-2xl md:text-xl lg:text-lg font-semibold mb-2 group-hover:text-primary-light transition-colors duration-300\">\r\n                            TRAVN\u00cd SM\u011aS EXCLUSIVE                        <\/h3>\r\n                        <span class=\"btn-outline mt-2 opacity-60 hover:opacity-100 hover:text-white transition-all duration-300\">\r\n                            V\u00cdCE INFORMAC\u00cd                        <\/span>\r\n                    <\/a>\r\n                <\/div>\r\n                    <\/div>\r\n    <\/div>\r\n    ","protected":false},"excerpt":{"rendered":"<p>Floria rad\u00ed<\/p>","protected":false},"author":1,"featured_media":0,"parent":0,"menu_order":0,"comment_status":"closed","ping_status":"closed","template":"page-templates\/page_main.php","meta":{"footnotes":"","css_class_manager_body_classes":"","css_class_manager_use_in_post_loop":false},"page_category":[],"class_list":["post-126","page","type-page","status-publish","hentry"],"_links":{"self":[{"href":"https:\/\/www.floria.cz\/sk\/wp-json\/wp\/v2\/pages\/126","targetHints":{"allow":["GET"]}}],"collection":[{"href":"https:\/\/www.floria.cz\/sk\/wp-json\/wp\/v2\/pages"}],"about":[{"href":"https:\/\/www.floria.cz\/sk\/wp-json\/wp\/v2\/types\/page"}],"author":[{"embeddable":true,"href":"https:\/\/www.floria.cz\/sk\/wp-json\/wp\/v2\/users\/1"}],"replies":[{"embeddable":true,"href":"https:\/\/www.floria.cz\/sk\/wp-json\/wp\/v2\/comments?post=126"}],"version-history":[{"count":50,"href":"https:\/\/www.floria.cz\/sk\/wp-json\/wp\/v2\/pages\/126\/revisions"}],"predecessor-version":[{"id":1604,"href":"https:\/\/www.floria.cz\/sk\/wp-json\/wp\/v2\/pages\/126\/revisions\/1604"}],"wp:attachment":[{"href":"https:\/\/www.floria.cz\/sk\/wp-json\/wp\/v2\/media?parent=126"}],"wp:term":[{"taxonomy":"page_category","embeddable":true,"href":"https:\/\/www.floria.cz\/sk\/wp-json\/wp\/v2\/page_category?post=126"}],"curies":[{"name":"wp","href":"https:\/\/api.w.org\/{rel}","templated":true}]}}