{"id":177,"date":"2025-01-19T08:10:08","date_gmt":"2025-01-19T08:10:08","guid":{"rendered":"https:\/\/www.floria.cz\/?page_id=177"},"modified":"2025-02-25T07:10:18","modified_gmt":"2025-02-25T07:10:18","slug":"pestitelsky-program","status":"publish","type":"page","link":"https:\/\/www.floria.cz\/sk\/pestitelsky-program\/","title":{"rendered":"Pestovate\u013esk\u00fd program"},"content":{"rendered":"    <div class=\"single-hero flex mb-20 group\">\r\n        <div class=\"hero-section w-full bg-cover bg-center\"\r\n            style=\"background-image: url('http:\/\/www.floria.cz\/wp-content\/uploads\/2025\/02\/shutterstock_2482530417.jpg')\">\r\n            \r\n            <div class=\"absolute inset-0 bg-black bg-opacity-50\"><\/div>\r\n            <div class=\"hero-section-content\">\r\n                <img decoding=\"async\" src=\"http:\/\/www.floria.cz\/wp-content\/uploads\/2025\/01\/flower.svg\" class=\"hero-section-icon\" alt=\"Hero icon\">\r\n                <h1 class=\"hero-section-title\">P\u011bstitelsk\u00fd program<\/h1>\r\n            <\/div>\r\n        <\/div>\r\n\r\n        <!-- Down pointing arrow -->\r\n        <div class=\"absolute bottom-32 z-50 left-0 right-0 text-center animate-bounce hidden lg:block\">\r\n            <a class=\"inline-block z-50 p-2 md:p-5 pb-1\" href=\"#floria-content\">\r\n                <img decoding=\"async\" class=\"w-9 md:w-16 animate-bounce\" \r\n                     src=\"https:\/\/www.floria.cz\/wp-content\/themes\/floria\/assets\/images\/icons\/down-arrow.svg\"\r\n                     alt=\"Down arrow\">\r\n            <\/a>\r\n        <\/div>\r\n    <\/div>\r\n    \n\n\n<div id=\"floria-content\" class=\"wp-block-group is-layout-constrained wp-block-group-is-layout-constrained\"><\/div>\n\n\n    <div class=\"globe-side-effect overflow-hidden\">\r\n        <img decoding=\"async\" src=\"https:\/\/www.floria.cz\/wp-content\/themes\/floria\/assets\/images\/globe-left.png\" alt=\"Flower globe\"\r\n            class=\"left-globe\">\r\n        <img decoding=\"async\" src=\"https:\/\/www.floria.cz\/wp-content\/themes\/floria\/assets\/images\/globe-right.png\" alt=\"Flower globe\"\r\n            class=\"right-globe\">\r\n\r\n        <div class=\"container-section z-50\">\r\n                            <section class=\"py-10\">\r\n                    <div class=\"flex justify-center -mb-12\">\r\n                        <img decoding=\"async\" src=\"https:\/\/www.floria.cz\/wp-content\/themes\/floria\/assets\/images\/flower-dim.png\" alt=\"Text Silver\" class=\"w-36\">\r\n                    <\/div>\r\n                    <h2 class=\"heading-mid pt-0\">Pro kr\u00e1lovny zahrad<\/h2>\r\n                    <!--                         <div class=\"text-center my-4\">\r\n                            <img decoding=\"async\" src=\"http:\/\/www.floria.cz\/wp-content\/uploads\/2025\/01\/kralovna-zahrady.webp\" alt=\"Icon\" class=\"inline-block w-44\">\r\n                        <\/div>\r\n                     -->\r\n                    <div class=\"flex flex-wrap justify-center gap-6 mt-12 leading-normal\">\r\n                                                    <a href=\"https:\/\/www.floria.cz\/substraty\/\" class=\" mini-card\">\r\n                                <h4 class=\"uppercase text-center\">SUBSTR\u00c1TY<\/h4>\r\n                            <\/a>\r\n                                                    <a href=\"https:\/\/www.floria.cz\/kapalna-hnojiva\/\" class=\" mini-card\">\r\n                                <h4 class=\"uppercase text-center\">KAPALN\u00c1 HNOJIVA<\/h4>\r\n                            <\/a>\r\n                                                    <a href=\"https:\/\/www.floria.cz\/pevna-hnojiva\/\" class=\" mini-card\">\r\n                                <h4 class=\"uppercase text-center\">PEVN\u00c1 HNOJIVA<\/h4>\r\n                            <\/a>\r\n                                                    <a href=\"https:\/\/www.floria.cz\/dekoracni-materialy\/\" class=\" mini-card\">\r\n                                <h4 class=\"uppercase text-center\">DEKORA\u010cN\u00cd MATERI\u00c1L<\/h4>\r\n                            <\/a>\r\n                                            <\/div>\r\n                <\/section>\r\n            \r\n            <section class=\"py-10\">\r\n                            <\/section>\r\n        <\/div>\r\n    <\/div>\r\n    \n\n    <div class=\"container-section pt-4\">\r\n        <div class=\"border-2 border-silver p-10 lg:p-20 pb-16 rounded-2xl lg:rounded-4xl\">\r\n            \r\n            <h2 class=\"mb-16 text-center\">S inovovanou \u0159adou FLORIA\u00ae PREMIUM se p\u00e9\u010de O va\u0161i zahradu st\u00e1v\u00e1 kr\u00e1lovsk\u00fdm z\u00e1\u017eitkem<\/h2>\r\n\r\n                            <div class=\"flex flex-wrap xl:flex-nowrap justify-center lg:gap-x-20 mb-14\">\r\n                                            <div class=\"w-full xl:w-5\/12 flex justify-center lg:justify-start py-2\">\r\n                            <img decoding=\"async\" src=\"http:\/\/www.floria.cz\/wp-content\/uploads\/2025\/02\/Navrh-bez-nazvu-40.svg\" alt=\"Section image\" class=\"inline-block w-auto lg:w-full\">\r\n                        <\/div>\r\n                    \r\n                    <div class=\"w-full xl:w-7\/12 pr-3 flex flex-wrap align-center py-2\">\r\n                        <h3 class=\"heading-padded\">Pro siln\u00e9 a zdrav\u00e9 rostliny<\/h3>\r\n                        <p class=\"leading-tight\">Nab\u00edz\u00edme kompletn\u00ed sortiment, kter\u00fd pokr\u00fdv\u00e1 v\u0161echny pot\u0159eby va\u0161ich rostlin \u2013 od speci\u00e1ln\u00edch substr\u00e1t\u016f a\u017e po pr\u00e9miov\u00e1 hnojiva. S na\u0161\u00ed \u0159adou z\u00edsk\u00e1te maxim\u00e1ln\u00ed \u00fa\u010dinek s minimem n\u00e1mahy.<br><br>P\u0159ich\u00e1z\u00edme s ucelenou a jedine\u010dnou nab\u00eddkou substr\u00e1t\u016f, kter\u00e9 sv\u00fdm slo\u017een\u00edm spl\u0148uj\u00ed n\u00e1roky i t\u011bch nejn\u00e1ro\u010dn\u011bj\u0161\u00edch u\u017eivatel\u016f a usnadn\u00ed jim jejich pr\u00e1ci o rostliny. V\u0161echny substr\u00e1ty FLORIA\u00ae PREMIUM obsahuj\u00ed speci\u00e1ln\u00ed suroviny, kter\u00e9 sv\u00fdmi vlastnostmi pos\u00edl\u00ed r\u016fst rostliny, dodaj\u00ed sn\u00e1ze a rychleji \u017eiviny a l\u00e9pe s nimi a vodou hospoda\u0159\u00ed. Zajist\u011bte va\u0161im rostlin\u00e1m optim\u00e1ln\u00ed prost\u0159ed\u00ed pro r\u016fst, v\u00fdvoj a dlouhodobou odolnost.<\/p>\r\n                    <\/div>\r\n\r\n                                    <\/div>\r\n                <div class=\"linear-divider my-11\"><\/div>\r\n                            <div class=\"flex flex-wrap xl:flex-nowrap justify-center lg:gap-x-20 mb-14\">\r\n                    \r\n                    <div class=\"w-full xl:w-7\/12 pr-3 flex flex-wrap align-center py-2\">\r\n                        <h3 class=\"heading-padded\">EFEKTIVN\u00cd P\u00c9\u010cE, KTER\u00c1 P\u0158IN\u00c1\u0160\u00cd V\u00ddSLEDKY<\/h3>\r\n                        <p class=\"leading-tight\">V\u0161echna hnojiva FLORIA\u00ae PREMIUM obsahuj\u00ed 3 a\u017e 4 formy dus\u00edku, kter\u00e9 p\u016fsob\u00ed rychle a okam\u017eit\u011b, a z\u00e1rove\u0148 dlouhodob\u011b, tak\u017ee v\u00e1m umo\u017en\u00ed hnojit m\u00e9n\u011b \u010dast\u011bji ne\u017e jste zvykl\u00ed u jin\u00fdch hnojiv.<br><br>Kapaln\u00e1 hnojiva p\u0159edstavuj\u00ed rostlinn\u00fd elix\u00edr pro va\u0161e rostliny d\u00edky kombinaci rychle a dlouhodob\u011b p\u016fsob\u00edc\u00edho dus\u00edku, s\u00edry a mikroprvk\u016f, sta\u010d\u00ed pou\u017e\u00edvat 1x m\u011bs\u00ed\u010dn\u011b Kompaktovan\u00e1 hnojiva a jejich jemn\u00e1 granulace zaji\u0161\u0165uje rovnom\u011brn\u011bj\u0161\u00ed a bezpra\u0161nou aplikaci, rostliny tak sta\u010d\u00ed hnojit pouze 2x ro\u010dn\u011b, v\u0161echny \u017eiviny v 1 granuli<\/p>\r\n                    <\/div>\r\n\r\n                                            <div class=\"w-full xl:w-5\/12 flex justify-center lg:justify-end py-2\">\r\n                            <img decoding=\"async\" src=\"http:\/\/www.floria.cz\/wp-content\/uploads\/2025\/02\/Navrh-bez-nazvu-12.jpg\" alt=\"Section image\" class=\"inline-block w-auto lg:w-full\">\r\n                        <\/div>\r\n                                    <\/div>\r\n                <div class=\"linear-divider my-11\"><\/div>\r\n                            <div class=\"flex flex-wrap xl:flex-nowrap justify-center lg:gap-x-20 mb-14\">\r\n                                            <div class=\"w-full xl:w-5\/12 flex justify-center lg:justify-start py-2\">\r\n                            <img decoding=\"async\" src=\"http:\/\/www.floria.cz\/wp-content\/uploads\/2025\/02\/Navrh-bez-nazvu-13.jpg\" alt=\"Section image\" class=\"inline-block w-auto lg:w-full\">\r\n                        <\/div>\r\n                    \r\n                    <div class=\"w-full xl:w-7\/12 pr-3 flex flex-wrap align-center py-2\">\r\n                        <h3 class=\"heading-padded\">IDE\u00c1LN\u00cd \u0158E\u0160EN\u00cd PRO ZKR\u00c1\u0160LEN\u00cd A OCHRANU VA\u0160\u00cd ZAHRADY<\/h3>\r\n                        <p class=\"leading-tight\">Hled\u00e1te zp\u016fsob, jak zkr\u00e1\u0161lit svou zahradu a z\u00e1rove\u0148 ochr\u00e1nit p\u016fdu? N\u00e1\u0161 kvalitn\u00ed dekorativn\u00ed a mul\u010dovac\u00ed materi\u00e1l je ide\u00e1ln\u00edm \u0159e\u0161en\u00edm. Kombinuje estetiku a prakti\u010dnost, \u010d\u00edm\u017e va\u0161\u00ed zahrad\u011b dod\u00e1 kr\u00e1su a zaji\u0161\u0165uje dlouhodobou ochranu.<br><br>Objevte, jak jednodu\u0161e m\u016f\u017eete zlep\u0161it vzhled i funk\u010dnost sv\u00e9ho venkovn\u00edho prostoru.<\/p>\r\n                    <\/div>\r\n\r\n                                    <\/div>\r\n                <div class=\"linear-divider my-11\"><\/div>\r\n            \r\n            <div class=\"text-center mt-24\">\r\n                <h2 class=\"text-3xl text-center max-w-2xl mx-auto mb-14 py-10\">\r\n                    S na\u0161imi produkty z\u00edsk\u00e1te profesion\u00e1ln\u00ed p\u00e9\u010di, kter\u00e1 prom\u011bn\u00ed ka\u017ed\u00fd kout va\u0161eho zelen\u00e9ho r\u00e1je.                <\/h2>\r\n\r\n                            <\/div>\r\n        <\/div>\r\n    <\/div>\r\n    \n\n\n<div id=\"floria-products\" class=\"wp-block-group relative is-nowrap is-layout-flex wp-container-core-group-is-layout-ad2f72ca wp-block-group-is-layout-flex\">    <div class=\"absolute bottom-0 z-50 left-0 right-0 text-center animate-bounce hidden lg:block\">\r\n        <a class=\"inline-block z-50 p-2 md:p-5 pb-1\" href=\"#floria-products\">\r\n            <img decoding=\"async\" class=\"w-9 md:w-16 animate-bounce\" src=\"https:\/\/www.floria.cz\/wp-content\/themes\/floria\/assets\/images\/icons\/down-arrow.svg\" alt=\"Down arrow\">\r\n        <\/a>\r\n    <\/div>\r\n    <\/div>\n\n\n\n<div class=\"wp-block-group is-layout-constrained wp-block-group-is-layout-constrained\">    <div class=\"container-section py-16 px-8\">\r\n        <h2 class=\"heading-mid mb-8\">Na\u0161e jedni\u010dky<\/h2>\r\n\r\n        <div class=\"grid grid-cols-1 md:grid-cols-2 xl:grid-cols-4 gap-7\">\r\n                            <div class=\"group flex flex-col items-center justify-center py-4 px-5 max-xl:py-10 max-xl:px-12  rounded-3xl border border-white overflow-hidden transition-all duration-300 hover:shadow-lg\">\r\n                    <a href=\"\/floria-zahradnicky-substrat-40-l\/\" class=\"flex flex-col items-center justify-center\">\r\n                        <div class=\"relative\">\r\n                            <div class=\"absolute top-0 left-0 right-0 bottom-0 flex items-center justify-center -z-10\">\r\n                                <div class=\"w-5 h-5 bg-gray-200 rounded-full product-gradient group-hover:scale-125 transition-transform duration-300\"><\/div>\r\n                            <\/div>\r\n                            <img decoding=\"async\" src=\"http:\/\/www.floria.cz\/wp-content\/uploads\/2025\/02\/Navrh-bez-nazvu-26.svg\" \r\n                                 alt=\"ZAHRADNICK\u00dd SUBSTR\u00c1T\" \r\n                                 class=\"mb-4 z-10 h-[300px] group-hover:scale-105 transition-transform duration-300\">\r\n                        <\/div>\r\n                        <h4 class=\"text-center text-sm text-secondary-light font-medium mb-2 transition-colors duration-300\">\r\n                            FLORIA PREMIUM                        <\/h4>\r\n                        <h3 class=\"text-center text-2xl md:text-xl lg:text-lg font-semibold mb-2 group-hover:text-primary-light transition-colors duration-300\">\r\n                            ZAHRADNICK\u00dd SUBSTR\u00c1T                        <\/h3>\r\n                        <span class=\"btn-outline mt-2 opacity-60 hover:opacity-100 hover:text-white transition-all duration-300\">\r\n                            V\u00cdCE INFORMAC\u00cd                        <\/span>\r\n                    <\/a>\r\n                <\/div>\r\n                            <div class=\"group flex flex-col items-center justify-center py-4 px-5 max-xl:py-10 max-xl:px-12  rounded-3xl border border-white overflow-hidden transition-all duration-300 hover:shadow-lg\">\r\n                    <a href=\"\/floria-kapalne-kvetinove-hnojivo-1-l-rostlinny-elixir\/\" class=\"flex flex-col items-center justify-center\">\r\n                        <div class=\"relative\">\r\n                            <div class=\"absolute top-0 left-0 right-0 bottom-0 flex items-center justify-center -z-10\">\r\n                                <div class=\"w-5 h-5 bg-gray-200 rounded-full product-gradient group-hover:scale-125 transition-transform duration-300\"><\/div>\r\n                            <\/div>\r\n                            <img decoding=\"async\" src=\"http:\/\/www.floria.cz\/wp-content\/uploads\/2025\/02\/Navrh-bez-nazvu-10.svg\" \r\n                                 alt=\"KV\u011aTINOV\u00c9 HNOJIVO\" \r\n                                 class=\"mb-4 z-10 h-[300px] group-hover:scale-105 transition-transform duration-300\">\r\n                        <\/div>\r\n                        <h4 class=\"text-center text-sm text-secondary-light font-medium mb-2 transition-colors duration-300\">\r\n                            FLORIA PREMIUM                        <\/h4>\r\n                        <h3 class=\"text-center text-2xl md:text-xl lg:text-lg font-semibold mb-2 group-hover:text-primary-light transition-colors duration-300\">\r\n                            KV\u011aTINOV\u00c9 HNOJIVO                        <\/h3>\r\n                        <span class=\"btn-outline mt-2 opacity-60 hover:opacity-100 hover:text-white transition-all duration-300\">\r\n                            V\u00cdCE INFORMAC\u00cd                        <\/span>\r\n                    <\/a>\r\n                <\/div>\r\n                            <div class=\"group flex flex-col items-center justify-center py-4 px-5 max-xl:py-10 max-xl:px-12  rounded-3xl border border-white overflow-hidden transition-all duration-300 hover:shadow-lg\">\r\n                    <a href=\"\/floria-hnojivo-pro-zeleninu-25-kg\/\" class=\"flex flex-col items-center justify-center\">\r\n                        <div class=\"relative\">\r\n                            <div class=\"absolute top-0 left-0 right-0 bottom-0 flex items-center justify-center -z-10\">\r\n                                <div class=\"w-5 h-5 bg-gray-200 rounded-full product-gradient group-hover:scale-125 transition-transform duration-300\"><\/div>\r\n                            <\/div>\r\n                            <img decoding=\"async\" src=\"http:\/\/www.floria.cz\/wp-content\/uploads\/2025\/02\/Navrh-bez-nazvu-14-1.svg\" \r\n                                 alt=\"HNOJIVO PRO ZELENINU\" \r\n                                 class=\"mb-4 z-10 h-[300px] group-hover:scale-105 transition-transform duration-300\">\r\n                        <\/div>\r\n                        <h4 class=\"text-center text-sm text-secondary-light font-medium mb-2 transition-colors duration-300\">\r\n                            FLORIA PREMIUM                        <\/h4>\r\n                        <h3 class=\"text-center text-2xl md:text-xl lg:text-lg font-semibold mb-2 group-hover:text-primary-light transition-colors duration-300\">\r\n                            HNOJIVO PRO ZELENINU                        <\/h3>\r\n                        <span class=\"btn-outline mt-2 opacity-60 hover:opacity-100 hover:text-white transition-all duration-300\">\r\n                            V\u00cdCE INFORMAC\u00cd                        <\/span>\r\n                    <\/a>\r\n                <\/div>\r\n                            <div class=\"group flex flex-col items-center justify-center py-4 px-5 max-xl:py-10 max-xl:px-12  rounded-3xl border border-white overflow-hidden transition-all duration-300 hover:shadow-lg\">\r\n                    <a href=\"\/floria-piniova-dekoracni-kura-45-l\/\" class=\"flex flex-col items-center justify-center\">\r\n                        <div class=\"relative\">\r\n                            <div class=\"absolute top-0 left-0 right-0 bottom-0 flex items-center justify-center -z-10\">\r\n                                <div class=\"w-5 h-5 bg-gray-200 rounded-full product-gradient group-hover:scale-125 transition-transform duration-300\"><\/div>\r\n                            <\/div>\r\n                            <img decoding=\"async\" src=\"http:\/\/www.floria.cz\/wp-content\/uploads\/2025\/02\/Navrh-bez-nazvu-5.svg\" \r\n                                 alt=\"PINIOV\u00c1 K\u016eRA\" \r\n                                 class=\"mb-4 z-10 h-[300px] group-hover:scale-105 transition-transform duration-300\">\r\n                        <\/div>\r\n                        <h4 class=\"text-center text-sm text-secondary-light font-medium mb-2 transition-colors duration-300\">\r\n                            FLORIA PREMIUM                        <\/h4>\r\n                        <h3 class=\"text-center text-2xl md:text-xl lg:text-lg font-semibold mb-2 group-hover:text-primary-light transition-colors duration-300\">\r\n                            PINIOV\u00c1 K\u016eRA                        <\/h3>\r\n                        <span class=\"btn-outline mt-2 opacity-60 hover:opacity-100 hover:text-white transition-all duration-300\">\r\n                            V\u00cdCE INFORMAC\u00cd                        <\/span>\r\n                    <\/a>\r\n                <\/div>\r\n                    <\/div>\r\n    <\/div>\r\n    <\/div>\n","protected":false},"excerpt":{"rendered":"","protected":false},"author":1,"featured_media":0,"parent":0,"menu_order":0,"comment_status":"closed","ping_status":"closed","template":"","meta":{"footnotes":"","css_class_manager_body_classes":"","css_class_manager_use_in_post_loop":false},"page_category":[],"class_list":["post-177","page","type-page","status-publish","hentry"],"_links":{"self":[{"href":"https:\/\/www.floria.cz\/sk\/wp-json\/wp\/v2\/pages\/177","targetHints":{"allow":["GET"]}}],"collection":[{"href":"https:\/\/www.floria.cz\/sk\/wp-json\/wp\/v2\/pages"}],"about":[{"href":"https:\/\/www.floria.cz\/sk\/wp-json\/wp\/v2\/types\/page"}],"author":[{"embeddable":true,"href":"https:\/\/www.floria.cz\/sk\/wp-json\/wp\/v2\/users\/1"}],"replies":[{"embeddable":true,"href":"https:\/\/www.floria.cz\/sk\/wp-json\/wp\/v2\/comments?post=177"}],"version-history":[{"count":61,"href":"https:\/\/www.floria.cz\/sk\/wp-json\/wp\/v2\/pages\/177\/revisions"}],"predecessor-version":[{"id":1617,"href":"https:\/\/www.floria.cz\/sk\/wp-json\/wp\/v2\/pages\/177\/revisions\/1617"}],"wp:attachment":[{"href":"https:\/\/www.floria.cz\/sk\/wp-json\/wp\/v2\/media?parent=177"}],"wp:term":[{"taxonomy":"page_category","embeddable":true,"href":"https:\/\/www.floria.cz\/sk\/wp-json\/wp\/v2\/page_category?post=177"}],"curies":[{"name":"wp","href":"https:\/\/api.w.org\/{rel}","templated":true}]}}