{"id":179,"date":"2025-01-19T08:10:17","date_gmt":"2025-01-19T08:10:17","guid":{"rendered":"https:\/\/www.floria.cz\/?page_id=179"},"modified":"2025-03-04T09:53:22","modified_gmt":"2025-03-04T09:53:22","slug":"travnikovy-program","status":"publish","type":"page","link":"https:\/\/www.floria.cz\/sk\/travnikovy-program\/","title":{"rendered":"Tr\u00e1vnikov\u00fd program"},"content":{"rendered":"    <div class=\"single-hero flex mb-20 group\">\r\n        <div class=\"hero-section w-full bg-cover bg-center\"\r\n            style=\"background-image: url('http:\/\/www.floria.cz\/wp-content\/uploads\/2025\/02\/image-user169766-1731936085I3Fqb.jpg')\">\r\n            \r\n            <div class=\"absolute inset-0 bg-black bg-opacity-50\"><\/div>\r\n            <div class=\"hero-section-content\">\r\n                <img decoding=\"async\" src=\"https:\/\/www.floria.cz\/wp-content\/themes\/floria\/assets\/images\/icons\/grass.svg\" class=\"hero-section-icon\" alt=\"Hero icon\">\r\n                <h1 class=\"hero-section-title\">Tr\u00e1vn\u00edkov\u00fd program<\/h1>\r\n            <\/div>\r\n        <\/div>\r\n\r\n        <!-- Down pointing arrow -->\r\n        <div class=\"absolute bottom-32 z-50 left-0 right-0 text-center animate-bounce hidden lg:block\">\r\n            <a class=\"inline-block z-50 p-2 md:p-5 pb-1\" href=\"#floria-content\">\r\n                <img decoding=\"async\" class=\"w-9 md:w-16 animate-bounce\" \r\n                     src=\"https:\/\/www.floria.cz\/wp-content\/themes\/floria\/assets\/images\/icons\/down-arrow.svg\"\r\n                     alt=\"Down arrow\">\r\n            <\/a>\r\n        <\/div>\r\n    <\/div>\r\n    \n\n\n<hr class=\"wp-block-separator has-alpha-channel-opacity hidden\" id=\"floria-content\"\/>\n\n\n\n<div id=\"floria-content\" class=\"wp-block-group is-layout-constrained wp-block-group-is-layout-constrained\"><\/div>\n\n\n    <div class=\"globe-side-effect overflow-hidden\">\r\n        <img decoding=\"async\" src=\"https:\/\/www.floria.cz\/wp-content\/themes\/floria\/assets\/images\/globe-left.png\" alt=\"Flower globe\"\r\n            class=\"left-globe\">\r\n        <img decoding=\"async\" src=\"https:\/\/www.floria.cz\/wp-content\/themes\/floria\/assets\/images\/globe-right.png\" alt=\"Flower globe\"\r\n            class=\"right-globe\">\r\n\r\n        <div class=\"container-section z-50\">\r\n            \r\n            <section class=\"py-10\">\r\n                                    <div class=\"flex justify-center -mb-8\">\r\n                        <img decoding=\"async\" src=\"https:\/\/www.floria.cz\/wp-content\/themes\/floria\/assets\/images\/grass-dim.png\" alt=\"Text Silver\" class=\"w-44\">\r\n                    <\/div>\r\n                    <h2 class=\"heading-mid pt-0\">Pro kr\u00e1le tr\u00e1vn\u00edk\u016e<\/h2>\r\n                    <!--                         <div class=\"text-center my-4\">\r\n                            <img decoding=\"async\" src=\"http:\/\/www.floria.cz\/wp-content\/uploads\/2025\/01\/kral-travniku.webp\" alt=\"Icon\" class=\"inline-block w-44\">\r\n                        <\/div>\r\n                     -->\r\n                    <div class=\"flex flex-wrap justify-center gap-6 mt-12\">\r\n                                                    <a href=\"\/travnikova-hnojiva\/\" class=\" mini-card\">\r\n                                <h4 class=\"uppercase text-center\">TR\u00c1VN\u00cdKOV\u00c1 HNOJIVA<\/h4>\r\n                            <\/a>\r\n                                                    <a href=\"\/pece-o-travnik\/\" class=\" mini-card\">\r\n                                <h4 class=\"uppercase text-center\">P\u00c9\u010cE O TR\u00c1VN\u00cdK<\/h4>\r\n                            <\/a>\r\n                                                    <a href=\"\/travni-smesi\/\" class=\" mini-card\">\r\n                                <h4 class=\"uppercase text-center\">TRAVN\u00cd SM\u011aSI<\/h4>\r\n                            <\/a>\r\n                                            <\/div>\r\n                            <\/section>\r\n        <\/div>\r\n    <\/div>\r\n    \n\n    <div class=\"container-section pt-4\">\r\n        <div class=\"border-2 border-silver p-10 lg:p-20 pb-16 rounded-2xl lg:rounded-4xl\">\r\n            \r\n            <h2 class=\"mb-16 text-center\">S inovovanou \u0159adou FLORIA\u00ae PREMIUM dos\u00e1hne v\u00e1\u0161 tr\u00e1vn\u00edk kr\u00e1lovsk\u00e9 dokonalosti<\/h2>\r\n\r\n                            <div class=\"flex flex-wrap xl:flex-nowrap justify-center lg:gap-x-20 mb-14\">\r\n                                            <div class=\"w-full xl:w-5\/12 flex justify-center lg:justify-start py-2\">\r\n                            <img decoding=\"async\" src=\"http:\/\/www.floria.cz\/wp-content\/uploads\/2025\/02\/Navrh-bez-nazvu-5.jpg\" alt=\"Section image\" class=\"inline-block w-auto lg:w-full\">\r\n                        <\/div>\r\n                    \r\n                    <div class=\"w-full xl:w-7\/12 pr-3 flex flex-wrap align-center py-2\">\r\n                        <h3 class=\"heading-padded\">FLORIA PREMIUM se stane VA\u0160\u00cd JEDINOU VOLBOU<\/h3>\r\n                        <p class=\"leading-tight\">Nab\u00edz\u00edme komplexn\u00ed p\u00e9\u010di o v\u00e1\u0161 tr\u00e1vn\u00edk po cel\u00fd rok \u2013 od prvn\u00edho v\u00fdsevu a\u017e po p\u0159\u00edpravu na zimu. D\u00edky n\u011bkolika druh\u016fm hnojiv a travn\u00edch sm\u011bs\u00ed v\u00e1m zaru\u010dujeme zdrav\u00fd, odoln\u00fd a hust\u00fd tr\u00e1vn\u00edk, kter\u00fd si zachov\u00e1 sv\u016fj vzhled i v n\u00e1ro\u010dn\u00fdch podm\u00ednk\u00e1ch.<br><br>D\u00edky dlouhodob\u00e9mu \u00fa\u010dinku hnojiv odpad\u00e1 \u010dast\u00e9 hnojen\u00ed, a vy si tak budete moci o to v\u00edce u\u017e\u00edvat z\u00e1bavu a relax na va\u0161em tr\u00e1vn\u00edku!<\/p>\r\n                    <\/div>\r\n\r\n                                    <\/div>\r\n                <div class=\"linear-divider my-11\"><\/div>\r\n                            <div class=\"flex flex-wrap xl:flex-nowrap justify-center lg:gap-x-20 mb-14\">\r\n                    \r\n                    <div class=\"w-full xl:w-7\/12 pr-3 flex flex-wrap align-center py-2\">\r\n                        <h3 class=\"heading-padded\">BUDOUCNOST P\u00c9\u010cE O TR\u00c1VN\u00cdK<\/h3>\r\n                        <p class=\"leading-tight\">Jako jedin\u00ed v \u010cesk\u00e9 republice p\u0159ich\u00e1z\u00edme s komplexn\u00ed p\u00e9\u010d\u00ed o tr\u00e1vn\u00edk, kter\u00e1 je p\u0159izp\u016fsobena pro se\u010den\u00ed robotick\u00fdmi seka\u010dkami. Na\u0161e inovativn\u00ed produkty zaji\u0161\u0165uj\u00ed nejen perfektn\u00ed vzhled tr\u00e1vn\u00edku, ale tak\u00e9 bezprobl\u00e9mov\u00e9 sek\u00e1n\u00ed bez rizika p\u0159ehlcen\u00ed seka\u010dky.<br><br>S na\u0161imi produkty je p\u00e9\u010de o tr\u00e1vn\u00edk snadn\u00e1, efektivn\u00ed a p\u0159izp\u016fsoben\u00e1 modern\u00edm technologi\u00edm.<\/p>\r\n                    <\/div>\r\n\r\n                                            <div class=\"w-full xl:w-5\/12 flex justify-center lg:justify-end py-2\">\r\n                            <img decoding=\"async\" src=\"http:\/\/www.floria.cz\/wp-content\/uploads\/2025\/02\/Navrh-bez-nazvu-17.jpg\" alt=\"Section image\" class=\"inline-block w-auto lg:w-full\">\r\n                        <\/div>\r\n                                    <\/div>\r\n                <div class=\"linear-divider my-11\"><\/div>\r\n                            <div class=\"flex flex-wrap xl:flex-nowrap justify-center lg:gap-x-20 mb-14\">\r\n                                            <div class=\"w-full xl:w-5\/12 flex justify-center lg:justify-start py-2\">\r\n                            <img decoding=\"async\" src=\"http:\/\/www.floria.cz\/wp-content\/uploads\/2025\/02\/Navrh-bez-nazvu-9.jpg\" alt=\"Section image\" class=\"inline-block w-auto lg:w-full\">\r\n                        <\/div>\r\n                    \r\n                    <div class=\"w-full xl:w-7\/12 pr-3 flex flex-wrap align-center py-2\">\r\n                        <h3 class=\"heading-padded\">KR\u00c1LOVSK\u00c1 DOKONALOST VA\u0160EHO TR\u00c1VN\u00cdKU<\/h3>\r\n                        <p class=\"leading-tight\">Travn\u00ed sm\u011bsi FLORIA PREMIUM vynikaj\u00ed sv\u00fdmi jedine\u010dn\u00fdmi vlastnostmi \u2013 oproti klasick\u00e9mu osivu jsou semena obalena v hnojivu a sm\u00e1\u010dedle, tak\u017ee odpad\u00e1 prvotn\u00ed hnojen\u00ed p\u0159i v\u00fdsevu. Technologie semen poskytuje v\u00fdrazn\u011b siln\u011bj\u0161\u00ed a rychlej\u0161\u00ed zakl\u00e1d\u00e1n\u00ed tr\u00e1vn\u00edku. Kombinace \u0159\u00edzen\u00e9ho uvol\u0148ov\u00e1n\u00ed dus\u00edku a technologie hydroaktivn\u00edho hospoda\u0159en\u00ed s vodou zp\u0159\u00edstup\u0148uje z\u00e1kladn\u00ed \u017eiviny a vodu ka\u017ed\u00e9 vzch\u00e1zej\u00edc\u00ed sazenici pro siln\u011bj\u0161\u00ed kl\u00ed\u010den\u00ed a lep\u0161\u00ed vyu\u017eit\u00ed \u017eivin b\u011bhem ran\u00e9 f\u00e1ze r\u016fstu rostlin.<br><br>S FLORIA PREMIUM bude o v\u00e1\u0161 tr\u00e1vn\u00edk luxusn\u011b postar\u00e1no.<\/p>\r\n                    <\/div>\r\n\r\n                                    <\/div>\r\n                <div class=\"linear-divider my-11\"><\/div>\r\n            \r\n            <div class=\"text-center mt-24\">\r\n                <h2 class=\"text-3xl text-center max-w-2xl mx-auto mb-14 py-10\">\r\n                    S na\u0161imi produkty z\u00edsk\u00e1te profesion\u00e1ln\u00ed p\u00e9\u010di, kter\u00e1 prom\u011bn\u00ed ka\u017ed\u00fd kout va\u0161eho zelen\u00e9ho r\u00e1je.                <\/h2>\r\n\r\n                            <\/div>\r\n        <\/div>\r\n    <\/div>\r\n    \n\n\n<div id=\"floria-products\" class=\"wp-block-group relative is-nowrap is-layout-flex wp-container-core-group-is-layout-ad2f72ca wp-block-group-is-layout-flex\">    <div class=\"absolute bottom-0 z-50 left-0 right-0 text-center animate-bounce hidden lg:block\">\r\n        <a class=\"inline-block z-50 p-2 md:p-5 pb-1\" href=\"#floria-products\">\r\n            <img decoding=\"async\" class=\"w-9 md:w-16 animate-bounce\" src=\"https:\/\/www.floria.cz\/wp-content\/themes\/floria\/assets\/images\/icons\/down-arrow.svg\" alt=\"Down arrow\">\r\n        <\/a>\r\n    <\/div>\r\n    <\/div>\n\n\n    <div class=\"container-section py-16 px-8\">\r\n        <h2 class=\"heading-mid mb-8\">Na\u0161e jedni\u010dky<\/h2>\r\n\r\n        <div class=\"grid grid-cols-1 md:grid-cols-2 xl:grid-cols-4 gap-7\">\r\n                            <div class=\"group flex flex-col items-center justify-center py-4 px-5 max-xl:py-10 max-xl:px-12  rounded-3xl border border-white overflow-hidden transition-all duration-300 hover:shadow-lg\">\r\n                    <a href=\"\/floria-stop-mechu-500-g\/\" class=\"flex flex-col items-center justify-center\">\r\n                        <div class=\"relative\">\r\n                            <div class=\"absolute top-0 left-0 right-0 bottom-0 flex items-center justify-center -z-10\">\r\n                                <div class=\"w-5 h-5 bg-gray-200 rounded-full product-gradient group-hover:scale-125 transition-transform duration-300\"><\/div>\r\n                            <\/div>\r\n                            <img decoding=\"async\" src=\"http:\/\/www.floria.cz\/wp-content\/uploads\/2025\/02\/Navrh-bez-nazvu-37.svg\" \r\n                                 alt=\"STOP MECHU\" \r\n                                 class=\"mb-4 z-10 h-[300px] group-hover:scale-105 transition-transform duration-300\">\r\n                        <\/div>\r\n                        <h4 class=\"text-center text-sm text-secondary-light font-medium mb-2 transition-colors duration-300\">\r\n                            FLORIA PREMIUM                        <\/h4>\r\n                        <h3 class=\"text-center text-2xl md:text-xl lg:text-lg font-semibold mb-2 group-hover:text-primary-light transition-colors duration-300\">\r\n                            STOP MECHU                        <\/h3>\r\n                        <span class=\"btn-outline mt-2 opacity-60 hover:opacity-100 hover:text-white transition-all duration-300\">\r\n                            V\u00cdCE INFORMAC\u00cd                        <\/span>\r\n                    <\/a>\r\n                <\/div>\r\n                            <div class=\"group flex flex-col items-center justify-center py-4 px-5 max-xl:py-10 max-xl:px-12  rounded-3xl border border-white overflow-hidden transition-all duration-300 hover:shadow-lg\">\r\n                    <a href=\"\/floria-travni-smes-pro-roboticke-sekani-1-kg\/\" class=\"flex flex-col items-center justify-center\">\r\n                        <div class=\"relative\">\r\n                            <div class=\"absolute top-0 left-0 right-0 bottom-0 flex items-center justify-center -z-10\">\r\n                                <div class=\"w-5 h-5 bg-gray-200 rounded-full product-gradient group-hover:scale-125 transition-transform duration-300\"><\/div>\r\n                            <\/div>\r\n                            <img decoding=\"async\" src=\"http:\/\/www.floria.cz\/wp-content\/uploads\/2025\/02\/Navrh-bez-nazvu-33.svg\" \r\n                                 alt=\"ROBOTICK\u00c9 SEKAN\u00cd\" \r\n                                 class=\"mb-4 z-10 h-[300px] group-hover:scale-105 transition-transform duration-300\">\r\n                        <\/div>\r\n                        <h4 class=\"text-center text-sm text-secondary-light font-medium mb-2 transition-colors duration-300\">\r\n                            FLORIA PREMIUM                        <\/h4>\r\n                        <h3 class=\"text-center text-2xl md:text-xl lg:text-lg font-semibold mb-2 group-hover:text-primary-light transition-colors duration-300\">\r\n                            ROBOTICK\u00c9 SEKAN\u00cd                        <\/h3>\r\n                        <span class=\"btn-outline mt-2 opacity-60 hover:opacity-100 hover:text-white transition-all duration-300\">\r\n                            V\u00cdCE INFORMAC\u00cd                        <\/span>\r\n                    <\/a>\r\n                <\/div>\r\n                            <div class=\"group flex flex-col items-center justify-center py-4 px-5 max-xl:py-10 max-xl:px-12  rounded-3xl border border-white overflow-hidden transition-all duration-300 hover:shadow-lg\">\r\n                    <a href=\"\/floria-dlouhodobe-pusobici-travnikove-hnojivo-25-kg\/\" class=\"flex flex-col items-center justify-center\">\r\n                        <div class=\"relative\">\r\n                            <div class=\"absolute top-0 left-0 right-0 bottom-0 flex items-center justify-center -z-10\">\r\n                                <div class=\"w-5 h-5 bg-gray-200 rounded-full product-gradient group-hover:scale-125 transition-transform duration-300\"><\/div>\r\n                            <\/div>\r\n                            <img decoding=\"async\" src=\"http:\/\/www.floria.cz\/wp-content\/uploads\/2025\/02\/Navrh-bez-nazvu-31.svg\" \r\n                                 alt=\"TR\u00c1VN\u00cdKOV\u00c9 HNOJIVO\" \r\n                                 class=\"mb-4 z-10 h-[300px] group-hover:scale-105 transition-transform duration-300\">\r\n                        <\/div>\r\n                        <h4 class=\"text-center text-sm text-secondary-light font-medium mb-2 transition-colors duration-300\">\r\n                            FLORIA PREMIUM                        <\/h4>\r\n                        <h3 class=\"text-center text-2xl md:text-xl lg:text-lg font-semibold mb-2 group-hover:text-primary-light transition-colors duration-300\">\r\n                            TR\u00c1VN\u00cdKOV\u00c9 HNOJIVO                        <\/h3>\r\n                        <span class=\"btn-outline mt-2 opacity-60 hover:opacity-100 hover:text-white transition-all duration-300\">\r\n                            V\u00cdCE INFORMAC\u00cd                        <\/span>\r\n                    <\/a>\r\n                <\/div>\r\n                            <div class=\"group flex flex-col items-center justify-center py-4 px-5 max-xl:py-10 max-xl:px-12  rounded-3xl border border-white overflow-hidden transition-all duration-300 hover:shadow-lg\">\r\n                    <a href=\"\/floria-booster-startovaci-travnikove-hnojivo-25-kg\/\" class=\"flex flex-col items-center justify-center\">\r\n                        <div class=\"relative\">\r\n                            <div class=\"absolute top-0 left-0 right-0 bottom-0 flex items-center justify-center -z-10\">\r\n                                <div class=\"w-5 h-5 bg-gray-200 rounded-full product-gradient group-hover:scale-125 transition-transform duration-300\"><\/div>\r\n                            <\/div>\r\n                            <img decoding=\"async\" src=\"http:\/\/www.floria.cz\/wp-content\/uploads\/2025\/02\/Navrh-bez-nazvu-30.svg\" \r\n                                 alt=\"BOOSTER\" \r\n                                 class=\"mb-4 z-10 h-[300px] group-hover:scale-105 transition-transform duration-300\">\r\n                        <\/div>\r\n                        <h4 class=\"text-center text-sm text-secondary-light font-medium mb-2 transition-colors duration-300\">\r\n                            FLORIA PREMIUM                        <\/h4>\r\n                        <h3 class=\"text-center text-2xl md:text-xl lg:text-lg font-semibold mb-2 group-hover:text-primary-light transition-colors duration-300\">\r\n                            BOOSTER                        <\/h3>\r\n                        <span class=\"btn-outline mt-2 opacity-60 hover:opacity-100 hover:text-white transition-all duration-300\">\r\n                            V\u00cdCE INFORMAC\u00cd                        <\/span>\r\n                    <\/a>\r\n                <\/div>\r\n                    <\/div>\r\n    <\/div>\r\n    \n\n\n<p><\/p>\n","protected":false},"excerpt":{"rendered":"","protected":false},"author":1,"featured_media":0,"parent":0,"menu_order":0,"comment_status":"closed","ping_status":"closed","template":"","meta":{"footnotes":"","css_class_manager_body_classes":"","css_class_manager_use_in_post_loop":false},"page_category":[],"class_list":["post-179","page","type-page","status-publish","hentry"],"_links":{"self":[{"href":"https:\/\/www.floria.cz\/sk\/wp-json\/wp\/v2\/pages\/179","targetHints":{"allow":["GET"]}}],"collection":[{"href":"https:\/\/www.floria.cz\/sk\/wp-json\/wp\/v2\/pages"}],"about":[{"href":"https:\/\/www.floria.cz\/sk\/wp-json\/wp\/v2\/types\/page"}],"author":[{"embeddable":true,"href":"https:\/\/www.floria.cz\/sk\/wp-json\/wp\/v2\/users\/1"}],"replies":[{"embeddable":true,"href":"https:\/\/www.floria.cz\/sk\/wp-json\/wp\/v2\/comments?post=179"}],"version-history":[{"count":59,"href":"https:\/\/www.floria.cz\/sk\/wp-json\/wp\/v2\/pages\/179\/revisions"}],"predecessor-version":[{"id":1814,"href":"https:\/\/www.floria.cz\/sk\/wp-json\/wp\/v2\/pages\/179\/revisions\/1814"}],"wp:attachment":[{"href":"https:\/\/www.floria.cz\/sk\/wp-json\/wp\/v2\/media?parent=179"}],"wp:term":[{"taxonomy":"page_category","embeddable":true,"href":"https:\/\/www.floria.cz\/sk\/wp-json\/wp\/v2\/page_category?post=179"}],"curies":[{"name":"wp","href":"https:\/\/api.w.org\/{rel}","templated":true}]}}