{"id":676,"date":"2025-02-13T19:56:38","date_gmt":"2025-02-13T19:56:38","guid":{"rendered":"https:\/\/www.floria.cz\/?page_id=676"},"modified":"2025-03-04T07:22:31","modified_gmt":"2025-03-04T07:22:31","slug":"floria-decorative-colormulch-70-l","status":"publish","type":"page","link":"https:\/\/www.floria.cz\/sk\/floria-decorative-colormulch-70-l\/","title":{"rendered":"FLORIA\u00ae Decorative ColorMulch 70 l"},"content":{"rendered":"    <section class=\"relative pb-16 px-8\">\r\n        <div class=\"flex flex-wrap items-stretch -mx-4\">\r\n            <div class=\"w-full lg:w-1\/2 px-4 lg:mb-0\">\r\n                <div class=\"relative flex flex-wrap items-center justify-center py-20 mt-24 lg:mt-5\">\r\n                    <div class=\"absolute top-0 left-0 right-0 bottom-0 flex items-center justify-center\">\r\n                        <div class=\"w-[1rem] h-[5rem] bg-gray-200 rounded-full product-gradient\"><\/div>\r\n                    <\/div>\r\n                    \r\n                    <div class=\"absolute top-0 left-0 right-0 text-center\">\r\n                                                    <img decoding=\"async\" src=\"http:\/\/www.floria.cz\/wp-content\/uploads\/2025\/01\/flower.svg\" class=\"inline lg:hidden w-8\" alt=\"Flower icon\">\r\n                                                <h2 class=\"lg:hidden pt-2\">FLORIA\u00ae Decorative ColorMulch 70 l<\/h2>\r\n                    <\/div>\r\n\r\n                                            <img decoding=\"async\" id=\"main-product-image\" src=\"http:\/\/www.floria.cz\/wp-content\/uploads\/2025\/02\/Navrh-bez-nazvu-2.svg\" alt=\"Product\"\r\n                            class=\"relative z-10 inline-block h-[490px] lg:max-w-lg pt-14 lg:pt-0\">\r\n                                    <\/div>\r\n\r\n                <div class=\"flex space-x-4 justify-center\">\r\n                                                                        <div class=\"images-list-item\">\r\n                                <img decoding=\"async\" src=\"http:\/\/www.floria.cz\/wp-content\/uploads\/2025\/02\/Navrh-bez-nazvu-3.svg\" alt=\"Product view\" \r\n                                     class=\"w-full h-full object-cover\" onclick=\"swapProductImage(this)\">\r\n                            <\/div>\r\n                                                                                                                                                                                                                                                                                        <\/div>\r\n            <\/div>\r\n\r\n            <div class=\"w-full lg:w-1\/2 px-4 lg:pt-32\">\r\n                                    <img decoding=\"async\" src=\"http:\/\/www.floria.cz\/wp-content\/uploads\/2025\/01\/flower.svg\" \r\n                         class=\"hidden lg:inline-block pb-8 w-8\" alt=\"Flower icon\">\r\n                \r\n                <h2 class=\"hidden lg:block text-gray-900 mb-6\">FLORIA\u00ae Decorative ColorMulch 70 l<\/h2>\r\n                <div class=\"text-lg font-light mb-16\">Objevte FLORIA\u00ae Decorative ColorMulch \u2013 vysoce kvalitn\u00ed dekorativn\u00ed a mul\u010dovac\u00ed materi\u00e1l, kter\u00fd p\u0159inese do va\u0161\u00ed zahrady nejen estetick\u00fd, ale i praktick\u00fd efekt. Tento produkt se vyzna\u010duje vynikaj\u00edc\u00ed kvalitou a \u0161pi\u010dkov\u00fdm zpracov\u00e1n\u00edm vstupn\u00edch surovin, \u010d\u00edm\u017e zaru\u010duje dlouhotrvaj\u00edc\u00ed v\u00fdsledky p\u0159i p\u011bstov\u00e1n\u00ed rostlin.<br><\/div>\r\n                <a href=\"https:\/\/megazahrada.cz\/produkty\/detail\/00217A\/floria-decorative-colormulch-cihlova-70-l\" class=\"btn-primary\">\r\n                    koupit na eshopu                <\/a>\r\n            <\/div>\r\n        <\/div>\r\n    <\/section>\r\n    <script>\r\n    function swapProductImage(clickedImg) {\r\n        var mainImg = document.getElementById('main-product-image');\r\n        if (mainImg) {\r\n            var tempSrc = mainImg.src;\r\n            mainImg.src = clickedImg.src;\r\n            clickedImg.src = tempSrc;\r\n        }\r\n    }\r\n    <\/script>\r\n    \n\n    <div class=\"container-section\" id=\"floria-content\">\r\n        <div class=\"grid-4\">\r\n                            <div class=\"icon-card\">\r\n                    <img decoding=\"async\" src=\"http:\/\/www.floria.cz\/wp-content\/uploads\/2025\/02\/Vector-2.png\" alt=\"Icon\">\r\n                    <h3 class=\"icon-title\">LUXUSN\u00cd PROVEDEN\u00cd<\/h3>\r\n                <\/div>\r\n                            <div class=\"icon-card\">\r\n                    <img decoding=\"async\" src=\"http:\/\/www.floria.cz\/wp-content\/uploads\/2025\/02\/Vector-2.png\" alt=\"Icon\">\r\n                    <h3 class=\"icon-title\">VYSOK\u00c1 JAKOST<\/h3>\r\n                <\/div>\r\n                            <div class=\"icon-card\">\r\n                    <img decoding=\"async\" src=\"http:\/\/www.floria.cz\/wp-content\/uploads\/2025\/02\/Vector-2.png\" alt=\"Icon\">\r\n                    <h3 class=\"icon-title\">3 DRUHY BAREV<\/h3>\r\n                <\/div>\r\n                            <div class=\"icon-card\">\r\n                    <img decoding=\"async\" src=\"http:\/\/www.floria.cz\/wp-content\/uploads\/2025\/02\/Vector-2.png\" alt=\"Icon\">\r\n                    <h3 class=\"icon-title\">OCHRANA Z\u00c1HON\u016e<\/h3>\r\n                <\/div>\r\n                    <\/div>\r\n    <\/div>\r\n    \n\n    <div class=\"container-section\">\r\n        <div class=\"border border-dark-accent p-10 lg:p-20 pb-16 rounded-2xl lg:rounded-4xl\">\r\n            <!-- Section 1 -->\r\n            <h2 class=\"mb-16 text-center\">POPIS PRODUKTU<\/h2>\r\n            <div class=\"flex flex-wrap xl:flex-nowrap justify-center lg:gap-x-20 mb-14\">\r\n                <div class=\"w-full xl:w-full pr-3 flex flex-wrap align-center py-2\">\r\n                    <div class=\"leading-tight\">\r\n                        Objevte FLORIA\u00ae Decorative ColorMulch \u2013 vysoce kvalitn\u00ed dekorativn\u00ed a mul\u010dovac\u00ed materi\u00e1l, kter\u00fd p\u0159inese do va\u0161\u00ed zahrady nejen estetick\u00fd, ale i praktick\u00fd efekt. <br><br>Tento produkt se vyzna\u010duje vynikaj\u00edc\u00ed kvalitou a \u0161pi\u010dkov\u00fdm zpracov\u00e1n\u00edm vstupn\u00edch surovin, \u010d\u00edm\u017e zaru\u010duje dlouhotrvaj\u00edc\u00ed v\u00fdsledky p\u0159i p\u011bstov\u00e1n\u00ed rostlin.                    <\/div>\r\n                <\/div>\r\n            <\/div>\r\n\r\n            <!-- Middle Text -->\r\n            <h3 class=\"text-primary text-center max-w-2xl mx-auto mb-14 py-10\">\r\n                S na\u0161imi produkty z\u00edsk\u00e1te profesion\u00e1ln\u00ed p\u00e9\u010di, kter\u00e1 prom\u011bn\u00ed ka\u017ed\u00fd kout va\u0161eho zelen\u00e9ho r\u00e1je.            <\/h3>\r\n\r\n            <!-- Section 2 -->\r\n            <h3 class=\"mb-16 text-center\">V\u00ddHODY PRODUKTU<\/h3>\r\n            <div class=\"flex flex-wrap xl:flex-nowrap justify-center lg:gap-x-20 mb-14\">\r\n                <div class=\"w-full xl:w-full pr-3 flex flex-wrap align-center py-2\">\r\n                    <div class=\"leading-tight\">\r\n                        <br><strong>Ekologicky nez\u00e1vadn\u00e9 barvy<\/strong><br>Barven\u00fd p\u0159\u00edrodn\u00edmi a ekologicky \u0161etrn\u00fdmi barvami, co\u017e zaji\u0161\u0165uje bezpe\u010dnost pro va\u0161e rostliny i \u017eivotn\u00ed prost\u0159ed\u00ed.<br><br><strong>P\u0159\u00edrodn\u00ed slo\u017een\u00ed<\/strong><br>FLORIA\u00ae ColorMulch je \u010dist\u011b p\u0159\u00edrodn\u00ed produkt, kter\u00fd je ide\u00e1ln\u00ed pro citliv\u00e9 rostliny.<br><br><strong>Odolnost a dlouh\u00e1 \u017eivotnost<\/strong><br>Tento materi\u00e1l je barevn\u011b stabiln\u00ed a odoln\u00fd v\u016f\u010di nep\u0159\u00edzniv\u00fdm pov\u011btrnostn\u00edm podm\u00ednk\u00e1m, \u010d\u00edm\u017e z\u016fst\u00e1v\u00e1 atraktivn\u00ed po dlouhou dobu.<br><br><strong>Prevence r\u016fstu plevel\u016f<\/strong><br>\u00da\u010dinn\u011b potla\u010duje r\u016fst plevel\u016f a chr\u00e1n\u00ed p\u016fdu p\u0159ed jejich \u0161\u00ed\u0159en\u00edm.<br><br><strong>Zlep\u0161en\u00ed p\u016fdn\u00edch podm\u00ednek<\/strong><br>Pom\u00e1h\u00e1 udr\u017eovat vlhkost v p\u016fd\u011b, zabra\u0148uje vysych\u00e1n\u00ed a rozbahn\u011bn\u00ed a reguluje teplotn\u00ed v\u00fdkyvy.<br><br><strong>Vhodn\u00fd pro v\u0161echny typy prost\u0159ed\u00ed<\/strong><br>Lze pou\u017e\u00edt na zahrad\u00e1ch, z\u00e1honech, pod\u00e9l cest, pod stromy, ke\u0159i a r\u016f\u017eemi.<br>                    <\/div>\r\n                <\/div>\r\n            <\/div>\r\n\r\n            <!-- Section 3 -->\r\n            <h3 class=\"mb-16 text-center\">N\u00c1VOD K POU\u017dIT\u00cd<\/h3>\r\n            <div class=\"flex flex-wrap xl:flex-nowrap justify-center lg:gap-x-20 mb-14\">\r\n                <div class=\"w-full xl:w-full pr-3 flex flex-wrap align-center py-2\">\r\n                    <div class=\"leading-tight\">\r\n                        <strong>Pou\u017eit\u00ed na zahrad\u011b<\/strong><br>Rozprost\u0159ete materi\u00e1l na povrch zahrady nebo z\u00e1hon\u016f do v\u00fd\u0161ky cca 4 &#8211; 6 cm. Pytel o objemu 70 l pokryje plochu p\u0159ibli\u017en\u011b 1,5 m\u00b2.<br><br><strong>Pro zamezen\u00ed plevel\u016fm<\/strong><br>Pro lep\u0161\u00ed \u00fa\u010dinek proti plevel\u016fm doporu\u010dujeme na p\u016fdu rozprost\u0159\u00edt \u010dernou tkanou nebo netkanou textilii.<br><br><strong>Pou\u017eit\u00ed na zat\u011b\u017eovan\u00e9 plochy<\/strong><br>Na cest\u00e1ch nebo siln\u011b zat\u011b\u017eovan\u00fdch ploch\u00e1ch zvy\u0161te v\u00fd\u0161ku na cca 10 cm pro lep\u0161\u00ed odolnost a stabilitu.<br><br><strong>Vytvo\u0159te kr\u00e1snou, zdravou zahradu s FLORIA\u00ae Decorative ColorMulch<\/strong><br>Je to ide\u00e1ln\u00ed volba pro ka\u017ed\u00e9ho, kdo chce kombinovat estetiku, funk\u010dnost a ekologick\u00e9 p\u0159\u00edstupy k p\u00e9\u010di o zahradu. Vyberte si z r\u016fzn\u00fdch barevn\u00fdch variant a p\u0159etvo\u0159te svou zahradu podle vlastn\u00edch p\u0159edstav!<br>                    <\/div>\r\n                <\/div>\r\n            <\/div>\r\n        <\/div>\r\n    <\/div>\r\n    \n\n    <div class=\"container-section py-16 px-8\">\r\n        <h2 class=\"heading-mid mb-8\">DOPORU\u010cUJEME<\/h2>\r\n\r\n        <div class=\"grid grid-cols-1 md:grid-cols-2 xl:grid-cols-4 gap-7\">\r\n                            <div class=\"group flex flex-col items-center justify-center py-4 px-5 max-xl:py-10 max-xl:px-12  rounded-3xl border border-white overflow-hidden transition-all duration-300 hover:shadow-lg\">\r\n                    <a href=\"\/floria-zahradnicky-substrat-40-l\/\" class=\"flex flex-col items-center justify-center\">\r\n                        <div class=\"relative\">\r\n                            <div class=\"absolute top-0 left-0 right-0 bottom-0 flex items-center justify-center -z-10\">\r\n                                <div class=\"w-5 h-5 bg-gray-200 rounded-full product-gradient group-hover:scale-125 transition-transform duration-300\"><\/div>\r\n                            <\/div>\r\n                            <img decoding=\"async\" src=\"http:\/\/www.floria.cz\/wp-content\/uploads\/2025\/02\/Navrh-bez-nazvu-26.svg\" \r\n                                 alt=\"ZAHRADNICK\u00dd SUBSTR\u00c1T\" \r\n                                 class=\"mb-4 z-10 h-[300px] group-hover:scale-105 transition-transform duration-300\">\r\n                        <\/div>\r\n                        <h4 class=\"text-center text-sm text-secondary-light font-medium mb-2 transition-colors duration-300\">\r\n                            FLORIA PREMIUM                        <\/h4>\r\n                        <h3 class=\"text-center text-2xl md:text-xl lg:text-lg font-semibold mb-2 group-hover:text-primary-light transition-colors duration-300\">\r\n                            ZAHRADNICK\u00dd SUBSTR\u00c1T                        <\/h3>\r\n                        <span class=\"btn-outline mt-2 opacity-60 hover:opacity-100 hover:text-white transition-all duration-300\">\r\n                            V\u00cdCE INFORMAC\u00cd                        <\/span>\r\n                    <\/a>\r\n                <\/div>\r\n                            <div class=\"group flex flex-col items-center justify-center py-4 px-5 max-xl:py-10 max-xl:px-12  rounded-3xl border border-white overflow-hidden transition-all duration-300 hover:shadow-lg\">\r\n                    <a href=\"\/floria-piniova-dekoracni-kura-45-l\/\" class=\"flex flex-col items-center justify-center\">\r\n                        <div class=\"relative\">\r\n                            <div class=\"absolute top-0 left-0 right-0 bottom-0 flex items-center justify-center -z-10\">\r\n                                <div class=\"w-5 h-5 bg-gray-200 rounded-full product-gradient group-hover:scale-125 transition-transform duration-300\"><\/div>\r\n                            <\/div>\r\n                            <img decoding=\"async\" src=\"http:\/\/www.floria.cz\/wp-content\/uploads\/2025\/02\/Navrh-bez-nazvu-5.svg\" \r\n                                 alt=\"PINIOV\u00c1 DEKORA\u010cN\u00cd K\u016eRA\" \r\n                                 class=\"mb-4 z-10 h-[300px] group-hover:scale-105 transition-transform duration-300\">\r\n                        <\/div>\r\n                        <h4 class=\"text-center text-sm text-secondary-light font-medium mb-2 transition-colors duration-300\">\r\n                            FLORIA PREMIUM                        <\/h4>\r\n                        <h3 class=\"text-center text-2xl md:text-xl lg:text-lg font-semibold mb-2 group-hover:text-primary-light transition-colors duration-300\">\r\n                            PINIOV\u00c1 DEKORA\u010cN\u00cd K\u016eRA                        <\/h3>\r\n                        <span class=\"btn-outline mt-2 opacity-60 hover:opacity-100 hover:text-white transition-all duration-300\">\r\n                            V\u00cdCE INFORMAC\u00cd                        <\/span>\r\n                    <\/a>\r\n                <\/div>\r\n                            <div class=\"group flex flex-col items-center justify-center py-4 px-5 max-xl:py-10 max-xl:px-12  rounded-3xl border border-white overflow-hidden transition-all duration-300 hover:shadow-lg\">\r\n                    <a href=\"\/floria-dekoracni-kura-70-l\/\" class=\"flex flex-col items-center justify-center\">\r\n                        <div class=\"relative\">\r\n                            <div class=\"absolute top-0 left-0 right-0 bottom-0 flex items-center justify-center -z-10\">\r\n                                <div class=\"w-5 h-5 bg-gray-200 rounded-full product-gradient group-hover:scale-125 transition-transform duration-300\"><\/div>\r\n                            <\/div>\r\n                            <img decoding=\"async\" src=\"http:\/\/www.floria.cz\/wp-content\/uploads\/2025\/02\/Navrh-bez-nazvu-4.svg\" \r\n                                 alt=\"DEKORA\u010cN\u00cd SM\u011aS K\u016eR\" \r\n                                 class=\"mb-4 z-10 h-[300px] group-hover:scale-105 transition-transform duration-300\">\r\n                        <\/div>\r\n                        <h4 class=\"text-center text-sm text-secondary-light font-medium mb-2 transition-colors duration-300\">\r\n                            FLORIA PREMIUM                        <\/h4>\r\n                        <h3 class=\"text-center text-2xl md:text-xl lg:text-lg font-semibold mb-2 group-hover:text-primary-light transition-colors duration-300\">\r\n                            DEKORA\u010cN\u00cd SM\u011aS K\u016eR                        <\/h3>\r\n                        <span class=\"btn-outline mt-2 opacity-60 hover:opacity-100 hover:text-white transition-all duration-300\">\r\n                            V\u00cdCE INFORMAC\u00cd                        <\/span>\r\n                    <\/a>\r\n                <\/div>\r\n                            <div class=\"group flex flex-col items-center justify-center py-4 px-5 max-xl:py-10 max-xl:px-12  rounded-3xl border border-white overflow-hidden transition-all duration-300 hover:shadow-lg\">\r\n                    <a href=\"\/floria-kvetinovy-substrat-40-l\/\" class=\"flex flex-col items-center justify-center\">\r\n                        <div class=\"relative\">\r\n                            <div class=\"absolute top-0 left-0 right-0 bottom-0 flex items-center justify-center -z-10\">\r\n                                <div class=\"w-5 h-5 bg-gray-200 rounded-full product-gradient group-hover:scale-125 transition-transform duration-300\"><\/div>\r\n                            <\/div>\r\n                            <img decoding=\"async\" src=\"http:\/\/www.floria.cz\/wp-content\/uploads\/2025\/02\/Navrh-bez-nazvu-56.svg\" \r\n                                 alt=\"KV\u011aTINOV\u00dd SUBSTR\u00c1T\" \r\n                                 class=\"mb-4 z-10 h-[300px] group-hover:scale-105 transition-transform duration-300\">\r\n                        <\/div>\r\n                        <h4 class=\"text-center text-sm text-secondary-light font-medium mb-2 transition-colors duration-300\">\r\n                            FLORIA PREMIUM                        <\/h4>\r\n                        <h3 class=\"text-center text-2xl md:text-xl lg:text-lg font-semibold mb-2 group-hover:text-primary-light transition-colors duration-300\">\r\n                            KV\u011aTINOV\u00dd SUBSTR\u00c1T                        <\/h3>\r\n                        <span class=\"btn-outline mt-2 opacity-60 hover:opacity-100 hover:text-white transition-all duration-300\">\r\n                            V\u00cdCE INFORMAC\u00cd                        <\/span>\r\n                    <\/a>\r\n                <\/div>\r\n                    <\/div>\r\n    <\/div>\r\n    \n\n    <div class=\"overflow-hidden\">\r\n        <section class=\"container-section pb-16\">\r\n            <h1 class=\"heading-mid mt-20\">Dotek luxusu pro Va\u0161i zahradu<\/h1>\r\n            \r\n            <div class=\"grid grid-cols-1 lg:grid-cols-2 space-y-10 lg:space-y-0 mt-4\">\r\n                <!-- Left Column -->\r\n                <div class=\"hero-section group hero-section flex items-center translate-x-1\/4 lg:translate-x-0 group\">\r\n                    <div class=\"w-6\/12 lg:w-7\/12 text-left lg:text-right pr-10 lg:pr-2\">\r\n                        <img decoding=\"async\" src=\"http:\/\/www.floria.cz\/wp-content\/uploads\/2025\/01\/flower.svg\"\r\n                            class=\"h-14 w-14 hero-section-icon hero-section-icon-hover\" alt=\"Icon\">\r\n                        <img decoding=\"async\" src=\"http:\/\/www.floria.cz\/wp-content\/uploads\/2025\/01\/flower-gray.svg\"\r\n                            class=\"h-14 w-14 hero-section-icon hero-section-icon-default\" alt=\"Icon\">\r\n\r\n                        <h2 class=\"my-8 text-3xl lg:text-4xl text-silver\">\r\n                            P\u011bstitelsk\u00fd program                        <\/h2>\r\n                        <p class=\"mb-8\">\r\n                            Jedine\u010dn\u00e9 substr\u00e1ty, hnojiva a dekora\u010dn\u00ed materi\u00e1ly pro KR\u00c1LOVNY ZAHRAD.                        <\/p>\r\n                        <a href=\"\/pestitelsky-program\" class=\"btn-primary hero-section-button\">\r\n                            Zobrazit v\u00edce                        <\/a>\r\n                    <\/div>\r\n\r\n                    <div class=\"w-6\/12 lg:w-5\/12\">\r\n                        <img decoding=\"async\" src=\"http:\/\/www.floria.cz\/wp-content\/uploads\/2025\/01\/globe-left.png\" alt=\"Globe\" class=\"w-full h-auto\">\r\n                    <\/div>\r\n\r\n                    <div class=\"lg:block lg:w-0.5 h-4\/6\">\r\n                        <div class=\"h-full w-0 bigass-shadow\"><\/div>\r\n                    <\/div>\r\n                <\/div>\r\n\r\n                <!-- Right Column -->\r\n                <div class=\"hero-section group flex items-center -translate-x-1\/4 lg:translate-x-0\">\r\n                    <div class=\"w-6\/12 lg:w-5\/12 -translate-x-1\">\r\n                        <img decoding=\"async\" src=\"http:\/\/www.floria.cz\/wp-content\/uploads\/2025\/01\/globe-right.png\" alt=\"Globe\"\r\n                            class=\"w-full scale-y-110 h-auto\">\r\n                    <\/div>\r\n\r\n                    <div class=\"w-6\/12 lg:w-7\/12 pl-10 lg:pl-2\">\r\n                        <img decoding=\"async\" src=\"http:\/\/www.floria.cz\/wp-content\/uploads\/2025\/01\/grass.svg\"\r\n                            class=\"h-14 w-14 hero-section-icon hero-section-icon-hover\" alt=\"Icon\">\r\n                        <img decoding=\"async\" src=\"http:\/\/www.floria.cz\/wp-content\/uploads\/2025\/01\/grass-gray.svg\"\r\n                            class=\"h-14 w-14 hero-section-icon hero-section-icon-default\" alt=\"Icon\">\r\n\r\n                        <h2 class=\"my-8 text-3xl lg:text-4xl text-silver\">\r\n                            Tr\u00e1vn\u00edkov\u00fd program                        <\/h2>\r\n                        <p class=\"mb-8\">\r\n                            Komplexn\u00ed p\u00e9\u010de o tr\u00e1vn\u00edk po cel\u00fd rok, v\u010d. unik\u00e1tn\u00edch v\u00fdrobk\u016f pro robotick\u00e9 sek\u00e1n\u00ed, v\u0161e PRO KR\u00c1LE TR\u00c1VN\u00cdK\u016e.                        <\/p>\r\n                        <a href=\"\/travnikovy-program\" class=\"btn-primary hero-section-button\">\r\n                            Zobrazit v\u00edce                        <\/a>\r\n                    <\/div>\r\n                <\/div>\r\n            <\/div>\r\n        <\/section>\r\n    <\/div>\r\n    ","protected":false},"excerpt":{"rendered":"","protected":false},"author":2,"featured_media":0,"parent":0,"menu_order":0,"comment_status":"closed","ping_status":"closed","template":"page-templates\/page_with-hero.php","meta":{"footnotes":"","css_class_manager_body_classes":"","css_class_manager_use_in_post_loop":false},"page_category":[28,17],"class_list":["post-676","page","type-page","status-publish","hentry","page_category-dekoracni-materialy","page_category-pestitelsky-program"],"_links":{"self":[{"href":"https:\/\/www.floria.cz\/sk\/wp-json\/wp\/v2\/pages\/676","targetHints":{"allow":["GET"]}}],"collection":[{"href":"https:\/\/www.floria.cz\/sk\/wp-json\/wp\/v2\/pages"}],"about":[{"href":"https:\/\/www.floria.cz\/sk\/wp-json\/wp\/v2\/types\/page"}],"author":[{"embeddable":true,"href":"https:\/\/www.floria.cz\/sk\/wp-json\/wp\/v2\/users\/2"}],"replies":[{"embeddable":true,"href":"https:\/\/www.floria.cz\/sk\/wp-json\/wp\/v2\/comments?post=676"}],"version-history":[{"count":12,"href":"https:\/\/www.floria.cz\/sk\/wp-json\/wp\/v2\/pages\/676\/revisions"}],"predecessor-version":[{"id":2621,"href":"https:\/\/www.floria.cz\/sk\/wp-json\/wp\/v2\/pages\/676\/revisions\/2621"}],"wp:attachment":[{"href":"https:\/\/www.floria.cz\/sk\/wp-json\/wp\/v2\/media?parent=676"}],"wp:term":[{"taxonomy":"page_category","embeddable":true,"href":"https:\/\/www.floria.cz\/sk\/wp-json\/wp\/v2\/page_category?post=676"}],"curies":[{"name":"wp","href":"https:\/\/api.w.org\/{rel}","templated":true}]}}