{"id":690,"date":"2025-02-13T07:17:29","date_gmt":"2025-02-13T07:17:29","guid":{"rendered":"https:\/\/www.floria.cz\/?page_id=690"},"modified":"2025-02-24T13:33:42","modified_gmt":"2025-02-24T13:33:42","slug":"floriapodzimni-travnikove-hnojivo-25-kg","status":"publish","type":"page","link":"https:\/\/www.floria.cz\/sk\/floriapodzimni-travnikove-hnojivo-25-kg\/","title":{"rendered":"FLORIA\u00ae Jesenn\u00e9 tr\u00e1vnikov\u00e9 hnojivo 2,5 kg"},"content":{"rendered":"    <section class=\"relative pb-16 px-8\">\r\n        <div class=\"flex flex-wrap items-stretch -mx-4\">\r\n            <div class=\"w-full lg:w-1\/2 px-4 lg:mb-0\">\r\n                <div class=\"relative flex flex-wrap items-center justify-center py-20 mt-24 lg:mt-5\">\r\n                    <div class=\"absolute top-0 left-0 right-0 bottom-0 flex items-center justify-center\">\r\n                        <div class=\"w-[1rem] h-[5rem] bg-gray-200 rounded-full product-gradient\"><\/div>\r\n                    <\/div>\r\n                    \r\n                    <div class=\"absolute top-0 left-0 right-0 text-center\">\r\n                                                    <img decoding=\"async\" src=\"http:\/\/www.floria.cz\/wp-content\/uploads\/2025\/01\/grass.svg\" class=\"inline lg:hidden w-8\" alt=\"Flower icon\">\r\n                                                <h2 class=\"lg:hidden pt-2\">FLORIA\u00ae Podzimn\u00ed tr\u00e1vn\u00edkov\u00e9 hnojivo 2,5 kg<\/h2>\r\n                    <\/div>\r\n\r\n                                            <img decoding=\"async\" id=\"main-product-image\" src=\"http:\/\/www.floria.cz\/wp-content\/uploads\/2025\/02\/Navrh-bez-nazvu-76.svg\" alt=\"Product\"\r\n                            class=\"relative z-10 inline-block h-[490px] lg:max-w-lg pt-14 lg:pt-0\">\r\n                                    <\/div>\r\n\r\n                <div class=\"flex space-x-4 justify-center\">\r\n                                                                                                                                                                                                                                                                                                            <\/div>\r\n            <\/div>\r\n\r\n            <div class=\"w-full lg:w-1\/2 px-4 lg:pt-32\">\r\n                                    <img decoding=\"async\" src=\"http:\/\/www.floria.cz\/wp-content\/uploads\/2025\/01\/grass.svg\" \r\n                         class=\"hidden lg:inline-block pb-8 w-8\" alt=\"Flower icon\">\r\n                \r\n                <h2 class=\"hidden lg:block text-gray-900 mb-6\">FLORIA\u00ae Podzimn\u00ed tr\u00e1vn\u00edkov\u00e9 hnojivo 2,5 kg<\/h2>\r\n                <div class=\"text-lg font-light mb-16\">FLORIA\u00ae Podzimn\u00ed tr\u00e1vn\u00edkov\u00e9 hnojivo je ide\u00e1ln\u00ed volbou pro p\u0159\u00edpravu tr\u00e1vn\u00edku na zimn\u00ed obdob\u00ed. Jeho unik\u00e1tn\u00ed slo\u017een\u00ed s ni\u017e\u0161\u00edm obsahem dus\u00edku, zv\u00fd\u0161en\u00fdm obsahem drasl\u00edku a ho\u0159\u010d\u00edku podpo\u0159\u00ed tvorbu z\u00e1sobn\u00edch l\u00e1tek v rostlin\u00e1ch.<br><\/div>\r\n                <a href=\"#\" class=\"btn-primary\">\r\n                    koupit na eshopu                <\/a>\r\n            <\/div>\r\n        <\/div>\r\n    <\/section>\r\n    <script>\r\n    function swapProductImage(clickedImg) {\r\n        var mainImg = document.getElementById('main-product-image');\r\n        if (mainImg) {\r\n            var tempSrc = mainImg.src;\r\n            mainImg.src = clickedImg.src;\r\n            clickedImg.src = tempSrc;\r\n        }\r\n    }\r\n    <\/script>\r\n    \n\n    <div class=\"container-section\" id=\"floria-content\">\r\n        <div class=\"grid-4\">\r\n                            <div class=\"icon-card\">\r\n                    <img decoding=\"async\" src=\"http:\/\/www.floria.cz\/wp-content\/uploads\/2025\/02\/Vector-7.svg\" alt=\"Icon\">\r\n                    <h3 class=\"icon-title\">A\u017d 25 % DRASL\u00cdKU<\/h3>\r\n                <\/div>\r\n                            <div class=\"icon-card\">\r\n                    <img decoding=\"async\" src=\"http:\/\/www.floria.cz\/wp-content\/uploads\/2025\/02\/Vector-7.svg\" alt=\"Icon\">\r\n                    <h3 class=\"icon-title\">JEMN\u00c1 GRANULACE<\/h3>\r\n                <\/div>\r\n                            <div class=\"icon-card\">\r\n                    <img decoding=\"async\" src=\"http:\/\/www.floria.cz\/wp-content\/uploads\/2025\/02\/Vector-7.svg\" alt=\"Icon\">\r\n                    <h3 class=\"icon-title\">DLOUHODOB\u00dd \u00da\u010cINEK<\/h3>\r\n                <\/div>\r\n                            <div class=\"icon-card\">\r\n                    <img decoding=\"async\" src=\"http:\/\/www.floria.cz\/wp-content\/uploads\/2025\/02\/Vector-7.svg\" alt=\"Icon\">\r\n                    <h3 class=\"icon-title\">PROTI VYMRZ\u00c1V\u00c1N\u00cd<\/h3>\r\n                <\/div>\r\n                    <\/div>\r\n    <\/div>\r\n    \n\n    <div class=\"container-section\">\r\n        <div class=\"border border-dark-accent p-10 lg:p-20 pb-16 rounded-2xl lg:rounded-4xl\">\r\n            <!-- Section 1 -->\r\n            <h2 class=\"mb-16 text-center\">O PRODUKTU<\/h2>\r\n            <div class=\"flex flex-wrap xl:flex-nowrap justify-center lg:gap-x-20 mb-14\">\r\n                <div class=\"w-full xl:w-full pr-3 flex flex-wrap align-center py-2\">\r\n                    <div class=\"leading-tight\">\r\n                        FLORIA\u00ae Podzimn\u00ed tr\u00e1vn\u00edkov\u00e9 hnojivo je ide\u00e1ln\u00ed volbou pro p\u0159\u00edpravu tr\u00e1vn\u00edku na zimn\u00ed obdob\u00ed. Jeho unik\u00e1tn\u00ed slo\u017een\u00ed s ni\u017e\u0161\u00edm obsahem dus\u00edku, zv\u00fd\u0161en\u00fdm obsahem drasl\u00edku a ho\u0159\u010d\u00edku podpo\u0159\u00ed tvorbu z\u00e1sobn\u00edch l\u00e1tek v rostlin\u00e1ch, co\u017e zlep\u0161\u00ed jejich p\u0159ezimov\u00e1n\u00ed a odolnost proti stresu. <br><br>Toto kompaktovan\u00e9 hnojivo nejen\u017ee zpomal\u00ed r\u016fst tr\u00e1vy, ale tak\u00e9 pom\u016f\u017ee zpevnit rostliny a p\u0159iprav\u00ed je na p\u0159\u00edchod zimy.                    <\/div>\r\n                <\/div>\r\n            <\/div>\r\n\r\n            <!-- Middle Text -->\r\n            <h3 class=\"text-primary text-center max-w-2xl mx-auto mb-14 py-10\">\r\n                S na\u0161imi produkty z\u00edsk\u00e1te profesion\u00e1ln\u00ed p\u00e9\u010di, kter\u00e1 prom\u011bn\u00ed ka\u017ed\u00fd kout va\u0161eho zelen\u00e9ho r\u00e1je.            <\/h3>\r\n\r\n            <!-- Section 2 -->\r\n            <h3 class=\"mb-16 text-center\">V\u00ddHODY HNOJIVA<\/h3>\r\n            <div class=\"flex flex-wrap xl:flex-nowrap justify-center lg:gap-x-20 mb-14\">\r\n                <div class=\"w-full xl:w-full pr-3 flex flex-wrap align-center py-2\">\r\n                    <div class=\"leading-tight\">\r\n                        <strong>Dlouhodob\u00fd \u00fa\u010dinek<\/strong><br>Dus\u00edk v r\u016fzn\u00fdch form\u00e1ch poskytuje vyv\u00e1\u017een\u00fd a pozvoln\u00fd r\u016fst tr\u00e1vn\u00edku, co\u017e je ide\u00e1ln\u00ed pro podzimn\u00ed obdob\u00ed.<br><br><strong>Podpora p\u0159ezimov\u00e1n\u00ed<\/strong><br>Vysok\u00fd obsah drasl\u00edku a ho\u0159\u010d\u00edku zaji\u0161\u0165uje nav\u00fd\u0161en\u00ed z\u00e1sobn\u00edch l\u00e1tek v tr\u00e1vn\u00edku, co\u017e podporuje odolnost proti mrazu a vymrz\u00e1n\u00ed.<br><br><strong>Zpevn\u011bn\u00ed rostlin<\/strong><br>Hnojivo p\u0159iprav\u00ed tr\u00e1vn\u00edk na zimu, zpomal\u00ed r\u016fst a podpo\u0159\u00ed pevnost rostlin pro lep\u0161\u00ed odolnost v t\u011b\u017ek\u00fdch podm\u00ednk\u00e1ch.<br><br><strong>Vyv\u00e1\u017een\u00e1 v\u00fd\u017eiva<\/strong><br>Ni\u017e\u0161\u00ed obsah dus\u00edku udr\u017euje tr\u00e1vn\u00edk v r\u016fstu, ani\u017e by se podporovalo nadm\u011brn\u00e9 vy\u010derp\u00e1n\u00ed \u017eivin p\u0159ed zimou.                    <\/div>\r\n                <\/div>\r\n            <\/div>\r\n\r\n            <!-- Section 3 -->\r\n            <h3 class=\"mb-16 text-center\">N\u00c1VOD K POU\u017dIT\u00cd<\/h3>\r\n            <div class=\"flex flex-wrap xl:flex-nowrap justify-center lg:gap-x-20 mb-14\">\r\n                <div class=\"w-full xl:w-full pr-3 flex flex-wrap align-center py-2\">\r\n                    <div class=\"leading-tight\">\r\n                        FLORIA\u00ae Podzimn\u00ed tr\u00e1vn\u00edkov\u00e9 hnojivo hnojivo je skv\u011blou volbou pro p\u0159\u00edpravu tr\u00e1vn\u00edku na zimu, zv\u00fd\u0161en\u00ed jeho odolnosti a podpo\u0159en\u00ed siln\u00e9ho a zdrav\u00e9ho r\u016fstu, kter\u00fd vydr\u017e\u00ed a\u017e do p\u0159\u00ed\u0161t\u00ed sez\u00f3ny.<br><br>Ur\u010deno pro v\u0161echny typy tr\u00e1vn\u00edk\u016f, zejm\u00e9na pro tr\u00e1vn\u00edky, kter\u00e9 jsou pravideln\u011b se\u010deny.<br>Aplikujte na such\u00fd tr\u00e1vn\u00edk na podzim (od konce srpna do konce \u0159\u00edjna), ide\u00e1ln\u011b n\u011bkolik t\u00fddn\u016f p\u0159ed p\u0159\u00edchodem mraz\u016f.<br><br><strong>Doporu\u010den\u00e9 d\u00e1vkov\u00e1n\u00ed<\/strong><br>Cca 20 g\/m2 plochy.                    <\/div>\r\n                <\/div>\r\n            <\/div>\r\n        <\/div>\r\n    <\/div>\r\n    \n\n    <div class=\"container-section py-16 px-8\">\r\n        <h2 class=\"heading-mid mb-8\">DOPORU\u010cUJEME<\/h2>\r\n\r\n        <div class=\"grid grid-cols-1 md:grid-cols-2 xl:grid-cols-4 gap-7\">\r\n                            <div class=\"group flex flex-col items-center justify-center py-4 px-5 max-xl:py-10 max-xl:px-12  rounded-3xl border border-white overflow-hidden transition-all duration-300 hover:shadow-lg\">\r\n                    <a href=\"\/floria-booster-startovaci-travnikove-hnojivo-25-kg\/\" class=\"flex flex-col items-center justify-center\">\r\n                        <div class=\"relative\">\r\n                            <div class=\"absolute top-0 left-0 right-0 bottom-0 flex items-center justify-center -z-10\">\r\n                                <div class=\"w-5 h-5 bg-gray-200 rounded-full product-gradient group-hover:scale-125 transition-transform duration-300\"><\/div>\r\n                            <\/div>\r\n                            <img decoding=\"async\" src=\"http:\/\/www.floria.cz\/wp-content\/uploads\/2025\/02\/Navrh-bez-nazvu-30.svg\" \r\n                                 alt=\"BOOSTER PRO START TR\u00c1VN\u00cdKU\" \r\n                                 class=\"mb-4 z-10 h-[300px] group-hover:scale-105 transition-transform duration-300\">\r\n                        <\/div>\r\n                        <h4 class=\"text-center text-sm text-secondary-light font-medium mb-2 transition-colors duration-300\">\r\n                            FLORIA PREMIUM                        <\/h4>\r\n                        <h3 class=\"text-center text-2xl md:text-xl lg:text-lg font-semibold mb-2 group-hover:text-primary-light transition-colors duration-300\">\r\n                            BOOSTER PRO START TR\u00c1VN\u00cdKU                        <\/h3>\r\n                        <span class=\"btn-outline mt-2 opacity-60 hover:opacity-100 hover:text-white transition-all duration-300\">\r\n                            V\u00cdCE INFORMAC\u00cd                        <\/span>\r\n                    <\/a>\r\n                <\/div>\r\n                            <div class=\"group flex flex-col items-center justify-center py-4 px-5 max-xl:py-10 max-xl:px-12  rounded-3xl border border-white overflow-hidden transition-all duration-300 hover:shadow-lg\">\r\n                    <a href=\"\/floria-travnikove-hnojivo-pro-vysevy-dosevy-a-regeneraci-25-kg\/\" class=\"flex flex-col items-center justify-center\">\r\n                        <div class=\"relative\">\r\n                            <div class=\"absolute top-0 left-0 right-0 bottom-0 flex items-center justify-center -z-10\">\r\n                                <div class=\"w-5 h-5 bg-gray-200 rounded-full product-gradient group-hover:scale-125 transition-transform duration-300\"><\/div>\r\n                            <\/div>\r\n                            <img decoding=\"async\" src=\"http:\/\/www.floria.cz\/wp-content\/uploads\/2025\/02\/Navrh-bez-nazvu-34.svg\" \r\n                                 alt=\"HNOJIVO PRO DOSEV A V\u00ddSEV\" \r\n                                 class=\"mb-4 z-10 h-[300px] group-hover:scale-105 transition-transform duration-300\">\r\n                        <\/div>\r\n                        <h4 class=\"text-center text-sm text-secondary-light font-medium mb-2 transition-colors duration-300\">\r\n                            FLORIA PREMIUM                        <\/h4>\r\n                        <h3 class=\"text-center text-2xl md:text-xl lg:text-lg font-semibold mb-2 group-hover:text-primary-light transition-colors duration-300\">\r\n                            HNOJIVO PRO DOSEV A V\u00ddSEV                        <\/h3>\r\n                        <span class=\"btn-outline mt-2 opacity-60 hover:opacity-100 hover:text-white transition-all duration-300\">\r\n                            V\u00cdCE INFORMAC\u00cd                        <\/span>\r\n                    <\/a>\r\n                <\/div>\r\n                            <div class=\"group flex flex-col items-center justify-center py-4 px-5 max-xl:py-10 max-xl:px-12  rounded-3xl border border-white overflow-hidden transition-all duration-300 hover:shadow-lg\">\r\n                    <a href=\"\/floria-travnikove-hnojivo-pro-roboticke-sekani-25-kg\/\" class=\"flex flex-col items-center justify-center\">\r\n                        <div class=\"relative\">\r\n                            <div class=\"absolute top-0 left-0 right-0 bottom-0 flex items-center justify-center -z-10\">\r\n                                <div class=\"w-5 h-5 bg-gray-200 rounded-full product-gradient group-hover:scale-125 transition-transform duration-300\"><\/div>\r\n                            <\/div>\r\n                            <img decoding=\"async\" src=\"http:\/\/www.floria.cz\/wp-content\/uploads\/2025\/02\/Navrh-bez-nazvu-33.svg\" \r\n                                 alt=\"HNOJIVO PRO ROBOTICK\u00c9 SEK\u00c1N\u00cd\" \r\n                                 class=\"mb-4 z-10 h-[300px] group-hover:scale-105 transition-transform duration-300\">\r\n                        <\/div>\r\n                        <h4 class=\"text-center text-sm text-secondary-light font-medium mb-2 transition-colors duration-300\">\r\n                            FLORIA PREMIUM                        <\/h4>\r\n                        <h3 class=\"text-center text-2xl md:text-xl lg:text-lg font-semibold mb-2 group-hover:text-primary-light transition-colors duration-300\">\r\n                            HNOJIVO PRO ROBOTICK\u00c9 SEK\u00c1N\u00cd                        <\/h3>\r\n                        <span class=\"btn-outline mt-2 opacity-60 hover:opacity-100 hover:text-white transition-all duration-300\">\r\n                            V\u00cdCE INFORMAC\u00cd                        <\/span>\r\n                    <\/a>\r\n                <\/div>\r\n                            <div class=\"group flex flex-col items-center justify-center py-4 px-5 max-xl:py-10 max-xl:px-12  rounded-3xl border border-white overflow-hidden transition-all duration-300 hover:shadow-lg\">\r\n                    <a href=\"\/floria-travni-smes-sucho-1-kg\/\" class=\"flex flex-col items-center justify-center\">\r\n                        <div class=\"relative\">\r\n                            <div class=\"absolute top-0 left-0 right-0 bottom-0 flex items-center justify-center -z-10\">\r\n                                <div class=\"w-5 h-5 bg-gray-200 rounded-full product-gradient group-hover:scale-125 transition-transform duration-300\"><\/div>\r\n                            <\/div>\r\n                            <img decoding=\"async\" src=\"http:\/\/www.floria.cz\/wp-content\/uploads\/2025\/02\/Navrh-bez-nazvu-28.svg\" \r\n                                 alt=\"TRAVN\u00cd SM\u011aS DO SUCHA\" \r\n                                 class=\"mb-4 z-10 h-[300px] group-hover:scale-105 transition-transform duration-300\">\r\n                        <\/div>\r\n                        <h4 class=\"text-center text-sm text-secondary-light font-medium mb-2 transition-colors duration-300\">\r\n                            FLORIA PREMIUM                        <\/h4>\r\n                        <h3 class=\"text-center text-2xl md:text-xl lg:text-lg font-semibold mb-2 group-hover:text-primary-light transition-colors duration-300\">\r\n                            TRAVN\u00cd SM\u011aS DO SUCHA                        <\/h3>\r\n                        <span class=\"btn-outline mt-2 opacity-60 hover:opacity-100 hover:text-white transition-all duration-300\">\r\n                            V\u00cdCE INFORMAC\u00cd                        <\/span>\r\n                    <\/a>\r\n                <\/div>\r\n                    <\/div>\r\n    <\/div>\r\n    \n\n    <div class=\"overflow-hidden\">\r\n        <section class=\"container-section pb-16\">\r\n            <h1 class=\"heading-mid mt-20\">Dotek luxusu pro Va\u0161i zahradu<\/h1>\r\n            \r\n            <div class=\"grid grid-cols-1 lg:grid-cols-2 space-y-10 lg:space-y-0 mt-4\">\r\n                <!-- Left Column -->\r\n                <div class=\"hero-section group hero-section flex items-center translate-x-1\/4 lg:translate-x-0 group\">\r\n                    <div class=\"w-6\/12 lg:w-7\/12 text-left lg:text-right pr-10 lg:pr-2\">\r\n                        <img decoding=\"async\" src=\"http:\/\/www.floria.cz\/wp-content\/uploads\/2025\/01\/flower.svg\"\r\n                            class=\"h-14 w-14 hero-section-icon hero-section-icon-hover\" alt=\"Icon\">\r\n                        <img decoding=\"async\" src=\"http:\/\/www.floria.cz\/wp-content\/uploads\/2025\/01\/flower-gray.svg\"\r\n                            class=\"h-14 w-14 hero-section-icon hero-section-icon-default\" alt=\"Icon\">\r\n\r\n                        <h2 class=\"my-8 text-3xl lg:text-4xl text-silver\">\r\n                            P\u011bstitelsk\u00fd program                        <\/h2>\r\n                        <p class=\"mb-8\">\r\n                            Jedine\u010dn\u00e9 substr\u00e1ty, hnojiva a dekora\u010dn\u00ed materi\u00e1ly pro KR\u00c1LOVNY ZAHRAD.                        <\/p>\r\n                        <a href=\"\/pestitelsky-program\" class=\"btn-primary hero-section-button\">\r\n                            Zobrazit v\u00edce                        <\/a>\r\n                    <\/div>\r\n\r\n                    <div class=\"w-6\/12 lg:w-5\/12\">\r\n                        <img decoding=\"async\" src=\"http:\/\/www.floria.cz\/wp-content\/uploads\/2025\/01\/globe-left.png\" alt=\"Globe\" class=\"w-full h-auto\">\r\n                    <\/div>\r\n\r\n                    <div class=\"lg:block lg:w-0.5 h-4\/6\">\r\n                        <div class=\"h-full w-0 bigass-shadow\"><\/div>\r\n                    <\/div>\r\n                <\/div>\r\n\r\n                <!-- Right Column -->\r\n                <div class=\"hero-section group flex items-center -translate-x-1\/4 lg:translate-x-0\">\r\n                    <div class=\"w-6\/12 lg:w-5\/12 -translate-x-1\">\r\n                        <img decoding=\"async\" src=\"http:\/\/www.floria.cz\/wp-content\/uploads\/2025\/01\/globe-right.png\" alt=\"Globe\"\r\n                            class=\"w-full scale-y-110 h-auto\">\r\n                    <\/div>\r\n\r\n                    <div class=\"w-6\/12 lg:w-7\/12 pl-10 lg:pl-2\">\r\n                        <img decoding=\"async\" src=\"http:\/\/www.floria.cz\/wp-content\/uploads\/2025\/01\/grass.svg\"\r\n                            class=\"h-14 w-14 hero-section-icon hero-section-icon-hover\" alt=\"Icon\">\r\n                        <img decoding=\"async\" src=\"http:\/\/www.floria.cz\/wp-content\/uploads\/2025\/01\/grass-gray.svg\"\r\n                            class=\"h-14 w-14 hero-section-icon hero-section-icon-default\" alt=\"Icon\">\r\n\r\n                        <h2 class=\"my-8 text-3xl lg:text-4xl text-silver\">\r\n                            Tr\u00e1vn\u00edkov\u00fd program                        <\/h2>\r\n                        <p class=\"mb-8\">\r\n                            Komplexn\u00ed p\u00e9\u010de o tr\u00e1vn\u00edk po cel\u00fd rok, v\u010d. unik\u00e1tn\u00edch v\u00fdrobk\u016f pro robotick\u00e9 sek\u00e1n\u00ed, v\u0161e PRO KR\u00c1LE TR\u00c1VN\u00cdK\u016e.                        <\/p>\r\n                        <a href=\"\/travnikovy-program\" class=\"btn-primary hero-section-button\">\r\n                            Zobrazit v\u00edce                        <\/a>\r\n                    <\/div>\r\n                <\/div>\r\n            <\/div>\r\n        <\/section>\r\n    <\/div>\r\n    ","protected":false},"excerpt":{"rendered":"","protected":false},"author":2,"featured_media":0,"parent":0,"menu_order":0,"comment_status":"closed","ping_status":"closed","template":"page-templates\/page_with-hero.php","meta":{"footnotes":"","css_class_manager_body_classes":"","css_class_manager_use_in_post_loop":false},"page_category":[19,16],"class_list":["post-690","page","type-page","status-publish","hentry","page_category-travnikova-hnojiva","page_category-travnikovy-program"],"_links":{"self":[{"href":"https:\/\/www.floria.cz\/sk\/wp-json\/wp\/v2\/pages\/690","targetHints":{"allow":["GET"]}}],"collection":[{"href":"https:\/\/www.floria.cz\/sk\/wp-json\/wp\/v2\/pages"}],"about":[{"href":"https:\/\/www.floria.cz\/sk\/wp-json\/wp\/v2\/types\/page"}],"author":[{"embeddable":true,"href":"https:\/\/www.floria.cz\/sk\/wp-json\/wp\/v2\/users\/2"}],"replies":[{"embeddable":true,"href":"https:\/\/www.floria.cz\/sk\/wp-json\/wp\/v2\/comments?post=690"}],"version-history":[{"count":13,"href":"https:\/\/www.floria.cz\/sk\/wp-json\/wp\/v2\/pages\/690\/revisions"}],"predecessor-version":[{"id":1559,"href":"https:\/\/www.floria.cz\/sk\/wp-json\/wp\/v2\/pages\/690\/revisions\/1559"}],"wp:attachment":[{"href":"https:\/\/www.floria.cz\/sk\/wp-json\/wp\/v2\/media?parent=690"}],"wp:term":[{"taxonomy":"page_category","embeddable":true,"href":"https:\/\/www.floria.cz\/sk\/wp-json\/wp\/v2\/page_category?post=690"}],"curies":[{"name":"wp","href":"https:\/\/api.w.org\/{rel}","templated":true}]}}