{"id":7,"date":"2025-01-14T19:56:26","date_gmt":"2025-01-14T19:56:26","guid":{"rendered":"https:\/\/www.floria.cz\/?page_id=7"},"modified":"2025-02-25T23:05:03","modified_gmt":"2025-02-25T23:05:03","slug":"floria-premium","status":"publish","type":"page","link":"https:\/\/www.floria.cz\/sk\/floria-premium\/","title":{"rendered":"Floria premium"},"content":{"rendered":"<p><\/p>\n\n\n\n<p><\/p>\n\n\n\n<h1 class=\"wp-block-heading has-text-align-center\"><strong>FLORIA\u00ae PREMIUM<\/strong><\/h1>\n\n\n\n<h2 class=\"wp-block-heading has-text-align-center pt-5\">DOTYK LUXUSU PRE VA\u0160U Z\u00c1HRADU<\/h2>\n\n\n\n<p class=\"has-text-align-center\"><br><\/p>\n\n\n\n<p class=\"has-text-align-center container-section leading-snug mt-0 px-20 has-regular-font-size\"><br>Predstavujeme v\u00e1m inovat\u00edvny rad\nFLORIA\u00ae PREMIUM - z\u00e1hradn\u00e9 produkty,\nktor\u00e9 sp\u00e1jaj\u00fa eleganciu, inov\u00e1ciu\na funk\u010dnos\u0165 v nad\u010dasovom dizajne.\nS prepracovan\u00fdmi recept\u00farami prin\u00e1\u0161a\nFLORIA\u00ae PREMIUM revol\u00faciu vo svete\nz\u00e1hradnej starostlivosti. \u010ci u\u017e ste modern\u00e1\n\u017eena, ktor\u00e1 t\u00fa\u017ei po kr\u00e1snej z\u00e1hrade alebo\nakt\u00edvny mu\u017e, ktor\u00fd si zaklad\u00e1 na dokonalom\ntr\u00e1vniku, FLORIA\u00ae PREMIUM v\u00e1m zaru\u010d\u00ed\nv\u00fdsledky, na ktor\u00e9 m\u00f4\u017eete by\u0165 py\u0161n\u00ed. <\/p>\n\n\n\n<p><\/p>\n\n\n\n<p><\/p>\n\n\n\n<p><\/p>\n\n\n\n<p><\/p>\n\n\n\n<p><\/p>\n\n\n\n<div class=\"wp-block-group container-section flex-images-full px-20 is-content-justification-center is-layout-flex wp-container-core-group-is-layout-64b26803 wp-block-group-is-layout-flex\">\n<figure class=\"wp-block-image alignright size-full is-resized\"><a href=\"https:\/\/www.floria.cz\/sk\/pestitelsky-program\/\"><img loading=\"lazy\" decoding=\"async\" width=\"960\" height=\"532\" src=\"http:\/\/www.floria.cz\/wp-content\/uploads\/2025\/02\/WhatsApp-Image-2025-02-25-at-15.23.41.jpeg\" alt=\"\" class=\"wp-image-1702\" style=\"width:535px\" srcset=\"https:\/\/www.floria.cz\/wp-content\/uploads\/2025\/02\/WhatsApp-Image-2025-02-25-at-15.23.41.jpeg 960w, https:\/\/www.floria.cz\/wp-content\/uploads\/2025\/02\/WhatsApp-Image-2025-02-25-at-15.23.41-300x166.jpeg 300w, https:\/\/www.floria.cz\/wp-content\/uploads\/2025\/02\/WhatsApp-Image-2025-02-25-at-15.23.41-768x426.jpeg 768w\" sizes=\"auto, (max-width: 960px) 100vw, 960px\" \/><\/a><\/figure>\n\n\n\n<figure class=\"wp-block-image alignright size-full is-resized\"><a href=\"https:\/\/www.floria.cz\/sk\/travnikovy-program\/\"><img loading=\"lazy\" decoding=\"async\" width=\"960\" height=\"532\" src=\"http:\/\/www.floria.cz\/wp-content\/uploads\/2025\/02\/WhatsApp-Image-2025-02-25-at-15.24.39-1.jpeg\" alt=\"\" class=\"wp-image-1703\" style=\"width:535px\" srcset=\"https:\/\/www.floria.cz\/wp-content\/uploads\/2025\/02\/WhatsApp-Image-2025-02-25-at-15.24.39-1.jpeg 960w, https:\/\/www.floria.cz\/wp-content\/uploads\/2025\/02\/WhatsApp-Image-2025-02-25-at-15.24.39-1-300x166.jpeg 300w, https:\/\/www.floria.cz\/wp-content\/uploads\/2025\/02\/WhatsApp-Image-2025-02-25-at-15.24.39-1-768x426.jpeg 768w\" sizes=\"auto, (max-width: 960px) 100vw, 960px\" \/><\/a><\/figure>\n<\/div>\n\n\n    <div class=\"container-section pt-4\">\r\n        <div class=\"border-2 border-silver p-10 lg:p-20 pb-16 rounded-2xl lg:rounded-4xl\">\r\n            \r\n            <h2 class=\"mb-16 text-center\">PRICH\u00c1DZA REVOL\u00daCIA V PESTOVAN\u00cd<\/h2>\r\n\r\n                            <div class=\"flex flex-wrap xl:flex-nowrap justify-center lg:gap-x-20 mb-14\">\r\n                                            <div class=\"w-full xl:w-5\/12 flex justify-center lg:justify-start py-2\">\r\n                            <img decoding=\"async\" src=\"http:\/\/www.floria.cz\/wp-content\/uploads\/2025\/02\/FLORIA-banner-420x2552popis.jpg\" alt=\"Section image\" class=\"inline-block w-auto lg:w-full\">\r\n                        <\/div>\r\n                    \r\n                    <div class=\"w-full xl:w-7\/12 pr-3 flex flex-wrap align-center py-2\">\r\n                        <h3 class=\"heading-padded\">REVOL\u00daCIA V ZLO\u017dEN\u00cd<\/h3>\r\n                        <p class=\"leading-tight\">S FLORIA\u00ae PREMIUM garantujeme vynikaj\u00face v\u00fdsledky v pestovan\u00ed a to bez zbyto\u010dnej n\u00e1mahy a s \u00fasporou \u010dasu. V\u010faka pou\u017eitiu kvalitn\u00fdch a prelomov\u00fdch surov\u00edn z\u00edskate maxim\u00e1lny efekt s minim\u00e1lnym \u00fasil\u00edm.<br><br>Na\u0161e produkty s\u00fa navrhnut\u00e9 tak, aby va\u0161e rastliny r\u00e1stli zdravo a pevne a to i v n\u00e1ro\u010dnej\u0161\u00edch podmienkach.<\/p>\r\n                    <\/div>\r\n\r\n                                    <\/div>\r\n                <div class=\"linear-divider my-11\"><\/div>\r\n                            <div class=\"flex flex-wrap xl:flex-nowrap justify-center lg:gap-x-20 mb-14\">\r\n                    \r\n                    <div class=\"w-full xl:w-7\/12 pr-3 flex flex-wrap align-center py-2\">\r\n                        <h3 class=\"heading-padded\">Revol\u00facia v dizajne<\/h3>\r\n                        <p class=\"leading-tight\">FLORIA\u00ae PREMIUM sa p\u00fd\u0161i pr\u00e9miov\u00fdm vzh\u013eadom, ktor\u00fd vy\u017earuje luxus a neprehliadnute\u013enos\u0165. Ka\u017ed\u00fd detail na\u0161ich v\u00fdrobkov je navrhnut\u00fd tak, aby up\u00fatal pozornos\u0165 a priniesol do va\u0161ej z\u00e1hrady nie len funk\u010dnos\u0165, ale aj estetick\u00fd z\u00e1\u017eitok.<br><br>Spojujeme elegantn\u00ed design s prvot\u0159\u00eddn\u00ed kvalitou, d\u00edky \u010demu\u017e se na\u0161e produkty stanou v\u00fdrazn\u00fdm prvkem va\u0161\u00ed zahrady.<\/p>\r\n                    <\/div>\r\n\r\n                                            <div class=\"w-full xl:w-5\/12 flex justify-center lg:justify-end py-2\">\r\n                            <img decoding=\"async\" src=\"http:\/\/www.floria.cz\/wp-content\/uploads\/2025\/02\/FLORIA-banner-420x2552-3.jpg\" alt=\"Section image\" class=\"inline-block w-auto lg:w-full\">\r\n                        <\/div>\r\n                                    <\/div>\r\n                <div class=\"linear-divider my-11\"><\/div>\r\n                            <div class=\"flex flex-wrap xl:flex-nowrap justify-center lg:gap-x-20 mb-14\">\r\n                                            <div class=\"w-full xl:w-5\/12 flex justify-center lg:justify-start py-2\">\r\n                            <img decoding=\"async\" src=\"http:\/\/www.floria.cz\/wp-content\/uploads\/2025\/02\/FLORIA-banner-420x2553-2.jpg\" alt=\"Section image\" class=\"inline-block w-auto lg:w-full\">\r\n                        <\/div>\r\n                    \r\n                    <div class=\"w-full xl:w-7\/12 pr-3 flex flex-wrap align-center py-2\">\r\n                        <h3 class=\"heading-padded\">Revol\u00facia v sortimente<\/h3>\r\n                        <p class=\"leading-tight\">FLORIA\u00ae PREMIUM predstavuje ucelen\u00fd rad jedidne\u010dn\u00fdch v\u00fdrobkov, ktor\u00e9 prin\u00e1\u0161aj\u00fa to najlep\u0161ie pre va\u0161u z\u00e1hradu. Na\u0161e premyslen\u00e9 sortimentn\u00e9 skupiny zais\u0165uj\u00fa, \u017ee ka\u017ed\u00fd produkt je dokonale navrhnut\u00fd pre \u0161pecifick\u00e9 potreby pestovania.<br><br>Z\u00edskajte v\u0161etko, \u010do potrebujete pre zdrav\u00fd rast a kr\u00e1su rastl\u00edn, a to v pr\u00e9miovej kvalite, ktor\u00e1 sa pozn\u00e1 na prv\u00fd poh\u013ead.<\/p>\r\n                    <\/div>\r\n\r\n                                    <\/div>\r\n                <div class=\"linear-divider my-11\"><\/div>\r\n            \r\n            <div class=\"text-center mt-24\">\r\n                <h2 class=\"text-3xl text-center max-w-2xl mx-auto mb-14 py-10\">\r\n                    S na\u0161imi produktami z\u00edskate profesion\u00e1lnu starostlivos\u0165, ktor\u00e1 premen\u00ed ka\u017ed\u00fd k\u00fat v\u00e1\u0161ho zelen\u00e9ho raja.                <\/h2>\r\n\r\n                            <\/div>\r\n        <\/div>\r\n    <\/div>\r\n    \n\n    <div class=\"globe-side-effect overflow-hidden\">\r\n        <img decoding=\"async\" src=\"https:\/\/www.floria.cz\/wp-content\/themes\/floria\/assets\/images\/globe-left.png\" alt=\"Flower globe\"\r\n            class=\"left-globe\">\r\n        <img decoding=\"async\" src=\"https:\/\/www.floria.cz\/wp-content\/themes\/floria\/assets\/images\/globe-right.png\" alt=\"Flower globe\"\r\n            class=\"right-globe\">\r\n\r\n        <div class=\"container-section z-50\">\r\n                            <section class=\"py-10\">\r\n                    <div class=\"flex justify-center -mb-12\">\r\n                        <img decoding=\"async\" src=\"https:\/\/www.floria.cz\/wp-content\/themes\/floria\/assets\/images\/flower-dim.png\" alt=\"Text Silver\" class=\"w-36\">\r\n                    <\/div>\r\n                    <h2 class=\"heading-mid pt-0\">PREHLIADNITE SI UNIK\u00c1TNE V\u00ddROBKY A ICH JEDINE\u010cN\u00c9 VLASTNOSTI<\/h2>\r\n                    <!--  -->\r\n                    <div class=\"flex flex-wrap justify-center gap-6 mt-12 leading-normal\">\r\n                                                    <a href=\"#\" class=\"mini-card\">\r\n                                <h4 class=\"uppercase text-center\">SUBSTR\u00c1TY<\/h4>\r\n                            <\/a>\r\n                                                    <a href=\"#\" class=\"mini-card\">\r\n                                <h4 class=\"uppercase text-center\">KVAPALN\u00c9 HNOJIV\u00c1<\/h4>\r\n                            <\/a>\r\n                                                    <a href=\"#\" class=\"mini-card\">\r\n                                <h4 class=\"uppercase text-center\">PEVN\u00c9 HNOJIV\u00c1<\/h4>\r\n                            <\/a>\r\n                                                    <a href=\"#\" class=\"mini-card\">\r\n                                <h4 class=\"uppercase text-center\">DEKORA\u010cN\u00c9 MATERI\u00c1LY<\/h4>\r\n                            <\/a>\r\n                                                    <a href=\"#\" class=\"mini-card\">\r\n                                <h4 class=\"uppercase text-center\">TR\u00c1VNIKOV\u00c9 HNOJIV\u00c1<\/h4>\r\n                            <\/a>\r\n                                                    <a href=\"#\" class=\"mini-card\">\r\n                                <h4 class=\"uppercase text-center\">STAROSTLIVOS\u0164 O TR\u00c1VNIK<\/h4>\r\n                            <\/a>\r\n                                                    <a href=\"#\" class=\"mini-card\">\r\n                                <h4 class=\"uppercase text-center\">TR\u00c1VNE ZMESI<\/h4>\r\n                            <\/a>\r\n                                            <\/div>\r\n                <\/section>\r\n            \r\n            <section class=\"py-10\">\r\n                            <\/section>\r\n        <\/div>\r\n    <\/div>","protected":false},"excerpt":{"rendered":"<p>FLORIA\u00ae PREMIUM DOTEK LUXUSU PRO VA\u0160I ZAHRADU P\u0159edstavujeme v\u00e1m inovovanou \u0159adu FLORIA\u00ae PREMIUM \u2013 zahradn\u00ed produkty, kter\u00e9 spojuj\u00ed eleganci, inovaci a funk\u010dnost v nad\u010dasov\u00e9m designu. S propracovan\u00fdmi recepturami p\u0159in\u00e1\u0161\u00ed FLORIA\u00ae PREMIUM revoluci ve sv\u011bt\u011b zahradn\u00ed p\u00e9\u010de. A\u0165 u\u017e jste modern\u00ed \u017eena, kter\u00e1 tou\u017e\u00ed po kr\u00e1sn\u00e9 zahrad\u011b nebo aktivn\u00ed mu\u017e, kter\u00fd si zakl\u00e1d\u00e1 na dokonal\u00e9m tr\u00e1vn\u00edku, [&hellip;]<\/p>\n","protected":false},"author":1,"featured_media":0,"parent":0,"menu_order":0,"comment_status":"closed","ping_status":"closed","template":"page-templates\/page_main.php","meta":{"footnotes":"","css_class_manager_body_classes":"","css_class_manager_use_in_post_loop":false},"page_category":[],"class_list":["post-7","page","type-page","status-publish","hentry"],"_links":{"self":[{"href":"https:\/\/www.floria.cz\/sk\/wp-json\/wp\/v2\/pages\/7","targetHints":{"allow":["GET"]}}],"collection":[{"href":"https:\/\/www.floria.cz\/sk\/wp-json\/wp\/v2\/pages"}],"about":[{"href":"https:\/\/www.floria.cz\/sk\/wp-json\/wp\/v2\/types\/page"}],"author":[{"embeddable":true,"href":"https:\/\/www.floria.cz\/sk\/wp-json\/wp\/v2\/users\/1"}],"replies":[{"embeddable":true,"href":"https:\/\/www.floria.cz\/sk\/wp-json\/wp\/v2\/comments?post=7"}],"version-history":[{"count":136,"href":"https:\/\/www.floria.cz\/sk\/wp-json\/wp\/v2\/pages\/7\/revisions"}],"predecessor-version":[{"id":1732,"href":"https:\/\/www.floria.cz\/sk\/wp-json\/wp\/v2\/pages\/7\/revisions\/1732"}],"wp:attachment":[{"href":"https:\/\/www.floria.cz\/sk\/wp-json\/wp\/v2\/media?parent=7"}],"wp:term":[{"taxonomy":"page_category","embeddable":true,"href":"https:\/\/www.floria.cz\/sk\/wp-json\/wp\/v2\/page_category?post=7"}],"curies":[{"name":"wp","href":"https:\/\/api.w.org\/{rel}","templated":true}]}}