{"id":716,"date":"2025-02-13T20:02:24","date_gmt":"2025-02-13T20:02:24","guid":{"rendered":"https:\/\/www.floria.cz\/?page_id=716"},"modified":"2025-03-04T07:21:16","modified_gmt":"2025-03-04T07:21:16","slug":"floria-piniova-dekoracni-kura-45-l","status":"publish","type":"page","link":"https:\/\/www.floria.cz\/sk\/floria-piniova-dekoracni-kura-45-l\/","title":{"rendered":"FLORIA\u00ae P\u00edniov\u00e1 dekora\u010dn\u00e1 k\u00f4ra 45 l"},"content":{"rendered":"    <section class=\"relative pb-16 px-8\">\r\n        <div class=\"flex flex-wrap items-stretch -mx-4\">\r\n            <div class=\"w-full lg:w-1\/2 px-4 lg:mb-0\">\r\n                <div class=\"relative flex flex-wrap items-center justify-center py-20 mt-24 lg:mt-5\">\r\n                    <div class=\"absolute top-0 left-0 right-0 bottom-0 flex items-center justify-center\">\r\n                        <div class=\"w-[1rem] h-[5rem] bg-gray-200 rounded-full product-gradient\"><\/div>\r\n                    <\/div>\r\n                    \r\n                    <div class=\"absolute top-0 left-0 right-0 text-center\">\r\n                                                    <img decoding=\"async\" src=\"http:\/\/www.floria.cz\/wp-content\/uploads\/2025\/01\/flower.svg\" class=\"inline lg:hidden w-8\" alt=\"Flower icon\">\r\n                                                <h2 class=\"lg:hidden pt-2\">FLORIA\u00ae Piniov\u00e1 dekora\u010dn\u00ed k\u016fra 45 l<\/h2>\r\n                    <\/div>\r\n\r\n                                            <img decoding=\"async\" id=\"main-product-image\" src=\"http:\/\/www.floria.cz\/wp-content\/uploads\/2025\/02\/Navrh-bez-nazvu-5.svg\" alt=\"Product\"\r\n                            class=\"relative z-10 inline-block h-[490px] lg:max-w-lg pt-14 lg:pt-0\">\r\n                                    <\/div>\r\n\r\n                <div class=\"flex space-x-4 justify-center\">\r\n                                                                                                                                                                                                                                                                                                            <\/div>\r\n            <\/div>\r\n\r\n            <div class=\"w-full lg:w-1\/2 px-4 lg:pt-32\">\r\n                                    <img decoding=\"async\" src=\"http:\/\/www.floria.cz\/wp-content\/uploads\/2025\/01\/flower.svg\" \r\n                         class=\"hidden lg:inline-block pb-8 w-8\" alt=\"Flower icon\">\r\n                \r\n                <h2 class=\"hidden lg:block text-gray-900 mb-6\">FLORIA\u00ae Piniov\u00e1 dekora\u010dn\u00ed k\u016fra 45 l<\/h2>\r\n                <div class=\"text-lg font-light mb-16\">FLORIA\u00ae Piniov\u00e1 dekora\u010dn\u00ed k\u016fra je vysoce kvalitn\u00ed p\u0159\u00edrodn\u00ed materi\u00e1l vyroben\u00fd z k\u016fry borovice pinia, dovezen\u00e9 p\u0159\u00edmo ze St\u0159edomo\u0159\u00ed. Tento produkt spojuje v\u0161echny v\u00fdhody mul\u010dovac\u00ed k\u016fry s elegantn\u00edmi dekora\u010dn\u00edmi vlastnostmi a je ide\u00e1ln\u00ed pro profesion\u00e1ln\u00ed p\u00e9\u010di o va\u0161e rostliny.<br><br><\/div>\r\n                <a href=\"https:\/\/megazahrada.cz\/produkty\/detail\/00818A\/floria-piniova-dekoracni-kura-45-l\" class=\"btn-primary\">\r\n                    koupit na eshopu                <\/a>\r\n            <\/div>\r\n        <\/div>\r\n    <\/section>\r\n    <script>\r\n    function swapProductImage(clickedImg) {\r\n        var mainImg = document.getElementById('main-product-image');\r\n        if (mainImg) {\r\n            var tempSrc = mainImg.src;\r\n            mainImg.src = clickedImg.src;\r\n            clickedImg.src = tempSrc;\r\n        }\r\n    }\r\n    <\/script>\r\n    \n\n    <div class=\"container-section\" id=\"floria-content\">\r\n        <div class=\"grid-4\">\r\n                            <div class=\"icon-card\">\r\n                    <img decoding=\"async\" src=\"http:\/\/www.floria.cz\/wp-content\/uploads\/2025\/02\/Vector-2.png\" alt=\"Icon\">\r\n                    <h3 class=\"icon-title\">FRAKCE 25-45 MM<\/h3>\r\n                <\/div>\r\n                            <div class=\"icon-card\">\r\n                    <img decoding=\"async\" src=\"http:\/\/www.floria.cz\/wp-content\/uploads\/2025\/02\/Vector-2.png\" alt=\"Icon\">\r\n                    <h3 class=\"icon-title\">VYSOK\u00c1 JAKOST<\/h3>\r\n                <\/div>\r\n                            <div class=\"icon-card\">\r\n                    <img decoding=\"async\" src=\"http:\/\/www.floria.cz\/wp-content\/uploads\/2025\/02\/Vector-2.png\" alt=\"Icon\">\r\n                    <h3 class=\"icon-title\">K\u016eRA ZE ST\u0158EDOZEM\u00cd<\/h3>\r\n                <\/div>\r\n                            <div class=\"icon-card\">\r\n                    <img decoding=\"async\" src=\"http:\/\/www.floria.cz\/wp-content\/uploads\/2025\/02\/Vector-2.png\" alt=\"Icon\">\r\n                    <h3 class=\"icon-title\">VHODN\u00c1 DO TER\u00c1RI\u00cd<\/h3>\r\n                <\/div>\r\n                    <\/div>\r\n    <\/div>\r\n    \n\n    <div class=\"container-section\">\r\n        <div class=\"border border-dark-accent p-10 lg:p-20 pb-16 rounded-2xl lg:rounded-4xl\">\r\n            <!-- Section 1 -->\r\n            <h2 class=\"mb-16 text-center\">POPIS PRODUKTU<\/h2>\r\n            <div class=\"flex flex-wrap xl:flex-nowrap justify-center lg:gap-x-20 mb-14\">\r\n                <div class=\"w-full xl:w-full pr-3 flex flex-wrap align-center py-2\">\r\n                    <div class=\"leading-tight\">\r\n                        FLORIA\u00ae Piniov\u00e1 dekora\u010dn\u00ed k\u016fra je vysoce kvalitn\u00ed p\u0159\u00edrodn\u00ed materi\u00e1l vyroben\u00fd z k\u016fry borovice pinia, dovezen\u00e9 p\u0159\u00edmo ze St\u0159edomo\u0159\u00ed. Tento produkt spojuje v\u0161echny v\u00fdhody mul\u010dovac\u00ed k\u016fry s elegantn\u00edmi dekora\u010dn\u00edmi vlastnostmi a je ide\u00e1ln\u00ed pro profesion\u00e1ln\u00ed p\u00e9\u010di o va\u0161e rostliny.<br>                    <\/div>\r\n                <\/div>\r\n            <\/div>\r\n\r\n            <!-- Middle Text -->\r\n            <h3 class=\"text-primary text-center max-w-2xl mx-auto mb-14 py-10\">\r\n                S na\u0161imi produkty z\u00edsk\u00e1te profesion\u00e1ln\u00ed p\u00e9\u010di, kter\u00e1 prom\u011bn\u00ed ka\u017ed\u00fd kout va\u0161eho zelen\u00e9ho r\u00e1je.            <\/h3>\r\n\r\n            <!-- Section 2 -->\r\n            <h3 class=\"mb-16 text-center\">V\u00ddHODY  PRODUKTU<\/h3>\r\n            <div class=\"flex flex-wrap xl:flex-nowrap justify-center lg:gap-x-20 mb-14\">\r\n                <div class=\"w-full xl:w-full pr-3 flex flex-wrap align-center py-2\">\r\n                    <div class=\"leading-tight\">\r\n                        <strong>Podpora p\u0159irozen\u00e9ho v\u00fdvoje p\u016fdn\u00edch organism\u016f<\/strong><br>Piniov\u00e1 k\u016fra vytv\u00e1\u0159\u00ed ide\u00e1ln\u00ed prost\u0159ed\u00ed pro r\u016fst a aktivitu prosp\u011b\u0161n\u00fdch p\u016fdn\u00edch organism\u016f.<br><br><strong>Zamezen\u00ed r\u016fstu plevel\u016f<\/strong><br>\u00da\u010dinn\u011b br\u00e1n\u00ed kl\u00ed\u010den\u00ed plevel\u016f, co\u017e v\u00e1m usnad\u0148uje \u00fadr\u017ebu zahrady a sni\u017euje pot\u0159ebu \u010dast\u00e9ho plet\u00ed.<br><br><strong>Udr\u017eov\u00e1n\u00ed vlhkosti v p\u016fd\u011b<\/strong><br>Pom\u00e1h\u00e1 omezit v\u00fdpar vody, \u010d\u00edm\u017e udr\u017euje p\u016fdu st\u00e1le vlhkou a sni\u017euje pot\u0159ebu z\u00e1livky.<br><br><strong>Ochrana p\u0159ed mrazem<\/strong><br>Piniov\u00e1 k\u016fra chr\u00e1n\u00ed r\u016f\u017ee, okrasn\u00e9 ke\u0159e a stromy p\u0159ed \u201ezmrznut\u00edm\u201c a reguluje teplotu p\u016fdy.<br><br><strong>Prevence eroze a vysych\u00e1n\u00ed<\/strong><br>Zabra\u0148uje erozi a vysych\u00e1n\u00ed p\u016fdy, co\u017e je ide\u00e1ln\u00ed pro sva\u017eit\u00e9 plochy.<br><br><strong>Podpora zdrav\u00ed rostlin<\/strong><br>P\u0159i zakl\u00e1d\u00e1n\u00ed v\u00fdsadeb br\u00e1n\u00ed uschnut\u00ed rostlin a zvy\u0161uje jejich \u0161anci na \u00fasp\u011b\u0161n\u00e9 zako\u0159en\u011bn\u00ed.<br><br><strong>Frakce  <\/strong><br>25\u2013 45 mm                    <\/div>\r\n                <\/div>\r\n            <\/div>\r\n\r\n            <!-- Section 3 -->\r\n            <h3 class=\"mb-16 text-center\">N\u00e1vod k pou\u017eit\u00ed<\/h3>\r\n            <div class=\"flex flex-wrap xl:flex-nowrap justify-center lg:gap-x-20 mb-14\">\r\n                <div class=\"w-full xl:w-full pr-3 flex flex-wrap align-center py-2\">\r\n                    <div class=\"leading-tight\">\r\n                        <strong>P\u0159idejte do sv\u00e9 zahrady n\u00e1dech elegance a funk\u010dnosti s FLORIA\u00ae Piniovou dekora\u010dn\u00ed k\u016frou \u2013 ide\u00e1ln\u00ed volba pro v\u0161echny, kte\u0159\u00ed cht\u011bj\u00ed kombinovat kr\u00e1su p\u0159\u00edrody s efektivn\u00ed ochranou rostlin.<\/strong><br><br>FLORIA\u00ae Piniov\u00e1 dekora\u010dn\u00ed k\u016fra je univerz\u00e1ln\u00ed a m\u00e1 \u0161irok\u00e9 mo\u017enosti vyu\u017eit\u00ed:<br><br><strong>Zahradn\u00ed pou\u017eit\u00ed<\/strong><br>Ide\u00e1ln\u00ed pro pokryt\u00ed p\u016fdy pod ke\u0159\u00edky, stromy nebo na svahovit\u00e9 plochy.<br><br><strong>Dekorativn\u00ed \u00fa\u010dely<\/strong><br>Vhodn\u00e1 pro pokryt\u00ed p\u016fdy v kv\u011btin\u00e1\u010d\u00edch, truhl\u00edc\u00edch na terase nebo balkonu.<br><br><strong>Ozdoba pro interi\u00e9ry<\/strong><br>Lze pou\u017e\u00edt k dekoraci ter\u00e1ri\u00ed a jin\u00fdch interi\u00e9rov\u00fdch prvk\u016f.<br><br><strong>N\u00e1vod k pou\u017eit\u00ed:<\/strong><br>Na nakyp\u0159en\u00fd a urovnan\u00fd povrch p\u016fdy (zbaven\u00fd plevel\u016f) naneste vrstvu piniov\u00e9 dekora\u010dn\u00ed k\u016fry o tlou\u0161\u0165ce 4\u20138 cm. V dal\u0161\u00edch letech sta\u010d\u00ed p\u0159idat 1\u20132 cm nov\u00e9 vrstvy k udr\u017een\u00ed vzhledu a funk\u010dnosti.<br><br><strong>FLORIA TIP pro vy\u0161\u0161\u00ed \u00fa\u010dinek<\/strong><br>Piniov\u00e1 dekora\u010dn\u00ed k\u016fra m\u00e1 oproti klasick\u00e9mu k\u016frov\u00e9mu mul\u010di v\u00fdhodu v del\u0161\u00ed trvanlivosti. Proces jej\u00edho rozkladu prob\u00edh\u00e1 o 50 % pomaleji ne\u017e u b\u011b\u017en\u00e9ho k\u016frov\u00e9ho mul\u010de. Pro zv\u00fd\u0161en\u00ed \u00fa\u010dinnosti proti r\u016fstu plevel\u016f doporu\u010dujeme pou\u017e\u00edt pod k\u016fru \u010dernou tkanou mul\u010dovac\u00ed AGRO textilii, kter\u00e1 v\u00fdrazn\u011b zlep\u0161\u00ed potla\u010den\u00ed plevel\u016f.                    <\/div>\r\n                <\/div>\r\n            <\/div>\r\n        <\/div>\r\n    <\/div>\r\n    \n\n    <div class=\"container-section py-16 px-8\">\r\n        <h2 class=\"heading-mid mb-8\">DOPORU\u010cUJEME<\/h2>\r\n\r\n        <div class=\"grid grid-cols-1 md:grid-cols-2 xl:grid-cols-4 gap-7\">\r\n                            <div class=\"group flex flex-col items-center justify-center py-4 px-5 max-xl:py-10 max-xl:px-12  rounded-3xl border border-white overflow-hidden transition-all duration-300 hover:shadow-lg\">\r\n                    <a href=\"\/floria-zahradnicky-substrat-40-l\/\" class=\"flex flex-col items-center justify-center\">\r\n                        <div class=\"relative\">\r\n                            <div class=\"absolute top-0 left-0 right-0 bottom-0 flex items-center justify-center -z-10\">\r\n                                <div class=\"w-5 h-5 bg-gray-200 rounded-full product-gradient group-hover:scale-125 transition-transform duration-300\"><\/div>\r\n                            <\/div>\r\n                            <img decoding=\"async\" src=\"http:\/\/www.floria.cz\/wp-content\/uploads\/2025\/02\/Navrh-bez-nazvu-26.svg\" \r\n                                 alt=\"ZAHRADNICK\u00dd SUBSTR\u00c1T\" \r\n                                 class=\"mb-4 z-10 h-[300px] group-hover:scale-105 transition-transform duration-300\">\r\n                        <\/div>\r\n                        <h4 class=\"text-center text-sm text-secondary-light font-medium mb-2 transition-colors duration-300\">\r\n                            FLORIA PREMIUM                        <\/h4>\r\n                        <h3 class=\"text-center text-2xl md:text-xl lg:text-lg font-semibold mb-2 group-hover:text-primary-light transition-colors duration-300\">\r\n                            ZAHRADNICK\u00dd SUBSTR\u00c1T                        <\/h3>\r\n                        <span class=\"btn-outline mt-2 opacity-60 hover:opacity-100 hover:text-white transition-all duration-300\">\r\n                            V\u00cdCE INFORMAC\u00cd                        <\/span>\r\n                    <\/a>\r\n                <\/div>\r\n                            <div class=\"group flex flex-col items-center justify-center py-4 px-5 max-xl:py-10 max-xl:px-12  rounded-3xl border border-white overflow-hidden transition-all duration-300 hover:shadow-lg\">\r\n                    <a href=\"\/floria-substrat-pro-kyselomilne-rostliny-40-l\/\" class=\"flex flex-col items-center justify-center\">\r\n                        <div class=\"relative\">\r\n                            <div class=\"absolute top-0 left-0 right-0 bottom-0 flex items-center justify-center -z-10\">\r\n                                <div class=\"w-5 h-5 bg-gray-200 rounded-full product-gradient group-hover:scale-125 transition-transform duration-300\"><\/div>\r\n                            <\/div>\r\n                            <img decoding=\"async\" src=\"http:\/\/www.floria.cz\/wp-content\/uploads\/2025\/02\/Navrh-bez-nazvu-22.svg\" \r\n                                 alt=\"KYSELOMILN\u00c9 ROSTLINY\" \r\n                                 class=\"mb-4 z-10 h-[300px] group-hover:scale-105 transition-transform duration-300\">\r\n                        <\/div>\r\n                        <h4 class=\"text-center text-sm text-secondary-light font-medium mb-2 transition-colors duration-300\">\r\n                            FLORIA PREMIUM                        <\/h4>\r\n                        <h3 class=\"text-center text-2xl md:text-xl lg:text-lg font-semibold mb-2 group-hover:text-primary-light transition-colors duration-300\">\r\n                            KYSELOMILN\u00c9 ROSTLINY                        <\/h3>\r\n                        <span class=\"btn-outline mt-2 opacity-60 hover:opacity-100 hover:text-white transition-all duration-300\">\r\n                            V\u00cdCE INFORMAC\u00cd                        <\/span>\r\n                    <\/a>\r\n                <\/div>\r\n                            <div class=\"group flex flex-col items-center justify-center py-4 px-5 max-xl:py-10 max-xl:px-12  rounded-3xl border border-white overflow-hidden transition-all duration-300 hover:shadow-lg\">\r\n                    <a href=\"\/floria-substrat-pro-stredomorske-rostliny-40-l\/\" class=\"flex flex-col items-center justify-center\">\r\n                        <div class=\"relative\">\r\n                            <div class=\"absolute top-0 left-0 right-0 bottom-0 flex items-center justify-center -z-10\">\r\n                                <div class=\"w-5 h-5 bg-gray-200 rounded-full product-gradient group-hover:scale-125 transition-transform duration-300\"><\/div>\r\n                            <\/div>\r\n                            <img decoding=\"async\" src=\"http:\/\/www.floria.cz\/wp-content\/uploads\/2025\/02\/Navrh-bez-nazvu-25.svg\" \r\n                                 alt=\"ST\u0158EDOMO\u0158SK\u00c9 ROSTLINY\" \r\n                                 class=\"mb-4 z-10 h-[300px] group-hover:scale-105 transition-transform duration-300\">\r\n                        <\/div>\r\n                        <h4 class=\"text-center text-sm text-secondary-light font-medium mb-2 transition-colors duration-300\">\r\n                            FLORIA PREMIUM                        <\/h4>\r\n                        <h3 class=\"text-center text-2xl md:text-xl lg:text-lg font-semibold mb-2 group-hover:text-primary-light transition-colors duration-300\">\r\n                            ST\u0158EDOMO\u0158SK\u00c9 ROSTLINY                        <\/h3>\r\n                        <span class=\"btn-outline mt-2 opacity-60 hover:opacity-100 hover:text-white transition-all duration-300\">\r\n                            V\u00cdCE INFORMAC\u00cd                        <\/span>\r\n                    <\/a>\r\n                <\/div>\r\n                            <div class=\"group flex flex-col items-center justify-center py-4 px-5 max-xl:py-10 max-xl:px-12  rounded-3xl border border-white overflow-hidden transition-all duration-300 hover:shadow-lg\">\r\n                    <a href=\"\/floria-decorative-colormulch-70-l\/\" class=\"flex flex-col items-center justify-center\">\r\n                        <div class=\"relative\">\r\n                            <div class=\"absolute top-0 left-0 right-0 bottom-0 flex items-center justify-center -z-10\">\r\n                                <div class=\"w-5 h-5 bg-gray-200 rounded-full product-gradient group-hover:scale-125 transition-transform duration-300\"><\/div>\r\n                            <\/div>\r\n                            <img decoding=\"async\" src=\"http:\/\/www.floria.cz\/wp-content\/uploads\/2025\/02\/Navrh-bez-nazvu-18-1.png\" \r\n                                 alt=\"DECORATIVE COLORMULCH\" \r\n                                 class=\"mb-4 z-10 h-[300px] group-hover:scale-105 transition-transform duration-300\">\r\n                        <\/div>\r\n                        <h4 class=\"text-center text-sm text-secondary-light font-medium mb-2 transition-colors duration-300\">\r\n                            FLORIA PREMIUM                        <\/h4>\r\n                        <h3 class=\"text-center text-2xl md:text-xl lg:text-lg font-semibold mb-2 group-hover:text-primary-light transition-colors duration-300\">\r\n                            DECORATIVE COLORMULCH                        <\/h3>\r\n                        <span class=\"btn-outline mt-2 opacity-60 hover:opacity-100 hover:text-white transition-all duration-300\">\r\n                            V\u00cdCE INFORMAC\u00cd                        <\/span>\r\n                    <\/a>\r\n                <\/div>\r\n                    <\/div>\r\n    <\/div>\r\n    \n\n    <div class=\"overflow-hidden\">\r\n        <section class=\"container-section pb-16\">\r\n            <h1 class=\"heading-mid mt-20\">Dotek luxusu pro Va\u0161i zahradu<\/h1>\r\n            \r\n            <div class=\"grid grid-cols-1 lg:grid-cols-2 space-y-10 lg:space-y-0 mt-4\">\r\n                <!-- Left Column -->\r\n                <div class=\"hero-section group hero-section flex items-center translate-x-1\/4 lg:translate-x-0 group\">\r\n                    <div class=\"w-6\/12 lg:w-7\/12 text-left lg:text-right pr-10 lg:pr-2\">\r\n                        <img decoding=\"async\" src=\"http:\/\/www.floria.cz\/wp-content\/uploads\/2025\/01\/flower.svg\"\r\n                            class=\"h-14 w-14 hero-section-icon hero-section-icon-hover\" alt=\"Icon\">\r\n                        <img decoding=\"async\" src=\"http:\/\/www.floria.cz\/wp-content\/uploads\/2025\/01\/flower-gray.svg\"\r\n                            class=\"h-14 w-14 hero-section-icon hero-section-icon-default\" alt=\"Icon\">\r\n\r\n                        <h2 class=\"my-8 text-3xl lg:text-4xl text-silver\">\r\n                            P\u011bstitelsk\u00fd program                        <\/h2>\r\n                        <p class=\"mb-8\">\r\n                            Jedine\u010dn\u00e9 substr\u00e1ty, hnojiva a dekora\u010dn\u00ed materi\u00e1ly pro KR\u00c1LOVNY ZAHRAD.                        <\/p>\r\n                        <a href=\"\/pestitelsky-program\" class=\"btn-primary hero-section-button\">\r\n                            Zobrazit v\u00edce                        <\/a>\r\n                    <\/div>\r\n\r\n                    <div class=\"w-6\/12 lg:w-5\/12\">\r\n                        <img decoding=\"async\" src=\"http:\/\/www.floria.cz\/wp-content\/uploads\/2025\/01\/globe-left.png\" alt=\"Globe\" class=\"w-full h-auto\">\r\n                    <\/div>\r\n\r\n                    <div class=\"lg:block lg:w-0.5 h-4\/6\">\r\n                        <div class=\"h-full w-0 bigass-shadow\"><\/div>\r\n                    <\/div>\r\n                <\/div>\r\n\r\n                <!-- Right Column -->\r\n                <div class=\"hero-section group flex items-center -translate-x-1\/4 lg:translate-x-0\">\r\n                    <div class=\"w-6\/12 lg:w-5\/12 -translate-x-1\">\r\n                        <img decoding=\"async\" src=\"http:\/\/www.floria.cz\/wp-content\/uploads\/2025\/01\/globe-right.png\" alt=\"Globe\"\r\n                            class=\"w-full scale-y-110 h-auto\">\r\n                    <\/div>\r\n\r\n                    <div class=\"w-6\/12 lg:w-7\/12 pl-10 lg:pl-2\">\r\n                        <img decoding=\"async\" src=\"http:\/\/www.floria.cz\/wp-content\/uploads\/2025\/01\/grass.svg\"\r\n                            class=\"h-14 w-14 hero-section-icon hero-section-icon-hover\" alt=\"Icon\">\r\n                        <img decoding=\"async\" src=\"http:\/\/www.floria.cz\/wp-content\/uploads\/2025\/01\/grass-gray.svg\"\r\n                            class=\"h-14 w-14 hero-section-icon hero-section-icon-default\" alt=\"Icon\">\r\n\r\n                        <h2 class=\"my-8 text-3xl lg:text-4xl text-silver\">\r\n                            Tr\u00e1vn\u00edkov\u00fd program                        <\/h2>\r\n                        <p class=\"mb-8\">\r\n                            Komplexn\u00ed p\u00e9\u010de o tr\u00e1vn\u00edk po cel\u00fd rok, v\u010d. unik\u00e1tn\u00edch v\u00fdrobk\u016f pro robotick\u00e9 sek\u00e1n\u00ed, v\u0161e PRO KR\u00c1LE TR\u00c1VN\u00cdK\u016e.                        <\/p>\r\n                        <a href=\"\/travnikovy-program\" class=\"btn-primary hero-section-button\">\r\n                            Zobrazit v\u00edce                        <\/a>\r\n                    <\/div>\r\n                <\/div>\r\n            <\/div>\r\n        <\/section>\r\n    <\/div>\r\n    ","protected":false},"excerpt":{"rendered":"","protected":false},"author":2,"featured_media":0,"parent":0,"menu_order":0,"comment_status":"closed","ping_status":"closed","template":"page-templates\/page_with-hero.php","meta":{"footnotes":"","css_class_manager_body_classes":"","css_class_manager_use_in_post_loop":false},"page_category":[28,17],"class_list":["post-716","page","type-page","status-publish","hentry","page_category-dekoracni-materialy","page_category-pestitelsky-program"],"_links":{"self":[{"href":"https:\/\/www.floria.cz\/sk\/wp-json\/wp\/v2\/pages\/716","targetHints":{"allow":["GET"]}}],"collection":[{"href":"https:\/\/www.floria.cz\/sk\/wp-json\/wp\/v2\/pages"}],"about":[{"href":"https:\/\/www.floria.cz\/sk\/wp-json\/wp\/v2\/types\/page"}],"author":[{"embeddable":true,"href":"https:\/\/www.floria.cz\/sk\/wp-json\/wp\/v2\/users\/2"}],"replies":[{"embeddable":true,"href":"https:\/\/www.floria.cz\/sk\/wp-json\/wp\/v2\/comments?post=716"}],"version-history":[{"count":12,"href":"https:\/\/www.floria.cz\/sk\/wp-json\/wp\/v2\/pages\/716\/revisions"}],"predecessor-version":[{"id":1792,"href":"https:\/\/www.floria.cz\/sk\/wp-json\/wp\/v2\/pages\/716\/revisions\/1792"}],"wp:attachment":[{"href":"https:\/\/www.floria.cz\/sk\/wp-json\/wp\/v2\/media?parent=716"}],"wp:term":[{"taxonomy":"page_category","embeddable":true,"href":"https:\/\/www.floria.cz\/sk\/wp-json\/wp\/v2\/page_category?post=716"}],"curies":[{"name":"wp","href":"https:\/\/api.w.org\/{rel}","templated":true}]}}