{"id":732,"date":"2025-02-19T16:42:21","date_gmt":"2025-02-19T16:42:21","guid":{"rendered":"https:\/\/www.floria.cz\/?page_id=732"},"modified":"2025-03-04T07:18:47","modified_gmt":"2025-03-04T07:18:47","slug":"floria-listovy-balzam-500-ml","status":"publish","type":"page","link":"https:\/\/www.floria.cz\/sk\/floria-listovy-balzam-500-ml\/","title":{"rendered":"FLORIA\u00ae Listov\u00fd balzam 500 ml"},"content":{"rendered":"    <section class=\"relative pb-16 px-8\">\r\n        <div class=\"flex flex-wrap items-stretch -mx-4\">\r\n            <div class=\"w-full lg:w-1\/2 px-4 lg:mb-0\">\r\n                <div class=\"relative flex flex-wrap items-center justify-center py-20 mt-24 lg:mt-5\">\r\n                    <div class=\"absolute top-0 left-0 right-0 bottom-0 flex items-center justify-center\">\r\n                        <div class=\"w-[1rem] h-[5rem] bg-gray-200 rounded-full product-gradient\"><\/div>\r\n                    <\/div>\r\n                    \r\n                    <div class=\"absolute top-0 left-0 right-0 text-center\">\r\n                                                    <img decoding=\"async\" src=\"http:\/\/www.floria.cz\/wp-content\/uploads\/2025\/01\/flower.svg\" class=\"inline lg:hidden w-8\" alt=\"Flower icon\">\r\n                                                <h2 class=\"lg:hidden pt-2\">FLORIA\u00ae Listov\u00fd balz\u00e1m 500 ml<\/h2>\r\n                    <\/div>\r\n\r\n                                            <img decoding=\"async\" id=\"main-product-image\" src=\"http:\/\/www.floria.cz\/wp-content\/uploads\/2025\/02\/Navrh-bez-nazvu-54.svg\" alt=\"Product\"\r\n                            class=\"relative z-10 inline-block h-[490px] lg:max-w-lg pt-14 lg:pt-0\">\r\n                                    <\/div>\r\n\r\n                <div class=\"flex space-x-4 justify-center\">\r\n                                                                                                                                                                                                                                                                                                            <\/div>\r\n            <\/div>\r\n\r\n            <div class=\"w-full lg:w-1\/2 px-4 lg:pt-32\">\r\n                                    <img decoding=\"async\" src=\"http:\/\/www.floria.cz\/wp-content\/uploads\/2025\/01\/flower.svg\" \r\n                         class=\"hidden lg:inline-block pb-8 w-8\" alt=\"Flower icon\">\r\n                \r\n                <h2 class=\"hidden lg:block text-gray-900 mb-6\">FLORIA\u00ae Listov\u00fd balz\u00e1m 500 ml<\/h2>\r\n                <div class=\"text-lg font-light mb-16\">FLORIA\u00ae Listov\u00fd balz\u00e1m je ur\u010den pro p\u0159\u00edmou aplikaci na orchideje a pokojov\u00e9 rostliny, kter\u00e9 jsou okrasn\u00e9 listem. Tento p\u0159\u00edpravek poskytuje rostlin\u00e1m rychl\u00fd p\u0159\u00edsun \u017eivin p\u0159es listovou plochu, co\u017e je nejrychlej\u0161\u00ed a nejefektivn\u011bj\u0161\u00ed zp\u016fsob v\u00fd\u017eivy. <\/div>\r\n                <a href=\"https:\/\/megazahrada.cz\/produkty\/detail\/008352\/floria-listova-vyiva-pro-orchideje-aj-pokojove-rostliny-500-ml\" class=\"btn-primary\">\r\n                    koupit na eshopu                <\/a>\r\n            <\/div>\r\n        <\/div>\r\n    <\/section>\r\n    <script>\r\n    function swapProductImage(clickedImg) {\r\n        var mainImg = document.getElementById('main-product-image');\r\n        if (mainImg) {\r\n            var tempSrc = mainImg.src;\r\n            mainImg.src = clickedImg.src;\r\n            clickedImg.src = tempSrc;\r\n        }\r\n    }\r\n    <\/script>\r\n    \n\n    <div class=\"container-section\" id=\"floria-content\">\r\n        <div class=\"grid-4\">\r\n                            <div class=\"icon-card\">\r\n                    <img decoding=\"async\" src=\"http:\/\/www.floria.cz\/wp-content\/uploads\/2025\/02\/Vector-2.png\" alt=\"Icon\">\r\n                    <h3 class=\"icon-title\">APLIKACE NA LIST<\/h3>\r\n                <\/div>\r\n                            <div class=\"icon-card\">\r\n                    <img decoding=\"async\" src=\"http:\/\/www.floria.cz\/wp-content\/uploads\/2025\/02\/Vector-2.png\" alt=\"Icon\">\r\n                    <h3 class=\"icon-title\">RYCHLEJ\u0160\u00cd P\u0158\u00cdJEM<\/h3>\r\n                <\/div>\r\n                            <div class=\"icon-card\">\r\n                    <img decoding=\"async\" src=\"http:\/\/www.floria.cz\/wp-content\/uploads\/2025\/02\/Vector-2.png\" alt=\"Icon\">\r\n                    <h3 class=\"icon-title\">SE SM\u00c1\u010cEDLEM<\/h3>\r\n                <\/div>\r\n                            <div class=\"icon-card\">\r\n                    <img decoding=\"async\" src=\"http:\/\/www.floria.cz\/wp-content\/uploads\/2025\/02\/Vector-2.png\" alt=\"Icon\">\r\n                    <h3 class=\"icon-title\">PRO ZDRAV\u00dd R\u016eST<\/h3>\r\n                <\/div>\r\n                    <\/div>\r\n    <\/div>\r\n    \n\n    <div class=\"container-section\">\r\n        <div class=\"border border-dark-accent p-10 lg:p-20 pb-16 rounded-2xl lg:rounded-4xl\">\r\n            <!-- Section 1 -->\r\n            <h2 class=\"mb-16 text-center\">POPIS PRODUKTU <\/h2>\r\n            <div class=\"flex flex-wrap xl:flex-nowrap justify-center lg:gap-x-20 mb-14\">\r\n                <div class=\"w-full xl:w-full pr-3 flex flex-wrap align-center py-2\">\r\n                    <div class=\"leading-tight\">\r\n                        FLORIA\u00ae Listov\u00fd balz\u00e1m je ur\u010den pro p\u0159\u00edmou aplikaci na orchideje a pokojov\u00e9 rostliny, kter\u00e9 jsou okrasn\u00e9 listem. Tento p\u0159\u00edpravek poskytuje rostlin\u00e1m rychl\u00fd p\u0159\u00edsun \u017eivin p\u0159es listovou plochu, co\u017e je nejrychlej\u0161\u00ed a nejefektivn\u011bj\u0161\u00ed zp\u016fsob v\u00fd\u017eivy. Rostliny tak rychle reaguj\u00ed bujn\u011bj\u0161\u00edm r\u016fstem, zv\u00fd\u0161enou tvorbou kv\u011bt\u016f a zlep\u0161en\u00edm celkov\u00e9 kondice. Krom\u011b z\u00e1kladn\u00edch \u017eivin obsahuje i mikroprvky, kter\u00e9 zlep\u0161uj\u00ed vitalitu rostlin.<span style=\"color: initial;font-weight: 600\"><\/span>                    <\/div>\r\n                <\/div>\r\n            <\/div>\r\n\r\n            <!-- Middle Text -->\r\n            <h3 class=\"text-primary text-center max-w-2xl mx-auto mb-14 py-10\">\r\n                S na\u0161imi produkty z\u00edsk\u00e1te profesion\u00e1ln\u00ed p\u00e9\u010di, kter\u00e1 prom\u011bn\u00ed ka\u017ed\u00fd kout va\u0161eho zelen\u00e9ho r\u00e1je.            <\/h3>\r\n\r\n            <!-- Section 2 -->\r\n            <h3 class=\"mb-16 text-center\">V\u00ddHODY PRODUKTU<\/h3>\r\n            <div class=\"flex flex-wrap xl:flex-nowrap justify-center lg:gap-x-20 mb-14\">\r\n                <div class=\"w-full xl:w-full pr-3 flex flex-wrap align-center py-2\">\r\n                    <div class=\"leading-tight\">\r\n                        <strong>Rychl\u00fd p\u0159\u00edsun \u017eivin<\/strong><br>Listov\u00e1 v\u00fd\u017eiva umo\u017e\u0148uje rychl\u00e9 a efektivn\u00ed vyu\u017eit\u00ed \u017eivin rostlinami.<br><br><strong>Mikroprvky<\/strong><br>Obsahuje ho\u0159\u010d\u00edk, b\u00f3r, m\u011b\u010f, \u017eelezo, mangan, molybden a zinek, kter\u00e9 zlep\u0161uj\u00ed r\u016fst, kveten\u00ed a tvorbu nov\u00fdch list\u016f.<br><br><strong>Sm\u00e1\u010dedlo<\/strong><br>Pom\u00e1h\u00e1 rovnom\u011brn\u00e9mu pokryt\u00ed listu a zaji\u0161\u0165uje lep\u0161\u00ed p\u0159\u00edjem \u017eivin rostlinou.<br><br><strong>Podporuje zdrav\u00fd r\u016fst<\/strong><br>Zvy\u0161uje kveten\u00ed, tvorbu nov\u00fdch list\u016f a u orchidej\u00ed podporuje r\u016fst nov\u00fdch pahl\u00edz.<br>                    <\/div>\r\n                <\/div>\r\n            <\/div>\r\n\r\n            <!-- Section 3 -->\r\n            <h3 class=\"mb-16 text-center\">N\u00c1VOD K POU\u017dIT\u00cd <\/h3>\r\n            <div class=\"flex flex-wrap xl:flex-nowrap justify-center lg:gap-x-20 mb-14\">\r\n                <div class=\"w-full xl:w-full pr-3 flex flex-wrap align-center py-2\">\r\n                    <div class=\"leading-tight\">\r\n                        <strong>Aplikace<\/strong><br>P\u0159ed pou\u017eit\u00edm d\u016fkladn\u011b prot\u0159epejte lahvi\u010dku. Aplikujte p\u0159\u00edpravek post\u0159ikem na listy rostliny a na vzdu\u0161n\u00e9 ko\u0159eny orchidej\u00ed.<br><br><strong>Frekvence<\/strong><br>V obdob\u00ed kv\u011btu p\u0159ihnojujte orchideje 1x t\u00fddn\u011b. V obdob\u00ed vegeta\u010dn\u00edho klidu, po odkveten\u00ed orchidej\u00ed, p\u0159ihnojujte 1x za 2 t\u00fddny.<br><br><strong>Doporu\u010den\u00ed<\/strong><br>Neaplikujte b\u011bhem kveten\u00ed! Nejvhodn\u011bj\u0161\u00ed doba pro aplikaci je r\u00e1no nebo ve\u010der, kdy je teplota ni\u017e\u0161\u00ed a rostlina m\u016f\u017ee l\u00e9pe absorbovat \u017eiviny.                    <\/div>\r\n                <\/div>\r\n            <\/div>\r\n        <\/div>\r\n    <\/div>\r\n    \n\n    <div class=\"container-section py-16 px-8\">\r\n        <h2 class=\"heading-mid mb-8\">DOPORU\u010cUJEME<\/h2>\r\n\r\n        <div class=\"grid grid-cols-1 md:grid-cols-2 xl:grid-cols-4 gap-7\">\r\n                            <div class=\"group flex flex-col items-center justify-center py-4 px-5 max-xl:py-10 max-xl:px-12  rounded-3xl border border-white overflow-hidden transition-all duration-300 hover:shadow-lg\">\r\n                    <a href=\"\/floria-substrat-pro-interier-18-l\/\" class=\"flex flex-col items-center justify-center\">\r\n                        <div class=\"relative\">\r\n                            <div class=\"absolute top-0 left-0 right-0 bottom-0 flex items-center justify-center -z-10\">\r\n                                <div class=\"w-5 h-5 bg-gray-200 rounded-full product-gradient group-hover:scale-125 transition-transform duration-300\"><\/div>\r\n                            <\/div>\r\n                            <img decoding=\"async\" src=\"http:\/\/www.floria.cz\/wp-content\/uploads\/2025\/02\/Navrh-bez-nazvu-18.svg\" \r\n                                 alt=\"SUBSTR\u00c1T PRO INTERI\u00c9R\" \r\n                                 class=\"mb-4 z-10 h-[300px] group-hover:scale-105 transition-transform duration-300\">\r\n                        <\/div>\r\n                        <h4 class=\"text-center text-sm text-secondary-light font-medium mb-2 transition-colors duration-300\">\r\n                            FLORIA PREMIUM                        <\/h4>\r\n                        <h3 class=\"text-center text-2xl md:text-xl lg:text-lg font-semibold mb-2 group-hover:text-primary-light transition-colors duration-300\">\r\n                            SUBSTR\u00c1T PRO INTERI\u00c9R                        <\/h3>\r\n                        <span class=\"btn-outline mt-2 opacity-60 hover:opacity-100 hover:text-white transition-all duration-300\">\r\n                            V\u00cdCE INFORMAC\u00cd                        <\/span>\r\n                    <\/a>\r\n                <\/div>\r\n                            <div class=\"group flex flex-col items-center justify-center py-4 px-5 max-xl:py-10 max-xl:px-12  rounded-3xl border border-white overflow-hidden transition-all duration-300 hover:shadow-lg\">\r\n                    <a href=\"\/floria-kapalne-hnojivo-interier-1-l-rostlinny-elixir\/\" class=\"flex flex-col items-center justify-center\">\r\n                        <div class=\"relative\">\r\n                            <div class=\"absolute top-0 left-0 right-0 bottom-0 flex items-center justify-center -z-10\">\r\n                                <div class=\"w-5 h-5 bg-gray-200 rounded-full product-gradient group-hover:scale-125 transition-transform duration-300\"><\/div>\r\n                            <\/div>\r\n                            <img decoding=\"async\" src=\"http:\/\/www.floria.cz\/wp-content\/uploads\/2025\/02\/Navrh-bez-nazvu-8.svg\" \r\n                                 alt=\"KAPALN\u00c9 HNOJIVO PRO INTERI\u00c9R\" \r\n                                 class=\"mb-4 z-10 h-[300px] group-hover:scale-105 transition-transform duration-300\">\r\n                        <\/div>\r\n                        <h4 class=\"text-center text-sm text-secondary-light font-medium mb-2 transition-colors duration-300\">\r\n                            FLORIA PREMIUM                        <\/h4>\r\n                        <h3 class=\"text-center text-2xl md:text-xl lg:text-lg font-semibold mb-2 group-hover:text-primary-light transition-colors duration-300\">\r\n                            KAPALN\u00c9 HNOJIVO PRO INTERI\u00c9R                        <\/h3>\r\n                        <span class=\"btn-outline mt-2 opacity-60 hover:opacity-100 hover:text-white transition-all duration-300\">\r\n                            V\u00cdCE INFORMAC\u00cd                        <\/span>\r\n                    <\/a>\r\n                <\/div>\r\n                            <div class=\"group flex flex-col items-center justify-center py-4 px-5 max-xl:py-10 max-xl:px-12  rounded-3xl border border-white overflow-hidden transition-all duration-300 hover:shadow-lg\">\r\n                    <a href=\"\/floria-piniova-dekoracni-kura-jemna-5-l\/\" class=\"flex flex-col items-center justify-center\">\r\n                        <div class=\"relative\">\r\n                            <div class=\"absolute top-0 left-0 right-0 bottom-0 flex items-center justify-center -z-10\">\r\n                                <div class=\"w-5 h-5 bg-gray-200 rounded-full product-gradient group-hover:scale-125 transition-transform duration-300\"><\/div>\r\n                            <\/div>\r\n                            <img decoding=\"async\" src=\"http:\/\/www.floria.cz\/wp-content\/uploads\/2025\/02\/Navrh-bez-nazvu-6.svg\" \r\n                                 alt=\"PINIOV\u00c1 K\u016eRA JEMN\u00c1\" \r\n                                 class=\"mb-4 z-10 h-[300px] group-hover:scale-105 transition-transform duration-300\">\r\n                        <\/div>\r\n                        <h4 class=\"text-center text-sm text-secondary-light font-medium mb-2 transition-colors duration-300\">\r\n                            FLORIA PREMIUM                        <\/h4>\r\n                        <h3 class=\"text-center text-2xl md:text-xl lg:text-lg font-semibold mb-2 group-hover:text-primary-light transition-colors duration-300\">\r\n                            PINIOV\u00c1 K\u016eRA JEMN\u00c1                        <\/h3>\r\n                        <span class=\"btn-outline mt-2 opacity-60 hover:opacity-100 hover:text-white transition-all duration-300\">\r\n                            V\u00cdCE INFORMAC\u00cd                        <\/span>\r\n                    <\/a>\r\n                <\/div>\r\n                            <div class=\"group flex flex-col items-center justify-center py-4 px-5 max-xl:py-10 max-xl:px-12  rounded-3xl border border-white overflow-hidden transition-all duration-300 hover:shadow-lg\">\r\n                    <a href=\"\/floria-vlhcene-ubrousky-na-listy-orchideji-a-pokojovych-rostlin\/\" class=\"flex flex-col items-center justify-center\">\r\n                        <div class=\"relative\">\r\n                            <div class=\"absolute top-0 left-0 right-0 bottom-0 flex items-center justify-center -z-10\">\r\n                                <div class=\"w-5 h-5 bg-gray-200 rounded-full product-gradient group-hover:scale-125 transition-transform duration-300\"><\/div>\r\n                            <\/div>\r\n                            <img decoding=\"async\" src=\"http:\/\/www.floria.cz\/wp-content\/uploads\/2025\/02\/Navrh-bez-nazvu-7.svg\" \r\n                                 alt=\"VLH\u010cEN\u00c9 UBROUSKY NA LISTY\" \r\n                                 class=\"mb-4 z-10 h-[300px] group-hover:scale-105 transition-transform duration-300\">\r\n                        <\/div>\r\n                        <h4 class=\"text-center text-sm text-secondary-light font-medium mb-2 transition-colors duration-300\">\r\n                            FLORIA PREMIUM                        <\/h4>\r\n                        <h3 class=\"text-center text-2xl md:text-xl lg:text-lg font-semibold mb-2 group-hover:text-primary-light transition-colors duration-300\">\r\n                            VLH\u010cEN\u00c9 UBROUSKY NA LISTY                        <\/h3>\r\n                        <span class=\"btn-outline mt-2 opacity-60 hover:opacity-100 hover:text-white transition-all duration-300\">\r\n                            V\u00cdCE INFORMAC\u00cd                        <\/span>\r\n                    <\/a>\r\n                <\/div>\r\n                    <\/div>\r\n    <\/div>\r\n    \n\n    <div class=\"overflow-hidden\">\r\n        <section class=\"container-section pb-16\">\r\n            <h1 class=\"heading-mid mt-20\">Dotek luxusu pro Va\u0161i zahradu<\/h1>\r\n            \r\n            <div class=\"grid grid-cols-1 lg:grid-cols-2 space-y-10 lg:space-y-0 mt-4\">\r\n                <!-- Left Column -->\r\n                <div class=\"hero-section group hero-section flex items-center translate-x-1\/4 lg:translate-x-0 group\">\r\n                    <div class=\"w-6\/12 lg:w-7\/12 text-left lg:text-right pr-10 lg:pr-2\">\r\n                        <img decoding=\"async\" src=\"http:\/\/www.floria.cz\/wp-content\/uploads\/2025\/01\/flower.svg\"\r\n                            class=\"h-14 w-14 hero-section-icon hero-section-icon-hover\" alt=\"Icon\">\r\n                        <img decoding=\"async\" src=\"http:\/\/www.floria.cz\/wp-content\/uploads\/2025\/01\/flower-gray.svg\"\r\n                            class=\"h-14 w-14 hero-section-icon hero-section-icon-default\" alt=\"Icon\">\r\n\r\n                        <h2 class=\"my-8 text-3xl lg:text-4xl text-silver\">\r\n                            P\u011bstitelsk\u00fd program                        <\/h2>\r\n                        <p class=\"mb-8\">\r\n                            Jedine\u010dn\u00e9 substr\u00e1ty, hnojiva a dekora\u010dn\u00ed materi\u00e1ly pro KR\u00c1LOVNY ZAHRAD.                        <\/p>\r\n                        <a href=\"\/pestitelsky-program\" class=\"btn-primary hero-section-button\">\r\n                            Zobrazit v\u00edce                        <\/a>\r\n                    <\/div>\r\n\r\n                    <div class=\"w-6\/12 lg:w-5\/12\">\r\n                        <img decoding=\"async\" src=\"http:\/\/www.floria.cz\/wp-content\/uploads\/2025\/01\/globe-left.png\" alt=\"Globe\" class=\"w-full h-auto\">\r\n                    <\/div>\r\n\r\n                    <div class=\"lg:block lg:w-0.5 h-4\/6\">\r\n                        <div class=\"h-full w-0 bigass-shadow\"><\/div>\r\n                    <\/div>\r\n                <\/div>\r\n\r\n                <!-- Right Column -->\r\n                <div class=\"hero-section group flex items-center -translate-x-1\/4 lg:translate-x-0\">\r\n                    <div class=\"w-6\/12 lg:w-5\/12 -translate-x-1\">\r\n                        <img decoding=\"async\" src=\"http:\/\/www.floria.cz\/wp-content\/uploads\/2025\/01\/globe-right.png\" alt=\"Globe\"\r\n                            class=\"w-full scale-y-110 h-auto\">\r\n                    <\/div>\r\n\r\n                    <div class=\"w-6\/12 lg:w-7\/12 pl-10 lg:pl-2\">\r\n                        <img decoding=\"async\" src=\"http:\/\/www.floria.cz\/wp-content\/uploads\/2025\/01\/grass.svg\"\r\n                            class=\"h-14 w-14 hero-section-icon hero-section-icon-hover\" alt=\"Icon\">\r\n                        <img decoding=\"async\" src=\"http:\/\/www.floria.cz\/wp-content\/uploads\/2025\/01\/grass-gray.svg\"\r\n                            class=\"h-14 w-14 hero-section-icon hero-section-icon-default\" alt=\"Icon\">\r\n\r\n                        <h2 class=\"my-8 text-3xl lg:text-4xl text-silver\">\r\n                            Tr\u00e1vn\u00edkov\u00fd program                        <\/h2>\r\n                        <p class=\"mb-8\">\r\n                            Komplexn\u00ed p\u00e9\u010de o tr\u00e1vn\u00edk po cel\u00fd rok, v\u010d. unik\u00e1tn\u00edch v\u00fdrobk\u016f pro robotick\u00e9 sek\u00e1n\u00ed, v\u0161e PRO KR\u00c1LE TR\u00c1VN\u00cdK\u016e.                        <\/p>\r\n                        <a href=\"\/travnikovy-program\" class=\"btn-primary hero-section-button\">\r\n                            Zobrazit v\u00edce                        <\/a>\r\n                    <\/div>\r\n                <\/div>\r\n            <\/div>\r\n        <\/section>\r\n    <\/div>\r\n    ","protected":false},"excerpt":{"rendered":"","protected":false},"author":2,"featured_media":0,"parent":0,"menu_order":0,"comment_status":"closed","ping_status":"closed","template":"page-templates\/page_with-hero.php","meta":{"footnotes":"","css_class_manager_body_classes":"","css_class_manager_use_in_post_loop":false},"page_category":[22,17],"class_list":["post-732","page","type-page","status-publish","hentry","page_category-kapalna-hnojiva","page_category-pestitelsky-program"],"_links":{"self":[{"href":"https:\/\/www.floria.cz\/sk\/wp-json\/wp\/v2\/pages\/732","targetHints":{"allow":["GET"]}}],"collection":[{"href":"https:\/\/www.floria.cz\/sk\/wp-json\/wp\/v2\/pages"}],"about":[{"href":"https:\/\/www.floria.cz\/sk\/wp-json\/wp\/v2\/types\/page"}],"author":[{"embeddable":true,"href":"https:\/\/www.floria.cz\/sk\/wp-json\/wp\/v2\/users\/2"}],"replies":[{"embeddable":true,"href":"https:\/\/www.floria.cz\/sk\/wp-json\/wp\/v2\/comments?post=732"}],"version-history":[{"count":10,"href":"https:\/\/www.floria.cz\/sk\/wp-json\/wp\/v2\/pages\/732\/revisions"}],"predecessor-version":[{"id":1788,"href":"https:\/\/www.floria.cz\/sk\/wp-json\/wp\/v2\/pages\/732\/revisions\/1788"}],"wp:attachment":[{"href":"https:\/\/www.floria.cz\/sk\/wp-json\/wp\/v2\/media?parent=732"}],"wp:term":[{"taxonomy":"page_category","embeddable":true,"href":"https:\/\/www.floria.cz\/sk\/wp-json\/wp\/v2\/page_category?post=732"}],"curies":[{"name":"wp","href":"https:\/\/api.w.org\/{rel}","templated":true}]}}