{"id":755,"date":"2025-02-13T20:52:23","date_gmt":"2025-02-13T20:52:23","guid":{"rendered":"https:\/\/www.floria.cz\/?page_id=755"},"modified":"2025-03-04T07:27:12","modified_gmt":"2025-03-04T07:27:12","slug":"floria-krystalicke-hnojivo-pro-modre-hortenzie-350-g","status":"publish","type":"page","link":"https:\/\/www.floria.cz\/sk\/floria-krystalicke-hnojivo-pro-modre-hortenzie-350-g\/","title":{"rendered":"FLORIA\u00ae Kry\u0161talick\u00e9 hnojivo na modr\u00e9 hortenzie 350 g"},"content":{"rendered":"    <section class=\"relative pb-16 px-8\">\r\n        <div class=\"flex flex-wrap items-stretch -mx-4\">\r\n            <div class=\"w-full lg:w-1\/2 px-4 lg:mb-0\">\r\n                <div class=\"relative flex flex-wrap items-center justify-center py-20 mt-24 lg:mt-5\">\r\n                    <div class=\"absolute top-0 left-0 right-0 bottom-0 flex items-center justify-center\">\r\n                        <div class=\"w-[1rem] h-[5rem] bg-gray-200 rounded-full product-gradient\"><\/div>\r\n                    <\/div>\r\n                    \r\n                    <div class=\"absolute top-0 left-0 right-0 text-center\">\r\n                                                    <img decoding=\"async\" src=\"http:\/\/www.floria.cz\/wp-content\/uploads\/2025\/01\/flower.svg\" class=\"inline lg:hidden w-8\" alt=\"Flower icon\">\r\n                                                <h2 class=\"lg:hidden pt-2\">FLORIA\u00ae Krystalick\u00e9 hnojivo pro modr\u00e9 hortenzie 350 g<\/h2>\r\n                    <\/div>\r\n\r\n                                            <img decoding=\"async\" id=\"main-product-image\" src=\"http:\/\/www.floria.cz\/wp-content\/uploads\/2025\/02\/Navrh-bez-nazvu-17.svg\" alt=\"Product\"\r\n                            class=\"relative z-10 inline-block h-[490px] lg:max-w-lg pt-14 lg:pt-0\">\r\n                                    <\/div>\r\n\r\n                <div class=\"flex space-x-4 justify-center\">\r\n                                                                                                                                                                                                                                                                                                            <\/div>\r\n            <\/div>\r\n\r\n            <div class=\"w-full lg:w-1\/2 px-4 lg:pt-32\">\r\n                                    <img decoding=\"async\" src=\"http:\/\/www.floria.cz\/wp-content\/uploads\/2025\/01\/flower.svg\" \r\n                         class=\"hidden lg:inline-block pb-8 w-8\" alt=\"Flower icon\">\r\n                \r\n                <h2 class=\"hidden lg:block text-gray-900 mb-6\">FLORIA\u00ae Krystalick\u00e9 hnojivo pro modr\u00e9 hortenzie 350 g<\/h2>\r\n                <div class=\"text-lg font-light mb-16\">FLORIA\u00ae Krystalick\u00e9 hnojivo pro modr\u00e9 hortenzie se vyzna\u010duje vysokou kvalitou a \u0161pi\u010dkov\u00fdm zpracov\u00e1n\u00edm vstupn\u00edch surovin, kter\u00e9 zaji\u0161\u0165uj\u00ed profesion\u00e1ln\u00ed v\u00fdsledky v p\u011bstov\u00e1n\u00ed t\u011bchto n\u00e1dhern\u00fdch kv\u011btin.<\/div>\r\n                <a href=\"https:\/\/megazahrada.cz\/produkty\/detail\/008220\/floria-krystalicke-hnojivo-pro-modre-hortenzie-350-g\" class=\"btn-primary\">\r\n                    koupit na eshopu                <\/a>\r\n            <\/div>\r\n        <\/div>\r\n    <\/section>\r\n    <script>\r\n    function swapProductImage(clickedImg) {\r\n        var mainImg = document.getElementById('main-product-image');\r\n        if (mainImg) {\r\n            var tempSrc = mainImg.src;\r\n            mainImg.src = clickedImg.src;\r\n            clickedImg.src = tempSrc;\r\n        }\r\n    }\r\n    <\/script>\r\n    \n\n    <div class=\"container-section\" id=\"floria-content\">\r\n        <div class=\"grid-4\">\r\n                            <div class=\"icon-card\">\r\n                    <img decoding=\"async\" src=\"http:\/\/www.floria.cz\/wp-content\/uploads\/2025\/02\/Vector-2.png\" alt=\"Icon\">\r\n                    <h3 class=\"icon-title\">+ S\u00cdRAN HLINIT\u00dd<\/h3>\r\n                <\/div>\r\n                            <div class=\"icon-card\">\r\n                    <img decoding=\"async\" src=\"http:\/\/www.floria.cz\/wp-content\/uploads\/2025\/02\/Vector-2.png\" alt=\"Icon\">\r\n                    <h3 class=\"icon-title\">VODOROZPUSTN\u00c9<\/h3>\r\n                <\/div>\r\n                            <div class=\"icon-card\">\r\n                    <img decoding=\"async\" src=\"http:\/\/www.floria.cz\/wp-content\/uploads\/2025\/02\/Vector-2.png\" alt=\"Icon\">\r\n                    <h3 class=\"icon-title\">NA MODR\u00c9 ZBARVEN\u00cd<\/h3>\r\n                <\/div>\r\n                            <div class=\"icon-card\">\r\n                    <img decoding=\"async\" src=\"http:\/\/www.floria.cz\/wp-content\/uploads\/2025\/02\/Vector-2.png\" alt=\"Icon\">\r\n                    <h3 class=\"icon-title\">VYV\u00c1\u017dEN\u00c1 V\u00dd\u017dIVA<\/h3>\r\n                <\/div>\r\n                    <\/div>\r\n    <\/div>\r\n    \n\n    <div class=\"container-section\">\r\n        <div class=\"border border-dark-accent p-10 lg:p-20 pb-16 rounded-2xl lg:rounded-4xl\">\r\n            <!-- Section 1 -->\r\n            <h2 class=\"mb-16 text-center\">POPIS PRODUKTU <\/h2>\r\n            <div class=\"flex flex-wrap xl:flex-nowrap justify-center lg:gap-x-20 mb-14\">\r\n                <div class=\"w-full xl:w-full pr-3 flex flex-wrap align-center py-2\">\r\n                    <div class=\"leading-tight\">\r\n                        FLORIA\u00ae Krystalick\u00e9 hnojivo pro modr\u00e9 hortenzie se vyzna\u010duje vysokou kvalitou a \u0161pi\u010dkov\u00fdm zpracov\u00e1n\u00edm vstupn\u00edch surovin, kter\u00e9 zaji\u0161\u0165uj\u00ed profesion\u00e1ln\u00ed v\u00fdsledky v p\u011bstov\u00e1n\u00ed t\u011bchto n\u00e1dhern\u00fdch kv\u011btin. Tento speci\u00e1ln\u011b vyvinut\u00fd produkt je ide\u00e1ln\u00ed pro p\u011bstitele, kte\u0159\u00ed cht\u011bj\u00ed dos\u00e1hnout zdrav\u00e9ho a bohat\u00e9ho r\u016fstu sv\u00fdch hortenzi\u00ed, zejm\u00e9na t\u011bch s modr\u00fdmi kv\u011bty. Nav\u00edc hnojivo obsahuje s\u00edran hlinit\u00fd, co\u017e je kl\u00ed\u010dov\u00e1 slo\u017eka pro dosa\u017een\u00ed a udr\u017een\u00ed modr\u00e9ho vybarven\u00ed kv\u011bt\u016f.<br><span style=\"color: initial;font-weight: 600\"><\/span>                    <\/div>\r\n                <\/div>\r\n            <\/div>\r\n\r\n            <!-- Middle Text -->\r\n            <h3 class=\"text-primary text-center max-w-2xl mx-auto mb-14 py-10\">\r\n                S na\u0161imi produkty z\u00edsk\u00e1te profesion\u00e1ln\u00ed p\u00e9\u010di, kter\u00e1 prom\u011bn\u00ed ka\u017ed\u00fd kout va\u0161eho zelen\u00e9ho r\u00e1je.            <\/h3>\r\n\r\n            <!-- Section 2 -->\r\n            <h3 class=\"mb-16 text-center\">V\u00ddHODY PRODUKTU<\/h3>\r\n            <div class=\"flex flex-wrap xl:flex-nowrap justify-center lg:gap-x-20 mb-14\">\r\n                <div class=\"w-full xl:w-full pr-3 flex flex-wrap align-center py-2\">\r\n                    <div class=\"leading-tight\">\r\n                        <strong>Vlastnosti hnojiva<\/strong><br>Hnojivo je velmi \u00fa\u010dinn\u00e9 a rychle p\u016fsob\u00edc\u00ed vodorozpustn\u00e9 hnojivo, kter\u00e9 z\u00e1sobuje rostliny modr\u00e9 hortenzie v\u0161emi d\u016fle\u017eit\u00fdmi \u017eivinami a mikroprvky v optim\u00e1ln\u00edm pom\u011bru pro modr\u00e9 hortenzie. D\u00edky pe\u010dliv\u011b vyv\u00e1\u017een\u00e9 receptu\u0159e hnojivo podporuje r\u016fst, bohat\u00e9 kveten\u00ed a vybarven\u00ed kv\u011bt\u016f.<br><br><strong>Dus\u00edk<\/strong><br>Podporuje bujn\u00fd r\u016fst nov\u00fdch v\u00fdhon\u016f a list\u016f, co\u017e vede k tvorb\u011b zdrav\u00e9 zelen\u00e9 hmoty.<br><br><strong>Fosfor<\/strong><br>Stimuluje tvorbu bohat\u00fdch a kr\u00e1sn\u011b zbarven\u00fdch kv\u011bt\u016f.<br><br><strong>Drasl\u00edk<\/strong><br>Zaji\u0161\u0165uje vyzr\u00e1v\u00e1n\u00ed rostlinn\u00fdch pletiv, kompaktn\u00ed r\u016fst rostlin a zaji\u0161\u0165uje jejich odolnost.<br><br><strong>Ho\u0159\u010d\u00edk<\/strong><br>Napom\u00e1h\u00e1 tvorb\u011b chlorofylu, kter\u00fd je nezbytn\u00fd pro fotosynt\u00e9zu a zdrav\u00ed rostlin.<br><br><strong>Mikroprvky<\/strong><br> B\u00f3r, molybden, m\u011b\u010f, \u017eelezo, mangan, zinek zlep\u0161uj\u00ed vitalitu rostlin a jejich odolnost v\u016f\u010di nep\u0159\u00edzniv\u00fdm podm\u00ednk\u00e1m.<br>                    <\/div>\r\n                <\/div>\r\n            <\/div>\r\n\r\n            <!-- Section 3 -->\r\n            <h3 class=\"mb-16 text-center\">N\u00c1VOD K POU\u017dIT\u00cd <\/h3>\r\n            <div class=\"flex flex-wrap xl:flex-nowrap justify-center lg:gap-x-20 mb-14\">\r\n                <div class=\"w-full xl:w-full pr-3 flex flex-wrap align-center py-2\">\r\n                    <div class=\"leading-tight\">\r\n                        Nasypte 1 odm\u011brku hnojiva (10 g) do 10 l vody a \u0159\u00e1dn\u011b zam\u00edchejte. Po cca 30 sekund\u00e1ch je roztok p\u0159ipraven\u00fd k z\u00e1livce. Hnojivou z\u00e1livku aplikujte 1\u00d7 t\u00fddn\u011b v obdob\u00ed od b\u0159ezna a\u017e do konce \u010dervence. Od srpna do z\u00e1\u0159\u00ed za\u010dn\u011bte p\u0159ihnojovat<br>hnojivem se zv\u00fd\u0161en\u00fdm obsahem drasl\u00edku. Nep\u0159ihnojujte za p\u0159\u00edm\u00e9ho slune\u010dn\u00edho svitu.<br><br><strong>FLORIA\u00ae Krystalick\u00e9 hnojivo pro modr\u00e9 hortenzie je ide\u00e1ln\u00edm \u0159e\u0161en\u00edm pro ka\u017ed\u00e9ho, kdo tou\u017e\u00ed po kr\u00e1sn\u00fdch a zdrav\u00fdch hortenzi\u00edch s n\u00e1dhern\u011b modr\u00fdmi kv\u011bty.<\/strong>                    <\/div>\r\n                <\/div>\r\n            <\/div>\r\n        <\/div>\r\n    <\/div>\r\n    \n\n    <div class=\"container-section py-16 px-8\">\r\n        <h2 class=\"heading-mid mb-8\">DOPORU\u010cUJEME<\/h2>\r\n\r\n        <div class=\"grid grid-cols-1 md:grid-cols-2 xl:grid-cols-4 gap-7\">\r\n                            <div class=\"group flex flex-col items-center justify-center py-4 px-5 max-xl:py-10 max-xl:px-12  rounded-3xl border border-white overflow-hidden transition-all duration-300 hover:shadow-lg\">\r\n                    <a href=\"\/floria-substrat-pro-kyselomilne-rostliny-40-l\/\" class=\"flex flex-col items-center justify-center\">\r\n                        <div class=\"relative\">\r\n                            <div class=\"absolute top-0 left-0 right-0 bottom-0 flex items-center justify-center -z-10\">\r\n                                <div class=\"w-5 h-5 bg-gray-200 rounded-full product-gradient group-hover:scale-125 transition-transform duration-300\"><\/div>\r\n                            <\/div>\r\n                            <img decoding=\"async\" src=\"http:\/\/www.floria.cz\/wp-content\/uploads\/2025\/02\/Navrh-bez-nazvu-22.svg\" \r\n                                 alt=\"KYSELOMILN\u00c9 ROSTLINY\" \r\n                                 class=\"mb-4 z-10 h-[300px] group-hover:scale-105 transition-transform duration-300\">\r\n                        <\/div>\r\n                        <h4 class=\"text-center text-sm text-secondary-light font-medium mb-2 transition-colors duration-300\">\r\n                            FLORIA PREMIUM                        <\/h4>\r\n                        <h3 class=\"text-center text-2xl md:text-xl lg:text-lg font-semibold mb-2 group-hover:text-primary-light transition-colors duration-300\">\r\n                            KYSELOMILN\u00c9 ROSTLINY                        <\/h3>\r\n                        <span class=\"btn-outline mt-2 opacity-60 hover:opacity-100 hover:text-white transition-all duration-300\">\r\n                            V\u00cdCE INFORMAC\u00cd                        <\/span>\r\n                    <\/a>\r\n                <\/div>\r\n                            <div class=\"group flex flex-col items-center justify-center py-4 px-5 max-xl:py-10 max-xl:px-12  rounded-3xl border border-white overflow-hidden transition-all duration-300 hover:shadow-lg\">\r\n                    <a href=\"\/floria-piniova-dekoracni-kura-45-l\/\" class=\"flex flex-col items-center justify-center\">\r\n                        <div class=\"relative\">\r\n                            <div class=\"absolute top-0 left-0 right-0 bottom-0 flex items-center justify-center -z-10\">\r\n                                <div class=\"w-5 h-5 bg-gray-200 rounded-full product-gradient group-hover:scale-125 transition-transform duration-300\"><\/div>\r\n                            <\/div>\r\n                            <img decoding=\"async\" src=\"http:\/\/www.floria.cz\/wp-content\/uploads\/2025\/02\/Navrh-bez-nazvu-5.svg\" \r\n                                 alt=\"PINIOV\u00c1 DEKORA\u010cN\u00cd K\u016eRA\" \r\n                                 class=\"mb-4 z-10 h-[300px] group-hover:scale-105 transition-transform duration-300\">\r\n                        <\/div>\r\n                        <h4 class=\"text-center text-sm text-secondary-light font-medium mb-2 transition-colors duration-300\">\r\n                            FLORIA PREMIUM                        <\/h4>\r\n                        <h3 class=\"text-center text-2xl md:text-xl lg:text-lg font-semibold mb-2 group-hover:text-primary-light transition-colors duration-300\">\r\n                            PINIOV\u00c1 DEKORA\u010cN\u00cd K\u016eRA                        <\/h3>\r\n                        <span class=\"btn-outline mt-2 opacity-60 hover:opacity-100 hover:text-white transition-all duration-300\">\r\n                            V\u00cdCE INFORMAC\u00cd                        <\/span>\r\n                    <\/a>\r\n                <\/div>\r\n                            <div class=\"group flex flex-col items-center justify-center py-4 px-5 max-xl:py-10 max-xl:px-12  rounded-3xl border border-white overflow-hidden transition-all duration-300 hover:shadow-lg\">\r\n                    <a href=\"\/floria-hnojivo-pro-kyselomilne-rostliny-25-kg\/\" class=\"flex flex-col items-center justify-center\">\r\n                        <div class=\"relative\">\r\n                            <div class=\"absolute top-0 left-0 right-0 bottom-0 flex items-center justify-center -z-10\">\r\n                                <div class=\"w-5 h-5 bg-gray-200 rounded-full product-gradient group-hover:scale-125 transition-transform duration-300\"><\/div>\r\n                            <\/div>\r\n                            <img decoding=\"async\" src=\"http:\/\/www.floria.cz\/wp-content\/uploads\/2025\/02\/Navrh-bez-nazvu-16.svg\" \r\n                                 alt=\"KYSELOMILN\u00c9 ROSTLINY\" \r\n                                 class=\"mb-4 z-10 h-[300px] group-hover:scale-105 transition-transform duration-300\">\r\n                        <\/div>\r\n                        <h4 class=\"text-center text-sm text-secondary-light font-medium mb-2 transition-colors duration-300\">\r\n                            FLORIA PREMIUM                        <\/h4>\r\n                        <h3 class=\"text-center text-2xl md:text-xl lg:text-lg font-semibold mb-2 group-hover:text-primary-light transition-colors duration-300\">\r\n                            KYSELOMILN\u00c9 ROSTLINY                        <\/h3>\r\n                        <span class=\"btn-outline mt-2 opacity-60 hover:opacity-100 hover:text-white transition-all duration-300\">\r\n                            V\u00cdCE INFORMAC\u00cd                        <\/span>\r\n                    <\/a>\r\n                <\/div>\r\n                            <div class=\"group flex flex-col items-center justify-center py-4 px-5 max-xl:py-10 max-xl:px-12  rounded-3xl border border-white overflow-hidden transition-all duration-300 hover:shadow-lg\">\r\n                    <a href=\"\/floria-dekoracni-kura-70-l\/\" class=\"flex flex-col items-center justify-center\">\r\n                        <div class=\"relative\">\r\n                            <div class=\"absolute top-0 left-0 right-0 bottom-0 flex items-center justify-center -z-10\">\r\n                                <div class=\"w-5 h-5 bg-gray-200 rounded-full product-gradient group-hover:scale-125 transition-transform duration-300\"><\/div>\r\n                            <\/div>\r\n                            <img decoding=\"async\" src=\"http:\/\/www.floria.cz\/wp-content\/uploads\/2025\/02\/Navrh-bez-nazvu-4.svg\" \r\n                                 alt=\"DEKORA\u010cN\u00cd SM\u011aS K\u016eR\" \r\n                                 class=\"mb-4 z-10 h-[300px] group-hover:scale-105 transition-transform duration-300\">\r\n                        <\/div>\r\n                        <h4 class=\"text-center text-sm text-secondary-light font-medium mb-2 transition-colors duration-300\">\r\n                            FLORIA PREMIUM                        <\/h4>\r\n                        <h3 class=\"text-center text-2xl md:text-xl lg:text-lg font-semibold mb-2 group-hover:text-primary-light transition-colors duration-300\">\r\n                            DEKORA\u010cN\u00cd SM\u011aS K\u016eR                        <\/h3>\r\n                        <span class=\"btn-outline mt-2 opacity-60 hover:opacity-100 hover:text-white transition-all duration-300\">\r\n                            V\u00cdCE INFORMAC\u00cd                        <\/span>\r\n                    <\/a>\r\n                <\/div>\r\n                    <\/div>\r\n    <\/div>\r\n    \n\n    <div class=\"overflow-hidden\">\r\n        <section class=\"container-section pb-16\">\r\n            <h1 class=\"heading-mid mt-20\">Dotek luxusu pro Va\u0161i zahradu<\/h1>\r\n            \r\n            <div class=\"grid grid-cols-1 lg:grid-cols-2 space-y-10 lg:space-y-0 mt-4\">\r\n                <!-- Left Column -->\r\n                <div class=\"hero-section group hero-section flex items-center translate-x-1\/4 lg:translate-x-0 group\">\r\n                    <div class=\"w-6\/12 lg:w-7\/12 text-left lg:text-right pr-10 lg:pr-2\">\r\n                        <img decoding=\"async\" src=\"http:\/\/www.floria.cz\/wp-content\/uploads\/2025\/01\/flower.svg\"\r\n                            class=\"h-14 w-14 hero-section-icon hero-section-icon-hover\" alt=\"Icon\">\r\n                        <img decoding=\"async\" src=\"http:\/\/www.floria.cz\/wp-content\/uploads\/2025\/01\/flower-gray.svg\"\r\n                            class=\"h-14 w-14 hero-section-icon hero-section-icon-default\" alt=\"Icon\">\r\n\r\n                        <h2 class=\"my-8 text-3xl lg:text-4xl text-silver\">\r\n                            P\u011bstitelsk\u00fd program                        <\/h2>\r\n                        <p class=\"mb-8\">\r\n                            Jedine\u010dn\u00e9 substr\u00e1ty, hnojiva a dekora\u010dn\u00ed materi\u00e1ly pro KR\u00c1LOVNY ZAHRAD.                        <\/p>\r\n                        <a href=\"\/pestitelsky-program\" class=\"btn-primary hero-section-button\">\r\n                            Zobrazit v\u00edce                        <\/a>\r\n                    <\/div>\r\n\r\n                    <div class=\"w-6\/12 lg:w-5\/12\">\r\n                        <img decoding=\"async\" src=\"http:\/\/www.floria.cz\/wp-content\/uploads\/2025\/01\/globe-left.png\" alt=\"Globe\" class=\"w-full h-auto\">\r\n                    <\/div>\r\n\r\n                    <div class=\"lg:block lg:w-0.5 h-4\/6\">\r\n                        <div class=\"h-full w-0 bigass-shadow\"><\/div>\r\n                    <\/div>\r\n                <\/div>\r\n\r\n                <!-- Right Column -->\r\n                <div class=\"hero-section group flex items-center -translate-x-1\/4 lg:translate-x-0\">\r\n                    <div class=\"w-6\/12 lg:w-5\/12 -translate-x-1\">\r\n                        <img decoding=\"async\" src=\"http:\/\/www.floria.cz\/wp-content\/uploads\/2025\/01\/globe-right.png\" alt=\"Globe\"\r\n                            class=\"w-full scale-y-110 h-auto\">\r\n                    <\/div>\r\n\r\n                    <div class=\"w-6\/12 lg:w-7\/12 pl-10 lg:pl-2\">\r\n                        <img decoding=\"async\" src=\"http:\/\/www.floria.cz\/wp-content\/uploads\/2025\/01\/grass.svg\"\r\n                            class=\"h-14 w-14 hero-section-icon hero-section-icon-hover\" alt=\"Icon\">\r\n                        <img decoding=\"async\" src=\"http:\/\/www.floria.cz\/wp-content\/uploads\/2025\/01\/grass-gray.svg\"\r\n                            class=\"h-14 w-14 hero-section-icon hero-section-icon-default\" alt=\"Icon\">\r\n\r\n                        <h2 class=\"my-8 text-3xl lg:text-4xl text-silver\">\r\n                            Tr\u00e1vn\u00edkov\u00fd program                        <\/h2>\r\n                        <p class=\"mb-8\">\r\n                            Komplexn\u00ed p\u00e9\u010de o tr\u00e1vn\u00edk po cel\u00fd rok, v\u010d. unik\u00e1tn\u00edch v\u00fdrobk\u016f pro robotick\u00e9 sek\u00e1n\u00ed, v\u0161e PRO KR\u00c1LE TR\u00c1VN\u00cdK\u016e.                        <\/p>\r\n                        <a href=\"\/travnikovy-program\" class=\"btn-primary hero-section-button\">\r\n                            Zobrazit v\u00edce                        <\/a>\r\n                    <\/div>\r\n                <\/div>\r\n            <\/div>\r\n        <\/section>\r\n    <\/div>\r\n    ","protected":false},"excerpt":{"rendered":"","protected":false},"author":2,"featured_media":0,"parent":0,"menu_order":0,"comment_status":"closed","ping_status":"closed","template":"page-templates\/page_with-hero.php","meta":{"footnotes":"","css_class_manager_body_classes":"","css_class_manager_use_in_post_loop":false},"page_category":[24,17],"class_list":["post-755","page","type-page","status-publish","hentry","page_category-organo-mineralni-hnojiva","page_category-pestitelsky-program"],"_links":{"self":[{"href":"https:\/\/www.floria.cz\/sk\/wp-json\/wp\/v2\/pages\/755","targetHints":{"allow":["GET"]}}],"collection":[{"href":"https:\/\/www.floria.cz\/sk\/wp-json\/wp\/v2\/pages"}],"about":[{"href":"https:\/\/www.floria.cz\/sk\/wp-json\/wp\/v2\/types\/page"}],"author":[{"embeddable":true,"href":"https:\/\/www.floria.cz\/sk\/wp-json\/wp\/v2\/users\/2"}],"replies":[{"embeddable":true,"href":"https:\/\/www.floria.cz\/sk\/wp-json\/wp\/v2\/comments?post=755"}],"version-history":[{"count":11,"href":"https:\/\/www.floria.cz\/sk\/wp-json\/wp\/v2\/pages\/755\/revisions"}],"predecessor-version":[{"id":1801,"href":"https:\/\/www.floria.cz\/sk\/wp-json\/wp\/v2\/pages\/755\/revisions\/1801"}],"wp:attachment":[{"href":"https:\/\/www.floria.cz\/sk\/wp-json\/wp\/v2\/media?parent=755"}],"wp:term":[{"taxonomy":"page_category","embeddable":true,"href":"https:\/\/www.floria.cz\/sk\/wp-json\/wp\/v2\/page_category?post=755"}],"curies":[{"name":"wp","href":"https:\/\/api.w.org\/{rel}","templated":true}]}}