{"id":779,"date":"2025-02-14T07:56:57","date_gmt":"2025-02-14T07:56:57","guid":{"rendered":"https:\/\/www.floria.cz\/?page_id=779"},"modified":"2025-03-04T07:29:21","modified_gmt":"2025-03-04T07:29:21","slug":"floria-substrat-do-samozavlazovacich-truhliku-18-l","status":"publish","type":"page","link":"https:\/\/www.floria.cz\/sk\/floria-substrat-do-samozavlazovacich-truhliku-18-l\/","title":{"rendered":"FLORIA\u00ae Substr\u00e1t do samozavla\u017eovac\u00edch truhl\u00edk\u016f 18 l"},"content":{"rendered":"    <section class=\"relative pb-16 px-8\">\r\n        <div class=\"flex flex-wrap items-stretch -mx-4\">\r\n            <div class=\"w-full lg:w-1\/2 px-4 lg:mb-0\">\r\n                <div class=\"relative flex flex-wrap items-center justify-center py-20 mt-24 lg:mt-5\">\r\n                    <div class=\"absolute top-0 left-0 right-0 bottom-0 flex items-center justify-center\">\r\n                        <div class=\"w-[1rem] h-[5rem] bg-gray-200 rounded-full product-gradient\"><\/div>\r\n                    <\/div>\r\n                    \r\n                    <div class=\"absolute top-0 left-0 right-0 text-center\">\r\n                                                    <img decoding=\"async\" src=\"http:\/\/www.floria.cz\/wp-content\/uploads\/2025\/01\/flower.svg\" class=\"inline lg:hidden w-8\" alt=\"Flower icon\">\r\n                                                <h2 class=\"lg:hidden pt-2\">FLORIA\u00ae Substr\u00e1t do samozavla\u017eovac\u00edch truhl\u00edk\u016f 18l<\/h2>\r\n                    <\/div>\r\n\r\n                                            <img decoding=\"async\" id=\"main-product-image\" src=\"http:\/\/www.floria.cz\/wp-content\/uploads\/2025\/02\/Navrh-bez-nazvu-19.svg\" alt=\"Product\"\r\n                            class=\"relative z-10 inline-block h-[490px] lg:max-w-lg pt-14 lg:pt-0\">\r\n                                    <\/div>\r\n\r\n                <div class=\"flex space-x-4 justify-center\">\r\n                                                                                                                                                                                                                                                                                                            <\/div>\r\n            <\/div>\r\n\r\n            <div class=\"w-full lg:w-1\/2 px-4 lg:pt-32\">\r\n                                    <img decoding=\"async\" src=\"http:\/\/www.floria.cz\/wp-content\/uploads\/2025\/01\/flower.svg\" \r\n                         class=\"hidden lg:inline-block pb-8 w-8\" alt=\"Flower icon\">\r\n                \r\n                <h2 class=\"hidden lg:block text-gray-900 mb-6\">FLORIA\u00ae Substr\u00e1t do samozavla\u017eovac\u00edch truhl\u00edk\u016f 18l<\/h2>\r\n                <div class=\"text-lg font-light mb-16\">FLORIA\u00ae Substr\u00e1t do samozavla\u017eovac\u00edch truhl\u00edk\u016f je navr\u017een pro optim\u00e1ln\u00ed p\u011bstov\u00e1n\u00ed rostlin v samozavla\u017eovac\u00edch truhl\u00edc\u00edch a n\u00e1dob\u00e1ch. Obsahuje pe\u010dliv\u011b vybran\u00e9 suroviny, kter\u00e9 zaji\u0161\u0165uj\u00ed ide\u00e1ln\u00ed podm\u00ednky pro r\u016fst rostlin, jako jsou mu\u0161k\u00e1ty a jin\u00e9 kvetouc\u00ed rostliny p\u011bstovan\u00e9 na balk\u00f3nech, teras\u00e1ch a dal\u0161\u00edch venkovn\u00edch prostor\u00e1ch. <\/div>\r\n                <a href=\"https:\/\/megazahrada.cz\/produkty\/detail\/00839A\/floria-premium-substrat-do-samozavlaovacich-truhliku-18-l\" class=\"btn-primary\">\r\n                    koupit na eshopu                <\/a>\r\n            <\/div>\r\n        <\/div>\r\n    <\/section>\r\n    <script>\r\n    function swapProductImage(clickedImg) {\r\n        var mainImg = document.getElementById('main-product-image');\r\n        if (mainImg) {\r\n            var tempSrc = mainImg.src;\r\n            mainImg.src = clickedImg.src;\r\n            clickedImg.src = tempSrc;\r\n        }\r\n    }\r\n    <\/script>\r\n    \n\n    <div class=\"container-section\" id=\"floria-content\">\r\n        <div class=\"grid-4\">\r\n                            <div class=\"icon-card\">\r\n                    <img decoding=\"async\" src=\"http:\/\/www.floria.cz\/wp-content\/uploads\/2025\/02\/Vector-2.png\" alt=\"Icon\">\r\n                    <h3 class=\"icon-title\">AKTIVN\u00cd UHL\u00cd<\/h3>\r\n                <\/div>\r\n                            <div class=\"icon-card\">\r\n                    <img decoding=\"async\" src=\"http:\/\/www.floria.cz\/wp-content\/uploads\/2025\/02\/Vector-2.png\" alt=\"Icon\">\r\n                    <h3 class=\"icon-title\">MYKORHIZN\u00cd HOUBY<\/h3>\r\n                <\/div>\r\n                            <div class=\"icon-card\">\r\n                    <img decoding=\"async\" src=\"http:\/\/www.floria.cz\/wp-content\/uploads\/2025\/02\/Vector-2.png\" alt=\"Icon\">\r\n                    <h3 class=\"icon-title\">KOKOSOV\u00c1 VL\u00c1KNA<\/h3>\r\n                <\/div>\r\n                            <div class=\"icon-card\">\r\n                    <img decoding=\"async\" src=\"http:\/\/www.floria.cz\/wp-content\/uploads\/2025\/02\/Vector-2.png\" alt=\"Icon\">\r\n                    <h3 class=\"icon-title\">VZDU\u0160N\u00c1 STRUKTURA<\/h3>\r\n                <\/div>\r\n                    <\/div>\r\n    <\/div>\r\n    \n\n    <div class=\"container-section\">\r\n        <div class=\"border border-dark-accent p-10 lg:p-20 pb-16 rounded-2xl lg:rounded-4xl\">\r\n            <!-- Section 1 -->\r\n            <h2 class=\"mb-16 text-center\">POPIS PRODUKTU <\/h2>\r\n            <div class=\"flex flex-wrap xl:flex-nowrap justify-center lg:gap-x-20 mb-14\">\r\n                <div class=\"w-full xl:w-full pr-3 flex flex-wrap align-center py-2\">\r\n                    <div class=\"leading-tight\">\r\n                        FLORIA\u00ae Substr\u00e1t do samozavla\u017eovac\u00edch truhl\u00edk\u016f je navr\u017een pro optim\u00e1ln\u00ed p\u011bstov\u00e1n\u00ed rostlin v samozavla\u017eovac\u00edch truhl\u00edc\u00edch a n\u00e1dob\u00e1ch. Obsahuje pe\u010dliv\u011b vybran\u00e9 suroviny, kter\u00e9 zaji\u0161\u0165uj\u00ed ide\u00e1ln\u00ed podm\u00ednky pro r\u016fst rostlin, jako jsou mu\u0161k\u00e1ty a jin\u00e9 kvetouc\u00ed rostliny p\u011bstovan\u00e9 na balk\u00f3nech, teras\u00e1ch a dal\u0161\u00edch venkovn\u00edch prostor\u00e1ch. <br><br>Substr\u00e1t m\u00e1 hrub\u0161\u00ed a vzdu\u0161n\u011bj\u0161\u00ed strukturu, co\u017e usnad\u0148uje d\u00fdch\u00e1n\u00ed ko\u0159en\u016f a podporuje jejich zdrav\u00fd r\u016fst, zat\u00edmco specializovan\u00e9 slo\u017eky zabezpe\u010duj\u00ed dostatek vl\u00e1hy a \u017eivin po del\u0161\u00ed dobu.<br><br><strong>Slo\u017een\u00ed:<\/strong><br><strong>B\u00edl\u00e1 a \u010dern\u00e1 ra\u0161elina<\/strong><br>Kvalitn\u00ed ra\u0161elina z nejlep\u0161\u00edch ra\u0161elini\u0161\u0165, kter\u00e1 poskytuje optim\u00e1ln\u00ed strukturu substr\u00e1tu pro zdrav\u00fd r\u016fst rostlin.<br><br><strong>Aktivn\u00ed uhl\u00ed<\/strong><br>D\u00edky sv\u00e9mu velk\u00e9mu aktivn\u00edmu povrchu je schopno poutat v\u00edce vody a \u017eivin v\u00a0substr\u00e1tu.<br><br><strong>Mykorhizn\u00ed houby<\/strong><br>Pom\u00e1haj\u00ed rostlin\u00e1m efektivn\u011bji p\u0159ij\u00edmat vodu a \u017eiviny, kter\u00e9 by byly jinak pro n\u011b t\u011b\u017eko dostupn\u00e9, \u010d\u00edm\u017e zlep\u0161uj\u00ed jejich celkovou vitalitu a zdrav\u00ed.<br><br><strong>Kokosov\u00e9 vl\u00e1kno<\/strong><br>Zaji\u0161\u0165uje nesl\u00e9havost substr\u00e1tu, prodlu\u017euje jeho \u017eivotnost a p\u0159isp\u00edv\u00e1 k lep\u0161\u00ed provzdu\u0161n\u011bnosti substr\u00e1tu.<br><br><strong>Perlit<\/strong><br>P\u0159\u00edrodn\u00ed materi\u00e1l, kter\u00fd zaji\u0161\u0165uje skv\u00e9l\u00e9 provzdu\u0161n\u011bn\u00ed substr\u00e1tu a zadr\u017eov\u00e1n\u00ed vody, \u010d\u00edm\u017e p\u0159isp\u00edv\u00e1 k lep\u0161\u00ed aeraci ko\u0159en\u016f.<br><br><strong>Bentonit<\/strong><br>Pout\u00e1 \u017eiviny a postupn\u011b je uvol\u0148uje podle pot\u0159eb rostlin, \u010d\u00edm\u017e zajist\u00ed stabiln\u00ed a dlouhodob\u00fd p\u0159\u00edsun \u017eivin.<br><br><strong>AQUA Cell\u00ae<\/strong><br>Hydrata\u010dn\u00ed slo\u017eka, kter\u00e1 absorbuje vodu a postupn\u011b ji uvol\u0148uje, co\u017e usnad\u0148uje zal\u00e9v\u00e1n\u00ed a udr\u017euje spr\u00e1vnou vlhkost v substr\u00e1tu.<br><span style=\"color: initial;font-weight: 600\"><\/span>                    <\/div>\r\n                <\/div>\r\n            <\/div>\r\n\r\n            <!-- Middle Text -->\r\n            <h3 class=\"text-primary text-center max-w-2xl mx-auto mb-14 py-10\">\r\n                S na\u0161imi produkty z\u00edsk\u00e1te profesion\u00e1ln\u00ed p\u00e9\u010di, kter\u00e1 prom\u011bn\u00ed ka\u017ed\u00fd kout va\u0161eho zelen\u00e9ho r\u00e1je.            <\/h3>\r\n\r\n            <!-- Section 2 -->\r\n            <h3 class=\"mb-16 text-center\">V\u00ddHODY PRODUKTU<\/h3>\r\n            <div class=\"flex flex-wrap xl:flex-nowrap justify-center lg:gap-x-20 mb-14\">\r\n                <div class=\"w-full xl:w-full pr-3 flex flex-wrap align-center py-2\">\r\n                    <div class=\"leading-tight\">\r\n                        <strong>Ide\u00e1ln\u00ed pro samozavla\u017eovac\u00ed truhl\u00edky<\/strong><br>Substr\u00e1t je navr\u017een pro pou\u017eit\u00ed v truhl\u00edc\u00edch a n\u00e1dob\u00e1ch s automatick\u00fdm zavla\u017eov\u00e1n\u00edm, co\u017e usnad\u0148uje p\u00e9\u010di o rostliny.<br><br><strong>Dlouhodob\u00e9 z\u00e1sobov\u00e1n\u00ed vodou a \u017eivinami<\/strong><br>AQUA Cell\u00ae a aktivn\u00ed uhl\u00ed zaji\u0161\u0165uj\u00ed rovnom\u011brnou distribuci vlhkosti a \u017eivin v substr\u00e1tu, co\u017e umo\u017e\u0148uje zdrav\u00fd r\u016fst i p\u0159i m\u00e9n\u011b \u010dast\u00e9m zal\u00e9v\u00e1n\u00ed.<br><br><strong>Zlep\u0161en\u00e1 provzdu\u0161n\u011bnost<\/strong><br>Hrub\u0161\u00ed struktura substr\u00e1tu usnad\u0148uje d\u00fdch\u00e1n\u00ed ko\u0159en\u016f, co\u017e je kl\u00ed\u010dov\u00e9 pro zdrav\u00fd r\u016fst rostlin, zejm\u00e9na v uzav\u0159en\u00fdch p\u011bstebn\u00edch n\u00e1dob\u00e1ch.<br><br><strong>Dlouh\u00e1 \u017eivotnost<\/strong><br>D\u00edky kokosov\u00e9mu vl\u00e1knu a dal\u0161\u00edm slo\u017ek\u00e1m substr\u00e1t z\u016fst\u00e1v\u00e1 provzdu\u0161n\u011bn\u00fd a nesl\u00e9h\u00e1v\u00e1, \u010d\u00edm\u017e se prodlu\u017euje jeho \u017eivotnost a zaji\u0161\u0165uje stabiln\u00ed prost\u0159ed\u00ed pro r\u016fst rostlin.<br>                    <\/div>\r\n                <\/div>\r\n            <\/div>\r\n\r\n            <!-- Section 3 -->\r\n            <h3 class=\"mb-16 text-center\">N\u00c1VOD K POU\u017dIT\u00cd <\/h3>\r\n            <div class=\"flex flex-wrap xl:flex-nowrap justify-center lg:gap-x-20 mb-14\">\r\n                <div class=\"w-full xl:w-full pr-3 flex flex-wrap align-center py-2\">\r\n                    <div class=\"leading-tight\">\r\n                        <strong>Rozsah a zp\u016fsob pou\u017eit\u00ed<\/strong>Na dno truhl\u00edku nebo jin\u00e9 p\u011bstebn\u00ed n\u00e1doby nasypeme substr\u00e1t a\u017e do takov\u00e9 v\u00fd\u0161ky, \u017ee horn\u00ed okraj ko\u0159enov\u00e9ho balu dos\u00e1hne 1 \u2013 2 cm pod okraj p\u011bstebn\u00ed n\u00e1doby. Vlo\u017e\u00edme rostlinu do n\u00e1doby, dosypeme okolo n\u00ed rovnom\u011brn\u011b nov\u00fd substr\u00e1t a lehce jej i p\u016fvodn\u00ed rostlinn\u00fd bal p\u0159itla\u010d\u00edme. \u0158\u00e1dn\u011b zalijeme, aby se p\u016fvodn\u00ed bal a nov\u00fd substr\u00e1t spojil. Vyvarujeme se v\u0161ak p\u0159emok\u0159en\u00ed! Rostliny za\u010d\u00edn\u00e1me p\u0159ihnojovat po 3 \u2013 6 t\u00fddnech od p\u0159esazen\u00ed.<br><br>TIP: Doporu\u010dujeme kombinovat s\u00a0kvalitn\u00ed v\u00fd\u017eivou \u2013 s\u00a0kapaln\u00fdm kv\u011btinov\u00fdm hnojivem!                    <\/div>\r\n                <\/div>\r\n            <\/div>\r\n        <\/div>\r\n    <\/div>\r\n    \n\n    <div class=\"container-section py-16 px-8\">\r\n        <h2 class=\"heading-mid mb-8\">DOPORU\u010cUJEME<\/h2>\r\n\r\n        <div class=\"grid grid-cols-1 md:grid-cols-2 xl:grid-cols-4 gap-7\">\r\n                            <div class=\"group flex flex-col items-center justify-center py-4 px-5 max-xl:py-10 max-xl:px-12  rounded-3xl border border-white overflow-hidden transition-all duration-300 hover:shadow-lg\">\r\n                    <a href=\"\/floria-kapalne-kvetinove-hnojivo-1-l-rostlinny-elixir\/\" class=\"flex flex-col items-center justify-center\">\r\n                        <div class=\"relative\">\r\n                            <div class=\"absolute top-0 left-0 right-0 bottom-0 flex items-center justify-center -z-10\">\r\n                                <div class=\"w-5 h-5 bg-gray-200 rounded-full product-gradient group-hover:scale-125 transition-transform duration-300\"><\/div>\r\n                            <\/div>\r\n                            <img decoding=\"async\" src=\"http:\/\/www.floria.cz\/wp-content\/uploads\/2025\/02\/Navrh-bez-nazvu-10.svg\" \r\n                                 alt=\"KV\u011aTINOV\u00c9 HNOJIVO\" \r\n                                 class=\"mb-4 z-10 h-[300px] group-hover:scale-105 transition-transform duration-300\">\r\n                        <\/div>\r\n                        <h4 class=\"text-center text-sm text-secondary-light font-medium mb-2 transition-colors duration-300\">\r\n                            FLORIA PREMIUM                        <\/h4>\r\n                        <h3 class=\"text-center text-2xl md:text-xl lg:text-lg font-semibold mb-2 group-hover:text-primary-light transition-colors duration-300\">\r\n                            KV\u011aTINOV\u00c9 HNOJIVO                        <\/h3>\r\n                        <span class=\"btn-outline mt-2 opacity-60 hover:opacity-100 hover:text-white transition-all duration-300\">\r\n                            V\u00cdCE INFORMAC\u00cd                        <\/span>\r\n                    <\/a>\r\n                <\/div>\r\n                            <div class=\"group flex flex-col items-center justify-center py-4 px-5 max-xl:py-10 max-xl:px-12  rounded-3xl border border-white overflow-hidden transition-all duration-300 hover:shadow-lg\">\r\n                    <a href=\"\/floria-kapalne-hnojivo-pro-celou-zahradu-1-l-rostlinny-elixir\/\" class=\"flex flex-col items-center justify-center\">\r\n                        <div class=\"relative\">\r\n                            <div class=\"absolute top-0 left-0 right-0 bottom-0 flex items-center justify-center -z-10\">\r\n                                <div class=\"w-5 h-5 bg-gray-200 rounded-full product-gradient group-hover:scale-125 transition-transform duration-300\"><\/div>\r\n                            <\/div>\r\n                            <img decoding=\"async\" src=\"http:\/\/www.floria.cz\/wp-content\/uploads\/2025\/02\/Navrh-bez-nazvu-9.svg\" \r\n                                 alt=\"CEL\u00c1 ZAHRADA\" \r\n                                 class=\"mb-4 z-10 h-[300px] group-hover:scale-105 transition-transform duration-300\">\r\n                        <\/div>\r\n                        <h4 class=\"text-center text-sm text-secondary-light font-medium mb-2 transition-colors duration-300\">\r\n                            FLORIA PREMIUM                        <\/h4>\r\n                        <h3 class=\"text-center text-2xl md:text-xl lg:text-lg font-semibold mb-2 group-hover:text-primary-light transition-colors duration-300\">\r\n                            CEL\u00c1 ZAHRADA                        <\/h3>\r\n                        <span class=\"btn-outline mt-2 opacity-60 hover:opacity-100 hover:text-white transition-all duration-300\">\r\n                            V\u00cdCE INFORMAC\u00cd                        <\/span>\r\n                    <\/a>\r\n                <\/div>\r\n                            <div class=\"group flex flex-col items-center justify-center py-4 px-5 max-xl:py-10 max-xl:px-12  rounded-3xl border border-white overflow-hidden transition-all duration-300 hover:shadow-lg\">\r\n                    <a href=\"\/floria-hnojivo-na-okrasne-dreviny-a-konifery-25-kg\/\" class=\"flex flex-col items-center justify-center\">\r\n                        <div class=\"relative\">\r\n                            <div class=\"absolute top-0 left-0 right-0 bottom-0 flex items-center justify-center -z-10\">\r\n                                <div class=\"w-5 h-5 bg-gray-200 rounded-full product-gradient group-hover:scale-125 transition-transform duration-300\"><\/div>\r\n                            <\/div>\r\n                            <img decoding=\"async\" src=\"http:\/\/www.floria.cz\/wp-content\/uploads\/2025\/02\/Navrh-bez-nazvu-15.svg\" \r\n                                 alt=\"OKRASN\u00c9 D\u0158EVINY\" \r\n                                 class=\"mb-4 z-10 h-[300px] group-hover:scale-105 transition-transform duration-300\">\r\n                        <\/div>\r\n                        <h4 class=\"text-center text-sm text-secondary-light font-medium mb-2 transition-colors duration-300\">\r\n                            FLORIA PREMIUM                        <\/h4>\r\n                        <h3 class=\"text-center text-2xl md:text-xl lg:text-lg font-semibold mb-2 group-hover:text-primary-light transition-colors duration-300\">\r\n                            OKRASN\u00c9 D\u0158EVINY                        <\/h3>\r\n                        <span class=\"btn-outline mt-2 opacity-60 hover:opacity-100 hover:text-white transition-all duration-300\">\r\n                            V\u00cdCE INFORMAC\u00cd                        <\/span>\r\n                    <\/a>\r\n                <\/div>\r\n                            <div class=\"group flex flex-col items-center justify-center py-4 px-5 max-xl:py-10 max-xl:px-12  rounded-3xl border border-white overflow-hidden transition-all duration-300 hover:shadow-lg\">\r\n                    <a href=\"\/floria-piniova-dekoracni-kura-jemna-5-l\/\" class=\"flex flex-col items-center justify-center\">\r\n                        <div class=\"relative\">\r\n                            <div class=\"absolute top-0 left-0 right-0 bottom-0 flex items-center justify-center -z-10\">\r\n                                <div class=\"w-5 h-5 bg-gray-200 rounded-full product-gradient group-hover:scale-125 transition-transform duration-300\"><\/div>\r\n                            <\/div>\r\n                            <img decoding=\"async\" src=\"http:\/\/www.floria.cz\/wp-content\/uploads\/2025\/02\/Navrh-bez-nazvu-6.svg\" \r\n                                 alt=\"PINIOV\u00c1 K\u016eRA\" \r\n                                 class=\"mb-4 z-10 h-[300px] group-hover:scale-105 transition-transform duration-300\">\r\n                        <\/div>\r\n                        <h4 class=\"text-center text-sm text-secondary-light font-medium mb-2 transition-colors duration-300\">\r\n                            FLORIA PREMIUM                        <\/h4>\r\n                        <h3 class=\"text-center text-2xl md:text-xl lg:text-lg font-semibold mb-2 group-hover:text-primary-light transition-colors duration-300\">\r\n                            PINIOV\u00c1 K\u016eRA                        <\/h3>\r\n                        <span class=\"btn-outline mt-2 opacity-60 hover:opacity-100 hover:text-white transition-all duration-300\">\r\n                            V\u00cdCE INFORMAC\u00cd                        <\/span>\r\n                    <\/a>\r\n                <\/div>\r\n                    <\/div>\r\n    <\/div>\r\n    \n\n    <div class=\"overflow-hidden\">\r\n        <section class=\"container-section pb-16\">\r\n            <h1 class=\"heading-mid mt-20\">Dotek luxusu pro Va\u0161i zahradu<\/h1>\r\n            \r\n            <div class=\"grid grid-cols-1 lg:grid-cols-2 space-y-10 lg:space-y-0 mt-4\">\r\n                <!-- Left Column -->\r\n                <div class=\"hero-section group hero-section flex items-center translate-x-1\/4 lg:translate-x-0 group\">\r\n                    <div class=\"w-6\/12 lg:w-7\/12 text-left lg:text-right pr-10 lg:pr-2\">\r\n                        <img decoding=\"async\" src=\"http:\/\/www.floria.cz\/wp-content\/uploads\/2025\/01\/flower.svg\"\r\n                            class=\"h-14 w-14 hero-section-icon hero-section-icon-hover\" alt=\"Icon\">\r\n                        <img decoding=\"async\" src=\"http:\/\/www.floria.cz\/wp-content\/uploads\/2025\/01\/flower-gray.svg\"\r\n                            class=\"h-14 w-14 hero-section-icon hero-section-icon-default\" alt=\"Icon\">\r\n\r\n                        <h2 class=\"my-8 text-3xl lg:text-4xl text-silver\">\r\n                            P\u011bstitelsk\u00fd program                        <\/h2>\r\n                        <p class=\"mb-8\">\r\n                            Jedine\u010dn\u00e9 substr\u00e1ty, hnojiva a dekora\u010dn\u00ed materi\u00e1ly pro KR\u00c1LOVNY ZAHRAD.                        <\/p>\r\n                        <a href=\"\/pestitelsky-program\" class=\"btn-primary hero-section-button\">\r\n                            Zobrazit v\u00edce                        <\/a>\r\n                    <\/div>\r\n\r\n                    <div class=\"w-6\/12 lg:w-5\/12\">\r\n                        <img decoding=\"async\" src=\"http:\/\/www.floria.cz\/wp-content\/uploads\/2025\/01\/globe-left.png\" alt=\"Globe\" class=\"w-full h-auto\">\r\n                    <\/div>\r\n\r\n                    <div class=\"lg:block lg:w-0.5 h-4\/6\">\r\n                        <div class=\"h-full w-0 bigass-shadow\"><\/div>\r\n                    <\/div>\r\n                <\/div>\r\n\r\n                <!-- Right Column -->\r\n                <div class=\"hero-section group flex items-center -translate-x-1\/4 lg:translate-x-0\">\r\n                    <div class=\"w-6\/12 lg:w-5\/12 -translate-x-1\">\r\n                        <img decoding=\"async\" src=\"http:\/\/www.floria.cz\/wp-content\/uploads\/2025\/01\/globe-right.png\" alt=\"Globe\"\r\n                            class=\"w-full scale-y-110 h-auto\">\r\n                    <\/div>\r\n\r\n                    <div class=\"w-6\/12 lg:w-7\/12 pl-10 lg:pl-2\">\r\n                        <img decoding=\"async\" src=\"http:\/\/www.floria.cz\/wp-content\/uploads\/2025\/01\/grass.svg\"\r\n                            class=\"h-14 w-14 hero-section-icon hero-section-icon-hover\" alt=\"Icon\">\r\n                        <img decoding=\"async\" src=\"http:\/\/www.floria.cz\/wp-content\/uploads\/2025\/01\/grass-gray.svg\"\r\n                            class=\"h-14 w-14 hero-section-icon hero-section-icon-default\" alt=\"Icon\">\r\n\r\n                        <h2 class=\"my-8 text-3xl lg:text-4xl text-silver\">\r\n                            Tr\u00e1vn\u00edkov\u00fd program                        <\/h2>\r\n                        <p class=\"mb-8\">\r\n                            Komplexn\u00ed p\u00e9\u010de o tr\u00e1vn\u00edk po cel\u00fd rok, v\u010d. unik\u00e1tn\u00edch v\u00fdrobk\u016f pro robotick\u00e9 sek\u00e1n\u00ed, v\u0161e PRO KR\u00c1LE TR\u00c1VN\u00cdK\u016e.                        <\/p>\r\n                        <a href=\"\/travnikovy-program\" class=\"btn-primary hero-section-button\">\r\n                            Zobrazit v\u00edce                        <\/a>\r\n                    <\/div>\r\n                <\/div>\r\n            <\/div>\r\n        <\/section>\r\n    <\/div>\r\n    ","protected":false},"excerpt":{"rendered":"","protected":false},"author":2,"featured_media":0,"parent":0,"menu_order":0,"comment_status":"closed","ping_status":"closed","template":"page-templates\/page_with-hero.php","meta":{"footnotes":"","css_class_manager_body_classes":"","css_class_manager_use_in_post_loop":false},"page_category":[17,21],"class_list":["post-779","page","type-page","status-publish","hentry","page_category-pestitelsky-program","page_category-substraty"],"_links":{"self":[{"href":"https:\/\/www.floria.cz\/sk\/wp-json\/wp\/v2\/pages\/779","targetHints":{"allow":["GET"]}}],"collection":[{"href":"https:\/\/www.floria.cz\/sk\/wp-json\/wp\/v2\/pages"}],"about":[{"href":"https:\/\/www.floria.cz\/sk\/wp-json\/wp\/v2\/types\/page"}],"author":[{"embeddable":true,"href":"https:\/\/www.floria.cz\/sk\/wp-json\/wp\/v2\/users\/2"}],"replies":[{"embeddable":true,"href":"https:\/\/www.floria.cz\/sk\/wp-json\/wp\/v2\/comments?post=779"}],"version-history":[{"count":9,"href":"https:\/\/www.floria.cz\/sk\/wp-json\/wp\/v2\/pages\/779\/revisions"}],"predecessor-version":[{"id":1806,"href":"https:\/\/www.floria.cz\/sk\/wp-json\/wp\/v2\/pages\/779\/revisions\/1806"}],"wp:attachment":[{"href":"https:\/\/www.floria.cz\/sk\/wp-json\/wp\/v2\/media?parent=779"}],"wp:term":[{"taxonomy":"page_category","embeddable":true,"href":"https:\/\/www.floria.cz\/sk\/wp-json\/wp\/v2\/page_category?post=779"}],"curies":[{"name":"wp","href":"https:\/\/api.w.org\/{rel}","templated":true}]}}