{"id":788,"date":"2025-02-14T08:10:26","date_gmt":"2025-02-14T08:10:26","guid":{"rendered":"https:\/\/www.floria.cz\/?page_id=788"},"modified":"2025-03-04T07:27:37","modified_gmt":"2025-03-04T07:27:37","slug":"floria-substrat-pro-kyselomilne-rostliny-40-l","status":"publish","type":"page","link":"https:\/\/www.floria.cz\/sk\/floria-substrat-pro-kyselomilne-rostliny-40-l\/","title":{"rendered":"FLORIA\u00ae Substr\u00e1t pro kyselomiln\u00e9 rostliny 40 l"},"content":{"rendered":"    <section class=\"relative pb-16 px-8\">\r\n        <div class=\"flex flex-wrap items-stretch -mx-4\">\r\n            <div class=\"w-full lg:w-1\/2 px-4 lg:mb-0\">\r\n                <div class=\"relative flex flex-wrap items-center justify-center py-20 mt-24 lg:mt-5\">\r\n                    <div class=\"absolute top-0 left-0 right-0 bottom-0 flex items-center justify-center\">\r\n                        <div class=\"w-[1rem] h-[5rem] bg-gray-200 rounded-full product-gradient\"><\/div>\r\n                    <\/div>\r\n                    \r\n                    <div class=\"absolute top-0 left-0 right-0 text-center\">\r\n                                                    <img decoding=\"async\" src=\"http:\/\/www.floria.cz\/wp-content\/uploads\/2025\/01\/flower.svg\" class=\"inline lg:hidden w-8\" alt=\"Flower icon\">\r\n                                                <h2 class=\"lg:hidden pt-2\">FLORIA\u00ae Substr\u00e1t pro kyselomiln\u00e9 rostliny 40l<\/h2>\r\n                    <\/div>\r\n\r\n                                            <img decoding=\"async\" id=\"main-product-image\" src=\"http:\/\/www.floria.cz\/wp-content\/uploads\/2025\/02\/Navrh-bez-nazvu-60.svg\" alt=\"Product\"\r\n                            class=\"relative z-10 inline-block h-[490px] lg:max-w-lg pt-14 lg:pt-0\">\r\n                                    <\/div>\r\n\r\n                <div class=\"flex space-x-4 justify-center\">\r\n                                                                                                                                                                                                                                                                                                            <\/div>\r\n            <\/div>\r\n\r\n            <div class=\"w-full lg:w-1\/2 px-4 lg:pt-32\">\r\n                                    <img decoding=\"async\" src=\"http:\/\/www.floria.cz\/wp-content\/uploads\/2025\/01\/flower.svg\" \r\n                         class=\"hidden lg:inline-block pb-8 w-8\" alt=\"Flower icon\">\r\n                \r\n                <h2 class=\"hidden lg:block text-gray-900 mb-6\">FLORIA\u00ae Substr\u00e1t pro kyselomiln\u00e9 rostliny 40l<\/h2>\r\n                <div class=\"text-lg font-light mb-16\">FLORIA\u00ae Substr\u00e1t pro kyselomiln\u00e9 rostliny je ide\u00e1ln\u00ed pro p\u011bstov\u00e1n\u00ed kyselomiln\u00fdch rostlin, jako jsou bor\u016fvky, brusinky, azalky, rododendrony, hortenzie, v\u0159esy a dal\u0161\u00ed. Obsahuje b\u00edlou a \u010dernou ra\u0161elinu z nejlep\u0161\u00edch ra\u0161elini\u0161\u0165, kokosov\u00e1 vl\u00e1kna \u010di mykorhizn\u00ed houby a aktivn\u00ed uhl\u00ed.<\/div>\r\n                <a href=\"https:\/\/megazahrada.cz\/produkty\/detail\/00836A\/floria-premium-substrat-pro-kyselomilne-rostliny-40-l\" class=\"btn-primary\">\r\n                    koupit na eshopu                <\/a>\r\n            <\/div>\r\n        <\/div>\r\n    <\/section>\r\n    <script>\r\n    function swapProductImage(clickedImg) {\r\n        var mainImg = document.getElementById('main-product-image');\r\n        if (mainImg) {\r\n            var tempSrc = mainImg.src;\r\n            mainImg.src = clickedImg.src;\r\n            clickedImg.src = tempSrc;\r\n        }\r\n    }\r\n    <\/script>\r\n    \n\n    <div class=\"container-section\" id=\"floria-content\">\r\n        <div class=\"grid-4\">\r\n                            <div class=\"icon-card\">\r\n                    <img decoding=\"async\" src=\"http:\/\/www.floria.cz\/wp-content\/uploads\/2025\/02\/Vector-2.png\" alt=\"Icon\">\r\n                    <h3 class=\"icon-title\">AKTIVN\u00cd UHL\u00cd<\/h3>\r\n                <\/div>\r\n                            <div class=\"icon-card\">\r\n                    <img decoding=\"async\" src=\"http:\/\/www.floria.cz\/wp-content\/uploads\/2025\/02\/Vector-2.png\" alt=\"Icon\">\r\n                    <h3 class=\"icon-title\">MYKORHIZN\u00cd HOUBY<\/h3>\r\n                <\/div>\r\n                            <div class=\"icon-card\">\r\n                    <img decoding=\"async\" src=\"http:\/\/www.floria.cz\/wp-content\/uploads\/2025\/02\/Vector-2.png\" alt=\"Icon\">\r\n                    <h3 class=\"icon-title\">KOKOSOV\u00c1 VL\u00c1KNA<\/h3>\r\n                <\/div>\r\n                            <div class=\"icon-card\">\r\n                    <img decoding=\"async\" src=\"http:\/\/www.floria.cz\/wp-content\/uploads\/2025\/02\/Vector-2.png\" alt=\"Icon\">\r\n                    <h3 class=\"icon-title\">2 DRUHY RA\u0160ELIN<\/h3>\r\n                <\/div>\r\n                    <\/div>\r\n    <\/div>\r\n    \n\n    <div class=\"container-section\">\r\n        <div class=\"border border-dark-accent p-10 lg:p-20 pb-16 rounded-2xl lg:rounded-4xl\">\r\n            <!-- Section 1 -->\r\n            <h2 class=\"mb-16 text-center\">POPIS PRODUKTU <\/h2>\r\n            <div class=\"flex flex-wrap xl:flex-nowrap justify-center lg:gap-x-20 mb-14\">\r\n                <div class=\"w-full xl:w-full pr-3 flex flex-wrap align-center py-2\">\r\n                    <div class=\"leading-tight\">\r\n                        FLORIA\u00ae Substr\u00e1t pro kyselomiln\u00e9 rostliny je ide\u00e1ln\u00ed pro p\u011bstov\u00e1n\u00ed kyselomiln\u00fdch rostlin, jako jsou bor\u016fvky, brusinky, azalky, rododendrony, hortenzie, v\u0159esy a dal\u0161\u00ed. Obsahuje b\u00edlou a \u010dernou ra\u0161elinu z nejlep\u0161\u00edch ra\u0161elini\u0161\u0165, kokosov\u00e1 vl\u00e1kna \u010di mykorhizn\u00ed houby a aktivn\u00ed uhl\u00ed, kte\u0159\u00ed zaji\u0161\u0165uj\u00ed optim\u00e1ln\u00ed podm\u00ednky pro r\u016fst t\u011bchto n\u00e1ro\u010dn\u011bj\u0161\u00edch rostlin. <br><br>Substr\u00e1t m\u00e1 ide\u00e1ln\u00ed pH, kter\u00e9 vyhovuje pot\u0159eb\u00e1m kyselomiln\u00fdch rostlin a je z\u00e1rukou profesion\u00e1ln\u00edch v\u00fdsledk\u016f.<br><br><span style=\"color: initial;font-weight: 600\"><\/span>                    <\/div>\r\n                <\/div>\r\n            <\/div>\r\n\r\n            <!-- Middle Text -->\r\n            <h3 class=\"text-primary text-center max-w-2xl mx-auto mb-14 py-10\">\r\n                S na\u0161imi produkty z\u00edsk\u00e1te profesion\u00e1ln\u00ed p\u00e9\u010di, kter\u00e1 prom\u011bn\u00ed ka\u017ed\u00fd kout va\u0161eho zelen\u00e9ho r\u00e1je.            <\/h3>\r\n\r\n            <!-- Section 2 -->\r\n            <h3 class=\"mb-16 text-center\">V\u00ddHODY PRODUKTU<\/h3>\r\n            <div class=\"flex flex-wrap xl:flex-nowrap justify-center lg:gap-x-20 mb-14\">\r\n                <div class=\"w-full xl:w-full pr-3 flex flex-wrap align-center py-2\">\r\n                    <div class=\"leading-tight\">\r\n                        <strong>B\u00edl\u00e1 a \u010dern\u00e1 ra\u0161elina<\/strong><br>Kvalitn\u00ed ra\u0161elina z nejlep\u0161\u00edch ra\u0161elini\u0161\u0165, kter\u00e1 poskytuje optim\u00e1ln\u00ed strukturu substr\u00e1tu pro zdrav\u00fd r\u016fst rostlin.<br><br><strong>Mykorhizn\u00ed houby<\/strong><br>Zlep\u0161uj\u00ed p\u0159\u00edjem vody a \u017eivin, kter\u00e9 jsou pro rostliny b\u011b\u017en\u011b nedostupn\u00e9, \u010d\u00edm\u017e podporuj\u00ed jejich zdrav\u00fd r\u016fst.<br><br><strong>Aktivn\u00ed uhl\u00ed<\/strong><br>D\u00edky velk\u00e9mu povrchu efektivn\u011b zadr\u017euje vodu a \u017eiviny v substr\u00e1tu, co\u017e zaji\u0161\u0165uje, \u017ee rostliny maj\u00ed v\u0161e, co pot\u0159ebuj\u00ed.<br><br><strong>Perlit<\/strong><br>Tento p\u0159\u00edrodn\u00ed materi\u00e1l zaji\u0161\u0165uje dobrou provzdu\u0161n\u011bnost substr\u00e1tu a z\u00e1rove\u0148 pom\u00e1h\u00e1 zadr\u017eovat vodu, co\u017e je ide\u00e1ln\u00ed pro kyselomiln\u00e9 rostliny.<br><br><strong>Bentonit<\/strong><br>Pomalu uvol\u0148uje \u017eiviny podle pot\u0159eby rostlin, \u010d\u00edm\u017e podporuje dlouhodob\u00fd a zdrav\u00fd r\u016fst.<br><br><strong>AQUA Cell\u00ae<\/strong><br>Rovnom\u011brn\u011b distribuuje vodu a \u017eiviny v substr\u00e1tu, co\u017e zaji\u0161\u0165uje ide\u00e1ln\u00ed podm\u00ednky pro r\u016fst rostlin.<br><br><strong>Kokosov\u00e1 vl\u00e1kna<\/strong><br>P\u016fsob\u00ed na nesl\u00e9havost substr\u00e1tu a prodlu\u017euj\u00ed jeho \u017eivotnost, co\u017e zaji\u0161\u0165uje st\u00e1l\u00e9 kvalitn\u00ed podm\u00ednky pro r\u016fst.\u00e1m jako je \u010dern\u00e1n\u00ed pupk\u016f raj\u010dat \u010di hnilob\u011b \u0161pi\u010dek paprik.                    <\/div>\r\n                <\/div>\r\n            <\/div>\r\n\r\n            <!-- Section 3 -->\r\n            <h3 class=\"mb-16 text-center\">N\u00c1VOD K POU\u017dIT\u00cd <\/h3>\r\n            <div class=\"flex flex-wrap xl:flex-nowrap justify-center lg:gap-x-20 mb-14\">\r\n                <div class=\"w-full xl:w-full pr-3 flex flex-wrap align-center py-2\">\r\n                    <div class=\"leading-tight\">\r\n                        P\u0159i p\u0159esazov\u00e1n\u00ed do p\u011bstebn\u00ed n\u00e1doby p\u0159ikryjte dno n\u00e1doby \u00falomky star\u00e9ho rozbit\u00e9ho kv\u011btin\u00e1\u010de. Na dno n\u00e1doby nasypte substr\u00e1t a\u017e do takov\u00e9 v\u00fd\u0161ky, \u017ee p\u016fvodn\u00ed horn\u00ed okraj ko\u0159enov\u00e9ho balu dos\u00e1hne 1 &#8211; 2 cm pod okraj p\u011bstebn\u00ed n\u00e1doby. Odstra\u0148te uschl\u00e9 nebo po\u0161kozen\u00e9 ko\u0159eny. Vlo\u017ete rostlinu do n\u00e1doby, dosypte okolo n\u00ed rovnom\u011brn\u011b nov\u00fd substr\u00e1t a dob\u0159e ho p\u0159itla\u010dte. \u0158\u00e1dn\u011b zalijte a b\u011bhem vegeta\u010dn\u00edho obdob\u00ed udr\u017eujte p\u0159im\u011b\u0159en\u011b vlhk\u00fd. Nejlep\u0161\u00ed \u010das pro p\u0159esazov\u00e1n\u00ed je \u010dasn\u011b na ja\u0159e nebo ihned po odkv\u011btu. P\u0159i v\u00fdsadb\u011b do voln\u00e9 p\u016fdy vykopejte odpov\u00eddaj\u00edc\u00ed j\u00e1mu, na dno nasypte trochu substr\u00e1tu, zasa\u010fte rostlinu a ko\u0159enov\u00fd bal obsypte substr\u00e1tem a p\u0159itla\u010dte. \u0158\u00e1dn\u011b zalijte, aby se p\u016fvodn\u00ed bal a nov\u00fd substr\u00e1t spojily. <br>Nejlep\u0161\u00ed obdob\u00ed pro p\u0159esazov\u00e1n\u00ed je od dubna do konce \u0159\u00edjna. Substr\u00e1t obsahuje d\u00e1vku \u017eivin vysta\u010duj\u00edc\u00ed p\u0159ibli\u017en\u011b na 6 t\u00fddn\u016f. Rostlinu za\u010d\u00edn\u00e1me p\u0159ihnojovat po 3 \u2013 6 t\u00fddnech od p\u0159esazen\u00ed. Tento substr\u00e1t je navr\u017een tak, aby poskytoval ide\u00e1ln\u00ed prost\u0159ed\u00ed pro p\u011bstov\u00e1n\u00ed kyselomiln\u00fdch rostlin a zajistil jejich siln\u00fd a zdrav\u00fd r\u016fst po celou sez\u00f3nu.<br><br>TIP: Doporu\u010dujeme kombinovat s\u00a0kvalitn\u00ed v\u00fd\u017eivou \u2013 s\u00a0kapaln\u00fdm hnojivem pro kyselomiln\u00e9 rostliny!                    <\/div>\r\n                <\/div>\r\n            <\/div>\r\n        <\/div>\r\n    <\/div>\r\n    \n\n    <div class=\"container-section py-16 px-8\">\r\n        <h2 class=\"heading-mid mb-8\">DOPORU\u010cUJEME<\/h2>\r\n\r\n        <div class=\"grid grid-cols-1 md:grid-cols-2 xl:grid-cols-4 gap-7\">\r\n                            <div class=\"group flex flex-col items-center justify-center py-4 px-5 max-xl:py-10 max-xl:px-12  rounded-3xl border border-white overflow-hidden transition-all duration-300 hover:shadow-lg\">\r\n                    <a href=\"\/floria-okyselovac-a-kapalne-hnojivo-pro-kyselomilne-rostliny-1-l-rostlinny-elixir\/\" class=\"flex flex-col items-center justify-center\">\r\n                        <div class=\"relative\">\r\n                            <div class=\"absolute top-0 left-0 right-0 bottom-0 flex items-center justify-center -z-10\">\r\n                                <div class=\"w-5 h-5 bg-gray-200 rounded-full product-gradient group-hover:scale-125 transition-transform duration-300\"><\/div>\r\n                            <\/div>\r\n                            <img decoding=\"async\" src=\"http:\/\/www.floria.cz\/wp-content\/uploads\/2025\/02\/Navrh-bez-nazvu-11.svg\" \r\n                                 alt=\"OKYSELOVA\u010c P\u016eDY\" \r\n                                 class=\"mb-4 z-10 h-[300px] group-hover:scale-105 transition-transform duration-300\">\r\n                        <\/div>\r\n                        <h4 class=\"text-center text-sm text-secondary-light font-medium mb-2 transition-colors duration-300\">\r\n                            FLORIA PREMIUM                        <\/h4>\r\n                        <h3 class=\"text-center text-2xl md:text-xl lg:text-lg font-semibold mb-2 group-hover:text-primary-light transition-colors duration-300\">\r\n                            OKYSELOVA\u010c P\u016eDY                        <\/h3>\r\n                        <span class=\"btn-outline mt-2 opacity-60 hover:opacity-100 hover:text-white transition-all duration-300\">\r\n                            V\u00cdCE INFORMAC\u00cd                        <\/span>\r\n                    <\/a>\r\n                <\/div>\r\n                            <div class=\"group flex flex-col items-center justify-center py-4 px-5 max-xl:py-10 max-xl:px-12  rounded-3xl border border-white overflow-hidden transition-all duration-300 hover:shadow-lg\">\r\n                    <a href=\"\/floria-hnojivo-pro-kyselomilne-rostliny-25-kg\/\" class=\"flex flex-col items-center justify-center\">\r\n                        <div class=\"relative\">\r\n                            <div class=\"absolute top-0 left-0 right-0 bottom-0 flex items-center justify-center -z-10\">\r\n                                <div class=\"w-5 h-5 bg-gray-200 rounded-full product-gradient group-hover:scale-125 transition-transform duration-300\"><\/div>\r\n                            <\/div>\r\n                            <img decoding=\"async\" src=\"http:\/\/www.floria.cz\/wp-content\/uploads\/2025\/02\/Navrh-bez-nazvu-16.svg\" \r\n                                 alt=\"KYSELOMILN\u00c9 ROSTLINY\" \r\n                                 class=\"mb-4 z-10 h-[300px] group-hover:scale-105 transition-transform duration-300\">\r\n                        <\/div>\r\n                        <h4 class=\"text-center text-sm text-secondary-light font-medium mb-2 transition-colors duration-300\">\r\n                            FLORIA PREMIUM                        <\/h4>\r\n                        <h3 class=\"text-center text-2xl md:text-xl lg:text-lg font-semibold mb-2 group-hover:text-primary-light transition-colors duration-300\">\r\n                            KYSELOMILN\u00c9 ROSTLINY                        <\/h3>\r\n                        <span class=\"btn-outline mt-2 opacity-60 hover:opacity-100 hover:text-white transition-all duration-300\">\r\n                            V\u00cdCE INFORMAC\u00cd                        <\/span>\r\n                    <\/a>\r\n                <\/div>\r\n                            <div class=\"group flex flex-col items-center justify-center py-4 px-5 max-xl:py-10 max-xl:px-12  rounded-3xl border border-white overflow-hidden transition-all duration-300 hover:shadow-lg\">\r\n                    <a href=\"\/floria-krystalicke-hnojivo-pro-modre-hortenzie-350-g\/\" class=\"flex flex-col items-center justify-center\">\r\n                        <div class=\"relative\">\r\n                            <div class=\"absolute top-0 left-0 right-0 bottom-0 flex items-center justify-center -z-10\">\r\n                                <div class=\"w-5 h-5 bg-gray-200 rounded-full product-gradient group-hover:scale-125 transition-transform duration-300\"><\/div>\r\n                            <\/div>\r\n                            <img decoding=\"async\" src=\"http:\/\/www.floria.cz\/wp-content\/uploads\/2025\/01\/product.png\" \r\n                                 alt=\"MODR\u00c9 HORTENZIE\" \r\n                                 class=\"mb-4 z-10 h-[300px] group-hover:scale-105 transition-transform duration-300\">\r\n                        <\/div>\r\n                        <h4 class=\"text-center text-sm text-secondary-light font-medium mb-2 transition-colors duration-300\">\r\n                            FLORIA PREMIUM                        <\/h4>\r\n                        <h3 class=\"text-center text-2xl md:text-xl lg:text-lg font-semibold mb-2 group-hover:text-primary-light transition-colors duration-300\">\r\n                            MODR\u00c9 HORTENZIE                        <\/h3>\r\n                        <span class=\"btn-outline mt-2 opacity-60 hover:opacity-100 hover:text-white transition-all duration-300\">\r\n                            V\u00cdCE INFORMAC\u00cd                        <\/span>\r\n                    <\/a>\r\n                <\/div>\r\n                            <div class=\"group flex flex-col items-center justify-center py-4 px-5 max-xl:py-10 max-xl:px-12  rounded-3xl border border-white overflow-hidden transition-all duration-300 hover:shadow-lg\">\r\n                    <a href=\"\/floria-piniova-dekoracni-kura-45-l\/\" class=\"flex flex-col items-center justify-center\">\r\n                        <div class=\"relative\">\r\n                            <div class=\"absolute top-0 left-0 right-0 bottom-0 flex items-center justify-center -z-10\">\r\n                                <div class=\"w-5 h-5 bg-gray-200 rounded-full product-gradient group-hover:scale-125 transition-transform duration-300\"><\/div>\r\n                            <\/div>\r\n                            <img decoding=\"async\" src=\"http:\/\/www.floria.cz\/wp-content\/uploads\/2025\/02\/Navrh-bez-nazvu-5.svg\" \r\n                                 alt=\"PINIOV\u00c1 K\u016eRA\" \r\n                                 class=\"mb-4 z-10 h-[300px] group-hover:scale-105 transition-transform duration-300\">\r\n                        <\/div>\r\n                        <h4 class=\"text-center text-sm text-secondary-light font-medium mb-2 transition-colors duration-300\">\r\n                            FLORIA PREMIUM                        <\/h4>\r\n                        <h3 class=\"text-center text-2xl md:text-xl lg:text-lg font-semibold mb-2 group-hover:text-primary-light transition-colors duration-300\">\r\n                            PINIOV\u00c1 K\u016eRA                        <\/h3>\r\n                        <span class=\"btn-outline mt-2 opacity-60 hover:opacity-100 hover:text-white transition-all duration-300\">\r\n                            V\u00cdCE INFORMAC\u00cd                        <\/span>\r\n                    <\/a>\r\n                <\/div>\r\n                    <\/div>\r\n    <\/div>\r\n    \n\n    <div class=\"overflow-hidden\">\r\n        <section class=\"container-section pb-16\">\r\n            <h1 class=\"heading-mid mt-20\">Dotek luxusu pro Va\u0161i zahradu<\/h1>\r\n            \r\n            <div class=\"grid grid-cols-1 lg:grid-cols-2 space-y-10 lg:space-y-0 mt-4\">\r\n                <!-- Left Column -->\r\n                <div class=\"hero-section group hero-section flex items-center translate-x-1\/4 lg:translate-x-0 group\">\r\n                    <div class=\"w-6\/12 lg:w-7\/12 text-left lg:text-right pr-10 lg:pr-2\">\r\n                        <img decoding=\"async\" src=\"http:\/\/www.floria.cz\/wp-content\/uploads\/2025\/01\/flower.svg\"\r\n                            class=\"h-14 w-14 hero-section-icon hero-section-icon-hover\" alt=\"Icon\">\r\n                        <img decoding=\"async\" src=\"http:\/\/www.floria.cz\/wp-content\/uploads\/2025\/01\/flower-gray.svg\"\r\n                            class=\"h-14 w-14 hero-section-icon hero-section-icon-default\" alt=\"Icon\">\r\n\r\n                        <h2 class=\"my-8 text-3xl lg:text-4xl text-silver\">\r\n                            P\u011bstitelsk\u00fd program                        <\/h2>\r\n                        <p class=\"mb-8\">\r\n                            Jedine\u010dn\u00e9 substr\u00e1ty, hnojiva a dekora\u010dn\u00ed materi\u00e1ly pro KR\u00c1LOVNY ZAHRAD.                        <\/p>\r\n                        <a href=\"\/pestitelsky-program\" class=\"btn-primary hero-section-button\">\r\n                            Zobrazit v\u00edce                        <\/a>\r\n                    <\/div>\r\n\r\n                    <div class=\"w-6\/12 lg:w-5\/12\">\r\n                        <img decoding=\"async\" src=\"http:\/\/www.floria.cz\/wp-content\/uploads\/2025\/01\/globe-left.png\" alt=\"Globe\" class=\"w-full h-auto\">\r\n                    <\/div>\r\n\r\n                    <div class=\"lg:block lg:w-0.5 h-4\/6\">\r\n                        <div class=\"h-full w-0 bigass-shadow\"><\/div>\r\n                    <\/div>\r\n                <\/div>\r\n\r\n                <!-- Right Column -->\r\n                <div class=\"hero-section group flex items-center -translate-x-1\/4 lg:translate-x-0\">\r\n                    <div class=\"w-6\/12 lg:w-5\/12 -translate-x-1\">\r\n                        <img decoding=\"async\" src=\"http:\/\/www.floria.cz\/wp-content\/uploads\/2025\/01\/globe-right.png\" alt=\"Globe\"\r\n                            class=\"w-full scale-y-110 h-auto\">\r\n                    <\/div>\r\n\r\n                    <div class=\"w-6\/12 lg:w-7\/12 pl-10 lg:pl-2\">\r\n                        <img decoding=\"async\" src=\"http:\/\/www.floria.cz\/wp-content\/uploads\/2025\/01\/grass.svg\"\r\n                            class=\"h-14 w-14 hero-section-icon hero-section-icon-hover\" alt=\"Icon\">\r\n                        <img decoding=\"async\" src=\"http:\/\/www.floria.cz\/wp-content\/uploads\/2025\/01\/grass-gray.svg\"\r\n                            class=\"h-14 w-14 hero-section-icon hero-section-icon-default\" alt=\"Icon\">\r\n\r\n                        <h2 class=\"my-8 text-3xl lg:text-4xl text-silver\">\r\n                            Tr\u00e1vn\u00edkov\u00fd program                        <\/h2>\r\n                        <p class=\"mb-8\">\r\n                            Komplexn\u00ed p\u00e9\u010de o tr\u00e1vn\u00edk po cel\u00fd rok, v\u010d. unik\u00e1tn\u00edch v\u00fdrobk\u016f pro robotick\u00e9 sek\u00e1n\u00ed, v\u0161e PRO KR\u00c1LE TR\u00c1VN\u00cdK\u016e.                        <\/p>\r\n                        <a href=\"\/travnikovy-program\" class=\"btn-primary hero-section-button\">\r\n                            Zobrazit v\u00edce                        <\/a>\r\n                    <\/div>\r\n                <\/div>\r\n            <\/div>\r\n        <\/section>\r\n    <\/div>\r\n    ","protected":false},"excerpt":{"rendered":"","protected":false},"author":2,"featured_media":0,"parent":0,"menu_order":0,"comment_status":"closed","ping_status":"closed","template":"page-templates\/page_with-hero.php","meta":{"footnotes":"","css_class_manager_body_classes":"","css_class_manager_use_in_post_loop":false},"page_category":[17,21],"class_list":["post-788","page","type-page","status-publish","hentry","page_category-pestitelsky-program","page_category-substraty"],"_links":{"self":[{"href":"https:\/\/www.floria.cz\/sk\/wp-json\/wp\/v2\/pages\/788","targetHints":{"allow":["GET"]}}],"collection":[{"href":"https:\/\/www.floria.cz\/sk\/wp-json\/wp\/v2\/pages"}],"about":[{"href":"https:\/\/www.floria.cz\/sk\/wp-json\/wp\/v2\/types\/page"}],"author":[{"embeddable":true,"href":"https:\/\/www.floria.cz\/sk\/wp-json\/wp\/v2\/users\/2"}],"replies":[{"embeddable":true,"href":"https:\/\/www.floria.cz\/sk\/wp-json\/wp\/v2\/comments?post=788"}],"version-history":[{"count":11,"href":"https:\/\/www.floria.cz\/sk\/wp-json\/wp\/v2\/pages\/788\/revisions"}],"predecessor-version":[{"id":1802,"href":"https:\/\/www.floria.cz\/sk\/wp-json\/wp\/v2\/pages\/788\/revisions\/1802"}],"wp:attachment":[{"href":"https:\/\/www.floria.cz\/sk\/wp-json\/wp\/v2\/media?parent=788"}],"wp:term":[{"taxonomy":"page_category","embeddable":true,"href":"https:\/\/www.floria.cz\/sk\/wp-json\/wp\/v2\/page_category?post=788"}],"curies":[{"name":"wp","href":"https:\/\/api.w.org\/{rel}","templated":true}]}}