{"id":794,"date":"2025-02-14T08:12:18","date_gmt":"2025-02-14T08:12:18","guid":{"rendered":"https:\/\/www.floria.cz\/?page_id=794"},"modified":"2025-03-04T07:07:35","modified_gmt":"2025-03-04T07:07:35","slug":"floria-substrat-pro-orchideje-3-l","status":"publish","type":"page","link":"https:\/\/www.floria.cz\/sk\/floria-substrat-pro-orchideje-3-l\/","title":{"rendered":"FLORIA\u00ae Substr\u00e1t na orchidey 3 l"},"content":{"rendered":"    <section class=\"relative pb-16 px-8\">\r\n        <div class=\"flex flex-wrap items-stretch -mx-4\">\r\n            <div class=\"w-full lg:w-1\/2 px-4 lg:mb-0\">\r\n                <div class=\"relative flex flex-wrap items-center justify-center py-20 mt-24 lg:mt-5\">\r\n                    <div class=\"absolute top-0 left-0 right-0 bottom-0 flex items-center justify-center\">\r\n                        <div class=\"w-[1rem] h-[5rem] bg-gray-200 rounded-full product-gradient\"><\/div>\r\n                    <\/div>\r\n                    \r\n                    <div class=\"absolute top-0 left-0 right-0 text-center\">\r\n                                                    <img decoding=\"async\" src=\"http:\/\/www.floria.cz\/wp-content\/uploads\/2025\/01\/flower.svg\" class=\"inline lg:hidden w-8\" alt=\"Flower icon\">\r\n                                                <h2 class=\"lg:hidden pt-2\">FLORIA\u00ae Substr\u00e1t pro orchideje 3 l<\/h2>\r\n                    <\/div>\r\n\r\n                                            <img decoding=\"async\" id=\"main-product-image\" src=\"http:\/\/www.floria.cz\/wp-content\/uploads\/2025\/02\/Navrh-bez-nazvu-23.svg\" alt=\"Product\"\r\n                            class=\"relative z-10 inline-block h-[490px] lg:max-w-lg pt-14 lg:pt-0\">\r\n                                    <\/div>\r\n\r\n                <div class=\"flex space-x-4 justify-center\">\r\n                                                                        <div class=\"images-list-item\">\r\n                                <img decoding=\"async\" src=\"http:\/\/www.floria.cz\/wp-content\/uploads\/2024\/12\/Navrh-bez-nazvu-75.svg\" alt=\"Product view\" \r\n                                     class=\"w-full h-full object-cover\" onclick=\"swapProductImage(this)\">\r\n                            <\/div>\r\n                                                                                                                                                                                                                                                                                        <\/div>\r\n            <\/div>\r\n\r\n            <div class=\"w-full lg:w-1\/2 px-4 lg:pt-32\">\r\n                                    <img decoding=\"async\" src=\"http:\/\/www.floria.cz\/wp-content\/uploads\/2025\/01\/flower.svg\" \r\n                         class=\"hidden lg:inline-block pb-8 w-8\" alt=\"Flower icon\">\r\n                \r\n                <h2 class=\"hidden lg:block text-gray-900 mb-6\">FLORIA\u00ae Substr\u00e1t pro orchideje 3 l<\/h2>\r\n                <div class=\"text-lg font-light mb-16\">FLORIA\u00ae Substr\u00e1t pro orchideje je speci\u00e1ln\u011b vyvinut\u00fd substr\u00e1t ur\u010den\u00fd pro p\u0159esazov\u00e1n\u00ed a p\u011bstov\u00e1n\u00ed v\u011bt\u0161iny pokojov\u00fdch orchidej\u00ed. Je p\u0159ipraven z kvalitn\u00ed piniov\u00e9 k\u016fry a kokosov\u00fdch chips\u016f, kter\u00e9 poskytuj\u00ed ide\u00e1ln\u00ed podm\u00ednky pro ko\u0159eny orchidej\u00ed, je\u017e vy\u017eaduj\u00ed vysok\u00fd obsah vzduchu v jejich okol\u00ed. <br><\/div>\r\n                <a href=\"https:\/\/megazahrada.cz\/produkty\/detail\/00824A\/floria-premium-substrat-pro-orchideje-3-l\" class=\"btn-primary\">\r\n                    koupit na eshopu                <\/a>\r\n            <\/div>\r\n        <\/div>\r\n    <\/section>\r\n    <script>\r\n    function swapProductImage(clickedImg) {\r\n        var mainImg = document.getElementById('main-product-image');\r\n        if (mainImg) {\r\n            var tempSrc = mainImg.src;\r\n            mainImg.src = clickedImg.src;\r\n            clickedImg.src = tempSrc;\r\n        }\r\n    }\r\n    <\/script>\r\n    \n\n    <div class=\"container-section\" id=\"floria-content\">\r\n        <div class=\"grid-4\">\r\n                            <div class=\"icon-card\">\r\n                    <img decoding=\"async\" src=\"http:\/\/www.floria.cz\/wp-content\/uploads\/2025\/02\/Vector-2.png\" alt=\"Icon\">\r\n                    <h3 class=\"icon-title\">PINIOV\u00c1 K\u016eRA<\/h3>\r\n                <\/div>\r\n                            <div class=\"icon-card\">\r\n                    <img decoding=\"async\" src=\"http:\/\/www.floria.cz\/wp-content\/uploads\/2025\/02\/Vector-2.png\" alt=\"Icon\">\r\n                    <h3 class=\"icon-title\">KOKOSOV\u00c9 CHIPSY<\/h3>\r\n                <\/div>\r\n                            <div class=\"icon-card\">\r\n                    <img decoding=\"async\" src=\"http:\/\/www.floria.cz\/wp-content\/uploads\/2025\/02\/Vector-2.png\" alt=\"Icon\">\r\n                    <h3 class=\"icon-title\">BR\u00c1N\u00cd P\u0158EMOK\u0158EN\u00cd<\/h3>\r\n                <\/div>\r\n                            <div class=\"icon-card\">\r\n                    <img decoding=\"async\" src=\"http:\/\/www.floria.cz\/wp-content\/uploads\/2025\/02\/Vector-2.png\" alt=\"Icon\">\r\n                    <h3 class=\"icon-title\">VZDU\u0160N\u00c1 STRUKTURA<\/h3>\r\n                <\/div>\r\n                    <\/div>\r\n    <\/div>\r\n    \n\n    <div class=\"container-section\">\r\n        <div class=\"border border-dark-accent p-10 lg:p-20 pb-16 rounded-2xl lg:rounded-4xl\">\r\n            <!-- Section 1 -->\r\n            <h2 class=\"mb-16 text-center\">POPIS PRODUKTU <\/h2>\r\n            <div class=\"flex flex-wrap xl:flex-nowrap justify-center lg:gap-x-20 mb-14\">\r\n                <div class=\"w-full xl:w-full pr-3 flex flex-wrap align-center py-2\">\r\n                    <div class=\"leading-tight\">\r\n                        FLORIA\u00ae Substr\u00e1t pro orchideje je speci\u00e1ln\u011b vyvinut\u00fd substr\u00e1t ur\u010den\u00fd pro p\u0159esazov\u00e1n\u00ed a p\u011bstov\u00e1n\u00ed v\u011bt\u0161iny pokojov\u00fdch orchidej\u00ed. Je p\u0159ipraven z kvalitn\u00ed piniov\u00e9 k\u016fry a kokosov\u00fdch chips\u016f, kter\u00e9 poskytuj\u00ed ide\u00e1ln\u00ed podm\u00ednky pro ko\u0159eny orchidej\u00ed, je\u017e vy\u017eaduj\u00ed vysok\u00fd obsah vzduchu v jejich okol\u00ed. <br><strong>Tento substr\u00e1t je doporu\u010dov\u00e1n i \u010ceskou orchidej\u00e1\u0159skou spole\u010dnost\u00ed a je perfektn\u00ed pro epifytick\u00e9 rostliny, jako jsou orchideje \u010di brom\u00e9lie.<\/strong><br><br><span style=\"color: initial;font-weight: 600\"><\/span>                    <\/div>\r\n                <\/div>\r\n            <\/div>\r\n\r\n            <!-- Middle Text -->\r\n            <h3 class=\"text-primary text-center max-w-2xl mx-auto mb-14 py-10\">\r\n                S na\u0161imi produkty z\u00edsk\u00e1te profesion\u00e1ln\u00ed p\u00e9\u010di, kter\u00e1 prom\u011bn\u00ed ka\u017ed\u00fd kout va\u0161eho zelen\u00e9ho r\u00e1je.            <\/h3>\r\n\r\n            <!-- Section 2 -->\r\n            <h3 class=\"mb-16 text-center\">V\u00ddHODY PRODUKTU<\/h3>\r\n            <div class=\"flex flex-wrap xl:flex-nowrap justify-center lg:gap-x-20 mb-14\">\r\n                <div class=\"w-full xl:w-full pr-3 flex flex-wrap align-center py-2\">\r\n                    <div class=\"leading-tight\">\r\n                        <strong>Vhodn\u00fd pro v\u011bt\u0161inu orchidej\u00ed a epifytick\u00fdch rostlin<\/strong><br>Substr\u00e1t je ide\u00e1ln\u00ed pro orchideje a dal\u0161\u00ed rostliny, kter\u00e9 rostou epifyticky (na jin\u00fdch rostlin\u00e1ch nebo objektech), jako nap\u0159\u00edklad brom\u00e9lie.<br><br><strong>Maxim\u00e1ln\u00ed obsah vzduchu v ko\u0159enov\u00e9 z\u00f3n\u011b<\/strong><br>D\u00edky speci\u00e1ln\u00edmu slo\u017een\u00ed substr\u00e1tu je v bl\u00edzkosti ko\u0159en\u016f zaji\u0161t\u011bn dostatek vzduchu, co\u017e pom\u00e1h\u00e1 zabr\u00e1nit jejich zahn\u00edv\u00e1n\u00ed.<br><br><strong>Prevence proti p\u0159emok\u0159en\u00ed<\/strong><br>Kokosov\u00e9 chipsy skv\u011ble absorbuj\u00ed vodu, kterou rovnom\u011brn\u011b p\u0159ed\u00e1vaj\u00ed ko\u0159en\u016fm, ani\u017e by je p\u0159emok\u0159ily. Tato schopnost zaji\u0161\u0165uje ide\u00e1ln\u00ed vlhkost pro orchideje.<br><br><strong>Doporu\u010deno \u010ceskou orchidej\u00e1\u0159skou spole\u010dnost\u00ed<\/strong><br>Tento substr\u00e1t spl\u0148uje specifick\u00e9 pot\u0159eby orchidej\u00ed a je ov\u011b\u0159en odborn\u00edky v oblasti p\u011bstov\u00e1n\u00ed orchidej\u00ed.<br><br><strong>Kokosov\u00e9 chipsy<\/strong><br>Jsou mal\u00e9 kousky o velikosti 1 \u2013 3 cm, kter\u00e9 poch\u00e1zej\u00ed z oplod\u00ed kokosov\u00fdch o\u0159ech\u016f. D\u00edky sv\u00e9 schopnosti dlouho udr\u017eet sv\u016fj tvar a nevytv\u00e1\u0159et ne\u017e\u00e1douc\u00ed zbytky, z\u016fst\u00e1vaj\u00ed efektivn\u00ed po dlouhou dobu, co\u017e zaji\u0161\u0165uje trvalou kvalitu substr\u00e1tu.<br>Tento substr\u00e1t je ide\u00e1ln\u00ed volbou pro v\u0161echny milovn\u00edky orchidej\u00ed, kte\u0159\u00ed cht\u011bj\u00ed sv\u00fdm rostlin\u00e1m poskytnout nejlep\u0161\u00ed mo\u017enou p\u00e9\u010di a podm\u00ednky pro zdrav\u00fd r\u016fst.<br><br>TIP: Doporu\u010dujeme kombinovat s\u00a0kvalitn\u00ed v\u00fd\u017eivou \u2013 s Listov\u00fdm balz\u00e1mem pro listy orchidej\u00ed!<br>                    <\/div>\r\n                <\/div>\r\n            <\/div>\r\n\r\n            <!-- Section 3 -->\r\n            <h3 class=\"mb-16 text-center\">N\u00c1VOD K POU\u017dIT\u00cd<\/h3>\r\n            <div class=\"flex flex-wrap xl:flex-nowrap justify-center lg:gap-x-20 mb-14\">\r\n                <div class=\"w-full xl:w-full pr-3 flex flex-wrap align-center py-2\">\r\n                    <div class=\"leading-tight\">\r\n                        <br>P\u0159esazen\u00ed orchidej\u00ed do nov\u00e9ho substr\u00e1tu je d\u016fle\u017eit\u00fd krok pro jejich zdrav\u00fd r\u016fst. Zde je podrobn\u00fd postup:<br><br><strong style=\"color: initial\">Zvolte spr\u00e1vn\u00fd \u010das<\/strong><br>Orchideje p\u0159esazujte, kdy\u017e p\u0159estaly kv\u00e9st (ide\u00e1ln\u011b na ja\u0159e), nebo pokud substr\u00e1t ztratil kvalitu (zdrcnul se, plesniv\u00ed).<br><br><strong>P\u0159ipravte nov\u00fd substr\u00e1t<\/strong><br>Pou\u017eijte speci\u00e1ln\u00ed substr\u00e1t pro orchideje, kter\u00fd m\u00e1 vzdu\u0161nou strukturu a nehroz\u00ed tak p\u0159emok\u0159en\u00ed.<br><br><strong>Vyjm\u011bte orchidej z kv\u011btin\u00e1\u010de<\/strong><br>Jemn\u011b vyt\u00e1hn\u011bte rostlinu z kv\u011btin\u00e1\u010de. Pokud ko\u0159eny zarostly do st\u011bn, opatrn\u011b uvoln\u011bte rostlinu, abyste je nepo\u0161kodili.<br><br><strong>Odstra\u0148te star\u00fd substr\u00e1t<\/strong><br>Z ko\u0159en\u016f oklepejte nebo opl\u00e1chn\u011bte star\u00fd substr\u00e1t. Dejte pozor, abyste nepo\u0161kodili jemn\u00e9 ko\u0159eny.<br><br><strong>Prohl\u00e9dn\u011bte ko\u0159eny<\/strong><br>Odstra\u0148te such\u00e9, shnil\u00e9 nebo po\u0161kozen\u00e9 ko\u0159eny steriln\u00edmi n\u016f\u017ekami. Zdrav\u00e9 ko\u0159eny jsou pevn\u00e9 a zelen\u00e9 nebo b\u00edl\u00e9.<br><br><strong>P\u0159ipravte nov\u00fd kv\u011btin\u00e1\u010d<\/strong><br>Zvolte pr\u016fhledn\u00fd kv\u011btin\u00e1\u010d s otvory pro odvod vody. M\u011bl by b\u00fdt jen o trochu v\u011bt\u0161\u00ed ne\u017e p\u016fvodn\u00ed.<br><br><strong>Zasa\u010fte orchidej<\/strong><br>Um\u00edst\u011bte rostlinu do kv\u011btin\u00e1\u010de a kolem ko\u0159en\u016f nasypte nov\u00fd substr\u00e1t. Ko\u0159eny jemn\u011b utla\u010dte, ale ne p\u0159\u00edli\u0161 pevn\u011b \u2013 mus\u00ed m\u00edt dostatek vzduchu.<br><br><strong>Nepol\u00e9vejte ihned<\/strong><br>Po p\u0159esazen\u00ed nechte orchidej n\u011bkolik dn\u00ed v klidu bez zal\u00e9v\u00e1n\u00ed, aby se r\u00e1ny na ko\u0159enech zhojily.<br><br><strong>P\u00e9\u010de po p\u0159esazen\u00ed<\/strong><br>Orchidej um\u00edst\u011bte na sv\u011btl\u00e9 m\u00edsto bez p\u0159\u00edm\u00e9ho slunce a postupn\u011b obnovte z\u00e1livku. Nezapome\u0148te tak\u00e9 na spr\u00e1vnou vlhkost vzduchu.                    <\/div>\r\n                <\/div>\r\n            <\/div>\r\n        <\/div>\r\n    <\/div>\r\n    \n\n    <div class=\"container-section py-16 px-8\">\r\n        <h2 class=\"heading-mid mb-8\">DOPORU\u010cUJEME<\/h2>\r\n\r\n        <div class=\"grid grid-cols-1 md:grid-cols-2 xl:grid-cols-4 gap-7\">\r\n                            <div class=\"group flex flex-col items-center justify-center py-4 px-5 max-xl:py-10 max-xl:px-12  rounded-3xl border border-white overflow-hidden transition-all duration-300 hover:shadow-lg\">\r\n                    <a href=\"\/floria-listovy-balzam-500-ml\/\" class=\"flex flex-col items-center justify-center\">\r\n                        <div class=\"relative\">\r\n                            <div class=\"absolute top-0 left-0 right-0 bottom-0 flex items-center justify-center -z-10\">\r\n                                <div class=\"w-5 h-5 bg-gray-200 rounded-full product-gradient group-hover:scale-125 transition-transform duration-300\"><\/div>\r\n                            <\/div>\r\n                            <img decoding=\"async\" src=\"http:\/\/www.floria.cz\/wp-content\/uploads\/2025\/02\/Navrh-bez-nazvu-54.svg\" \r\n                                 alt=\"LISTOV\u00dd BALZ\u00c1M\" \r\n                                 class=\"mb-4 z-10 h-[300px] group-hover:scale-105 transition-transform duration-300\">\r\n                        <\/div>\r\n                        <h4 class=\"text-center text-sm text-secondary-light font-medium mb-2 transition-colors duration-300\">\r\n                            FLORIA PREMIUM                        <\/h4>\r\n                        <h3 class=\"text-center text-2xl md:text-xl lg:text-lg font-semibold mb-2 group-hover:text-primary-light transition-colors duration-300\">\r\n                            LISTOV\u00dd BALZ\u00c1M                        <\/h3>\r\n                        <span class=\"btn-outline mt-2 opacity-60 hover:opacity-100 hover:text-white transition-all duration-300\">\r\n                            V\u00cdCE INFORMAC\u00cd                        <\/span>\r\n                    <\/a>\r\n                <\/div>\r\n                            <div class=\"group flex flex-col items-center justify-center py-4 px-5 max-xl:py-10 max-xl:px-12  rounded-3xl border border-white overflow-hidden transition-all duration-300 hover:shadow-lg\">\r\n                    <a href=\"\/floria-vlhcene-ubrousky-na-listy-orchideji-a-pokojovych-rostlin\/\" class=\"flex flex-col items-center justify-center\">\r\n                        <div class=\"relative\">\r\n                            <div class=\"absolute top-0 left-0 right-0 bottom-0 flex items-center justify-center -z-10\">\r\n                                <div class=\"w-5 h-5 bg-gray-200 rounded-full product-gradient group-hover:scale-125 transition-transform duration-300\"><\/div>\r\n                            <\/div>\r\n                            <img decoding=\"async\" src=\"http:\/\/www.floria.cz\/wp-content\/uploads\/2025\/02\/Navrh-bez-nazvu-7.svg\" \r\n                                 alt=\"VLH\u010cEN\u00c9 UBROUSKY\" \r\n                                 class=\"mb-4 z-10 h-[300px] group-hover:scale-105 transition-transform duration-300\">\r\n                        <\/div>\r\n                        <h4 class=\"text-center text-sm text-secondary-light font-medium mb-2 transition-colors duration-300\">\r\n                            FLORIA PREMIUM                        <\/h4>\r\n                        <h3 class=\"text-center text-2xl md:text-xl lg:text-lg font-semibold mb-2 group-hover:text-primary-light transition-colors duration-300\">\r\n                            VLH\u010cEN\u00c9 UBROUSKY                        <\/h3>\r\n                        <span class=\"btn-outline mt-2 opacity-60 hover:opacity-100 hover:text-white transition-all duration-300\">\r\n                            V\u00cdCE INFORMAC\u00cd                        <\/span>\r\n                    <\/a>\r\n                <\/div>\r\n                            <div class=\"group flex flex-col items-center justify-center py-4 px-5 max-xl:py-10 max-xl:px-12  rounded-3xl border border-white overflow-hidden transition-all duration-300 hover:shadow-lg\">\r\n                    <a href=\"\/floria-kapalne-hnojivo-interier-1-l-rostlinny-elixir\/\" class=\"flex flex-col items-center justify-center\">\r\n                        <div class=\"relative\">\r\n                            <div class=\"absolute top-0 left-0 right-0 bottom-0 flex items-center justify-center -z-10\">\r\n                                <div class=\"w-5 h-5 bg-gray-200 rounded-full product-gradient group-hover:scale-125 transition-transform duration-300\"><\/div>\r\n                            <\/div>\r\n                            <img decoding=\"async\" src=\"http:\/\/www.floria.cz\/wp-content\/uploads\/2025\/02\/Navrh-bez-nazvu-8.svg\" \r\n                                 alt=\"HNOJIVO INTERI\u00c9R\" \r\n                                 class=\"mb-4 z-10 h-[300px] group-hover:scale-105 transition-transform duration-300\">\r\n                        <\/div>\r\n                        <h4 class=\"text-center text-sm text-secondary-light font-medium mb-2 transition-colors duration-300\">\r\n                            FLORIA PREMIUM                        <\/h4>\r\n                        <h3 class=\"text-center text-2xl md:text-xl lg:text-lg font-semibold mb-2 group-hover:text-primary-light transition-colors duration-300\">\r\n                            HNOJIVO INTERI\u00c9R                        <\/h3>\r\n                        <span class=\"btn-outline mt-2 opacity-60 hover:opacity-100 hover:text-white transition-all duration-300\">\r\n                            V\u00cdCE INFORMAC\u00cd                        <\/span>\r\n                    <\/a>\r\n                <\/div>\r\n                            <div class=\"group flex flex-col items-center justify-center py-4 px-5 max-xl:py-10 max-xl:px-12  rounded-3xl border border-white overflow-hidden transition-all duration-300 hover:shadow-lg\">\r\n                    <a href=\"\/floria-piniova-dekoracni-kura-jemna-5-l\/\" class=\"flex flex-col items-center justify-center\">\r\n                        <div class=\"relative\">\r\n                            <div class=\"absolute top-0 left-0 right-0 bottom-0 flex items-center justify-center -z-10\">\r\n                                <div class=\"w-5 h-5 bg-gray-200 rounded-full product-gradient group-hover:scale-125 transition-transform duration-300\"><\/div>\r\n                            <\/div>\r\n                            <img decoding=\"async\" src=\"http:\/\/www.floria.cz\/wp-content\/uploads\/2025\/02\/Navrh-bez-nazvu-6.svg\" \r\n                                 alt=\"PINIOV\u00c1 K\u016eRA\" \r\n                                 class=\"mb-4 z-10 h-[300px] group-hover:scale-105 transition-transform duration-300\">\r\n                        <\/div>\r\n                        <h4 class=\"text-center text-sm text-secondary-light font-medium mb-2 transition-colors duration-300\">\r\n                            FLORIA PREMIUM                        <\/h4>\r\n                        <h3 class=\"text-center text-2xl md:text-xl lg:text-lg font-semibold mb-2 group-hover:text-primary-light transition-colors duration-300\">\r\n                            PINIOV\u00c1 K\u016eRA                        <\/h3>\r\n                        <span class=\"btn-outline mt-2 opacity-60 hover:opacity-100 hover:text-white transition-all duration-300\">\r\n                            V\u00cdCE INFORMAC\u00cd                        <\/span>\r\n                    <\/a>\r\n                <\/div>\r\n                    <\/div>\r\n    <\/div>\r\n    \n\n    <div class=\"overflow-hidden\">\r\n        <section class=\"container-section pb-16\">\r\n            <h1 class=\"heading-mid mt-20\">Dotek luxusu pro Va\u0161i zahradu<\/h1>\r\n            \r\n            <div class=\"grid grid-cols-1 lg:grid-cols-2 space-y-10 lg:space-y-0 mt-4\">\r\n                <!-- Left Column -->\r\n                <div class=\"hero-section group hero-section flex items-center translate-x-1\/4 lg:translate-x-0 group\">\r\n                    <div class=\"w-6\/12 lg:w-7\/12 text-left lg:text-right pr-10 lg:pr-2\">\r\n                        <img decoding=\"async\" src=\"http:\/\/www.floria.cz\/wp-content\/uploads\/2025\/01\/flower.svg\"\r\n                            class=\"h-14 w-14 hero-section-icon hero-section-icon-hover\" alt=\"Icon\">\r\n                        <img decoding=\"async\" src=\"http:\/\/www.floria.cz\/wp-content\/uploads\/2025\/01\/flower-gray.svg\"\r\n                            class=\"h-14 w-14 hero-section-icon hero-section-icon-default\" alt=\"Icon\">\r\n\r\n                        <h2 class=\"my-8 text-3xl lg:text-4xl text-silver\">\r\n                            P\u011bstitelsk\u00fd program                        <\/h2>\r\n                        <p class=\"mb-8\">\r\n                            Jedine\u010dn\u00e9 substr\u00e1ty, hnojiva a dekora\u010dn\u00ed materi\u00e1ly pro KR\u00c1LOVNY ZAHRAD.                        <\/p>\r\n                        <a href=\"\/pestitelsky-program\" class=\"btn-primary hero-section-button\">\r\n                            Zobrazit v\u00edce                        <\/a>\r\n                    <\/div>\r\n\r\n                    <div class=\"w-6\/12 lg:w-5\/12\">\r\n                        <img decoding=\"async\" src=\"http:\/\/www.floria.cz\/wp-content\/uploads\/2025\/01\/globe-left.png\" alt=\"Globe\" class=\"w-full h-auto\">\r\n                    <\/div>\r\n\r\n                    <div class=\"lg:block lg:w-0.5 h-4\/6\">\r\n                        <div class=\"h-full w-0 bigass-shadow\"><\/div>\r\n                    <\/div>\r\n                <\/div>\r\n\r\n                <!-- Right Column -->\r\n                <div class=\"hero-section group flex items-center -translate-x-1\/4 lg:translate-x-0\">\r\n                    <div class=\"w-6\/12 lg:w-5\/12 -translate-x-1\">\r\n                        <img decoding=\"async\" src=\"http:\/\/www.floria.cz\/wp-content\/uploads\/2025\/01\/globe-right.png\" alt=\"Globe\"\r\n                            class=\"w-full scale-y-110 h-auto\">\r\n                    <\/div>\r\n\r\n                    <div class=\"w-6\/12 lg:w-7\/12 pl-10 lg:pl-2\">\r\n                        <img decoding=\"async\" src=\"http:\/\/www.floria.cz\/wp-content\/uploads\/2025\/01\/grass.svg\"\r\n                            class=\"h-14 w-14 hero-section-icon hero-section-icon-hover\" alt=\"Icon\">\r\n                        <img decoding=\"async\" src=\"http:\/\/www.floria.cz\/wp-content\/uploads\/2025\/01\/grass-gray.svg\"\r\n                            class=\"h-14 w-14 hero-section-icon hero-section-icon-default\" alt=\"Icon\">\r\n\r\n                        <h2 class=\"my-8 text-3xl lg:text-4xl text-silver\">\r\n                            Tr\u00e1vn\u00edkov\u00fd program                        <\/h2>\r\n                        <p class=\"mb-8\">\r\n                            Komplexn\u00ed p\u00e9\u010de o tr\u00e1vn\u00edk po cel\u00fd rok, v\u010d. unik\u00e1tn\u00edch v\u00fdrobk\u016f pro robotick\u00e9 sek\u00e1n\u00ed, v\u0161e PRO KR\u00c1LE TR\u00c1VN\u00cdK\u016e.                        <\/p>\r\n                        <a href=\"\/travnikovy-program\" class=\"btn-primary hero-section-button\">\r\n                            Zobrazit v\u00edce                        <\/a>\r\n                    <\/div>\r\n                <\/div>\r\n            <\/div>\r\n        <\/section>\r\n    <\/div>\r\n    ","protected":false},"excerpt":{"rendered":"","protected":false},"author":2,"featured_media":0,"parent":0,"menu_order":0,"comment_status":"closed","ping_status":"closed","template":"page-templates\/page_with-hero.php","meta":{"footnotes":"","css_class_manager_body_classes":"","css_class_manager_use_in_post_loop":false},"page_category":[17,21],"class_list":["post-794","page","type-page","status-publish","hentry","page_category-pestitelsky-program","page_category-substraty"],"_links":{"self":[{"href":"https:\/\/www.floria.cz\/sk\/wp-json\/wp\/v2\/pages\/794","targetHints":{"allow":["GET"]}}],"collection":[{"href":"https:\/\/www.floria.cz\/sk\/wp-json\/wp\/v2\/pages"}],"about":[{"href":"https:\/\/www.floria.cz\/sk\/wp-json\/wp\/v2\/types\/page"}],"author":[{"embeddable":true,"href":"https:\/\/www.floria.cz\/sk\/wp-json\/wp\/v2\/users\/2"}],"replies":[{"embeddable":true,"href":"https:\/\/www.floria.cz\/sk\/wp-json\/wp\/v2\/comments?post=794"}],"version-history":[{"count":12,"href":"https:\/\/www.floria.cz\/sk\/wp-json\/wp\/v2\/pages\/794\/revisions"}],"predecessor-version":[{"id":1787,"href":"https:\/\/www.floria.cz\/sk\/wp-json\/wp\/v2\/pages\/794\/revisions\/1787"}],"wp:attachment":[{"href":"https:\/\/www.floria.cz\/sk\/wp-json\/wp\/v2\/media?parent=794"}],"wp:term":[{"taxonomy":"page_category","embeddable":true,"href":"https:\/\/www.floria.cz\/sk\/wp-json\/wp\/v2\/page_category?post=794"}],"curies":[{"name":"wp","href":"https:\/\/api.w.org\/{rel}","templated":true}]}}