{"id":801,"date":"2025-02-14T08:57:35","date_gmt":"2025-02-14T08:57:35","guid":{"rendered":"https:\/\/www.floria.cz\/?page_id=801"},"modified":"2025-02-24T11:42:18","modified_gmt":"2025-02-24T11:42:18","slug":"floria-travnikove-hnojivo-pro-vysevy-dosevy-a-regeneraci-25-kg","status":"publish","type":"page","link":"https:\/\/www.floria.cz\/sk\/floria-travnikove-hnojivo-pro-vysevy-dosevy-a-regeneraci-25-kg\/","title":{"rendered":"FLORIA\u00ae Tr\u00e1vnikov\u00e9 hnojivo na v\u00fdsev, dosev a regener\u00e1ciu 2,5 kg"},"content":{"rendered":"    <section class=\"relative pb-16 px-8\">\r\n        <div class=\"flex flex-wrap items-stretch -mx-4\">\r\n            <div class=\"w-full lg:w-1\/2 px-4 lg:mb-0\">\r\n                <div class=\"relative flex flex-wrap items-center justify-center py-20 mt-24 lg:mt-5\">\r\n                    <div class=\"absolute top-0 left-0 right-0 bottom-0 flex items-center justify-center\">\r\n                        <div class=\"w-[1rem] h-[5rem] bg-gray-200 rounded-full product-gradient\"><\/div>\r\n                    <\/div>\r\n                    \r\n                    <div class=\"absolute top-0 left-0 right-0 text-center\">\r\n                                                    <img decoding=\"async\" src=\"http:\/\/www.floria.cz\/wp-content\/uploads\/2025\/01\/grass.svg\" class=\"inline lg:hidden w-8\" alt=\"Flower icon\">\r\n                                                <h2 class=\"lg:hidden pt-2\">FLORIA\u00ae Tr\u00e1vn\u00edkov\u00e9 hnojivo pro v\u00fdsevy, dosevy a regeneraci 2,5 kg<\/h2>\r\n                    <\/div>\r\n\r\n                                            <img decoding=\"async\" id=\"main-product-image\" src=\"http:\/\/www.floria.cz\/wp-content\/uploads\/2025\/02\/Navrh-bez-nazvu-34.svg\" alt=\"Product\"\r\n                            class=\"relative z-10 inline-block h-[490px] lg:max-w-lg pt-14 lg:pt-0\">\r\n                                    <\/div>\r\n\r\n                <div class=\"flex space-x-4 justify-center\">\r\n                                                                                                                                                                                                                                                                                                            <\/div>\r\n            <\/div>\r\n\r\n            <div class=\"w-full lg:w-1\/2 px-4 lg:pt-32\">\r\n                                    <img decoding=\"async\" src=\"http:\/\/www.floria.cz\/wp-content\/uploads\/2025\/01\/grass.svg\" \r\n                         class=\"hidden lg:inline-block pb-8 w-8\" alt=\"Flower icon\">\r\n                \r\n                <h2 class=\"hidden lg:block text-gray-900 mb-6\">FLORIA\u00ae Tr\u00e1vn\u00edkov\u00e9 hnojivo pro v\u00fdsevy, dosevy a regeneraci 2,5 kg<\/h2>\r\n                <div class=\"text-lg font-light mb-16\">FLORIA\u00ae Tr\u00e1vn\u00edkov\u00e9 hnojivo pro v\u00fdsevy, dosevy a regeneraci je bezchloridov\u00e9, kompaktovan\u00e9 hnojivo, ide\u00e1ln\u00ed pro z\u00e1kladn\u00ed vyhnojen\u00ed p\u016fdy p\u0159ed zalo\u017een\u00edm tr\u00e1vn\u00edku, a\u0165 u\u017e se jedn\u00e1 o v\u00fdsev nebo pokl\u00e1dku travn\u00edch koberc\u016f. D\u00edky sv\u00e9 kombinaci dlouhodob\u011b p\u016fsob\u00edc\u00edch slo\u017eek z\u00e1sobuje tr\u00e1vn\u00edk pot\u0159ebn\u00fdmi \u017eivinami pozvolna a dlouhodob\u011b, co\u017e p\u0159isp\u00edv\u00e1 k jeho zdrav\u00e9mu r\u016fstu.<\/div>\r\n                <a href=\"#\" class=\"btn-primary\">\r\n                    koupit na eshopu                <\/a>\r\n            <\/div>\r\n        <\/div>\r\n    <\/section>\r\n    <script>\r\n    function swapProductImage(clickedImg) {\r\n        var mainImg = document.getElementById('main-product-image');\r\n        if (mainImg) {\r\n            var tempSrc = mainImg.src;\r\n            mainImg.src = clickedImg.src;\r\n            clickedImg.src = tempSrc;\r\n        }\r\n    }\r\n    <\/script>\r\n    \n\n    <div class=\"container-section\" id=\"floria-content\">\r\n        <div class=\"grid-4\">\r\n                            <div class=\"icon-card\">\r\n                    <img decoding=\"async\" src=\"http:\/\/www.floria.cz\/wp-content\/uploads\/2025\/02\/Vector-7.svg\" alt=\"Icon\">\r\n                    <h3 class=\"icon-title\">RYCHL\u00dd R\u016eST TR\u00c1VN\u00cdKU<\/h3>\r\n                <\/div>\r\n                            <div class=\"icon-card\">\r\n                    <img decoding=\"async\" src=\"http:\/\/www.floria.cz\/wp-content\/uploads\/2025\/02\/Vector-7.svg\" alt=\"Icon\">\r\n                    <h3 class=\"icon-title\">JEMN\u00c1 GRANULACE<\/h3>\r\n                <\/div>\r\n                            <div class=\"icon-card\">\r\n                    <img decoding=\"async\" src=\"http:\/\/www.floria.cz\/wp-content\/uploads\/2025\/02\/Vector-7.svg\" alt=\"Icon\">\r\n                    <h3 class=\"icon-title\">BEZPRA\u0160N\u00c1 APLIKACE<\/h3>\r\n                <\/div>\r\n                            <div class=\"icon-card\">\r\n                    <img decoding=\"async\" src=\"http:\/\/www.floria.cz\/wp-content\/uploads\/2025\/02\/Vector-7.svg\" alt=\"Icon\">\r\n                    <h3 class=\"icon-title\">DLOUHODOB\u00dd \u00da\u010cINEK<\/h3>\r\n                <\/div>\r\n                    <\/div>\r\n    <\/div>\r\n    \n\n    <div class=\"container-section\">\r\n        <div class=\"border border-dark-accent p-10 lg:p-20 pb-16 rounded-2xl lg:rounded-4xl\">\r\n            <!-- Section 1 -->\r\n            <h2 class=\"mb-16 text-center\">POPIS PRODUKTU<\/h2>\r\n            <div class=\"flex flex-wrap xl:flex-nowrap justify-center lg:gap-x-20 mb-14\">\r\n                <div class=\"w-full xl:w-full pr-3 flex flex-wrap align-center py-2\">\r\n                    <div class=\"leading-tight\">\r\n                        FLORIA\u00ae Tr\u00e1vn\u00edkov\u00e9 hnojivo pro v\u00fdsevy, dosevy a regeneraci je bezchloridov\u00e9, kompaktovan\u00e9 hnojivo, ide\u00e1ln\u00ed pro z\u00e1kladn\u00ed vyhnojen\u00ed p\u016fdy p\u0159ed zalo\u017een\u00edm tr\u00e1vn\u00edku, a\u0165 u\u017e se jedn\u00e1 o v\u00fdsev nebo pokl\u00e1dku travn\u00edch koberc\u016f. <br><br>D\u00edky sv\u00e9 kombinaci dlouhodob\u011b p\u016fsob\u00edc\u00edch slo\u017eek z\u00e1sobuje tr\u00e1vn\u00edk pot\u0159ebn\u00fdmi \u017eivinami pozvolna a dlouhodob\u011b, co\u017e p\u0159isp\u00edv\u00e1 k jeho zdrav\u00e9mu r\u016fstu.                    <\/div>\r\n                <\/div>\r\n            <\/div>\r\n\r\n            <!-- Middle Text -->\r\n            <h3 class=\"text-primary text-center max-w-2xl mx-auto mb-14 py-10\">\r\n                S na\u0161imi produkty z\u00edsk\u00e1te profesion\u00e1ln\u00ed p\u00e9\u010di, kter\u00e1 prom\u011bn\u00ed ka\u017ed\u00fd kout va\u0161eho zelen\u00e9ho r\u00e1je.            <\/h3>\r\n\r\n            <!-- Section 2 -->\r\n            <h3 class=\"mb-16 text-center\">V\u00ddHODY SM\u011aSI<\/h3>\r\n            <div class=\"flex flex-wrap xl:flex-nowrap justify-center lg:gap-x-20 mb-14\">\r\n                <div class=\"w-full xl:w-full pr-3 flex flex-wrap align-center py-2\">\r\n                    <div class=\"leading-tight\">\r\n                        <strong>Podpora r\u016fstu<\/strong><br>Hnojivo z\u00e1sobuje vykl\u00ed\u010den\u00e9 rostlinky pot\u0159ebn\u00fdmi \u017eivinami, co\u017e podporuje jejich r\u016fst.<br><br><strong>Rychl\u00e1 regenerace<\/strong><br>P\u0159ihnojen\u00fd tr\u00e1vn\u00edk rychleji regeneruje a hol\u00e1 m\u00edsta jsou rychle porostl\u00e1 tr\u00e1vou.<br><br><strong>Dobr\u00e9 zako\u0159en\u011bn\u00ed<\/strong><br>Vysok\u00fd obsah fosforu podporuje dobr\u00e9 a siln\u00e9 zako\u0159en\u011bn\u00ed nov\u00e9ho tr\u00e1vn\u00edku.<br><br><strong>Dlouhodob\u00fd \u00fa\u010dinek<\/strong><br>D\u00edky dlouhodob\u00fdm form\u00e1m dus\u00edku hnojiva z\u016fst\u00e1v\u00e1 tr\u00e1vn\u00edk vy\u017eiven po del\u0161\u00ed dobu, \u010d\u00edm\u017e se sni\u017euje pot\u0159eba \u010dast\u00e9 aplikace hnojiva.<br><br><strong>Zv\u00fd\u0161en\u00fd obsah ho\u0159\u010d\u00edku<\/strong><br>Ho\u0159\u010d\u00edk napom\u00e1h\u00e1 zlep\u0161it zdrav\u00ed tr\u00e1vn\u00edku a jeho odolnost v\u016f\u010di stresov\u00fdm podm\u00ednk\u00e1m.                    <\/div>\r\n                <\/div>\r\n            <\/div>\r\n\r\n            <!-- Section 3 -->\r\n            <h3 class=\"mb-16 text-center\">N\u00c1VOD K POU\u017dIT\u00cd<\/h3>\r\n            <div class=\"flex flex-wrap xl:flex-nowrap justify-center lg:gap-x-20 mb-14\">\r\n                <div class=\"w-full xl:w-full pr-3 flex flex-wrap align-center py-2\">\r\n                    <div class=\"leading-tight\">\r\n                        FLORIA\u00ae Dlouhodob\u011b p\u016fsob\u00edc\u00ed hnojivo je ide\u00e1ln\u00ed pro tr\u00e1vn\u00edky, kter\u00e9 pot\u0159ebuj\u00ed stabiln\u00ed v\u00fd\u017eivu po del\u0161\u00ed dobu a podporu p\u0159i zakl\u00e1d\u00e1n\u00ed nebo regeneraci tr\u00e1vn\u00edku.<br><br>Aplikujte rovnom\u011brn\u011b granulovan\u00e9 hnojivo na povrch p\u016fdy a m\u011blce zapravte do vrchn\u00ed vrstvy p\u016fdy. Nejl\u00e9pe p\u0159i p\u0159\u00edprav\u011b p\u016fdy pro v\u00fdsev nebo pokl\u00e1dku travn\u00edch koberc\u016f.<br>Pokud prov\u00e1d\u00edte dosev na oschl\u00fd tr\u00e1vn\u00edk, doporu\u010duje se pou\u017e\u00edt hnojivo po vertikutaci, aerifikaci nebo po jin\u00fdch regenera\u010dn\u00edch z\u00e1saz\u00edch, p\u0159\u00edpadn\u011b p\u0159ed nebo sou\u010dasn\u011b s dosevem.<br>Pro aplikaci na v\u011bt\u0161\u00ed plochy vyu\u017eijte posypov\u00fd voz\u00edk.<br>Po aplikaci doporu\u010dujeme v\u00fdsev prov\u00e1d\u011bt p\u0159ed de\u0161t\u011bm nebo plochu dostate\u010dn\u011b zavla\u017eit. Dal\u0161\u00ed p\u0159ihnojen\u00ed prove\u010fte po dvou m\u011bs\u00edc\u00edch od prvn\u00ed aplikace.<br><br><strong>Doporu\u010den\u00e9 d\u00e1vkov\u00e1n\u00ed<\/strong><br>Cca 20 g\/m2 plochy.<br><br><br><br><br><br>                    <\/div>\r\n                <\/div>\r\n            <\/div>\r\n        <\/div>\r\n    <\/div>\r\n    \n\n    <div class=\"container-section py-16 px-8\">\r\n        <h2 class=\"heading-mid mb-8\">DOPORU\u010cUJEME<\/h2>\r\n\r\n        <div class=\"grid grid-cols-1 md:grid-cols-2 xl:grid-cols-4 gap-7\">\r\n                            <div class=\"group flex flex-col items-center justify-center py-4 px-5 max-xl:py-10 max-xl:px-12  rounded-3xl border border-white overflow-hidden transition-all duration-300 hover:shadow-lg\">\r\n                    <a href=\"\/floria-travni-smes-exclusive-1-kg\/\" class=\"flex flex-col items-center justify-center\">\r\n                        <div class=\"relative\">\r\n                            <div class=\"absolute top-0 left-0 right-0 bottom-0 flex items-center justify-center -z-10\">\r\n                                <div class=\"w-5 h-5 bg-gray-200 rounded-full product-gradient group-hover:scale-125 transition-transform duration-300\"><\/div>\r\n                            <\/div>\r\n                            <img decoding=\"async\" src=\"http:\/\/www.floria.cz\/wp-content\/uploads\/2025\/02\/Navrh-bez-nazvu-27.svg\" \r\n                                 alt=\"TRAVN\u00cd SM\u011aS EXCLUSIVE\" \r\n                                 class=\"mb-4 z-10 h-[300px] group-hover:scale-105 transition-transform duration-300\">\r\n                        <\/div>\r\n                        <h4 class=\"text-center text-sm text-secondary-light font-medium mb-2 transition-colors duration-300\">\r\n                            FLORIA PREMIUM                        <\/h4>\r\n                        <h3 class=\"text-center text-2xl md:text-xl lg:text-lg font-semibold mb-2 group-hover:text-primary-light transition-colors duration-300\">\r\n                            TRAVN\u00cd SM\u011aS EXCLUSIVE                        <\/h3>\r\n                        <span class=\"btn-outline mt-2 opacity-60 hover:opacity-100 hover:text-white transition-all duration-300\">\r\n                            V\u00cdCE INFORMAC\u00cd                        <\/span>\r\n                    <\/a>\r\n                <\/div>\r\n                            <div class=\"group flex flex-col items-center justify-center py-4 px-5 max-xl:py-10 max-xl:px-12  rounded-3xl border border-white overflow-hidden transition-all duration-300 hover:shadow-lg\">\r\n                    <a href=\"\/floria-travni-smes-sucho-1-kg\/\" class=\"flex flex-col items-center justify-center\">\r\n                        <div class=\"relative\">\r\n                            <div class=\"absolute top-0 left-0 right-0 bottom-0 flex items-center justify-center -z-10\">\r\n                                <div class=\"w-5 h-5 bg-gray-200 rounded-full product-gradient group-hover:scale-125 transition-transform duration-300\"><\/div>\r\n                            <\/div>\r\n                            <img decoding=\"async\" src=\"http:\/\/www.floria.cz\/wp-content\/uploads\/2025\/02\/Navrh-bez-nazvu-28.svg\" \r\n                                 alt=\"TRAVN\u00cd SM\u011aS DO SUCHA\" \r\n                                 class=\"mb-4 z-10 h-[300px] group-hover:scale-105 transition-transform duration-300\">\r\n                        <\/div>\r\n                        <h4 class=\"text-center text-sm text-secondary-light font-medium mb-2 transition-colors duration-300\">\r\n                            FLORIA PREMIUM                        <\/h4>\r\n                        <h3 class=\"text-center text-2xl md:text-xl lg:text-lg font-semibold mb-2 group-hover:text-primary-light transition-colors duration-300\">\r\n                            TRAVN\u00cd SM\u011aS DO SUCHA                        <\/h3>\r\n                        <span class=\"btn-outline mt-2 opacity-60 hover:opacity-100 hover:text-white transition-all duration-300\">\r\n                            V\u00cdCE INFORMAC\u00cd                        <\/span>\r\n                    <\/a>\r\n                <\/div>\r\n                            <div class=\"group flex flex-col items-center justify-center py-4 px-5 max-xl:py-10 max-xl:px-12  rounded-3xl border border-white overflow-hidden transition-all duration-300 hover:shadow-lg\">\r\n                    <a href=\"\/floria-travni-smes-pro-roboticke-sekani-1-kg\/\" class=\"flex flex-col items-center justify-center\">\r\n                        <div class=\"relative\">\r\n                            <div class=\"absolute top-0 left-0 right-0 bottom-0 flex items-center justify-center -z-10\">\r\n                                <div class=\"w-5 h-5 bg-gray-200 rounded-full product-gradient group-hover:scale-125 transition-transform duration-300\"><\/div>\r\n                            <\/div>\r\n                            <img decoding=\"async\" src=\"http:\/\/www.floria.cz\/wp-content\/uploads\/2025\/02\/Navrh-bez-nazvu-29.svg\" \r\n                                 alt=\"TRAVN\u00cd SM\u011aS ROBOTICK\u00c9 SEK\u00c1N\u00cd\" \r\n                                 class=\"mb-4 z-10 h-[300px] group-hover:scale-105 transition-transform duration-300\">\r\n                        <\/div>\r\n                        <h4 class=\"text-center text-sm text-secondary-light font-medium mb-2 transition-colors duration-300\">\r\n                            FLORIA PREMIUM                        <\/h4>\r\n                        <h3 class=\"text-center text-2xl md:text-xl lg:text-lg font-semibold mb-2 group-hover:text-primary-light transition-colors duration-300\">\r\n                            TRAVN\u00cd SM\u011aS ROBOTICK\u00c9 SEK\u00c1N\u00cd                        <\/h3>\r\n                        <span class=\"btn-outline mt-2 opacity-60 hover:opacity-100 hover:text-white transition-all duration-300\">\r\n                            V\u00cdCE INFORMAC\u00cd                        <\/span>\r\n                    <\/a>\r\n                <\/div>\r\n                            <div class=\"group flex flex-col items-center justify-center py-4 px-5 max-xl:py-10 max-xl:px-12  rounded-3xl border border-white overflow-hidden transition-all duration-300 hover:shadow-lg\">\r\n                    <a href=\"\/floria-stop-mechu-500-g\/\" class=\"flex flex-col items-center justify-center\">\r\n                        <div class=\"relative\">\r\n                            <div class=\"absolute top-0 left-0 right-0 bottom-0 flex items-center justify-center -z-10\">\r\n                                <div class=\"w-5 h-5 bg-gray-200 rounded-full product-gradient group-hover:scale-125 transition-transform duration-300\"><\/div>\r\n                            <\/div>\r\n                            <img decoding=\"async\" src=\"http:\/\/www.floria.cz\/wp-content\/uploads\/2025\/02\/Navrh-bez-nazvu-37.svg\" \r\n                                 alt=\"STOP MECHU - KONCENTR\u00c1T\" \r\n                                 class=\"mb-4 z-10 h-[300px] group-hover:scale-105 transition-transform duration-300\">\r\n                        <\/div>\r\n                        <h4 class=\"text-center text-sm text-secondary-light font-medium mb-2 transition-colors duration-300\">\r\n                            FLORIA PREMIUM                        <\/h4>\r\n                        <h3 class=\"text-center text-2xl md:text-xl lg:text-lg font-semibold mb-2 group-hover:text-primary-light transition-colors duration-300\">\r\n                            STOP MECHU &#8211; KONCENTR\u00c1T                        <\/h3>\r\n                        <span class=\"btn-outline mt-2 opacity-60 hover:opacity-100 hover:text-white transition-all duration-300\">\r\n                            V\u00cdCE INFORMAC\u00cd                        <\/span>\r\n                    <\/a>\r\n                <\/div>\r\n                    <\/div>\r\n    <\/div>\r\n    \n\n    <div class=\"overflow-hidden\">\r\n        <section class=\"container-section pb-16\">\r\n            <h1 class=\"heading-mid mt-20\">Dotek luxusu pro Va\u0161i zahradu<\/h1>\r\n            \r\n            <div class=\"grid grid-cols-1 lg:grid-cols-2 space-y-10 lg:space-y-0 mt-4\">\r\n                <!-- Left Column -->\r\n                <div class=\"hero-section group hero-section flex items-center translate-x-1\/4 lg:translate-x-0 group\">\r\n                    <div class=\"w-6\/12 lg:w-7\/12 text-left lg:text-right pr-10 lg:pr-2\">\r\n                        <img decoding=\"async\" src=\"http:\/\/www.floria.cz\/wp-content\/uploads\/2025\/01\/flower.svg\"\r\n                            class=\"h-14 w-14 hero-section-icon hero-section-icon-hover\" alt=\"Icon\">\r\n                        <img decoding=\"async\" src=\"http:\/\/www.floria.cz\/wp-content\/uploads\/2025\/01\/flower-gray.svg\"\r\n                            class=\"h-14 w-14 hero-section-icon hero-section-icon-default\" alt=\"Icon\">\r\n\r\n                        <h2 class=\"my-8 text-3xl lg:text-4xl text-silver\">\r\n                            P\u011bstitelsk\u00fd program                        <\/h2>\r\n                        <p class=\"mb-8\">\r\n                            Jedine\u010dn\u00e9 substr\u00e1ty, hnojiva a dekora\u010dn\u00ed materi\u00e1ly pro KR\u00c1LOVNY ZAHRAD.                        <\/p>\r\n                        <a href=\"\/pestitelsky-program\" class=\"btn-primary hero-section-button\">\r\n                            Zobrazit v\u00edce                        <\/a>\r\n                    <\/div>\r\n\r\n                    <div class=\"w-6\/12 lg:w-5\/12\">\r\n                        <img decoding=\"async\" src=\"http:\/\/www.floria.cz\/wp-content\/uploads\/2025\/01\/globe-left.png\" alt=\"Globe\" class=\"w-full h-auto\">\r\n                    <\/div>\r\n\r\n                    <div class=\"lg:block lg:w-0.5 h-4\/6\">\r\n                        <div class=\"h-full w-0 bigass-shadow\"><\/div>\r\n                    <\/div>\r\n                <\/div>\r\n\r\n                <!-- Right Column -->\r\n                <div class=\"hero-section group flex items-center -translate-x-1\/4 lg:translate-x-0\">\r\n                    <div class=\"w-6\/12 lg:w-5\/12 -translate-x-1\">\r\n                        <img decoding=\"async\" src=\"http:\/\/www.floria.cz\/wp-content\/uploads\/2025\/01\/globe-right.png\" alt=\"Globe\"\r\n                            class=\"w-full scale-y-110 h-auto\">\r\n                    <\/div>\r\n\r\n                    <div class=\"w-6\/12 lg:w-7\/12 pl-10 lg:pl-2\">\r\n                        <img decoding=\"async\" src=\"http:\/\/www.floria.cz\/wp-content\/uploads\/2025\/01\/grass.svg\"\r\n                            class=\"h-14 w-14 hero-section-icon hero-section-icon-hover\" alt=\"Icon\">\r\n                        <img decoding=\"async\" src=\"http:\/\/www.floria.cz\/wp-content\/uploads\/2025\/01\/grass-gray.svg\"\r\n                            class=\"h-14 w-14 hero-section-icon hero-section-icon-default\" alt=\"Icon\">\r\n\r\n                        <h2 class=\"my-8 text-3xl lg:text-4xl text-silver\">\r\n                            Tr\u00e1vn\u00edkov\u00fd program                        <\/h2>\r\n                        <p class=\"mb-8\">\r\n                            Komplexn\u00ed p\u00e9\u010de o tr\u00e1vn\u00edk po cel\u00fd rok, v\u010d. unik\u00e1tn\u00edch v\u00fdrobk\u016f pro robotick\u00e9 sek\u00e1n\u00ed, v\u0161e PRO KR\u00c1LE TR\u00c1VN\u00cdK\u016e.                        <\/p>\r\n                        <a href=\"\/travnikovy-program\" class=\"btn-primary hero-section-button\">\r\n                            Zobrazit v\u00edce                        <\/a>\r\n                    <\/div>\r\n                <\/div>\r\n            <\/div>\r\n        <\/section>\r\n    <\/div>\r\n    ","protected":false},"excerpt":{"rendered":"","protected":false},"author":2,"featured_media":0,"parent":0,"menu_order":0,"comment_status":"closed","ping_status":"closed","template":"page-templates\/page_with-hero.php","meta":{"footnotes":"","css_class_manager_body_classes":"","css_class_manager_use_in_post_loop":false},"page_category":[19,16],"class_list":["post-801","page","type-page","status-publish","hentry","page_category-travnikova-hnojiva","page_category-travnikovy-program"],"_links":{"self":[{"href":"https:\/\/www.floria.cz\/sk\/wp-json\/wp\/v2\/pages\/801","targetHints":{"allow":["GET"]}}],"collection":[{"href":"https:\/\/www.floria.cz\/sk\/wp-json\/wp\/v2\/pages"}],"about":[{"href":"https:\/\/www.floria.cz\/sk\/wp-json\/wp\/v2\/types\/page"}],"author":[{"embeddable":true,"href":"https:\/\/www.floria.cz\/sk\/wp-json\/wp\/v2\/users\/2"}],"replies":[{"embeddable":true,"href":"https:\/\/www.floria.cz\/sk\/wp-json\/wp\/v2\/comments?post=801"}],"version-history":[{"count":9,"href":"https:\/\/www.floria.cz\/sk\/wp-json\/wp\/v2\/pages\/801\/revisions"}],"predecessor-version":[{"id":1483,"href":"https:\/\/www.floria.cz\/sk\/wp-json\/wp\/v2\/pages\/801\/revisions\/1483"}],"wp:attachment":[{"href":"https:\/\/www.floria.cz\/sk\/wp-json\/wp\/v2\/media?parent=801"}],"wp:term":[{"taxonomy":"page_category","embeddable":true,"href":"https:\/\/www.floria.cz\/sk\/wp-json\/wp\/v2\/page_category?post=801"}],"curies":[{"name":"wp","href":"https:\/\/api.w.org\/{rel}","templated":true}]}}